{"id":1124,"date":"2021-05-13T20:37:22","date_gmt":"2021-05-13T20:37:22","guid":{"rendered":"http:\/\/www.rula.disabilityrightsca.org\/vi\/?page_id=1124"},"modified":"2023-07-21T20:55:34","modified_gmt":"2023-07-21T20:55:34","slug":"how-do-respite-services-work-together-with-in-home-supportive-services-provided-by-the-county","status":"publish","type":"page","link":"https:\/\/rula.disabilityrightsca.org\/vi\/rula-book\/chapter-6-keeping-the-family-together-services-and-supports-for-children\/how-do-respite-services-work-together-with-in-home-supportive-services-provided-by-the-county\/","title":{"rendered":"(6.26) N\u1ebfu ch\u00fang t\u00f4i c\u1ea7n s\u1ed1 gi\u1edd ch\u0103m s\u00f3c t\u1ea1m th\u1eddi nhi\u1ec1u h\u01a1n s\u1ed1 gi\u1edd trung t\u00e2m khu v\u1ef1c ngh\u0129 r\u1eb1ng gia \u0111\u00ecnh ch\u00fang t\u00f4i c\u1ea7n th\u00ec sao?"},"content":{"rendered":"\n<p>N\u1ebfu qu\u00fd v\u1ecb c\u1ea7n s\u1ed1 gi\u1edd nhi\u1ec1u h\u01a1n s\u1ed1 gi\u1edd trung t\u00e2m khu v\u1ef1c cung c\u1ea5p, qu\u00fd v\u1ecb ph\u1ea3i gi\u1ea3i th\u00edch l\u00fd do. H\u00e3y vi\u1ebft ra l\u1ecbch tr\u00ecnh h\u00e0ng tu\u1ea7n c\u1ee7a qu\u00fd v\u1ecb v\u00e0 mang \u0111\u1ebfn cu\u1ed9c h\u1ecdp IPP. Bao g\u1ed3m t\u1ea5t c\u1ea3 ho\u1ea1t \u0111\u1ed9ng trong cu\u1ed9c s\u1ed1ng c\u00e1 nh\u00e2n c\u1ee7a qu\u00fd v\u1ecb v\u00e0 th\u1eddi gian qu\u00fd v\u1ecb d\u00e0nh \u0111\u1ec3 ch\u0103m s\u00f3c cho con qu\u00fd v\u1ecb. Ghi ch\u00fa v\u1ec1 th\u1eddi gian c\u00f2n l\u1ea1i. <\/p>\n\n\n\n<p>Qu\u00fd v\u1ecb c\u00f3 th\u1ec3 y\u00eau c\u1ea7u d\u1ecbch v\u1ee5 ch\u0103m s\u00f3c t\u1ea1m th\u1eddi \u0111\u1ec3 qu\u00fd v\u1ecb c\u00f3 th\u1ec3 l\u00e0m c\u00e1c c\u00f4ng vi\u1ec7c v\u1eb7t, th\u1ef1c hi\u1ec7n c\u00e1c ho\u1ea1t \u0111\u1ed9ng v\u1edbi nh\u1eefng ng\u01b0\u1eddi con kh\u00e1c c\u1ee7a qu\u00fd v\u1ecb, \u0111i l\u1ec5 nh\u00e0 th\u1edd ho\u1eb7c c\u00f3 th\u1eddi gian r\u1ea3nh. Li\u1ec7t k\u00ea c\u00e1c h\u00e0nh vi ho\u1eb7c nhu c\u1ea7u y t\u1ebf (v\u00e0 t\u1ea7n su\u1ea5t c\u00f9ng l\u01b0\u1ee3ng th\u1eddi gian c\u1ea7n thi\u1ebft) c\u1ee7a con qu\u00fd v\u1ecb c\u1ea7n \u0111\u01b0\u1ee3c qu\u00fd v\u1ecb ch\u0103m nom to\u00e0n th\u1eddi gian. Li\u1ec7t k\u00ea nhu c\u1ea7u c\u1ee7a ch\u00ednh qu\u00fd v\u1ecb.<\/p>\n","protected":false},"excerpt":{"rendered":"<p>N\u1ebfu qu\u00fd v\u1ecb c\u1ea7n s\u1ed1 gi\u1edd nhi\u1ec1u h\u01a1n s\u1ed1 gi\u1edd trung t\u00e2m khu v\u1ef1c cung c\u1ea5p, qu\u00fd v\u1ecb ph\u1ea3i gi\u1ea3i th\u00edch l\u00fd do. H\u00e3y vi\u1ebft&hellip;<\/p>\n","protected":false},"author":1,"featured_media":0,"parent":219,"menu_order":26,"comment_status":"closed","ping_status":"closed","template":"","meta":{"footnotes":""},"class_list":["post-1124","page","type-page","status-publish","hentry"],"_links":{"self":[{"href":"https:\/\/rula.disabilityrightsca.org\/vi\/wp-json\/wp\/v2\/pages\/1124","targetHints":{"allow":["GET"]}}],"collection":[{"href":"https:\/\/rula.disabilityrightsca.org\/vi\/wp-json\/wp\/v2\/pages"}],"about":[{"href":"https:\/\/rula.disabilityrightsca.org\/vi\/wp-json\/wp\/v2\/types\/page"}],"author":[{"embeddable":true,"href":"https:\/\/rula.disabilityrightsca.org\/vi\/wp-json\/wp\/v2\/users\/1"}],"replies":[{"embeddable":true,"href":"https:\/\/rula.disabilityrightsca.org\/vi\/wp-json\/wp\/v2\/comments?post=1124"}],"version-history":[{"count":4,"href":"https:\/\/rula.disabilityrightsca.org\/vi\/wp-json\/wp\/v2\/pages\/1124\/revisions"}],"predecessor-version":[{"id":3749,"href":"https:\/\/rula.disabilityrightsca.org\/vi\/wp-json\/wp\/v2\/pages\/1124\/revisions\/3749"}],"up":[{"embeddable":true,"href":"https:\/\/rula.disabilityrightsca.org\/vi\/wp-json\/wp\/v2\/pages\/219"}],"wp:attachment":[{"href":"https:\/\/rula.disabilityrightsca.org\/vi\/wp-json\/wp\/v2\/media?parent=1124"}],"curies":[{"name":"wp","href":"https:\/\/api.w.org\/{rel}","templated":true}]}}