{"id":1122,"date":"2021-05-13T20:35:12","date_gmt":"2021-05-13T20:35:12","guid":{"rendered":"http:\/\/www.rula.disabilityrightsca.org\/vi\/?page_id=1122"},"modified":"2023-09-11T20:01:17","modified_gmt":"2023-09-11T20:01:17","slug":"can-respite-providers-be-trained-to-address-special-medical-needs-of-a-person-with-a-disability-during-respite-service-hours","status":"publish","type":"page","link":"https:\/\/rula.disabilityrightsca.org\/vi\/rula-book\/chapter-6-keeping-the-family-together-services-and-supports-for-children\/can-respite-providers-be-trained-to-address-special-medical-needs-of-a-person-with-a-disability-during-respite-service-hours\/","title":{"rendered":"(6.25) Trung t\u00e2m khu v\u1ef1c x\u00e1c \u0111\u1ecbnh s\u1ed1 l\u01b0\u1ee3ng d\u1ecbch v\u1ee5 ch\u0103m s\u00f3c t\u1ea1m th\u1eddi c\u1ea7n thi\u1ebft b\u1eb1ng c\u00e1ch n\u00e0o?"},"content":{"rendered":"\n<p>M\u1ee5c \u0111\u00edch c\u1ee7a d\u1ecbch v\u1ee5 ch\u0103m s\u00f3c t\u1ea1m th\u1eddi l\u00e0:<\/p>\n\n\n\n<ul class=\"wp-block-list\">\n<li>gi\u00fap gia \u0111\u00ecnh gi\u1eef tr\u1ebb \u1edf l\u1ea1i nh\u00e0<\/li>\n\n\n\n<li>cung c\u1ea5p d\u1ecbch v\u1ee5 ch\u0103m s\u00f3c v\u00e0 gi\u00e1m s\u00e1t s\u1ef1 an to\u00e0n khi v\u1eafng m\u1eb7t th\u00e0nh vi\u00ean gia \u0111\u00ecnh<\/li>\n\n\n\n<li>gi\u1ea3m nh\u1eb9 cho gia \u0111\u00ecnh tr\u00e1ch nhi\u1ec7m ch\u0103m s\u00f3c th\u01b0\u1eddng xuy\u00ean \u0111\u00f2i h\u1ecfi <\/li>\n\n\n\n<li>\u0111\u00e1p \u1ee9ng c\u00e1c nhu c\u1ea7u c\u01a1 b\u1ea3n c\u1ee7a tr\u1ebb v\u00e0 c\u00e1c ho\u1ea1t \u0111\u1ed9ng th\u01b0\u1eddng do c\u00e1c th\u00e0nh vi\u00ean trong gia \u0111\u00ecnh cung c\u1ea5p trong nh\u1eefng gi\u1edd \u0111\u00f3.<span class=\"footnote_referrer\"><a role=\"button\" tabindex=\"0\" onclick=\"footnote_moveToReference_1122_1('footnote_plugin_reference_1122_1_1');\" onkeypress=\"footnote_moveToReference_1122_1('footnote_plugin_reference_1122_1_1');\" ><sup id=\"footnote_plugin_tooltip_1122_1_1\" class=\"footnote_plugin_tooltip_text\">[1]<\/sup><\/a><span id=\"footnote_plugin_tooltip_text_1122_1_1\" class=\"footnote_tooltip\">M\u1ee5c 4690.2(a).<\/span><\/span><script type=\"text\/javascript\"> jQuery('#footnote_plugin_tooltip_1122_1_1').tooltip({ tip: '#footnote_plugin_tooltip_text_1122_1_1', tipClass: 'footnote_tooltip', effect: 'fade', predelay: 0, fadeInSpeed: 200, delay: 400, fadeOutSpeed: 200, position: 'top center', relative: true, offset: [-7, 0], });<\/script><\/li>\n<\/ul>\n\n\n\n<p>S\u1ed1 gi\u1edd ch\u0103m s\u00f3c thay th\u1ebf b\u1ea1n c\u1ea7n s\u1ebd t\u00f9y thu\u1ed9c v\u00e0o ho\u00e0n c\u1ea3nh c\u1ee7a gia \u0111\u00ecnh b\u1ea1n. B\u1ea1n c\u00f3 th\u1ec3 c\u1ea7n nhi\u1ec1u gi\u1edd h\u01a1n n\u1ebfu c\u1ea7n thi\u1ebft \u0111\u1ec3 con b\u1ea1n c\u00f3 th\u1ec3 ti\u1ebfp t\u1ee5c s\u1ed1ng \u1edf nh\u00e0.<\/p>\n<div class=\"speaker-mute footnotes_reference_container\"> <div class=\"footnote_container_prepare\"><p><span role=\"button\" tabindex=\"0\" class=\"footnote_reference_container_label pointer\" onclick=\"footnote_expand_collapse_reference_container_1122_1();\">&#x202F;<\/span><span role=\"button\" tabindex=\"0\" class=\"footnote_reference_container_collapse_button\" style=\"display: none;\" onclick=\"footnote_expand_collapse_reference_container_1122_1();\">[<a id=\"footnote_reference_container_collapse_button_1122_1\">+<\/a>]<\/span><\/p><\/div> <div id=\"footnote_references_container_1122_1\" style=\"\"><table class=\"footnotes_table footnote-reference-container\"><caption class=\"accessibility\">References<\/caption> <tbody> \r\n\r\n<tr class=\"footnotes_plugin_reference_row\"> <th scope=\"row\" class=\"footnote_plugin_index_combi pointer\"  onclick=\"footnote_moveToAnchor_1122_1('footnote_plugin_tooltip_1122_1_1');\"><a id=\"footnote_plugin_reference_1122_1_1\" class=\"footnote_backlink\"><span class=\"footnote_index_arrow\">&#8593;<\/span>1<\/a><\/th> <td class=\"footnote_plugin_text\">M\u1ee5c 4690.2(a).<\/td><\/tr>\r\n\r\n <\/tbody> <\/table> <\/div><\/div><script type=\"text\/javascript\"> function footnote_expand_reference_container_1122_1() { jQuery('#footnote_references_container_1122_1').show(); jQuery('#footnote_reference_container_collapse_button_1122_1').text('\u2212'); } function footnote_collapse_reference_container_1122_1() { jQuery('#footnote_references_container_1122_1').hide(); jQuery('#footnote_reference_container_collapse_button_1122_1').text('+'); } function footnote_expand_collapse_reference_container_1122_1() { if (jQuery('#footnote_references_container_1122_1').is(':hidden')) { footnote_expand_reference_container_1122_1(); } else { footnote_collapse_reference_container_1122_1(); } } function footnote_moveToReference_1122_1(p_str_TargetID) { footnote_expand_reference_container_1122_1(); var l_obj_Target = jQuery('#' + p_str_TargetID); if (l_obj_Target.length) { jQuery( 'html, body' ).delay( 0 ); jQuery('html, body').animate({ scrollTop: l_obj_Target.offset().top - window.innerHeight * 0.2 }, 380); } } function footnote_moveToAnchor_1122_1(p_str_TargetID) { footnote_expand_reference_container_1122_1(); var l_obj_Target = jQuery('#' + p_str_TargetID); if (l_obj_Target.length) { jQuery( 'html, body' ).delay( 0 ); jQuery('html, body').animate({ scrollTop: l_obj_Target.offset().top - window.innerHeight * 0.2 }, 380); } }<\/script>","protected":false},"excerpt":{"rendered":"<p>M\u1ee5c \u0111\u00edch c\u1ee7a d\u1ecbch v\u1ee5 ch\u0103m s\u00f3c t\u1ea1m th\u1eddi l\u00e0: S\u1ed1 gi\u1edd ch\u0103m s\u00f3c thay th\u1ebf b\u1ea1n c\u1ea7n s\u1ebd t\u00f9y thu\u1ed9c v\u00e0o ho\u00e0n c\u1ea3nh c\u1ee7a&hellip;<\/p>\n","protected":false},"author":1,"featured_media":0,"parent":219,"menu_order":25,"comment_status":"closed","ping_status":"closed","template":"","meta":{"footnotes":""},"class_list":["post-1122","page","type-page","status-publish","hentry"],"_links":{"self":[{"href":"https:\/\/rula.disabilityrightsca.org\/vi\/wp-json\/wp\/v2\/pages\/1122","targetHints":{"allow":["GET"]}}],"collection":[{"href":"https:\/\/rula.disabilityrightsca.org\/vi\/wp-json\/wp\/v2\/pages"}],"about":[{"href":"https:\/\/rula.disabilityrightsca.org\/vi\/wp-json\/wp\/v2\/types\/page"}],"author":[{"embeddable":true,"href":"https:\/\/rula.disabilityrightsca.org\/vi\/wp-json\/wp\/v2\/users\/1"}],"replies":[{"embeddable":true,"href":"https:\/\/rula.disabilityrightsca.org\/vi\/wp-json\/wp\/v2\/comments?post=1122"}],"version-history":[{"count":4,"href":"https:\/\/rula.disabilityrightsca.org\/vi\/wp-json\/wp\/v2\/pages\/1122\/revisions"}],"predecessor-version":[{"id":3789,"href":"https:\/\/rula.disabilityrightsca.org\/vi\/wp-json\/wp\/v2\/pages\/1122\/revisions\/3789"}],"up":[{"embeddable":true,"href":"https:\/\/rula.disabilityrightsca.org\/vi\/wp-json\/wp\/v2\/pages\/219"}],"wp:attachment":[{"href":"https:\/\/rula.disabilityrightsca.org\/vi\/wp-json\/wp\/v2\/media?parent=1122"}],"curies":[{"name":"wp","href":"https:\/\/api.w.org\/{rel}","templated":true}]}}