{"id":1120,"date":"2021-05-13T20:32:26","date_gmt":"2021-05-13T20:32:26","guid":{"rendered":"http:\/\/www.rula.disabilityrightsca.org\/vi\/?page_id=1120"},"modified":"2023-07-21T20:54:07","modified_gmt":"2023-07-21T20:54:07","slug":"how-does-a-family-member-become-a-family-member-vendor-of-the-regional-center-for-respite-services","status":"publish","type":"page","link":"https:\/\/rula.disabilityrightsca.org\/vi\/rula-book\/chapter-6-keeping-the-family-together-services-and-supports-for-children\/how-does-a-family-member-become-a-family-member-vendor-of-the-regional-center-for-respite-services\/","title":{"rendered":"(6.24) C\u00e1c c\u01a1 s\u1edf ch\u0103m s\u00f3c tr\u1ebb b\u1ecb khuy\u1ebft t\u1eadt v\u1ec1 ph\u00e1t tri\u1ec3n ho\u1eb7c gia \u0111\u00ecnh nh\u1eadn nu\u00f4i t\u1ea1m th\u1eddi c\u00f3 th\u1ec3 nh\u1eadn s\u1ed1 gi\u1edd ch\u0103m s\u00f3c t\u1ea1m th\u1eddi kh\u00f4ng?"},"content":{"rendered":"\n<p>C\u00e1c c\u01a1 s\u1edf ch\u0103m s\u00f3c n\u1ed9i tr\u00fa ho\u1eb7c gia \u0111\u00ecnh nh\u1eadn nu\u00f4i t\u1ea1m th\u1eddi c\u00f3 gi\u1ea5y ph\u00e9p ho\u1eb7c ch\u1ee9ng nh\u1eadn \u0111\u00e3 nh\u1eadn ti\u1ec1n \u0111\u1ec3 cung c\u1ea5p d\u1ecbch v\u1ee5 ch\u0103m s\u00f3c v\u00e0 gi\u00e1m s\u00e1t ng\u01b0\u1eddi khuy\u1ebft t\u1eadt kh\u00f4ng h\u1ed9i \u0111\u1ee7 \u0111i\u1ec1u ki\u1ec7n nh\u1eadn c\u00e1c d\u1ecbch v\u1ee5 ch\u0103m s\u00f3c t\u1ea1m th\u1eddi.<span class=\"footnote_referrer\"><a role=\"button\" tabindex=\"0\" onclick=\"footnote_moveToReference_1120_1('footnote_plugin_reference_1120_1_1');\" onkeypress=\"footnote_moveToReference_1120_1('footnote_plugin_reference_1120_1_1');\" ><sup id=\"footnote_plugin_tooltip_1120_1_1\" class=\"footnote_plugin_tooltip_text\">[1]<\/sup><\/a><span id=\"footnote_plugin_tooltip_text_1120_1_1\" class=\"footnote_tooltip\">Ti\u00eau \u0110\u1ec1 17 B\u1ed9 Lu\u1eadt C\u00e1c Quy \u0110\u1ecbnh California M\u1ee5c 54302(a)(29).<\/span><\/span><script type=\"text\/javascript\"> jQuery('#footnote_plugin_tooltip_1120_1_1').tooltip({ tip: '#footnote_plugin_tooltip_text_1120_1_1', tipClass: 'footnote_tooltip', effect: 'fade', predelay: 0, fadeInSpeed: 200, delay: 400, fadeOutSpeed: 200, position: 'top center', relative: true, offset: [-7, 0], });<\/script> Tuy nhi\u00ean, cha\/m\u1eb9 nu\u00f4i l\u00e0 h\u1ecd h\u00e0ng kh\u00f4ng nh\u1eadn ti\u1ec1n \u0111\u1ec3 \u0111\u00f3ng vai tr\u00f2 cha\/m\u1eb9 nu\u00f4i c\u00f3 th\u1ec3 nh\u1eadn c\u00e1c d\u1ecbch v\u1ee5 ch\u0103m s\u00f3c t\u1ea1m th\u1eddi.<\/p>\n<div class=\"speaker-mute footnotes_reference_container\"> <div class=\"footnote_container_prepare\"><p><span role=\"button\" tabindex=\"0\" class=\"footnote_reference_container_label pointer\" onclick=\"footnote_expand_collapse_reference_container_1120_1();\">&#x202F;<\/span><span role=\"button\" tabindex=\"0\" class=\"footnote_reference_container_collapse_button\" style=\"display: none;\" onclick=\"footnote_expand_collapse_reference_container_1120_1();\">[<a id=\"footnote_reference_container_collapse_button_1120_1\">+<\/a>]<\/span><\/p><\/div> <div id=\"footnote_references_container_1120_1\" style=\"\"><table class=\"footnotes_table footnote-reference-container\"><caption class=\"accessibility\">References<\/caption> <tbody> \r\n\r\n<tr class=\"footnotes_plugin_reference_row\"> <th scope=\"row\" class=\"footnote_plugin_index_combi pointer\"  onclick=\"footnote_moveToAnchor_1120_1('footnote_plugin_tooltip_1120_1_1');\"><a id=\"footnote_plugin_reference_1120_1_1\" class=\"footnote_backlink\"><span class=\"footnote_index_arrow\">&#8593;<\/span>1<\/a><\/th> <td class=\"footnote_plugin_text\">Ti\u00eau \u0110\u1ec1 17 B\u1ed9 Lu\u1eadt C\u00e1c Quy \u0110\u1ecbnh California M\u1ee5c 54302(a)(29).<\/td><\/tr>\r\n\r\n <\/tbody> <\/table> <\/div><\/div><script type=\"text\/javascript\"> function footnote_expand_reference_container_1120_1() { jQuery('#footnote_references_container_1120_1').show(); jQuery('#footnote_reference_container_collapse_button_1120_1').text('\u2212'); } function footnote_collapse_reference_container_1120_1() { jQuery('#footnote_references_container_1120_1').hide(); jQuery('#footnote_reference_container_collapse_button_1120_1').text('+'); } function footnote_expand_collapse_reference_container_1120_1() { if (jQuery('#footnote_references_container_1120_1').is(':hidden')) { footnote_expand_reference_container_1120_1(); } else { footnote_collapse_reference_container_1120_1(); } } function footnote_moveToReference_1120_1(p_str_TargetID) { footnote_expand_reference_container_1120_1(); var l_obj_Target = jQuery('#' + p_str_TargetID); if (l_obj_Target.length) { jQuery( 'html, body' ).delay( 0 ); jQuery('html, body').animate({ scrollTop: l_obj_Target.offset().top - window.innerHeight * 0.2 }, 380); } } function footnote_moveToAnchor_1120_1(p_str_TargetID) { footnote_expand_reference_container_1120_1(); var l_obj_Target = jQuery('#' + p_str_TargetID); if (l_obj_Target.length) { jQuery( 'html, body' ).delay( 0 ); jQuery('html, body').animate({ scrollTop: l_obj_Target.offset().top - window.innerHeight * 0.2 }, 380); } }<\/script>","protected":false},"excerpt":{"rendered":"<p>C\u00e1c c\u01a1 s\u1edf ch\u0103m s\u00f3c n\u1ed9i tr\u00fa ho\u1eb7c gia \u0111\u00ecnh nh\u1eadn nu\u00f4i t\u1ea1m th\u1eddi c\u00f3 gi\u1ea5y ph\u00e9p ho\u1eb7c ch\u1ee9ng nh\u1eadn \u0111\u00e3 nh\u1eadn ti\u1ec1n \u0111\u1ec3 cung&hellip;<\/p>\n","protected":false},"author":1,"featured_media":0,"parent":219,"menu_order":24,"comment_status":"closed","ping_status":"closed","template":"","meta":{"footnotes":""},"class_list":["post-1120","page","type-page","status-publish","hentry"],"_links":{"self":[{"href":"https:\/\/rula.disabilityrightsca.org\/vi\/wp-json\/wp\/v2\/pages\/1120","targetHints":{"allow":["GET"]}}],"collection":[{"href":"https:\/\/rula.disabilityrightsca.org\/vi\/wp-json\/wp\/v2\/pages"}],"about":[{"href":"https:\/\/rula.disabilityrightsca.org\/vi\/wp-json\/wp\/v2\/types\/page"}],"author":[{"embeddable":true,"href":"https:\/\/rula.disabilityrightsca.org\/vi\/wp-json\/wp\/v2\/users\/1"}],"replies":[{"embeddable":true,"href":"https:\/\/rula.disabilityrightsca.org\/vi\/wp-json\/wp\/v2\/comments?post=1120"}],"version-history":[{"count":4,"href":"https:\/\/rula.disabilityrightsca.org\/vi\/wp-json\/wp\/v2\/pages\/1120\/revisions"}],"predecessor-version":[{"id":3747,"href":"https:\/\/rula.disabilityrightsca.org\/vi\/wp-json\/wp\/v2\/pages\/1120\/revisions\/3747"}],"up":[{"embeddable":true,"href":"https:\/\/rula.disabilityrightsca.org\/vi\/wp-json\/wp\/v2\/pages\/219"}],"wp:attachment":[{"href":"https:\/\/rula.disabilityrightsca.org\/vi\/wp-json\/wp\/v2\/media?parent=1120"}],"curies":[{"name":"wp","href":"https:\/\/api.w.org\/{rel}","templated":true}]}}