{"id":1118,"date":"2021-05-13T20:29:50","date_gmt":"2021-05-13T20:29:50","guid":{"rendered":"http:\/\/www.rula.disabilityrightsca.org\/vi\/?page_id=1118"},"modified":"2023-07-21T20:52:56","modified_gmt":"2023-07-21T20:52:56","slug":"how-do-i-choose-a-respite-care-worker","status":"publish","type":"page","link":"https:\/\/rula.disabilityrightsca.org\/vi\/rula-book\/chapter-6-keeping-the-family-together-services-and-supports-for-children\/how-do-i-choose-a-respite-care-worker\/","title":{"rendered":"(6.23) C\u00f3 s\u1eb5n d\u1ecbch v\u1ee5 ch\u0103m s\u00f3c t\u1ea1m th\u1eddi cho c\u00e1c gia \u0111\u00ecnh \u0111\u1ec3 gi\u00fap h\u1ecd gi\u1eef ng\u01b0\u1eddi con b\u1ecb khuy\u1ebft t\u1eadt \u1edf l\u1ea1i nh\u00e0 kh\u00f4ng?"},"content":{"rendered":"\n<p>D\u1ecbch v\u1ee5 ch\u0103m s\u00f3c t\u1ea1m th\u1eddi cho ph\u00e9p gia \u0111\u00ecnh t\u1ea1m ngh\u1ec9 ch\u0103m s\u00f3c v\u00e0 h\u1ed7 tr\u1ee3 tr\u1ef1c ti\u1ebfp ng\u01b0\u1eddi b\u1ecb khuy\u1ebft t\u1eadt v\u1ec1 ph\u00e1t tri\u1ec3n. Trung t\u00e2m khu v\u1ef1c thanh to\u00e1n cho m\u1ed9t nh\u00e2n vi\u00ean ch\u0103m s\u00f3c t\u1ea1m th\u1eddi nh\u1eb1m ch\u0103m s\u00f3c cho ng\u01b0\u1eddi b\u1ecb khuy\u1ebft t\u1eadt v\u1ec1 ph\u00e1t tri\u1ec3n \u0111\u1ec3 c\u00e1c th\u00e0nh vi\u00ean trong gia \u0111\u00ecnh c\u00f3 th\u1ec3 t\u1ea1m ngh\u1ec9.<span class=\"footnote_referrer\"><a role=\"button\" tabindex=\"0\" onclick=\"footnote_moveToReference_1118_1('footnote_plugin_reference_1118_1_1');\" onkeypress=\"footnote_moveToReference_1118_1('footnote_plugin_reference_1118_1_1');\" ><sup id=\"footnote_plugin_tooltip_1118_1_1\" class=\"footnote_plugin_tooltip_text\">[1]<\/sup><\/a><span id=\"footnote_plugin_tooltip_text_1118_1_1\" class=\"footnote_tooltip\">M\u1ee5c 4690.2.<\/span><\/span><script type=\"text\/javascript\"> jQuery('#footnote_plugin_tooltip_1118_1_1').tooltip({ tip: '#footnote_plugin_tooltip_text_1118_1_1', tipClass: 'footnote_tooltip', effect: 'fade', predelay: 0, fadeInSpeed: 200, delay: 400, fadeOutSpeed: 200, position: 'top center', relative: true, offset: [-7, 0], });<\/script> \u201cTh\u00e0nh vi\u00ean gia \u0111\u00ecnh\u201d l\u00e0 ng\u01b0\u1eddi s\u1ed1ng c\u00f9ng ng\u01b0\u1eddi b\u1ecb khuy\u1ebft t\u1eadt v\u1ec1 ph\u00e1t tri\u1ec3n v\u00e0 c\u00f3 tr\u00e1ch nhi\u1ec7m ch\u0103m s\u00f3c v\u00e0 gi\u00e1m s\u00e1t h\u1ecd 24 gi\u1edd. <span class=\"footnote_referrer\"><a role=\"button\" tabindex=\"0\" onclick=\"footnote_moveToReference_1118_1('footnote_plugin_reference_1118_1_2');\" onkeypress=\"footnote_moveToReference_1118_1('footnote_plugin_reference_1118_1_2');\" ><sup id=\"footnote_plugin_tooltip_1118_1_2\" class=\"footnote_plugin_tooltip_text\">[2]<\/sup><\/a><span id=\"footnote_plugin_tooltip_text_1118_1_2\" class=\"footnote_tooltip\">Ti\u00eau \u0110\u1ec1 17, B\u1ed9 Lu\u1eadt C\u00e1c Quy \u0110\u1ecbnh California m\u1ee5c 54302(a)(29).<\/span><\/span><script type=\"text\/javascript\"> jQuery('#footnote_plugin_tooltip_1118_1_2').tooltip({ tip: '#footnote_plugin_tooltip_text_1118_1_2', tipClass: 'footnote_tooltip', effect: 'fade', predelay: 0, fadeInSpeed: 200, delay: 400, fadeOutSpeed: 200, position: 'top center', relative: true, offset: [-7, 0], });<\/script> C\u00e1c gia \u0111\u00ecnh kh\u00f4ng ph\u1ea3i thanh to\u00e1n cho d\u1ecbch v\u1ee5 ch\u0103m s\u00f3c t\u1ea1m th\u1eddi tr\u1eeb khi h\u1ecd thu\u1ed9c ch\u01b0\u01a1ng tr\u00ecnh chia s\u1ebb chi ph\u00ed b\u00ean tr\u00ean.<\/p>\n\n\n\n<p>Khi nh\u00e2n vi\u00ean ch\u0103m s\u00f3c t\u1ea1m th\u1eddi \u0111\u1ebfn ch\u0103m s\u00f3c cho con qu\u00fd v\u1ecb, qu\u00fd v\u1ecb c\u00f3 th\u1ec3 r\u1eddi kh\u1ecfi nh\u00e0, d\u00e0nh th\u1eddi gian v\u1edbi gia \u0111\u00ecnh v\u00e0 b\u1ea1n b\u00e8 ho\u1eb7c ng\u1ee7 m\u1ed9t ch\u00fat. Qu\u00fd v\u1ecb kh\u00f4ng ph\u1ea3i r\u1eddi kh\u1ecfi nh\u00e0 nh\u01b0ng qu\u00fd v\u1ecb c\u1ea7n t\u1ea1m ngh\u1ec9 ch\u0103m s\u00f3c cho con qu\u00fd v\u1ecb.<\/p>\n\n\n\n<p>N\u1ebfu qu\u00fd v\u1ecb b\u1ecb b\u1ec7nh, \u0111i ngh\u1ec9 ho\u1eb7c c\u1ea7n \u0111i c\u00f4ng t\u00e1c th\u00ec trung t\u00e2m khu v\u1ef1c c\u00f3 th\u1ec3 thanh to\u00e1n cho d\u1ecbch v\u1ee5 ch\u0103m s\u00f3c ng\u1eafn h\u1ea1n ngo\u00e0i nh\u00e0 cho con qu\u00fd v\u1ecb. <span class=\"footnote_referrer\"><a role=\"button\" tabindex=\"0\" onclick=\"footnote_moveToReference_1118_1('footnote_plugin_reference_1118_1_3');\" onkeypress=\"footnote_moveToReference_1118_1('footnote_plugin_reference_1118_1_3');\" ><sup id=\"footnote_plugin_tooltip_1118_1_3\" class=\"footnote_plugin_tooltip_text\">[3]<\/sup><\/a><span id=\"footnote_plugin_tooltip_text_1118_1_3\" class=\"footnote_tooltip\">M\u1ee5c 4212(b).<\/span><\/span><script type=\"text\/javascript\"> jQuery('#footnote_plugin_tooltip_1118_1_3').tooltip({ tip: '#footnote_plugin_tooltip_text_1118_1_3', tipClass: 'footnote_tooltip', effect: 'fade', predelay: 0, fadeInSpeed: 200, delay: 400, fadeOutSpeed: 200, position: 'top center', relative: true, offset: [-7, 0], });<\/script><\/p>\n<div class=\"speaker-mute footnotes_reference_container\"> <div class=\"footnote_container_prepare\"><p><span role=\"button\" tabindex=\"0\" class=\"footnote_reference_container_label pointer\" onclick=\"footnote_expand_collapse_reference_container_1118_1();\">&#x202F;<\/span><span role=\"button\" tabindex=\"0\" class=\"footnote_reference_container_collapse_button\" style=\"display: none;\" onclick=\"footnote_expand_collapse_reference_container_1118_1();\">[<a id=\"footnote_reference_container_collapse_button_1118_1\">+<\/a>]<\/span><\/p><\/div> <div id=\"footnote_references_container_1118_1\" style=\"\"><table class=\"footnotes_table footnote-reference-container\"><caption class=\"accessibility\">References<\/caption> <tbody> \r\n\r\n<tr class=\"footnotes_plugin_reference_row\"> <th scope=\"row\" class=\"footnote_plugin_index_combi pointer\"  onclick=\"footnote_moveToAnchor_1118_1('footnote_plugin_tooltip_1118_1_1');\"><a id=\"footnote_plugin_reference_1118_1_1\" class=\"footnote_backlink\"><span class=\"footnote_index_arrow\">&#8593;<\/span>1<\/a><\/th> <td class=\"footnote_plugin_text\">M\u1ee5c 4690.2.<\/td><\/tr>\r\n\r\n<tr class=\"footnotes_plugin_reference_row\"> <th scope=\"row\" class=\"footnote_plugin_index_combi pointer\"  onclick=\"footnote_moveToAnchor_1118_1('footnote_plugin_tooltip_1118_1_2');\"><a id=\"footnote_plugin_reference_1118_1_2\" class=\"footnote_backlink\"><span class=\"footnote_index_arrow\">&#8593;<\/span>2<\/a><\/th> <td class=\"footnote_plugin_text\">Ti\u00eau \u0110\u1ec1 17, B\u1ed9 Lu\u1eadt C\u00e1c Quy \u0110\u1ecbnh California m\u1ee5c 54302(a)(29).<\/td><\/tr>\r\n\r\n<tr class=\"footnotes_plugin_reference_row\"> <th scope=\"row\" class=\"footnote_plugin_index_combi pointer\"  onclick=\"footnote_moveToAnchor_1118_1('footnote_plugin_tooltip_1118_1_3');\"><a id=\"footnote_plugin_reference_1118_1_3\" class=\"footnote_backlink\"><span class=\"footnote_index_arrow\">&#8593;<\/span>3<\/a><\/th> <td class=\"footnote_plugin_text\">M\u1ee5c 4212(b).<\/td><\/tr>\r\n\r\n <\/tbody> <\/table> <\/div><\/div><script type=\"text\/javascript\"> function footnote_expand_reference_container_1118_1() { jQuery('#footnote_references_container_1118_1').show(); jQuery('#footnote_reference_container_collapse_button_1118_1').text('\u2212'); } function footnote_collapse_reference_container_1118_1() { jQuery('#footnote_references_container_1118_1').hide(); jQuery('#footnote_reference_container_collapse_button_1118_1').text('+'); } function footnote_expand_collapse_reference_container_1118_1() { if (jQuery('#footnote_references_container_1118_1').is(':hidden')) { footnote_expand_reference_container_1118_1(); } else { footnote_collapse_reference_container_1118_1(); } } function footnote_moveToReference_1118_1(p_str_TargetID) { footnote_expand_reference_container_1118_1(); var l_obj_Target = jQuery('#' + p_str_TargetID); if (l_obj_Target.length) { jQuery( 'html, body' ).delay( 0 ); jQuery('html, body').animate({ scrollTop: l_obj_Target.offset().top - window.innerHeight * 0.2 }, 380); } } function footnote_moveToAnchor_1118_1(p_str_TargetID) { footnote_expand_reference_container_1118_1(); var l_obj_Target = jQuery('#' + p_str_TargetID); if (l_obj_Target.length) { jQuery( 'html, body' ).delay( 0 ); jQuery('html, body').animate({ scrollTop: l_obj_Target.offset().top - window.innerHeight * 0.2 }, 380); } }<\/script>","protected":false},"excerpt":{"rendered":"<p>D\u1ecbch v\u1ee5 ch\u0103m s\u00f3c t\u1ea1m th\u1eddi cho ph\u00e9p gia \u0111\u00ecnh t\u1ea1m ngh\u1ec9 ch\u0103m s\u00f3c v\u00e0 h\u1ed7 tr\u1ee3 tr\u1ef1c ti\u1ebfp ng\u01b0\u1eddi b\u1ecb khuy\u1ebft t\u1eadt v\u1ec1 ph\u00e1t&hellip;<\/p>\n","protected":false},"author":1,"featured_media":0,"parent":219,"menu_order":23,"comment_status":"closed","ping_status":"closed","template":"","meta":{"footnotes":""},"class_list":["post-1118","page","type-page","status-publish","hentry"],"_links":{"self":[{"href":"https:\/\/rula.disabilityrightsca.org\/vi\/wp-json\/wp\/v2\/pages\/1118","targetHints":{"allow":["GET"]}}],"collection":[{"href":"https:\/\/rula.disabilityrightsca.org\/vi\/wp-json\/wp\/v2\/pages"}],"about":[{"href":"https:\/\/rula.disabilityrightsca.org\/vi\/wp-json\/wp\/v2\/types\/page"}],"author":[{"embeddable":true,"href":"https:\/\/rula.disabilityrightsca.org\/vi\/wp-json\/wp\/v2\/users\/1"}],"replies":[{"embeddable":true,"href":"https:\/\/rula.disabilityrightsca.org\/vi\/wp-json\/wp\/v2\/comments?post=1118"}],"version-history":[{"count":3,"href":"https:\/\/rula.disabilityrightsca.org\/vi\/wp-json\/wp\/v2\/pages\/1118\/revisions"}],"predecessor-version":[{"id":3745,"href":"https:\/\/rula.disabilityrightsca.org\/vi\/wp-json\/wp\/v2\/pages\/1118\/revisions\/3745"}],"up":[{"embeddable":true,"href":"https:\/\/rula.disabilityrightsca.org\/vi\/wp-json\/wp\/v2\/pages\/219"}],"wp:attachment":[{"href":"https:\/\/rula.disabilityrightsca.org\/vi\/wp-json\/wp\/v2\/media?parent=1118"}],"curies":[{"name":"wp","href":"https:\/\/api.w.org\/{rel}","templated":true}]}}