{"id":1116,"date":"2021-05-13T20:27:25","date_gmt":"2021-05-13T20:27:25","guid":{"rendered":"http:\/\/www.rula.disabilityrightsca.org\/vi\/?page_id=1116"},"modified":"2023-07-21T19:26:37","modified_gmt":"2023-07-21T19:26:37","slug":"what-if-the-regional-center-and-i-cannot-agree-on-the-amount-of-respite-services-our-family-needs","status":"publish","type":"page","link":"https:\/\/rula.disabilityrightsca.org\/vi\/rula-book\/chapter-6-keeping-the-family-together-services-and-supports-for-children\/what-if-the-regional-center-and-i-cannot-agree-on-the-amount-of-respite-services-our-family-needs\/","title":{"rendered":"(6.22) N\u1ebfu trung t\u00e2m khu v\u1ef1c t\u1eeb ch\u1ed1i y\u00eau c\u1ea7u c\u1ee7a t\u00f4i v\u1ec1 d\u1ecbch v\u1ee5 gi\u1ea3i tr\u00ed x\u00e3 h\u1ed9i ho\u1eb7c c\u00e1c d\u1ecbch v\u1ee5 li\u00ean quan kh\u00e1c th\u00ec sao?"},"content":{"rendered":"\n<p>N\u1ebfu trung t\u00e2m khu v\u1ef1c t\u1eeb ch\u1ed1i, h\u1ecd s\u1ebd ph\u1ea3i g\u1eedi v\u0103n b\u1ea3n th\u00f4ng b\u00e1o cho qu\u00fd v\u1ecb b\u1eb1ng th\u01b0 b\u1ea3o \u0111\u1ea3m trong v\u00f2ng 5 ng\u00e0y l\u00e0m vi\u1ec7c. Vi\u1ec7c trung t\u00e2m khu v\u1ef1c t\u1eeb ch\u1ed1i ho\u1eb7c thay \u0111\u1ed5i m\u1ed9t d\u1ecbch v\u1ee5 khi ch\u01b0a g\u1eedi v\u0103n b\u1ea3n th\u00f4ng b\u00e1o cho qu\u00fd v\u1ecb l\u00e0 b\u1ea5t h\u1ee3p ph\u00e1p. Th\u00f4ng b\u00e1o c\u1ee7a trung t\u00e2m khu v\u1ef1c ph\u1ea3i cho qu\u00fd v\u1ecb bi\u1ebft h\u1ecd \u0111\u1ecbnh l\u00e0m g\u00ec v\u00e0 nh\u1eefng lu\u1eadt n\u00e0o cho ph\u00e9p h\u1ecd \u0111\u01b0a ra quy\u1ebft \u0111\u1ecbnh \u0111\u00f3. Th\u00f4ng b\u00e1o c\u1ee7a trung t\u00e2m khu v\u1ef1c ph\u1ea3i gi\u1ea3i th\u00edch r\u00f5 quy\u1ec1n kh\u00e1ng c\u00e1o c\u1ee7a qu\u00fd v\u1ecb. V\u0103n b\u1ea3n th\u00f4ng b\u00e1o c\u1ee7a trung t\u00e2m khu v\u1ef1c ph\u1ea3i r\u00f5 r\u00e0ng v\u00e0 b\u1eb1ng ng\u00f4n ng\u1eef m\u00e0 qu\u00fd v\u1ecb c\u00f3 th\u1ec3 hi\u1ec3u \u0111\u01b0\u1ee3c.<\/p>\n\n\n\n<p>Tuy nhi\u00ean, qu\u00fd v\u1ecb c\u00f3 th\u1ec3 kh\u00e1ng c\u00e1o k\u1ec3 c\u1ea3 khi trung t\u00e2m khu v\u1ef1c t\u1eeb ch\u1ed1i g\u1eedi th\u00f4ng b\u00e1o cho qu\u00fd v\u1ecb. [ch\u00fa th\u00edch B\u1ed9 Lu\u1eadt Ph\u00fac L\u1ee3i v\u00e0 \u0110\u1ecbnh Ch\u1ebf m\u1ee5c 4710(b).]<\/p>\n\n\n\n<p>\u0110\u1ec3 bi\u1ebft th\u00eam th\u00f4ng tin v\u1ec1 c\u00e1ch kh\u00e1ng c\u00e1o, h\u00e3y xem Ch\u01b0\u01a1ng 10.<\/p>\n","protected":false},"excerpt":{"rendered":"<p>N\u1ebfu trung t\u00e2m khu v\u1ef1c t\u1eeb ch\u1ed1i, h\u1ecd s\u1ebd ph\u1ea3i g\u1eedi v\u0103n b\u1ea3n th\u00f4ng b\u00e1o cho qu\u00fd v\u1ecb b\u1eb1ng th\u01b0 b\u1ea3o \u0111\u1ea3m trong v\u00f2ng 5&hellip;<\/p>\n","protected":false},"author":1,"featured_media":0,"parent":219,"menu_order":22,"comment_status":"closed","ping_status":"closed","template":"","meta":{"footnotes":""},"class_list":["post-1116","page","type-page","status-publish","hentry"],"_links":{"self":[{"href":"https:\/\/rula.disabilityrightsca.org\/vi\/wp-json\/wp\/v2\/pages\/1116","targetHints":{"allow":["GET"]}}],"collection":[{"href":"https:\/\/rula.disabilityrightsca.org\/vi\/wp-json\/wp\/v2\/pages"}],"about":[{"href":"https:\/\/rula.disabilityrightsca.org\/vi\/wp-json\/wp\/v2\/types\/page"}],"author":[{"embeddable":true,"href":"https:\/\/rula.disabilityrightsca.org\/vi\/wp-json\/wp\/v2\/users\/1"}],"replies":[{"embeddable":true,"href":"https:\/\/rula.disabilityrightsca.org\/vi\/wp-json\/wp\/v2\/comments?post=1116"}],"version-history":[{"count":4,"href":"https:\/\/rula.disabilityrightsca.org\/vi\/wp-json\/wp\/v2\/pages\/1116\/revisions"}],"predecessor-version":[{"id":3744,"href":"https:\/\/rula.disabilityrightsca.org\/vi\/wp-json\/wp\/v2\/pages\/1116\/revisions\/3744"}],"up":[{"embeddable":true,"href":"https:\/\/rula.disabilityrightsca.org\/vi\/wp-json\/wp\/v2\/pages\/219"}],"wp:attachment":[{"href":"https:\/\/rula.disabilityrightsca.org\/vi\/wp-json\/wp\/v2\/media?parent=1116"}],"curies":[{"name":"wp","href":"https:\/\/api.w.org\/{rel}","templated":true}]}}