{"id":1114,"date":"2021-05-13T20:26:13","date_gmt":"2021-05-13T20:26:13","guid":{"rendered":"http:\/\/www.rula.disabilityrightsca.org\/vi\/?page_id=1114"},"modified":"2023-07-21T19:24:28","modified_gmt":"2023-07-21T19:24:28","slug":"what-if-we-need-more-respite-hours-than-what-the-regional-thinks-our-family-needs","status":"publish","type":"page","link":"https:\/\/rula.disabilityrightsca.org\/vi\/rula-book\/chapter-6-keeping-the-family-together-services-and-supports-for-children\/what-if-we-need-more-respite-hours-than-what-the-regional-thinks-our-family-needs\/","title":{"rendered":"(6.21) L\u00e0m th\u1ebf n\u00e0o \u0111\u1ec3 t\u00f4i c\u00f3 th\u1ec3 y\u00eau c\u1ea7u c\u00e1c d\u1ecbch v\u1ee5 gi\u1ea3i tr\u00ed x\u00e3 h\u1ed9i, c\u1eafm tr\u1ea1i, li\u1ec7u ph\u00e1p phi y t\u1ebf ho\u1eb7c gi\u00e1o d\u1ee5c t\u1eeb trung t\u00e2m khu v\u1ef1c?"},"content":{"rendered":"\n<p>\u0110\u1ec3 nh\u1eadn t\u00e0i tr\u1ee3 cho c\u00e1c d\u1ecbch v\u1ee5 gi\u1ea3i tr\u00ed x\u00e3 h\u1ed9i, IPP c\u1ee7a qu\u00fd v\u1ecb ph\u1ea3i bao g\u1ed3m c\u00e1c m\u1ee5c \u0111\u00edch gi\u1ea3i tr\u00ed x\u00e3 h\u1ed9i. \u0110i\u1ec1u n\u00e0y c\u0169ng \u0111\u00fang \u0111\u1ed1i v\u1edbi c\u00e1c d\u1ecbch v\u1ee5 c\u1eafm tr\u1ea1i, li\u1ec7u ph\u00e1p phi y t\u1ebf v\u00e0 gi\u00e1o d\u1ee5c. Ph\u1ea3i c\u00f3 m\u1ed9t m\u1ee5c \u0111\u00edch li\u00ean quan.<\/p>\n\n\n\n<p>Y\u00eau c\u1ea7u t\u1ed5 ch\u1ee9c cu\u1ed9c h\u1ecdp IPP \u0111\u1ec3 trao \u0111\u1ed5i v\u1edbi trung t\u00e2m khu v\u1ef1c v\u1ec1 t\u00ecnh h\u00ecnh c\u1ee7a qu\u00fd v\u1ecb v\u00e0 l\u00fd do qu\u00fd v\u1ecb c\u1ea7n d\u1ecbch v\u1ee5 ho\u1eb7c s\u1ef1 h\u1ed7 tr\u1ee3 m\u1edbi. Qu\u00fd v\u1ecb c\u00f3 th\u1ec3 y\u00eau c\u1ea7u cu\u1ed9c h\u1ecdp IPP b\u1ea5t k\u1ef3 l\u00fac n\u00e0o. Trung t\u00e2m khu v\u1ef1c ph\u1ea3i t\u1ed5 ch\u1ee9c cu\u1ed9c h\u1ecdp trong v\u00f2ng 30 ng\u00e0y k\u1ec3 t\u1eeb ng\u00e0y qu\u00fd v\u1ecb y\u00eau c\u1ea7u.<\/p>\n\n\n\n<p>Trung t\u00e2m khu v\u1ef1c ch\u1ec9 c\u00f3 th\u1ec3 mua c\u00e1c d\u1ecbch v\u1ee5 li\u00ean quan \u0111\u1ebfn t\u00ecnh tr\u1ea1ng khuy\u1ebft t\u1eadt ph\u00e1t tri\u1ec3n c\u1ee7a qu\u00fd v\u1ecb. Khi qu\u00fd v\u1ecb y\u00eau c\u1ea7u d\u1ecbch v\u1ee5, h\u00e3y \u0111\u1ea3m b\u1ea3o gi\u1ea3i th\u00edch l\u00fd do qu\u00fd v\u1ecb c\u1ea7n d\u1ecbch v\u1ee5 \u0111\u00f3 v\u00e0 d\u1ecbch v\u1ee5 \u0111\u00f3 c\u00f3 li\u00ean quan nh\u01b0 th\u1ebf n\u00e0o \u0111\u1ebfn t\u00ecnh tr\u1ea1ng khuy\u1ebft t\u1eadt ph\u00e1t tri\u1ec3n c\u1ee7a qu\u00fd v\u1ecb.<\/p>\n\n\n\n<p>\u0110\u1ec3 bi\u1ebft th\u00eam th\u00f4ng tin v\u1ec1 quy tr\u00ecnh IPP, h\u00e3y xem ch\u01b0\u01a1ng 4.&nbsp;<\/p>\n\n\n\n<p>C\u00e1c l\u1eddi khuy\u00ean kh\u00e1c:<\/p>\n\n\n\n<ul class=\"wp-block-list\"><li>S\u1eb5n s\u00e0ng gi\u1ea3i th\u00edch d\u1ecbch v\u1ee5 gi\u1ea3i tr\u00ed x\u00e3 h\u1ed9i v\u00e0 c\u00e1c d\u1ecbch v\u1ee5 li\u00ean quan kh\u00e1c gi\u00fap \u00edch cho qu\u00fd v\u1ecb nh\u01b0 th\u1ebf n\u00e0o \u0111\u1ed1i v\u1edbi t\u00ecnh tr\u1ea1ng khuy\u1ebft t\u1eadt ph\u00e1t tri\u1ec3n. Cho bi\u1ebft l\u00fd do ch\u01b0\u01a1ng tr\u00ecnh \u0111\u00f3 \u0111\u00e1p \u1ee9ng nhu c\u1ea7u c\u00e1 nh\u00e2n c\u1ee7a qu\u00fd v\u1ecb.<\/li><li>Xem l\u1ea1i IPP \u0111\u1ec3 bi\u1ebft m\u1ee5c \u0111\u00edch c\u1ee7a qu\u00fd v\u1ecb v\u00e0 c\u00e1ch thay \u0111\u1ed5i c\u00e1c m\u1ee5c \u0111\u00edch n\u00e0y \u0111\u1ec3 th\u1ec3 hi\u1ec7n nhu c\u1ea7u c\u1ee7a b\u1ea1n v\u1ec1 d\u1ecbch v\u1ee5 gi\u1ea3i tr\u00ed x\u00e3 h\u1ed9i v\u00e0 c\u00e1c d\u1ecbch v\u1ee5 kh\u00e1c.<\/li><li>Xem l\u1ea1i ch\u00ednh s\u00e1ch mua d\u1ecbch v\u1ee5 c\u1ee7a trung t\u00e2m khu v\u1ef1c \u0111\u1ed1i v\u1edbi c\u00e1c d\u1ecbch v\u1ee5 c\u1eafm tr\u1ea1i, gi\u1ea3i tr\u00ed x\u00e3 h\u1ed9i v\u00e0 c\u00e1c d\u1ecbch v\u1ee5 li\u00ean quan kh\u00e1c. Do lu\u1eadt thay \u0111\u1ed5i, trung t\u00e2m khu v\u1ef1c \u0111\u00e3 c\u1eadp nh\u1eadt c\u00e1c ch\u00ednh s\u00e1ch gi\u1ea3i tr\u00ed x\u00e3 h\u1ed9i c\u1ee7a h\u1ecd.&nbsp;<\/li><li>Bi\u1ebft r\u00f5 nh\u1eefng ngu\u1ed3n l\u1ef1c chung ho\u1eb7c c\u01a1 quan n\u00e0o trong c\u1ed9ng \u0111\u1ed3ng c\u00f3 th\u1ec3 \u0111\u00e1p \u1ee9ng nhu c\u1ea7u c\u1ee7a qu\u00fd v\u1ecb v\u1ec1 d\u1ecbch v\u1ee5 gi\u1ea3i tr\u00ed x\u00e3 h\u1ed9i. V\u00ed d\u1ee5: ch\u01b0\u01a1ng tr\u00ecnh c\u1ed9ng \u0111\u1ed3ng (nh\u01b0 c\u00f4ng vi\u00ean th\u00e0nh ph\u1ed1 v\u00e0 ch\u01b0\u01a1ng tr\u00ecnh gi\u1ea3i tr\u00ed), ch\u01b0\u01a1ng tr\u00ecnh h\u1ecdc \u0111\u01b0\u1eddng ho\u1eb7c c\u00e2u l\u1ea1c b\u1ed9 v\u00e0 c\u00e1c s\u1ef1 ki\u1ec7n kh\u00e1c d\u00e0nh cho c\u00f4ng ch\u00fang.&nbsp;<\/li><li>Ngay c\u1ea3 khi m\u1ed9t ngu\u1ed3n l\u1ef1c chung c\u00f3 th\u1ec3 cung c\u1ea5p c\u00e1c d\u1ecbch v\u1ee5 gi\u1ea3i tr\u00ed x\u00e3 h\u1ed9i m\u00e0 qu\u00fd v\u1ecb c\u1ea7n, trung t\u00e2m khu v\u1ef1c ph\u1ea3i gi\u00fap qu\u00fd v\u1ecb ti\u1ebfp c\u1eadn nh\u1eefng ngu\u1ed3n l\u1ef1c chung \u0111\u00f3. [ch\u00fa th\u00edch Lu\u1eadt Ph\u00fac L\u1ee3i v\u00e0 \u0110\u1ecbnh Ch\u1ebf m\u1ee5c 4648(a)(8).]<\/li><li>S\u1eb5n s\u00e0ng trao \u0111\u1ed5i v\u1edbi \u0111i\u1ec1u ph\u1ed1i vi\u00ean d\u1ecbch v\u1ee5 n\u1ebfu qu\u00fd v\u1ecb c\u1ea7n h\u1ed7 tr\u1ee3 th\u00eam khi tham gia c\u00e1c ch\u01b0\u01a1ng tr\u00ecnh v\u00e0 d\u1ecbch v\u1ee5 c\u1ed9ng \u0111\u1ed3ng.<\/li><li>N\u1ebfu qu\u00fd v\u1ecb l\u00e0 cha\/m\u1eb9 c\u1ee7a tr\u1ebb d\u01b0\u1edbi 18 tu\u1ed5i, h\u00e3y s\u1eb5n s\u00e0ng gi\u1ea3i th\u00edch n\u1ebfu qu\u00fd v\u1ecb kh\u00f4ng th\u1ec3 thanh to\u00e1n cho m\u1ed9t ph\u1ea7n d\u1ecbch v\u1ee5 gi\u1ea3i tr\u00ed x\u00e3 h\u1ed9i ho\u1eb7c d\u1ecbch v\u1ee5 li\u00ean quan \u2013 k\u1ec3 c\u1ea3 chi ph\u00ed m\u00e0 qu\u00fd v\u1ecb thanh to\u00e1n n\u1ebfu con qu\u00fd v\u1ecb kh\u00f4ng b\u1ecb khuy\u1ebft t\u1eadt.<\/li><\/ul>\n","protected":false},"excerpt":{"rendered":"<p>\u0110\u1ec3 nh\u1eadn t\u00e0i tr\u1ee3 cho c\u00e1c d\u1ecbch v\u1ee5 gi\u1ea3i tr\u00ed x\u00e3 h\u1ed9i, IPP c\u1ee7a qu\u00fd v\u1ecb ph\u1ea3i bao g\u1ed3m c\u00e1c m\u1ee5c \u0111\u00edch gi\u1ea3i tr\u00ed x\u00e3&hellip;<\/p>\n","protected":false},"author":1,"featured_media":0,"parent":219,"menu_order":21,"comment_status":"closed","ping_status":"closed","template":"","meta":{"footnotes":""},"class_list":["post-1114","page","type-page","status-publish","hentry"],"_links":{"self":[{"href":"https:\/\/rula.disabilityrightsca.org\/vi\/wp-json\/wp\/v2\/pages\/1114","targetHints":{"allow":["GET"]}}],"collection":[{"href":"https:\/\/rula.disabilityrightsca.org\/vi\/wp-json\/wp\/v2\/pages"}],"about":[{"href":"https:\/\/rula.disabilityrightsca.org\/vi\/wp-json\/wp\/v2\/types\/page"}],"author":[{"embeddable":true,"href":"https:\/\/rula.disabilityrightsca.org\/vi\/wp-json\/wp\/v2\/users\/1"}],"replies":[{"embeddable":true,"href":"https:\/\/rula.disabilityrightsca.org\/vi\/wp-json\/wp\/v2\/comments?post=1114"}],"version-history":[{"count":3,"href":"https:\/\/rula.disabilityrightsca.org\/vi\/wp-json\/wp\/v2\/pages\/1114\/revisions"}],"predecessor-version":[{"id":3742,"href":"https:\/\/rula.disabilityrightsca.org\/vi\/wp-json\/wp\/v2\/pages\/1114\/revisions\/3742"}],"up":[{"embeddable":true,"href":"https:\/\/rula.disabilityrightsca.org\/vi\/wp-json\/wp\/v2\/pages\/219"}],"wp:attachment":[{"href":"https:\/\/rula.disabilityrightsca.org\/vi\/wp-json\/wp\/v2\/media?parent=1114"}],"curies":[{"name":"wp","href":"https:\/\/api.w.org\/{rel}","templated":true}]}}