{"id":1110,"date":"2021-05-13T20:23:41","date_gmt":"2021-05-13T20:23:41","guid":{"rendered":"http:\/\/www.rula.disabilityrightsca.org\/vi\/?page_id=1110"},"modified":"2023-07-21T19:21:46","modified_gmt":"2023-07-21T19:21:46","slug":"are-facilities-that-care-for-children-with-developmental-disabilities-or-foster-family-homes-able-to-get-respite-care-hours","status":"publish","type":"page","link":"https:\/\/rula.disabilityrightsca.org\/vi\/rula-book\/chapter-6-keeping-the-family-together-services-and-supports-for-children\/are-facilities-that-care-for-children-with-developmental-disabilities-or-foster-family-homes-able-to-get-respite-care-hours\/","title":{"rendered":"(6.19) L\u00e0m th\u1ebf n\u00e0o \u0111\u1ec3 trung t\u00e2m khu v\u1ef1c c\u00f3 th\u1ec3 quy\u1ebft \u0111\u1ecbnh \u0111\u1ed1i t\u01b0\u1ee3ng n\u00e0o nh\u1eadn \u0111\u01b0\u1ee3c c\u00e1c d\u1ecbch v\u1ee5 nh\u01b0 c\u1eafm tr\u1ea1i, gi\u1ea3i tr\u00ed x\u00e3 h\u1ed9i, li\u1ec7u ph\u00e1p phi y t\u1ebf v\u00e0 gi\u00e1o d\u1ee5c?"},"content":{"rendered":"\n<p>IPP ph\u1ea3i gi\u1ea3i th\u00edch l\u00fd do qu\u00fd v\u1ecb c\u1ea7n c\u00e1c d\u1ecbch v\u1ee5 n\u00e0y. Khi trung t\u00e2m khu v\u1ef1c \u0111\u01b0a ra quy\u1ebft \u0111\u1ecbnh ph\u00ea duy\u1ec7t nh\u1eefng d\u1ecbch v\u1ee5 n\u00e0o, h\u1ecd s\u1ebd c\u00e2n nh\u1eafc \u0111\u1ebfn nh\u1eefng c\u00e2u h\u1ecfi sau:<\/p>\n\n\n\n<ol class=\"wp-block-list\" type=\"1\"><li>C\u00f3 ph\u1ea3i qu\u00fd v\u1ecb c\u1ea7n d\u1ecbch v\u1ee5 n\u00e0y do t\u00ecnh tr\u1ea1ng khuy\u1ebft t\u1eadt ph\u00e1t tri\u1ec3n kh\u00f4ng?<\/li><li>D\u1ecbch v\u1ee5 n\u00e0y c\u00f3 l\u00e0m gi\u1ea3m b\u1edbt \u1ea3nh h\u01b0\u1edfng c\u1ee7a t\u00ecnh tr\u1ea1ng khuy\u1ebft t\u1eadt ph\u00e1t tri\u1ec3n kh\u00f4ng?<\/li><li>D\u1ecbch v\u1ee5 n\u00e0y c\u00f3 gi\u00fap qu\u00fd v\u1ecb s\u1ed1ng m\u1ed9t cu\u1ed9c \u0111\u1eddi b\u00ecnh th\u01b0\u1eddng, \u0111\u1ed9c l\u1eadp v\u00e0 h\u1eefu \u00edch ho\u1eb7c c\u00f3 gi\u00fap qu\u00fd v\u1ecb h\u1ecdc m\u1ed9t k\u1ef9 n\u0103ng m\u1edbi theo c\u00e1ch ph\u00f9 h\u1ee3p kh\u00f4ng?<\/li><\/ol>\n\n\n\n<p>Trung t\u00e2m khu v\u1ef1c c\u0169ng c\u00f3 c\u00e1c nguy\u00ean t\u1eafc \u0111\u01b0\u1ee3c g\u1ecdi l\u00e0 Ch\u00ednh S\u00e1ch Mua D\u1ecbch V\u1ee5, trong \u0111\u00f3 di\u1ec5n gi\u1ea3i c\u00e1ch h\u1ecd \u0111\u01b0a ra quy\u1ebft \u0111\u1ecbnh chi ti\u00eau cho c\u00e1c d\u1ecbch v\u1ee5 kh\u00e1c nhau. Ch\u00ednh S\u00e1ch Mua D\u1ecbch V\u1ee5 gi\u00fap di\u1ec5n gi\u1ea3i c\u00e1c quy t\u1eafc ti\u1ebfp nh\u1eadn d\u1ecbch v\u1ee5. Tuy nhi\u00ean, ch\u00ednh s\u00e1ch POS kh\u00f4ng \u0111\u01b0\u1ee3c vi ph\u1ea1m \u0110\u1ea1o Lu\u1eadt Lanterman.<\/p>\n\n\n\n<p>Ch\u00ednh s\u00e1ch POS c\u1ee7a m\u1ed7i trung t\u00e2m khu v\u1ef1c l\u00e0 kh\u00e1c nhau v\u00e0 DDS ph\u1ea3i ph\u00ea duy\u1ec7t ch\u00ednh s\u00e1ch POS. [ch\u00fa th\u00edch B\u1ed9 Lu\u1eadt Ph\u00fac L\u1ee3i v\u00e0 \u0110\u1ecbnh Ch\u1ebf m\u1ee5c 4434(d).]<\/p>\n\n\n\n<p>Y\u00eau c\u1ea7u trung t\u00e2m khu v\u1ef1c xem l\u1ea1i ch\u00ednh s\u00e1ch Mua D\u1ecbch V\u1ee5 c\u1ee7a h\u1ecd v\u1ec1 d\u1ecbch v\u1ee5 c\u1eafm tr\u1ea1i, gi\u1ea3i tr\u00ed x\u00e3 h\u1ed9i v\u00e0 c\u00e1c d\u1ecbch v\u1ee5 li\u00ean quan. M\u1ed7i trung t\u00e2m khu v\u1ef1c ph\u1ea3i \u0111\u0103ng ch\u00ednh s\u00e1ch Mua D\u1ecbch V\u1ee5 l\u00ean trang web c\u1ee7a m\u00ecnh.<\/p>\n","protected":false},"excerpt":{"rendered":"<p>IPP ph\u1ea3i gi\u1ea3i th\u00edch l\u00fd do qu\u00fd v\u1ecb c\u1ea7n c\u00e1c d\u1ecbch v\u1ee5 n\u00e0y. Khi trung t\u00e2m khu v\u1ef1c \u0111\u01b0a ra quy\u1ebft \u0111\u1ecbnh ph\u00ea duy\u1ec7t nh\u1eefng&hellip;<\/p>\n","protected":false},"author":1,"featured_media":0,"parent":219,"menu_order":19,"comment_status":"closed","ping_status":"closed","template":"","meta":{"footnotes":""},"class_list":["post-1110","page","type-page","status-publish","hentry"],"_links":{"self":[{"href":"https:\/\/rula.disabilityrightsca.org\/vi\/wp-json\/wp\/v2\/pages\/1110","targetHints":{"allow":["GET"]}}],"collection":[{"href":"https:\/\/rula.disabilityrightsca.org\/vi\/wp-json\/wp\/v2\/pages"}],"about":[{"href":"https:\/\/rula.disabilityrightsca.org\/vi\/wp-json\/wp\/v2\/types\/page"}],"author":[{"embeddable":true,"href":"https:\/\/rula.disabilityrightsca.org\/vi\/wp-json\/wp\/v2\/users\/1"}],"replies":[{"embeddable":true,"href":"https:\/\/rula.disabilityrightsca.org\/vi\/wp-json\/wp\/v2\/comments?post=1110"}],"version-history":[{"count":3,"href":"https:\/\/rula.disabilityrightsca.org\/vi\/wp-json\/wp\/v2\/pages\/1110\/revisions"}],"predecessor-version":[{"id":3739,"href":"https:\/\/rula.disabilityrightsca.org\/vi\/wp-json\/wp\/v2\/pages\/1110\/revisions\/3739"}],"up":[{"embeddable":true,"href":"https:\/\/rula.disabilityrightsca.org\/vi\/wp-json\/wp\/v2\/pages\/219"}],"wp:attachment":[{"href":"https:\/\/rula.disabilityrightsca.org\/vi\/wp-json\/wp\/v2\/media?parent=1110"}],"curies":[{"name":"wp","href":"https:\/\/api.w.org\/{rel}","templated":true}]}}