{"id":1108,"date":"2021-05-13T20:17:40","date_gmt":"2021-05-13T20:17:40","guid":{"rendered":"http:\/\/www.rula.disabilityrightsca.org\/vi\/?page_id=1108"},"modified":"2023-07-21T19:21:09","modified_gmt":"2023-07-21T19:21:09","slug":"are-respite-services-available-to-families-to-help-them-keep-their-children-with-disabilities-at-home","status":"publish","type":"page","link":"https:\/\/rula.disabilityrightsca.org\/vi\/rula-book\/chapter-6-keeping-the-family-together-services-and-supports-for-children\/are-respite-services-available-to-families-to-help-them-keep-their-children-with-disabilities-at-home\/","title":{"rendered":"(6.18) S\u1edf D\u1ecbch V\u1ee5 Ph\u00e1t Tri\u1ec3n (Department of Developmental Services) c\u00f3 \u00fd ki\u1ebfn g\u00ec v\u1ec1 vi\u1ec7c kh\u00f4i ph\u1ee5c c\u00e1c d\u1ecbch v\u1ee5 c\u1eafm tr\u1ea1i, gi\u1ea3i tr\u00ed x\u00e3 h\u1ed9i v\u00e0 c\u00e1c d\u1ecbch v\u1ee5 li\u00ean quan?"},"content":{"rendered":"\n<p>S\u1edf D\u1ecbch V\u1ee5 Ph\u00e1t Tri\u1ec3n l\u00e0 c\u01a1 quan ti\u1ec3u bang ph\u1ee5 tr\u00e1ch t\u1ea5t c\u1ea3 21 trung t\u00e2m khu v\u1ef1c. C\u01a1 quan n\u00e0y \u0111\u00f4i khi \u0111\u01b0\u1ee3c g\u1ecdi l\u00e0 DDS v\u00e0 c\u00f3 quy\u1ec1n b\u00e1o cho c\u00e1c trung t\u00e2m khu v\u1ef1c bi\u1ebft nh\u1eefng vi\u1ec7c c\u1ea7n l\u00e0m. DDS b\u00e1o cho c\u00e1c trung t\u00e2m khu v\u1ef1c bi\u1ebft nh\u1eefng vi\u1ec7c c\u1ea7n l\u00e0m b\u1eb1ng c\u00e1ch g\u1eedi c\u00e1c l\u1ec7nh v\u00e0 h\u01b0\u1edbng d\u1eabn, \u0111\u01b0\u1ee3c g\u1ecdi l\u00e0 \u201cch\u1ec9 th\u1ecb\u201d.<\/p>\n\n\n\n<p>Trong m\u1ed9t b\u1ee9c th\u01b0 ng\u00e0y 7 th\u00e1ng M\u01b0\u1eddi, 2021, DDS y\u00eau c\u1ea7u m\u1ed7i trung t\u00e2m khu v\u1ef1c ph\u1ea3i b\u00e1o cho c\u00e1c \u0111i\u1ec1u ph\u1ed1i vi\u00ean d\u1ecbch v\u1ee5 v\u00e0 th\u00e0nh vi\u00ean trong c\u1ed9ng \u0111\u1ed3ng bi\u1ebft s\u1ef1 thay \u0111\u1ed5i lu\u1eadt n\u00e0y.&nbsp; H\u1ecd c\u0169ng ph\u1ea3i t\u00ecm nh\u1eefng kh\u00e1ch h\u00e0ng c\u1ee7a trung t\u00e2m khu v\u1ef1c c\u00f3 th\u1ec3 c\u1ea7n v\u00e0 mu\u1ed1n nh\u1eadn c\u00e1c d\u1ecbch v\u1ee5 n\u00e0y. DDS y\u00eau c\u1ea7u trung t\u00e2m khu v\u1ef1c ph\u1ea3i c\u1ed1 g\u1eafng h\u1ebft s\u1ee9c \u0111\u1ec3 b\u00e1o cho c\u00e1c c\u1ed9ng \u0111\u1ed3ng ng\u01b0\u1eddi da m\u00e0u kh\u00f4ng n\u00f3i \u0111\u01b0\u1ee3c ti\u1ebfng Anh bi\u1ebft. Vi\u1ec7c thanh to\u00e1n cho d\u1ecbch v\u1ee5 gi\u1ea3i tr\u00ed x\u00e3 h\u1ed9i v\u00e0 c\u00e1c d\u1ecbch v\u1ee5 li\u00ean quan kh\u00e1c c\u00f3 th\u1ec3 gi\u00fap gi\u1ea3m ch\u00eanh l\u1ec7ch trong chi ti\u00eau c\u1ee7a trung t\u00e2m khu v\u1ef1c cho nh\u1eefng ng\u01b0\u1eddi da m\u00e0u c\u00f3 thu nh\u1eadp th\u1ea5p.<\/p>\n\n\n\n<p>Qu\u00fd v\u1ecb c\u00f3 th\u1ec3 t\u00ecm th\u1ea5y ch\u1ec9 th\u1ecb n\u00e0y tr\u00ean trang web c\u1ee7a DDS t\u1ea1i: <a href=\"https:\/\/www.dds.ca.gov\/wp-content\/uploads\/2021\/10\/Restoration-of-Camping-Social-Recreation-and-Other-Services.pdf\" target=\"_blank\" rel=\"noreferrer noopener\">https:\/\/www.dds.ca.gov\/wp-content\/uploads\/2021\/10\/Restoration-of-Camping-Social-Recreation-and-Other-Services.pdf<\/a><\/p>\n","protected":false},"excerpt":{"rendered":"<p>S\u1edf D\u1ecbch V\u1ee5 Ph\u00e1t Tri\u1ec3n l\u00e0 c\u01a1 quan ti\u1ec3u bang ph\u1ee5 tr\u00e1ch t\u1ea5t c\u1ea3 21 trung t\u00e2m khu v\u1ef1c. C\u01a1 quan n\u00e0y \u0111\u00f4i khi \u0111\u01b0\u1ee3c&hellip;<\/p>\n","protected":false},"author":1,"featured_media":0,"parent":219,"menu_order":18,"comment_status":"closed","ping_status":"closed","template":"","meta":{"footnotes":""},"class_list":["post-1108","page","type-page","status-publish","hentry"],"_links":{"self":[{"href":"https:\/\/rula.disabilityrightsca.org\/vi\/wp-json\/wp\/v2\/pages\/1108","targetHints":{"allow":["GET"]}}],"collection":[{"href":"https:\/\/rula.disabilityrightsca.org\/vi\/wp-json\/wp\/v2\/pages"}],"about":[{"href":"https:\/\/rula.disabilityrightsca.org\/vi\/wp-json\/wp\/v2\/types\/page"}],"author":[{"embeddable":true,"href":"https:\/\/rula.disabilityrightsca.org\/vi\/wp-json\/wp\/v2\/users\/1"}],"replies":[{"embeddable":true,"href":"https:\/\/rula.disabilityrightsca.org\/vi\/wp-json\/wp\/v2\/comments?post=1108"}],"version-history":[{"count":3,"href":"https:\/\/rula.disabilityrightsca.org\/vi\/wp-json\/wp\/v2\/pages\/1108\/revisions"}],"predecessor-version":[{"id":3738,"href":"https:\/\/rula.disabilityrightsca.org\/vi\/wp-json\/wp\/v2\/pages\/1108\/revisions\/3738"}],"up":[{"embeddable":true,"href":"https:\/\/rula.disabilityrightsca.org\/vi\/wp-json\/wp\/v2\/pages\/219"}],"wp:attachment":[{"href":"https:\/\/rula.disabilityrightsca.org\/vi\/wp-json\/wp\/v2\/media?parent=1108"}],"curies":[{"name":"wp","href":"https:\/\/api.w.org\/{rel}","templated":true}]}}