{"id":1106,"date":"2021-05-13T20:15:53","date_gmt":"2021-05-13T20:15:53","guid":{"rendered":"http:\/\/www.rula.disabilityrightsca.org\/vi\/?page_id=1106"},"modified":"2023-07-21T19:20:37","modified_gmt":"2023-07-21T19:20:37","slug":"are-there-other-fees-or-costs-for-regional-center-services-for-children","status":"publish","type":"page","link":"https:\/\/rula.disabilityrightsca.org\/vi\/rula-book\/chapter-6-keeping-the-family-together-services-and-supports-for-children\/are-there-other-fees-or-costs-for-regional-center-services-for-children\/","title":{"rendered":"(6.17) Trung t\u00e2m khu v\u1ef1c c\u00f3 th\u1ec3 thanh to\u00e1n cho c\u00e1c d\u1ecbch v\u1ee5 c\u1eafm tr\u1ea1i v\u00e0 gi\u1ea3i tr\u00ed x\u00e3 h\u1ed9i kh\u00f4ng? D\u1ecbch v\u1ee5 gi\u00e1o d\u1ee5c v\u00e0 li\u1ec7u ph\u00e1p phi y t\u1ebf th\u00ec sao?"},"content":{"rendered":"\n<p>C\u00f3. K\u1ec3 t\u1eeb th\u00e1ng B\u1ea3y n\u0103m 2021, trung t\u00e2m khu v\u1ef1c c\u00f3 th\u1ec3 thanh to\u00e1n cho:<\/p>\n\n\n\n<ol class=\"wp-block-list\" type=\"1\"><li>C\u00e1c d\u1ecbch v\u1ee5 c\u1eafm tr\u1ea1i v\u00e0 chi ph\u00ed \u0111i l\u1ea1i li\u00ean quan.<\/li><li>Ho\u1ea1t \u0111\u1ed9ng gi\u1ea3i tr\u00ed x\u00e3 h\u1ed9i, ngo\u1ea1i tr\u1eeb nh\u1eefng ho\u1ea1t \u0111\u1ed9ng \u0111\u01b0\u1ee3c cung c\u1ea5p d\u01b0\u1edbi d\u1ea1ng ch\u01b0\u01a1ng tr\u00ecnh ban ng\u00e0y c\u1ee7a c\u1ed9ng \u0111\u1ed3ng.<\/li><li>D\u1ecbch v\u1ee5 gi\u00e1o d\u1ee5c d\u00e0nh cho tr\u1ebb t\u1eeb 3 \u0111\u1ebfn 17 tu\u1ed5i.<\/li><li>Li\u1ec7u ph\u00e1p phi y t\u1ebf, bao g\u1ed3m nh\u01b0ng kh\u00f4ng gi\u1edbi h\u1ea1n \u0111\u1ebfn ho\u1ea1t \u0111\u1ed9ng gi\u1ea3i tr\u00ed chuy\u00ean bi\u1ec7t, ngh\u1ec7 thu\u1eadt, khi\u00eau v\u0169 v\u00e0 \u00e2m nh\u1ea1c.<\/li><\/ol>\n\n\n\n<p>C\u00e1c d\u1ecbch v\u1ee5 n\u00e0y \u0111\u00e3 b\u1ecb \u201ct\u1ea1m ng\u1eebng\u201d v\u00e0o n\u0103m 2009, ngh\u0129a l\u00e0 trung t\u00e2m khu v\u1ef1c kh\u00f4ng th\u1ec3 thanh to\u00e1n cho c\u00e1c d\u1ecbch v\u1ee5 n\u00e0y. California g\u1eb7p t\u00ecnh tr\u1ea1ng kh\u1ea9n c\u1ea5p v\u1ec1 t\u00e0i ch\u00ednh v\u00e0 trung t\u00e2m khu v\u1ef1c ph\u1ea3i ng\u1eebng thanh to\u00e1n cho c\u00e1c d\u1ecbch v\u1ee5 n\u00e0y.<\/p>\n\n\n\n<p>Tuy nhi\u00ean, vi\u1ec7c t\u1ea1m ng\u1eebng \u0111\u00e3 \u0111\u01b0\u1ee3c d\u1ee1 b\u1ecf sau khi thay \u0111\u1ed5i lu\u1eadt. Trung t\u00e2m khu v\u1ef1c c\u00f3 th\u1ec3 thanh to\u00e1n cho c\u00e1c d\u1ecbch v\u1ee5 c\u1eafm tr\u1ea1i, gi\u1ea3i tr\u00ed x\u00e3 h\u1ed9i, gi\u00e1o d\u1ee5c v\u00e0 li\u1ec7u ph\u00e1p phi y t\u1ebf.<\/p>\n\n\n\n<p>D\u1ecbch v\u1ee5 c\u1eafm tr\u1ea1i c\u00f3 th\u1ec3 bao g\u1ed3m c\u1eafm tr\u1ea1i ban ng\u00e0y, c\u1eafm tr\u1ea1i qua \u0111\u00eam v\u00e0 du l\u1ecbch. V\u00ed d\u1ee5 v\u1ec1 d\u1ecbch v\u1ee5 gi\u1ea3i tr\u00ed x\u00e3 h\u1ed9i g\u1ed3m c\u00f3 b\u01a1i v\u00e0 c\u01b0\u1ee1i ng\u1ef1a. D\u1ecbch v\u1ee5 gi\u00e1o d\u1ee5c d\u00e0nh cho tr\u1ebb t\u1eeb 3 \u0111\u1ebfn 17 tu\u1ed5i. Li\u1ec7u ph\u00e1p phi y t\u1ebf c\u00f3 th\u1ec3 bao g\u1ed3m ho\u1ea1t \u0111\u1ed9ng gi\u1ea3i tr\u00ed chuy\u00ean bi\u1ec7t, ngh\u1ec7 thu\u1eadt, khi\u00eau v\u0169 v\u00e0 \u00e2m nh\u1ea1c. \u0110\u1ec3 y\u00eau c\u1ea7u trung t\u00e2m khu v\u1ef1c t\u00e0i tr\u1ee3 cho b\u1ea5t k\u1ef3 d\u1ecbch v\u1ee5 n\u00e0o trong s\u1ed1 n\u00e0y, h\u00e3y y\u00eau c\u1ea7u t\u1ed5 ch\u1ee9c cu\u1ed9c h\u1ecdp IPP \u0111\u1ec3 trao \u0111\u1ed5i v\u1ec1 c\u00e1c nhu c\u1ea7u v\u00e0 m\u1ee5c \u0111\u00edch c\u1ee7a qu\u00fd v\u1ecb.<\/p>\n","protected":false},"excerpt":{"rendered":"<p>C\u00f3. K\u1ec3 t\u1eeb th\u00e1ng B\u1ea3y n\u0103m 2021, trung t\u00e2m khu v\u1ef1c c\u00f3 th\u1ec3 thanh to\u00e1n cho: C\u00e1c d\u1ecbch v\u1ee5 c\u1eafm tr\u1ea1i v\u00e0 chi ph\u00ed \u0111i&hellip;<\/p>\n","protected":false},"author":1,"featured_media":0,"parent":219,"menu_order":17,"comment_status":"closed","ping_status":"closed","template":"","meta":{"footnotes":""},"class_list":["post-1106","page","type-page","status-publish","hentry"],"_links":{"self":[{"href":"https:\/\/rula.disabilityrightsca.org\/vi\/wp-json\/wp\/v2\/pages\/1106","targetHints":{"allow":["GET"]}}],"collection":[{"href":"https:\/\/rula.disabilityrightsca.org\/vi\/wp-json\/wp\/v2\/pages"}],"about":[{"href":"https:\/\/rula.disabilityrightsca.org\/vi\/wp-json\/wp\/v2\/types\/page"}],"author":[{"embeddable":true,"href":"https:\/\/rula.disabilityrightsca.org\/vi\/wp-json\/wp\/v2\/users\/1"}],"replies":[{"embeddable":true,"href":"https:\/\/rula.disabilityrightsca.org\/vi\/wp-json\/wp\/v2\/comments?post=1106"}],"version-history":[{"count":5,"href":"https:\/\/rula.disabilityrightsca.org\/vi\/wp-json\/wp\/v2\/pages\/1106\/revisions"}],"predecessor-version":[{"id":3737,"href":"https:\/\/rula.disabilityrightsca.org\/vi\/wp-json\/wp\/v2\/pages\/1106\/revisions\/3737"}],"up":[{"embeddable":true,"href":"https:\/\/rula.disabilityrightsca.org\/vi\/wp-json\/wp\/v2\/pages\/219"}],"wp:attachment":[{"href":"https:\/\/rula.disabilityrightsca.org\/vi\/wp-json\/wp\/v2\/media?parent=1106"}],"curies":[{"name":"wp","href":"https:\/\/api.w.org\/{rel}","templated":true}]}}