{"id":1104,"date":"2021-05-13T20:00:16","date_gmt":"2021-05-13T20:00:16","guid":{"rendered":"http:\/\/www.rula.disabilityrightsca.org\/vi\/?page_id=1104"},"modified":"2023-07-21T19:19:36","modified_gmt":"2023-07-21T19:19:36","slug":"what-special-rules-or-requirements-are-there-for-regional-center-services-for-children-with-disabilities","status":"publish","type":"page","link":"https:\/\/rula.disabilityrightsca.org\/vi\/rula-book\/chapter-6-keeping-the-family-together-services-and-supports-for-children\/what-special-rules-or-requirements-are-there-for-regional-center-services-for-children-with-disabilities\/","title":{"rendered":"(6.16) C\u00f3 c\u00e1c quy \u0111\u1ecbnh ho\u1eb7c y\u00eau c\u1ea7u \u0111\u1eb7c bi\u1ec7t n\u00e0o \u0111\u1ed1i v\u1edbi m\u1ed9t s\u1ed1 d\u1ecbch v\u1ee5 c\u1ee7a trung t\u00e2m khu v\u1ef1c kh\u00f4ng?"},"content":{"rendered":"\n<p>Cha m\u1eb9 c\u1ea7n bi\u1ebft v\u1ec1 c\u00e1c ph\u1ea7n trong \u0110\u1ea1o Lu\u1eadt Lanterman li\u00ean quan \u0111\u1ebfn c\u00e1c d\u1ecbch v\u1ee5 m\u00e0 tr\u1ebb khuy\u1ebft t\u1eadt th\u01b0\u1eddng c\u1ea7n.<\/p>\n\n\n\n<p><strong>D\u1ecbch V\u1ee5 Chuy\u00ean Ch\u1edf<\/strong><strong><\/strong><\/p>\n\n\n\n<p>\u0110\u1ed1i v\u1edbi tr\u1ebb nh\u1ecf s\u1ed1ng v\u1edbi gia \u0111\u00ecnh, trung t\u00e2m khu v\u1ef1c s\u1ebd thanh to\u00e1n cho d\u1ecbch v\u1ee5 chuy\u00ean ch\u1edf ch\u1ec9 khi gia \u0111\u00ecnh kh\u00f4ng th\u1ec3 th\u1ef1c hi\u1ec7n vi\u1ec7c chuy\u00ean ch\u1edf. N\u1ebfu qu\u00fd v\u1ecb c\u1ea7n trung t\u00e2m khu v\u1ef1c thanh to\u00e1n cho d\u1ecbch v\u1ee5 chuy\u00ean ch\u1edf, h\u00e3y cung c\u1ea5p th\u00f4ng tin b\u1eb1ng v\u0103n b\u1ea3n, ch\u1eb3ng h\u1ea1n nh\u01b0 m\u1ed9t l\u00e1 th\u01b0 ng\u1eafn, cho trung t\u00e2m khu v\u1ef1c \u0111\u1ec3 gi\u1ea3i th\u00edch l\u00fd do. <span class=\"footnote_referrer\"><a role=\"button\" tabindex=\"0\" onclick=\"footnote_moveToReference_1104_1('footnote_plugin_reference_1104_1_1');\" onkeypress=\"footnote_moveToReference_1104_1('footnote_plugin_reference_1104_1_1');\" ><sup id=\"footnote_plugin_tooltip_1104_1_1\" class=\"footnote_plugin_tooltip_text\">[1]<\/sup><\/a><span id=\"footnote_plugin_tooltip_text_1104_1_1\" class=\"footnote_tooltip\">M\u1ee5c 4648.35(d).<\/span><\/span><script type=\"text\/javascript\"> jQuery('#footnote_plugin_tooltip_1104_1_1').tooltip({ tip: '#footnote_plugin_tooltip_text_1104_1_1', tipClass: 'footnote_tooltip', effect: 'fade', predelay: 0, fadeInSpeed: 200, delay: 400, fadeOutSpeed: 200, position: 'top center', relative: true, offset: [-7, 0], });<\/script><\/p>\n\n\n\n<p><strong>T\u00e3 b\u1ec9m<\/strong><strong><\/strong><\/p>\n\n\n\n<p>Trung t\u00e2m khu v\u1ef1c c\u00f3 th\u1ec3 thanh to\u00e1n cho t\u00e3 b\u1ec9m cho tr\u1ebb b\u1ecb khuy\u1ebft t\u1eadt v\u1ec1 ph\u00e1t tri\u1ec3n t\u1eeb ba tu\u1ed5i tr\u1edf l\u00ean. Trung t\u00e2m khu v\u1ef1c c\u00f3 th\u1ec3 thanh to\u00e1n cho t\u00e3 b\u1ec9m cho tr\u1ebb d\u01b0\u1edbi ba tu\u1ed5i n\u1ebfu gia \u0111\u00ecnh c\u00f3 th\u1ec3 ch\u1ee9ng minh l\u00e0 c\u1ea7n thi\u1ebft \u0111\u1ec3 tr\u1ebb ti\u1ebfp t\u1ee5c s\u1ed1ng t\u1ea1i nh\u00e0.<span class=\"footnote_referrer\"><a role=\"button\" tabindex=\"0\" onclick=\"footnote_moveToReference_1104_1('footnote_plugin_reference_1104_1_2');\" onkeypress=\"footnote_moveToReference_1104_1('footnote_plugin_reference_1104_1_2');\" ><sup id=\"footnote_plugin_tooltip_1104_1_2\" class=\"footnote_plugin_tooltip_text\">[2]<\/sup><\/a><span id=\"footnote_plugin_tooltip_text_1104_1_2\" class=\"footnote_tooltip\">M\u1ee5c 4685(c)(7).<\/span><\/span><script type=\"text\/javascript\"> jQuery('#footnote_plugin_tooltip_1104_1_2').tooltip({ tip: '#footnote_plugin_tooltip_text_1104_1_2', tipClass: 'footnote_tooltip', effect: 'fade', predelay: 0, fadeInSpeed: 200, delay: 400, fadeOutSpeed: 200, position: 'top center', relative: true, offset: [-7, 0], });<\/script><\/p>\n\n\n\n<p><strong>C\u00e1c D\u1ecbch V\u1ee5 H\u00e0nh Vi v\u00e0 ABA<\/strong><\/p>\n\n\n\n<p>C\u00e1c d\u1ecbch v\u1ee5 h\u00e0nh vi ho\u1eb7c ABA (Ph\u00e2n T\u00edch H\u00e0nh Vi \u1ee8ng D\u1ee5ng) \u0111\u00f4i khi \u0111\u01b0\u1ee3c c\u00e1c trung t\u00e2m khu v\u1ef1c t\u00e0i tr\u1ee3. Lu\u1eadt y\u00eau c\u1ea7u qu\u00fd v\u1ecb s\u1eed d\u1ee5ng Medi-Cal, b\u1ea3o hi\u1ec3m t\u01b0 nh\u00e2n v\u00e0 ti\u1ec1n t\u00e0i tr\u1ee3 c\u1ee7a tr\u01b0\u1eddng h\u1ecdc cho c\u00e1c d\u1ecbch v\u1ee5 h\u00e0nh vi tr\u01b0\u1edbc khi trung t\u00e2m khu v\u1ef1c chi tr\u1ea3. Trao \u0111\u1ed5i v\u1edbi \u0111i\u1ec1u ph\u1ed1i vi\u00ean d\u1ecbch v\u1ee5 v\u1ec1 c\u00e1ch \u0111\u1ec3 nh\u1eadn d\u1ecbch v\u1ee5 h\u00e0nh vi cho con qu\u00fd v\u1ecb t\u1eeb Medi-Cal, b\u1ea3o hi\u1ec3m t\u01b0 nh\u00e2n, tr\u01b0\u1eddng h\u1ecdc ho\u1eb7c trung t\u00e2m khu v\u1ef1c. Xem \u1ea5n ph\u1ea9m c\u1ee7a Disability Rights California v\u1ec1 C\u00e1ch Ti\u1ebfp C\u1eadn Ph\u01b0\u01a1ng Ph\u00e1p Tr\u1ecb Li\u1ec7u ABA.<\/p>\n<div class=\"speaker-mute footnotes_reference_container\"> <div class=\"footnote_container_prepare\"><p><span role=\"button\" tabindex=\"0\" class=\"footnote_reference_container_label pointer\" onclick=\"footnote_expand_collapse_reference_container_1104_1();\">&#x202F;<\/span><span role=\"button\" tabindex=\"0\" class=\"footnote_reference_container_collapse_button\" style=\"display: none;\" onclick=\"footnote_expand_collapse_reference_container_1104_1();\">[<a id=\"footnote_reference_container_collapse_button_1104_1\">+<\/a>]<\/span><\/p><\/div> <div id=\"footnote_references_container_1104_1\" style=\"\"><table class=\"footnotes_table footnote-reference-container\"><caption class=\"accessibility\">References<\/caption> <tbody> \r\n\r\n<tr class=\"footnotes_plugin_reference_row\"> <th scope=\"row\" class=\"footnote_plugin_index_combi pointer\"  onclick=\"footnote_moveToAnchor_1104_1('footnote_plugin_tooltip_1104_1_1');\"><a id=\"footnote_plugin_reference_1104_1_1\" class=\"footnote_backlink\"><span class=\"footnote_index_arrow\">&#8593;<\/span>1<\/a><\/th> <td class=\"footnote_plugin_text\">M\u1ee5c 4648.35(d).<\/td><\/tr>\r\n\r\n<tr class=\"footnotes_plugin_reference_row\"> <th scope=\"row\" class=\"footnote_plugin_index_combi pointer\"  onclick=\"footnote_moveToAnchor_1104_1('footnote_plugin_tooltip_1104_1_2');\"><a id=\"footnote_plugin_reference_1104_1_2\" class=\"footnote_backlink\"><span class=\"footnote_index_arrow\">&#8593;<\/span>2<\/a><\/th> <td class=\"footnote_plugin_text\">M\u1ee5c 4685(c)(7).<\/td><\/tr>\r\n\r\n <\/tbody> <\/table> <\/div><\/div><script type=\"text\/javascript\"> function footnote_expand_reference_container_1104_1() { jQuery('#footnote_references_container_1104_1').show(); jQuery('#footnote_reference_container_collapse_button_1104_1').text('\u2212'); } function footnote_collapse_reference_container_1104_1() { jQuery('#footnote_references_container_1104_1').hide(); jQuery('#footnote_reference_container_collapse_button_1104_1').text('+'); } function footnote_expand_collapse_reference_container_1104_1() { if (jQuery('#footnote_references_container_1104_1').is(':hidden')) { footnote_expand_reference_container_1104_1(); } else { footnote_collapse_reference_container_1104_1(); } } function footnote_moveToReference_1104_1(p_str_TargetID) { footnote_expand_reference_container_1104_1(); var l_obj_Target = jQuery('#' + p_str_TargetID); if (l_obj_Target.length) { jQuery( 'html, body' ).delay( 0 ); jQuery('html, body').animate({ scrollTop: l_obj_Target.offset().top - window.innerHeight * 0.2 }, 380); } } function footnote_moveToAnchor_1104_1(p_str_TargetID) { footnote_expand_reference_container_1104_1(); var l_obj_Target = jQuery('#' + p_str_TargetID); if (l_obj_Target.length) { jQuery( 'html, body' ).delay( 0 ); jQuery('html, body').animate({ scrollTop: l_obj_Target.offset().top - window.innerHeight * 0.2 }, 380); } }<\/script>","protected":false},"excerpt":{"rendered":"<p>Cha m\u1eb9 c\u1ea7n bi\u1ebft v\u1ec1 c\u00e1c ph\u1ea7n trong \u0110\u1ea1o Lu\u1eadt Lanterman li\u00ean quan \u0111\u1ebfn c\u00e1c d\u1ecbch v\u1ee5 m\u00e0 tr\u1ebb khuy\u1ebft t\u1eadt th\u01b0\u1eddng c\u1ea7n. D\u1ecbch V\u1ee5&hellip;<\/p>\n","protected":false},"author":1,"featured_media":0,"parent":219,"menu_order":16,"comment_status":"closed","ping_status":"closed","template":"","meta":{"footnotes":""},"class_list":["post-1104","page","type-page","status-publish","hentry"],"_links":{"self":[{"href":"https:\/\/rula.disabilityrightsca.org\/vi\/wp-json\/wp\/v2\/pages\/1104","targetHints":{"allow":["GET"]}}],"collection":[{"href":"https:\/\/rula.disabilityrightsca.org\/vi\/wp-json\/wp\/v2\/pages"}],"about":[{"href":"https:\/\/rula.disabilityrightsca.org\/vi\/wp-json\/wp\/v2\/types\/page"}],"author":[{"embeddable":true,"href":"https:\/\/rula.disabilityrightsca.org\/vi\/wp-json\/wp\/v2\/users\/1"}],"replies":[{"embeddable":true,"href":"https:\/\/rula.disabilityrightsca.org\/vi\/wp-json\/wp\/v2\/comments?post=1104"}],"version-history":[{"count":7,"href":"https:\/\/rula.disabilityrightsca.org\/vi\/wp-json\/wp\/v2\/pages\/1104\/revisions"}],"predecessor-version":[{"id":3736,"href":"https:\/\/rula.disabilityrightsca.org\/vi\/wp-json\/wp\/v2\/pages\/1104\/revisions\/3736"}],"up":[{"embeddable":true,"href":"https:\/\/rula.disabilityrightsca.org\/vi\/wp-json\/wp\/v2\/pages\/219"}],"wp:attachment":[{"href":"https:\/\/rula.disabilityrightsca.org\/vi\/wp-json\/wp\/v2\/media?parent=1104"}],"curies":[{"name":"wp","href":"https:\/\/api.w.org\/{rel}","templated":true}]}}