{"id":1102,"date":"2021-05-13T19:56:20","date_gmt":"2021-05-13T19:56:20","guid":{"rendered":"http:\/\/www.rula.disabilityrightsca.org\/vi\/?page_id=1102"},"modified":"2023-07-21T19:18:49","modified_gmt":"2023-07-21T19:18:49","slug":"what-family-support-services-can-regional-centers-give-to-help-families-care-for-their-children-at-home","status":"publish","type":"page","link":"https:\/\/rula.disabilityrightsca.org\/vi\/rula-book\/chapter-6-keeping-the-family-together-services-and-supports-for-children\/what-family-support-services-can-regional-centers-give-to-help-families-care-for-their-children-at-home\/","title":{"rendered":"(6.15)  Trung t\u00e2m khu v\u1ef1c c\u00f3 th\u1ec3 cung c\u1ea5p D\u1ecbch V\u1ee5 H\u00f4\u0303 Tr\u01a1\u0323 Gia \u0110i\u0300nh n\u00e0o \u0111\u1ec3 gi\u00fap c\u00e1c gia \u0111\u00ecnh ch\u0103m s\u00f3c con m\u00ecnh t\u1ea1i nh\u00e0?"},"content":{"rendered":"\n<p>Sau \u0111\u00e2y l\u00e0 m\u1ed9t s\u1ed1 d\u1ecbch v\u1ee5 v\u00e0 s\u1ef1 h\u1ed7 tr\u1ee3 m\u00e0 con qu\u00fd v\u1ecb c\u00f3 th\u1ec3 nh\u1eadn:<\/p>\n\n\n\n<ul class=\"wp-block-list\"><li>Ch\u0103m s\u00f3c t\u1ea1m th\u1eddi thay cho ng\u01b0\u1eddi ch\u0103m s\u00f3c, \u1edf trong ho\u1eb7c ngo\u00e0i nh\u00e0 Ch\u0103m S\u00f3c Ban Ng\u00e0y<\/li><li>T\u00e3 b\u1ec9m<\/li><li>C\u00e1c d\u1ecbch v\u1ee5 kh\u1ea9n c\u1ea5p v\u00e0 can thi\u1ec7p kh\u1ee7ng ho\u1ea3ng<\/li><li>\u0110\u00e0o t\u1ea1o \u0111\u1eb7c bi\u1ec7t d\u00e0nh cho cha m\u1eb9 c\u1ee7a tr\u1ebb b\u1ecb khuy\u1ebft t\u1eadt v\u1ec1 ph\u00e1t tri\u1ec3n v\u00e0 cha m\u1eb9 b\u1ecb khuy\u1ebft t\u1eadt v\u1ec1 ph\u00e1t tri\u1ec3n<\/li><li>Thi\u1ebft b\u1ecb th\u00edch nghi nh\u01b0 xe l\u0103n v\u00e0 gi\u01b0\u1eddng b\u1ec7nh<\/li><li>B\u00eanh v\u1ef1c (bao g\u1ed3m \u0111\u00e0o t\u1ea1o \u0111\u1ec3 t\u1ef1 b\u00eanh v\u1ef1c), t\u1ea1o \u0111i\u1ec1u ki\u1ec7n, b\u00eanh v\u1ef1c ng\u01b0\u1eddi c\u00f9ng ho\u00e0n c\u1ea3nh v\u00e0 tr\u1ee3 gi\u00fap nh\u1eadn ph\u00fac l\u1ee3i, d\u1ecbch v\u1ee5 gi\u00e1o d\u1ee5c v\u00e0 ph\u00fac l\u1ee3i c\u00f4ng nh\u01b0<ul><li>D\u1ecbch V\u1ee5 Tr\u1ebb Em California (California Children\u2019s Services, CCS)<\/li><\/ul><ul><li>D\u1ecbch V\u1ee5 H\u1ed7 Tr\u1ee3 T\u1ea1i Nh\u00e0 (In-Home Supportive Services, IHSS)<\/li><\/ul><ul><li>Thu Nh\u1eadp An Sinh B\u1ed5 Sung (Supplemental Security Income, SSI)<\/li><\/ul><ul><li>Medi-Cal<\/li><\/ul><\/li><li>C\u00e1c ch\u01b0\u01a1ng tr\u00ecnh \u0111\u00e0o t\u1ea1o h\u00e0nh vi v\u00e0 \u0111i\u1ec1u ch\u1ec9nh h\u00e0nh vi<\/li><li>C\u1eafm tr\u1ea1i<\/li><li>Thi\u1ebft b\u1ecb giao ti\u1ebfp v\u00e0 c\u00e1c d\u1ee5ng c\u1ee5 v\u00e0 v\u1eadt t\u01b0 c\u1ea7n thi\u1ebft kh\u00e1c<\/li><li>D\u1ecbch v\u1ee5 h\u00f2a nh\u1eadp c\u1ed9ng \u0111\u1ed3ng<\/li><li>T\u01b0 v\u1ea5n<\/li><li>T\u1ea1o \u0111i\u1ec1u ki\u1ec7n cho v\u00f2ng h\u1ed7 tr\u1ee3<\/li><li>C\u00e1c ch\u01b0\u01a1ng tr\u00ecnh can thi\u1ec7p s\u1edbm, ch\u1eb3ng h\u1ea1n nh\u01b0 k\u00edch th\u00edch tr\u1ebb s\u01a1 sinh<\/li><li>D\u1ecbch v\u1ee5 s\u1ee9c kh\u1ecfe t\u00e2m th\u1ea7n<\/li><li>\u0110\u00e0o t\u1ea1o k\u1ef9 n\u0103ng x\u00e3 h\u1ed9i<\/li><li>Ch\u0103m s\u00f3c chuy\u00ean khoa y t\u1ebf v\u00e0 nha khoa<\/li><li>D\u1ecbch v\u1ee5 chuy\u00ean ch\u1edf \u0111\u1ec3 \u0111\u1ea3m b\u1ea3o ng\u01b0\u1eddi b\u1ecb khuy\u1ebft t\u1eadt v\u1ec1 ph\u00e1t tri\u1ec3n nh\u1eadn \u0111\u01b0\u1ee3c d\u1ecbch v\u1ee5<span class=\"footnote_referrer\"><a role=\"button\" tabindex=\"0\" onclick=\"footnote_moveToReference_1102_1('footnote_plugin_reference_1102_1_1');\" onkeypress=\"footnote_moveToReference_1102_1('footnote_plugin_reference_1102_1_1');\" ><sup id=\"footnote_plugin_tooltip_1102_1_1\" class=\"footnote_plugin_tooltip_text\">[1]<\/sup><\/a><span id=\"footnote_plugin_tooltip_text_1102_1_1\" class=\"footnote_tooltip\">M\u1ee5c 4512(b).<\/span><\/span><script type=\"text\/javascript\"> jQuery('#footnote_plugin_tooltip_1102_1_1').tooltip({ tip: '#footnote_plugin_tooltip_text_1102_1_1', tipClass: 'footnote_tooltip', effect: 'fade', predelay: 0, fadeInSpeed: 200, delay: 400, fadeOutSpeed: 200, position: 'top center', relative: true, offset: [-7, 0], });<\/script><\/li><\/ul>\n<div class=\"speaker-mute footnotes_reference_container\"> <div class=\"footnote_container_prepare\"><p><span role=\"button\" tabindex=\"0\" class=\"footnote_reference_container_label pointer\" onclick=\"footnote_expand_collapse_reference_container_1102_1();\">&#x202F;<\/span><span role=\"button\" tabindex=\"0\" class=\"footnote_reference_container_collapse_button\" style=\"display: none;\" onclick=\"footnote_expand_collapse_reference_container_1102_1();\">[<a id=\"footnote_reference_container_collapse_button_1102_1\">+<\/a>]<\/span><\/p><\/div> <div id=\"footnote_references_container_1102_1\" style=\"\"><table class=\"footnotes_table footnote-reference-container\"><caption class=\"accessibility\">References<\/caption> <tbody> \r\n\r\n<tr class=\"footnotes_plugin_reference_row\"> <th scope=\"row\" class=\"footnote_plugin_index_combi pointer\"  onclick=\"footnote_moveToAnchor_1102_1('footnote_plugin_tooltip_1102_1_1');\"><a id=\"footnote_plugin_reference_1102_1_1\" class=\"footnote_backlink\"><span class=\"footnote_index_arrow\">&#8593;<\/span>1<\/a><\/th> <td class=\"footnote_plugin_text\">M\u1ee5c 4512(b).<\/td><\/tr>\r\n\r\n <\/tbody> <\/table> <\/div><\/div><script type=\"text\/javascript\"> function footnote_expand_reference_container_1102_1() { jQuery('#footnote_references_container_1102_1').show(); jQuery('#footnote_reference_container_collapse_button_1102_1').text('\u2212'); } function footnote_collapse_reference_container_1102_1() { jQuery('#footnote_references_container_1102_1').hide(); jQuery('#footnote_reference_container_collapse_button_1102_1').text('+'); } function footnote_expand_collapse_reference_container_1102_1() { if (jQuery('#footnote_references_container_1102_1').is(':hidden')) { footnote_expand_reference_container_1102_1(); } else { footnote_collapse_reference_container_1102_1(); } } function footnote_moveToReference_1102_1(p_str_TargetID) { footnote_expand_reference_container_1102_1(); var l_obj_Target = jQuery('#' + p_str_TargetID); if (l_obj_Target.length) { jQuery( 'html, body' ).delay( 0 ); jQuery('html, body').animate({ scrollTop: l_obj_Target.offset().top - window.innerHeight * 0.2 }, 380); } } function footnote_moveToAnchor_1102_1(p_str_TargetID) { footnote_expand_reference_container_1102_1(); var l_obj_Target = jQuery('#' + p_str_TargetID); if (l_obj_Target.length) { jQuery( 'html, body' ).delay( 0 ); jQuery('html, body').animate({ scrollTop: l_obj_Target.offset().top - window.innerHeight * 0.2 }, 380); } }<\/script>","protected":false},"excerpt":{"rendered":"<p>Sau \u0111\u00e2y l\u00e0 m\u1ed9t s\u1ed1 d\u1ecbch v\u1ee5 v\u00e0 s\u1ef1 h\u1ed7 tr\u1ee3 m\u00e0 con qu\u00fd v\u1ecb c\u00f3 th\u1ec3 nh\u1eadn: Ch\u0103m s\u00f3c t\u1ea1m th\u1eddi thay cho ng\u01b0\u1eddi&hellip;<\/p>\n","protected":false},"author":1,"featured_media":0,"parent":219,"menu_order":15,"comment_status":"closed","ping_status":"closed","template":"","meta":{"footnotes":""},"class_list":["post-1102","page","type-page","status-publish","hentry"],"_links":{"self":[{"href":"https:\/\/rula.disabilityrightsca.org\/vi\/wp-json\/wp\/v2\/pages\/1102","targetHints":{"allow":["GET"]}}],"collection":[{"href":"https:\/\/rula.disabilityrightsca.org\/vi\/wp-json\/wp\/v2\/pages"}],"about":[{"href":"https:\/\/rula.disabilityrightsca.org\/vi\/wp-json\/wp\/v2\/types\/page"}],"author":[{"embeddable":true,"href":"https:\/\/rula.disabilityrightsca.org\/vi\/wp-json\/wp\/v2\/users\/1"}],"replies":[{"embeddable":true,"href":"https:\/\/rula.disabilityrightsca.org\/vi\/wp-json\/wp\/v2\/comments?post=1102"}],"version-history":[{"count":4,"href":"https:\/\/rula.disabilityrightsca.org\/vi\/wp-json\/wp\/v2\/pages\/1102\/revisions"}],"predecessor-version":[{"id":3735,"href":"https:\/\/rula.disabilityrightsca.org\/vi\/wp-json\/wp\/v2\/pages\/1102\/revisions\/3735"}],"up":[{"embeddable":true,"href":"https:\/\/rula.disabilityrightsca.org\/vi\/wp-json\/wp\/v2\/pages\/219"}],"wp:attachment":[{"href":"https:\/\/rula.disabilityrightsca.org\/vi\/wp-json\/wp\/v2\/media?parent=1102"}],"curies":[{"name":"wp","href":"https:\/\/api.w.org\/{rel}","templated":true}]}}