{"id":1100,"date":"2021-05-13T19:54:05","date_gmt":"2021-05-13T19:54:05","guid":{"rendered":"http:\/\/www.rula.disabilityrightsca.org\/vi\/?page_id=1100"},"modified":"2023-07-21T19:18:20","modified_gmt":"2023-07-21T19:18:20","slug":"what-if-the-regional-center-is-not-offering-all-the-services-our-family-needs-for-our-child-to-live-at-home","status":"publish","type":"page","link":"https:\/\/rula.disabilityrightsca.org\/vi\/rula-book\/chapter-6-keeping-the-family-together-services-and-supports-for-children\/what-if-the-regional-center-is-not-offering-all-the-services-our-family-needs-for-our-child-to-live-at-home\/","title":{"rendered":"(6.14)  N\u1ebfu trung t\u00e2m khu v\u1ef1c kh\u00f4ng cung c\u1ea5p t\u1ea5t c\u1ea3 d\u1ecbch v\u1ee5 m\u00e0 gia \u0111\u00ecnh ch\u00fang t\u00f4i c\u1ea7n cho con m\u00ecnh s\u1ed1ng t\u1ea1i nh\u00e0 th\u00ec sao?"},"content":{"rendered":"\n<p>Qu\u00fd v\u1ecb c\u00f3 quy\u1ec1n kh\u00e1ng c\u00e1o quy\u1ebft \u0111\u1ecbnh c\u1ee7a trung t\u00e2m khu v\u1ef1c trong \u0111\u00f3 t\u1eeb ch\u1ed1i cung c\u1ea5p d\u1ecbch v\u1ee5 m\u00e0 con qu\u00fd v\u1ecb c\u1ea7n. N\u1ebfu trung t\u00e2m khu v\u1ef1c kh\u00f4ng \u0111\u1ed3ng \u00fd r\u1eb1ng con qu\u00fd v\u1ecb c\u1ea7n d\u1ecbch v\u1ee5, \u0111i\u1ec1u \u0111\u00f3 kh\u00f4ng c\u00f3 ngh\u0129a l\u00e0 h\u1ecd \u0111ang c\u1ed1 g\u1eafng l\u00e0m t\u1ed5n th\u01b0\u01a1ng con qu\u00fd v\u1ecb. N\u1ebfu qu\u00fd v\u1ecb kh\u00e1ng c\u00e1o, \u0111i\u1ec1u \u0111\u00f3 kh\u00f4ng c\u00f3 ngh\u0129a l\u00e0 qu\u00fd v\u1ecb \u0111ang \u0111\u00f2i h\u1ecfi nhi\u1ec1u h\u01a1n nhu c\u1ea7u c\u1ee7a con m\u00ecnh. \u0110i\u1ec1u n\u00e0y ch\u1ec9 c\u00f3 ngh\u0129a l\u00e0 qu\u00fd v\u1ecb kh\u00f4ng nh\u1ea5t tr\u00ed v\u1edbi trung t\u00e2m khu v\u1ef1c v\u1ec1 nhu c\u1ea7u c\u1ee7a con qu\u00fd v\u1ecb.<\/p>\n\n\n\n<p>Trong kh\u00e1ng c\u00e1o, m\u1ed7i b\u00ean cung c\u1ea5p th\u00f4ng tin cho th\u1ea9m ph\u00e1n lu\u1eadt h\u00e0nh ch\u00ednh v\u1ec1 nh\u1eefng \u0111i\u1ec1u h\u1ecd tin r\u1eb1ng \u0111\u1ee9a tr\u1ebb c\u1ea7n c\u00f3 \u0111\u1ec3 \u0111\u1ea1t \u0111\u01b0\u1ee3c c\u00e1c m\u1ee5c \u0111\u00edch trong IPP. Th\u1ea9m ph\u00e1n \u0111\u01b0a ra quy\u1ebft \u0111\u1ecbnh cu\u1ed1i c\u00f9ng. N\u1ebfu qu\u00fd v\u1ecb th\u1ef1c hi\u1ec7n kh\u00e1ng c\u00e1o, ch\u1ec9 c\u1ea7n n\u00f3i s\u1ef1 th\u1eadt khi qu\u00fd v\u1ecb tr\u00ecnh b\u00e0y v\u1ec1 tr\u01b0\u1eddng h\u1ee3p c\u1ee7a con qu\u00fd v\u1ecb. Th\u1ea9m ph\u00e1n s\u1ebd xem x\u00e9t c\u00e1c d\u1eef ki\u1ec7n, l\u1eddi ch\u1ee9ng v\u00e0 t\u00e0i li\u1ec7u c\u0169ng nh\u01b0 s\u1eed d\u1ee5ng lu\u1eadt (ch\u1ee7 y\u1ebfu l\u00e0 \u0110\u1ea1o Lu\u1eadt Lanterman) \u0111\u1ec3 quy\u1ebft \u0111\u1ecbnh v\u1ee5 vi\u1ec7c. K\u1ec3 c\u1ea3 khi con qu\u00fd v\u1ecb thua kh\u00e1ng c\u00e1o, trung t\u00e2m khu v\u1ef1c kh\u00f4ng th\u1ec3 tr\u1ea3 \u0111\u0169a, tr\u1eebng ph\u1ea1t con qu\u00fd v\u1ecb ho\u1eb7c t\u01b0\u1edbc \u0111o\u1ea1t c\u00e1c d\u1ecbch v\u1ee5 c\u1ee7a con qu\u00fd v\u1ecb v\u00ec qu\u00fd v\u1ecb \u0111\u00e3 kh\u00e1ng c\u00e1o.<\/p>\n\n\n\n<p>\u0110\u1ec3 bi\u1ebft th\u00eam th\u00f4ng tin v\u1ec1 kh\u00e1ng c\u00e1o, h\u00e3y xem Ch\u01b0\u01a1ng 10.<\/p>\n","protected":false},"excerpt":{"rendered":"<p>Qu\u00fd v\u1ecb c\u00f3 quy\u1ec1n kh\u00e1ng c\u00e1o quy\u1ebft \u0111\u1ecbnh c\u1ee7a trung t\u00e2m khu v\u1ef1c trong \u0111\u00f3 t\u1eeb ch\u1ed1i cung c\u1ea5p d\u1ecbch v\u1ee5 m\u00e0 con qu\u00fd v\u1ecb&hellip;<\/p>\n","protected":false},"author":1,"featured_media":0,"parent":219,"menu_order":14,"comment_status":"closed","ping_status":"closed","template":"","meta":{"footnotes":""},"class_list":["post-1100","page","type-page","status-publish","hentry"],"_links":{"self":[{"href":"https:\/\/rula.disabilityrightsca.org\/vi\/wp-json\/wp\/v2\/pages\/1100","targetHints":{"allow":["GET"]}}],"collection":[{"href":"https:\/\/rula.disabilityrightsca.org\/vi\/wp-json\/wp\/v2\/pages"}],"about":[{"href":"https:\/\/rula.disabilityrightsca.org\/vi\/wp-json\/wp\/v2\/types\/page"}],"author":[{"embeddable":true,"href":"https:\/\/rula.disabilityrightsca.org\/vi\/wp-json\/wp\/v2\/users\/1"}],"replies":[{"embeddable":true,"href":"https:\/\/rula.disabilityrightsca.org\/vi\/wp-json\/wp\/v2\/comments?post=1100"}],"version-history":[{"count":6,"href":"https:\/\/rula.disabilityrightsca.org\/vi\/wp-json\/wp\/v2\/pages\/1100\/revisions"}],"predecessor-version":[{"id":3734,"href":"https:\/\/rula.disabilityrightsca.org\/vi\/wp-json\/wp\/v2\/pages\/1100\/revisions\/3734"}],"up":[{"embeddable":true,"href":"https:\/\/rula.disabilityrightsca.org\/vi\/wp-json\/wp\/v2\/pages\/219"}],"wp:attachment":[{"href":"https:\/\/rula.disabilityrightsca.org\/vi\/wp-json\/wp\/v2\/media?parent=1100"}],"curies":[{"name":"wp","href":"https:\/\/api.w.org\/{rel}","templated":true}]}}