{"id":1098,"date":"2021-05-13T19:52:50","date_gmt":"2021-05-13T19:52:50","guid":{"rendered":"http:\/\/www.rula.disabilityrightsca.org\/vi\/?page_id=1098"},"modified":"2023-07-21T19:17:50","modified_gmt":"2023-07-21T19:17:50","slug":"what-if-i-do-not-speak-english-or-english-is-not-my-first-language","status":"publish","type":"page","link":"https:\/\/rula.disabilityrightsca.org\/vi\/rula-book\/chapter-6-keeping-the-family-together-services-and-supports-for-children\/what-if-i-do-not-speak-english-or-english-is-not-my-first-language\/","title":{"rendered":"(6.13) N\u1ebfu t\u00f4i kh\u00f4ng n\u00f3i \u0111\u01b0\u1ee3c ti\u1ebfng Anh ho\u1eb7c ti\u1ebfng Anh kh\u00f4ng ph\u1ea3i ti\u1ebfng m\u1eb9 \u0111\u1ebb c\u1ee7a t\u00f4i th\u00ec sao?"},"content":{"rendered":"\n<p>Trung t\u00e2m khu v\u1ef1c ph\u1ea3i t\u00f4n tr\u1ecdng nhu c\u1ea7u ng\u00f4n ng\u1eef c\u1ee7a con v\u00e0 gia \u0111\u00ecnh qu\u00fd v\u1ecb.<span class=\"footnote_referrer\"><a role=\"button\" tabindex=\"0\" onclick=\"footnote_moveToReference_1098_1('footnote_plugin_reference_1098_1_1');\" onkeypress=\"footnote_moveToReference_1098_1('footnote_plugin_reference_1098_1_1');\" ><sup id=\"footnote_plugin_tooltip_1098_1_1\" class=\"footnote_plugin_tooltip_text\">[1]<\/sup><\/a><span id=\"footnote_plugin_tooltip_text_1098_1_1\" class=\"footnote_tooltip\">M\u1ee5c 4502.1(b).<\/span><\/span><script type=\"text\/javascript\"> jQuery('#footnote_plugin_tooltip_1098_1_1').tooltip({ tip: '#footnote_plugin_tooltip_text_1098_1_1', tipClass: 'footnote_tooltip', effect: 'fade', predelay: 0, fadeInSpeed: 200, delay: 400, fadeOutSpeed: 200, position: 'top center', relative: true, offset: [-7, 0], });<\/script> Vi\u1ec7c giao ti\u1ebfp r\u00f5 r\u00e0ng l\u00e0 r\u1ea5t quan tr\u1ecdng. N\u1ebfu qu\u00fd v\u1ecb (cha\/m\u1eb9 ho\u1eb7c ng\u01b0\u1eddi gi\u00e1m h\u1ed9 c\u1ee7a tr\u1ebb) kh\u00f4ng n\u00f3i ho\u1eb7c kh\u00f4ng hi\u1ec3u ti\u1ebfng Anh v\u00e0 c\u1ea3m th\u1ea5y tho\u1ea3i m\u00e1i h\u01a1n khi n\u00f3i m\u1ed9t ng\u00f4n ng\u1eef kh\u00e1c, h\u00e3y b\u00e1o cho trung t\u00e2m khu v\u1ef1c bi\u1ebft v\u00e0o cu\u1ed9c h\u1ecdp ti\u1ebfp nh\u1eadn \u0111\u1ea7u ti\u00ean.<\/p>\n\n\n\n<p>N\u1ebfu qu\u00fd v\u1ecb c\u1ea7n th\u00f4ng d\u1ecbch vi\u00ean, h\u00e3y b\u00e1o cho trung t\u00e2m khu v\u1ef1c bi\u1ebft s\u1edbm nh\u1ea5t c\u00f3 th\u1ec3. Qu\u00fd v\u1ecb c\u00f3 th\u1ec3 c\u00f3 th\u00f4ng d\u1ecbch vi\u00ean t\u1ea1i m\u1ecdi cu\u1ed9c h\u1ecdp, k\u1ec3 c\u1ea3 cu\u1ed9c h\u1ecdp ti\u1ebfp nh\u1eadn v\u00e0 cu\u1ed9c g\u1ecdi \u0111i\u1ec7n tho\u1ea1i c\u1ee7a con qu\u00fd v\u1ecb.<span class=\"footnote_referrer\"><a role=\"button\" tabindex=\"0\" onclick=\"footnote_moveToReference_1098_1('footnote_plugin_reference_1098_1_2');\" onkeypress=\"footnote_moveToReference_1098_1('footnote_plugin_reference_1098_1_2');\" ><sup id=\"footnote_plugin_tooltip_1098_1_2\" class=\"footnote_plugin_tooltip_text\">[2]<\/sup><\/a><span id=\"footnote_plugin_tooltip_text_1098_1_2\" class=\"footnote_tooltip\">M\u1ee5c 4646(j)(1).<\/span><\/span><script type=\"text\/javascript\"> jQuery('#footnote_plugin_tooltip_1098_1_2').tooltip({ tip: '#footnote_plugin_tooltip_text_1098_1_2', tipClass: 'footnote_tooltip', effect: 'fade', predelay: 0, fadeInSpeed: 200, delay: 400, fadeOutSpeed: 200, position: 'top center', relative: true, offset: [-7, 0], });<\/script> Qu\u00fd v\u1ecb c\u0169ng c\u00f3 th\u1ec3 d\u1eabn m\u1ed9t ng\u01b0\u1eddi b\u1ea1n ho\u1eb7c th\u00e0nh vi\u00ean gia \u0111\u00ecnh n\u00f3i ti\u1ebfng Anh \u0111\u1ebfn \u0111\u1ec3 tr\u1ee3 gi\u00fap qu\u00fd v\u1ecb v\u00e0 con qu\u00fd v\u1ecb. Tuy nhi\u00ean, trung t\u00e2m khu v\u1ef1c kh\u00f4ng th\u1ec3 y\u00eau c\u1ea7u qu\u00fd v\u1ecb d\u1eabn ng\u01b0\u1eddi \u0111\u1ebfn \u0111\u1ec3 kh\u1ecfi ph\u1ea3i thu\u00ea th\u00f4ng d\u1ecbch vi\u00ean. N\u1ebfu qu\u00fd v\u1ecb c\u1ea7n th\u00f4ng d\u1ecbch vi\u00ean \u0111\u1ec3 kh\u00e1ng c\u00e1o quy\u1ebft \u0111\u1ecbnh c\u1ee7a trung t\u00e2m khu v\u1ef1c, trung t\u00e2m khu v\u1ef1c ph\u1ea3i thu\u00ea v\u00e0 thanh to\u00e1n cho th\u00f4ng d\u1ecbch vi\u00ean t\u1ea1i cu\u1ed9c h\u1ecdp kh\u00f4ng ch\u00ednh th\u1ee9c nh\u1eb1m c\u1ed1 g\u1eafng gi\u1ea3i quy\u1ebft khi\u1ebfu n\u1ea1i.<span class=\"footnote_referrer\"><a role=\"button\" tabindex=\"0\" onclick=\"footnote_moveToReference_1098_1('footnote_plugin_reference_1098_1_3');\" onkeypress=\"footnote_moveToReference_1098_1('footnote_plugin_reference_1098_1_3');\" ><sup id=\"footnote_plugin_tooltip_1098_1_3\" class=\"footnote_plugin_tooltip_text\">[3]<\/sup><\/a><span id=\"footnote_plugin_tooltip_text_1098_1_3\" class=\"footnote_tooltip\">M\u1ee5c 4710.8(c).<\/span><\/span><script type=\"text\/javascript\"> jQuery('#footnote_plugin_tooltip_1098_1_3').tooltip({ tip: '#footnote_plugin_tooltip_text_1098_1_3', tipClass: 'footnote_tooltip', effect: 'fade', predelay: 0, fadeInSpeed: 200, delay: 400, fadeOutSpeed: 200, position: 'top center', relative: true, offset: [-7, 0], });<\/script><\/p>\n\n\n\n<p>Qu\u00fd v\u1ecb c\u0169ng c\u00f3 quy\u1ec1n y\u00eau c\u1ea7u bi\u00ean d\u1ecbch IPP (v\u00e0 c\u00e1c t\u00e0i li\u1ec7u kh\u00e1c) c\u1ee7a con qu\u00fd v\u1ecb.<span class=\"footnote_referrer\"><a role=\"button\" tabindex=\"0\" onclick=\"footnote_moveToReference_1098_1('footnote_plugin_reference_1098_1_4');\" onkeypress=\"footnote_moveToReference_1098_1('footnote_plugin_reference_1098_1_4');\" ><sup id=\"footnote_plugin_tooltip_1098_1_4\" class=\"footnote_plugin_tooltip_text\">[4]<\/sup><\/a><span id=\"footnote_plugin_tooltip_text_1098_1_4\" class=\"footnote_tooltip\">M\u1ee5c 4646(j)(2).<\/span><\/span><script type=\"text\/javascript\"> jQuery('#footnote_plugin_tooltip_1098_1_4').tooltip({ tip: '#footnote_plugin_tooltip_text_1098_1_4', tipClass: 'footnote_tooltip', effect: 'fade', predelay: 0, fadeInSpeed: 200, delay: 400, fadeOutSpeed: 200, position: 'top center', relative: true, offset: [-7, 0], });<\/script> N\u1ebfu trung t\u00e2m khu v\u1ef1c kh\u00f4ng bi\u00ean d\u1ecbch t\u00e0i li\u1ec7u c\u1ee7a con qu\u00fd v\u1ecb hay cung c\u1ea5p th\u00f4ng d\u1ecbch vi\u00ean, h\u00e3y g\u1ecdi \u0111\u1ebfn Disability Rights California.<\/p>\n<div class=\"speaker-mute footnotes_reference_container\"> <div class=\"footnote_container_prepare\"><p><span role=\"button\" tabindex=\"0\" class=\"footnote_reference_container_label pointer\" onclick=\"footnote_expand_collapse_reference_container_1098_1();\">&#x202F;<\/span><span role=\"button\" tabindex=\"0\" class=\"footnote_reference_container_collapse_button\" style=\"display: none;\" onclick=\"footnote_expand_collapse_reference_container_1098_1();\">[<a id=\"footnote_reference_container_collapse_button_1098_1\">+<\/a>]<\/span><\/p><\/div> <div id=\"footnote_references_container_1098_1\" style=\"\"><table class=\"footnotes_table footnote-reference-container\"><caption class=\"accessibility\">References<\/caption> <tbody> \r\n\r\n<tr class=\"footnotes_plugin_reference_row\"> <th scope=\"row\" class=\"footnote_plugin_index_combi pointer\"  onclick=\"footnote_moveToAnchor_1098_1('footnote_plugin_tooltip_1098_1_1');\"><a id=\"footnote_plugin_reference_1098_1_1\" class=\"footnote_backlink\"><span class=\"footnote_index_arrow\">&#8593;<\/span>1<\/a><\/th> <td class=\"footnote_plugin_text\">M\u1ee5c 4502.1(b).<\/td><\/tr>\r\n\r\n<tr class=\"footnotes_plugin_reference_row\"> <th scope=\"row\" class=\"footnote_plugin_index_combi pointer\"  onclick=\"footnote_moveToAnchor_1098_1('footnote_plugin_tooltip_1098_1_2');\"><a id=\"footnote_plugin_reference_1098_1_2\" class=\"footnote_backlink\"><span class=\"footnote_index_arrow\">&#8593;<\/span>2<\/a><\/th> <td class=\"footnote_plugin_text\">M\u1ee5c 4646(j)(1).<\/td><\/tr>\r\n\r\n<tr class=\"footnotes_plugin_reference_row\"> <th scope=\"row\" class=\"footnote_plugin_index_combi pointer\"  onclick=\"footnote_moveToAnchor_1098_1('footnote_plugin_tooltip_1098_1_3');\"><a id=\"footnote_plugin_reference_1098_1_3\" class=\"footnote_backlink\"><span class=\"footnote_index_arrow\">&#8593;<\/span>3<\/a><\/th> <td class=\"footnote_plugin_text\">M\u1ee5c 4710.8(c).<\/td><\/tr>\r\n\r\n<tr class=\"footnotes_plugin_reference_row\"> <th scope=\"row\" class=\"footnote_plugin_index_combi pointer\"  onclick=\"footnote_moveToAnchor_1098_1('footnote_plugin_tooltip_1098_1_4');\"><a id=\"footnote_plugin_reference_1098_1_4\" class=\"footnote_backlink\"><span class=\"footnote_index_arrow\">&#8593;<\/span>4<\/a><\/th> <td class=\"footnote_plugin_text\">M\u1ee5c 4646(j)(2).<\/td><\/tr>\r\n\r\n <\/tbody> <\/table> <\/div><\/div><script type=\"text\/javascript\"> function footnote_expand_reference_container_1098_1() { jQuery('#footnote_references_container_1098_1').show(); jQuery('#footnote_reference_container_collapse_button_1098_1').text('\u2212'); } function footnote_collapse_reference_container_1098_1() { jQuery('#footnote_references_container_1098_1').hide(); jQuery('#footnote_reference_container_collapse_button_1098_1').text('+'); } function footnote_expand_collapse_reference_container_1098_1() { if (jQuery('#footnote_references_container_1098_1').is(':hidden')) { footnote_expand_reference_container_1098_1(); } else { footnote_collapse_reference_container_1098_1(); } } function footnote_moveToReference_1098_1(p_str_TargetID) { footnote_expand_reference_container_1098_1(); var l_obj_Target = jQuery('#' + p_str_TargetID); if (l_obj_Target.length) { jQuery( 'html, body' ).delay( 0 ); jQuery('html, body').animate({ scrollTop: l_obj_Target.offset().top - window.innerHeight * 0.2 }, 380); } } function footnote_moveToAnchor_1098_1(p_str_TargetID) { footnote_expand_reference_container_1098_1(); var l_obj_Target = jQuery('#' + p_str_TargetID); if (l_obj_Target.length) { jQuery( 'html, body' ).delay( 0 ); jQuery('html, body').animate({ scrollTop: l_obj_Target.offset().top - window.innerHeight * 0.2 }, 380); } }<\/script>","protected":false},"excerpt":{"rendered":"<p>Trung t\u00e2m khu v\u1ef1c ph\u1ea3i t\u00f4n tr\u1ecdng nhu c\u1ea7u ng\u00f4n ng\u1eef c\u1ee7a con v\u00e0 gia \u0111\u00ecnh qu\u00fd v\u1ecb.[1]M\u1ee5c 4502.1(b). Vi\u1ec7c giao ti\u1ebfp r\u00f5 r\u00e0ng l\u00e0&hellip;<\/p>\n","protected":false},"author":1,"featured_media":0,"parent":219,"menu_order":13,"comment_status":"closed","ping_status":"closed","template":"","meta":{"footnotes":""},"class_list":["post-1098","page","type-page","status-publish","hentry"],"_links":{"self":[{"href":"https:\/\/rula.disabilityrightsca.org\/vi\/wp-json\/wp\/v2\/pages\/1098","targetHints":{"allow":["GET"]}}],"collection":[{"href":"https:\/\/rula.disabilityrightsca.org\/vi\/wp-json\/wp\/v2\/pages"}],"about":[{"href":"https:\/\/rula.disabilityrightsca.org\/vi\/wp-json\/wp\/v2\/types\/page"}],"author":[{"embeddable":true,"href":"https:\/\/rula.disabilityrightsca.org\/vi\/wp-json\/wp\/v2\/users\/1"}],"replies":[{"embeddable":true,"href":"https:\/\/rula.disabilityrightsca.org\/vi\/wp-json\/wp\/v2\/comments?post=1098"}],"version-history":[{"count":6,"href":"https:\/\/rula.disabilityrightsca.org\/vi\/wp-json\/wp\/v2\/pages\/1098\/revisions"}],"predecessor-version":[{"id":3733,"href":"https:\/\/rula.disabilityrightsca.org\/vi\/wp-json\/wp\/v2\/pages\/1098\/revisions\/3733"}],"up":[{"embeddable":true,"href":"https:\/\/rula.disabilityrightsca.org\/vi\/wp-json\/wp\/v2\/pages\/219"}],"wp:attachment":[{"href":"https:\/\/rula.disabilityrightsca.org\/vi\/wp-json\/wp\/v2\/media?parent=1098"}],"curies":[{"name":"wp","href":"https:\/\/api.w.org\/{rel}","templated":true}]}}