{"id":1096,"date":"2021-05-13T19:50:22","date_gmt":"2021-05-13T19:50:22","guid":{"rendered":"http:\/\/www.rula.disabilityrightsca.org\/vi\/?page_id=1096"},"modified":"2023-07-21T19:17:23","modified_gmt":"2023-07-21T19:17:23","slug":"will-a-familys-culture-values-and-customs-be-considered-in-providing-services-that-help-families-keep-their-children-with-disabilities-at-home","status":"publish","type":"page","link":"https:\/\/rula.disabilityrightsca.org\/vi\/rula-book\/chapter-6-keeping-the-family-together-services-and-supports-for-children\/will-a-familys-culture-values-and-customs-be-considered-in-providing-services-that-help-families-keep-their-children-with-disabilities-at-home\/","title":{"rendered":"(6.12) V\u0103n h\u00f3a, gi\u00e1 tr\u1ecb v\u00e0 phong t\u1ee5c c\u1ee7a gia \u0111\u00ecnh s\u1ebd \u0111\u01b0\u1ee3c c\u00e2n nh\u1eafc khi cung c\u1ea5p c\u00e1c d\u1ecbch v\u1ee5 gi\u00fap gia \u0111\u00ecnh gi\u1eef tr\u1ebb khuy\u1ebft t\u1eadt \u1edf l\u1ea1i nh\u00e0 ph\u1ea3i kh\u00f4ng?"},"content":{"rendered":"\n<p>C\u00e1c d\u1ecbch v\u1ee5 h\u1ed7 tr\u1ee3 gia \u0111\u00ecnh ph\u1ea3i \u0111\u00e1p \u1ee9ng s\u1edf th\u00edch v\u00e0 gi\u00e1 tr\u1ecb v\u0103n h\u00f3a c\u00f9ng v\u1edbi l\u1ed1i s\u1ed1ng c\u1ee7a c\u00e1c gia \u0111\u00ecnh.<span class=\"footnote_referrer\"><a role=\"button\" tabindex=\"0\" onclick=\"footnote_moveToReference_1096_1('footnote_plugin_reference_1096_1_1');\" onkeypress=\"footnote_moveToReference_1096_1('footnote_plugin_reference_1096_1_1');\" ><sup id=\"footnote_plugin_tooltip_1096_1_1\" class=\"footnote_plugin_tooltip_text\">[1]<\/sup><\/a><span id=\"footnote_plugin_tooltip_text_1096_1_1\" class=\"footnote_tooltip\">C\u00e1c M\u1ee5c 4685(b)(4), 4502.1 v\u00e0 4646.5(a)(1).<\/span><\/span><script type=\"text\/javascript\"> jQuery('#footnote_plugin_tooltip_1096_1_1').tooltip({ tip: '#footnote_plugin_tooltip_text_1096_1_1', tipClass: 'footnote_tooltip', effect: 'fade', predelay: 0, fadeInSpeed: 200, delay: 400, fadeOutSpeed: 200, position: 'top center', relative: true, offset: [-7, 0], });<\/script> N\u1ebfu qu\u00fd v\u1ecb (cha\/m\u1eb9 ho\u1eb7c ng\u01b0\u1eddi gi\u00e1m h\u1ed9) mu\u1ed1n trung t\u00e2m khu v\u1ef1c t\u00f4n tr\u1ecdng v\u0103n h\u00f3a c\u1ee7a qu\u00fd v\u1ecb, h\u00e3y cho h\u1ecd bi\u1ebft v\u1ec1 gi\u00e1 tr\u1ecb v\u00e0 phong t\u1ee5c v\u0103n h\u00f3a c\u1ee7a qu\u00fd v\u1ecb. M\u00f4 t\u1ea3 c\u1ee5 th\u1ec3 \u0111\u1ec3 trung t\u00e2m khu v\u1ef1c c\u00f3 th\u1ec3 hi\u1ec3u \u0111\u01b0\u1ee3c t\u1ea7m quan tr\u1ecdng \u0111\u1ed1i v\u1edbi qu\u00fd v\u1ecb v\u00e0 con qu\u00fd v\u1ecb. Cung c\u1ea5p th\u00f4ng tin cho \u0111i\u1ec1u ph\u1ed1i vi\u00ean d\u1ecbch v\u1ee5 c\u1ee7a con qu\u00fd v\u1ecb \u0111\u1ec3 gi\u00fap h\u1ecd c\u00e2n nh\u1eafc n\u1ec1n t\u1ea3ng c\u1ee7a tr\u1ebb. N\u00eau l\u00ean \u0111i\u1ec1u n\u00e0y t\u1ea1i cu\u1ed9c h\u1ecdp IPP c\u1ee7a tr\u1ebb v\u00e0 y\u00eau c\u1ea7u \u0111\u01b0a c\u00e1c s\u1edf th\u00edch v\u0103n h\u00f3a c\u1ee5 th\u1ec3 v\u00e0o IPP c\u1ee7a con qu\u00fd v\u1ecb.<\/p>\n<div class=\"speaker-mute footnotes_reference_container\"> <div class=\"footnote_container_prepare\"><p><span role=\"button\" tabindex=\"0\" class=\"footnote_reference_container_label pointer\" onclick=\"footnote_expand_collapse_reference_container_1096_1();\">&#x202F;<\/span><span role=\"button\" tabindex=\"0\" class=\"footnote_reference_container_collapse_button\" style=\"display: none;\" onclick=\"footnote_expand_collapse_reference_container_1096_1();\">[<a id=\"footnote_reference_container_collapse_button_1096_1\">+<\/a>]<\/span><\/p><\/div> <div id=\"footnote_references_container_1096_1\" style=\"\"><table class=\"footnotes_table footnote-reference-container\"><caption class=\"accessibility\">References<\/caption> <tbody> \r\n\r\n<tr class=\"footnotes_plugin_reference_row\"> <th scope=\"row\" class=\"footnote_plugin_index_combi pointer\"  onclick=\"footnote_moveToAnchor_1096_1('footnote_plugin_tooltip_1096_1_1');\"><a id=\"footnote_plugin_reference_1096_1_1\" class=\"footnote_backlink\"><span class=\"footnote_index_arrow\">&#8593;<\/span>1<\/a><\/th> <td class=\"footnote_plugin_text\">C\u00e1c M\u1ee5c 4685(b)(4), 4502.1 v\u00e0 4646.5(a)(1).<\/td><\/tr>\r\n\r\n <\/tbody> <\/table> <\/div><\/div><script type=\"text\/javascript\"> function footnote_expand_reference_container_1096_1() { jQuery('#footnote_references_container_1096_1').show(); jQuery('#footnote_reference_container_collapse_button_1096_1').text('\u2212'); } function footnote_collapse_reference_container_1096_1() { jQuery('#footnote_references_container_1096_1').hide(); jQuery('#footnote_reference_container_collapse_button_1096_1').text('+'); } function footnote_expand_collapse_reference_container_1096_1() { if (jQuery('#footnote_references_container_1096_1').is(':hidden')) { footnote_expand_reference_container_1096_1(); } else { footnote_collapse_reference_container_1096_1(); } } function footnote_moveToReference_1096_1(p_str_TargetID) { footnote_expand_reference_container_1096_1(); var l_obj_Target = jQuery('#' + p_str_TargetID); if (l_obj_Target.length) { jQuery( 'html, body' ).delay( 0 ); jQuery('html, body').animate({ scrollTop: l_obj_Target.offset().top - window.innerHeight * 0.2 }, 380); } } function footnote_moveToAnchor_1096_1(p_str_TargetID) { footnote_expand_reference_container_1096_1(); var l_obj_Target = jQuery('#' + p_str_TargetID); if (l_obj_Target.length) { jQuery( 'html, body' ).delay( 0 ); jQuery('html, body').animate({ scrollTop: l_obj_Target.offset().top - window.innerHeight * 0.2 }, 380); } }<\/script>","protected":false},"excerpt":{"rendered":"<p>C\u00e1c d\u1ecbch v\u1ee5 h\u1ed7 tr\u1ee3 gia \u0111\u00ecnh ph\u1ea3i \u0111\u00e1p \u1ee9ng s\u1edf th\u00edch v\u00e0 gi\u00e1 tr\u1ecb v\u0103n h\u00f3a c\u00f9ng v\u1edbi l\u1ed1i s\u1ed1ng c\u1ee7a c\u00e1c gia \u0111\u00ecnh.[1]C\u00e1c&hellip;<\/p>\n","protected":false},"author":1,"featured_media":0,"parent":219,"menu_order":12,"comment_status":"closed","ping_status":"closed","template":"","meta":{"footnotes":""},"class_list":["post-1096","page","type-page","status-publish","hentry"],"_links":{"self":[{"href":"https:\/\/rula.disabilityrightsca.org\/vi\/wp-json\/wp\/v2\/pages\/1096","targetHints":{"allow":["GET"]}}],"collection":[{"href":"https:\/\/rula.disabilityrightsca.org\/vi\/wp-json\/wp\/v2\/pages"}],"about":[{"href":"https:\/\/rula.disabilityrightsca.org\/vi\/wp-json\/wp\/v2\/types\/page"}],"author":[{"embeddable":true,"href":"https:\/\/rula.disabilityrightsca.org\/vi\/wp-json\/wp\/v2\/users\/1"}],"replies":[{"embeddable":true,"href":"https:\/\/rula.disabilityrightsca.org\/vi\/wp-json\/wp\/v2\/comments?post=1096"}],"version-history":[{"count":3,"href":"https:\/\/rula.disabilityrightsca.org\/vi\/wp-json\/wp\/v2\/pages\/1096\/revisions"}],"predecessor-version":[{"id":3732,"href":"https:\/\/rula.disabilityrightsca.org\/vi\/wp-json\/wp\/v2\/pages\/1096\/revisions\/3732"}],"up":[{"embeddable":true,"href":"https:\/\/rula.disabilityrightsca.org\/vi\/wp-json\/wp\/v2\/pages\/219"}],"wp:attachment":[{"href":"https:\/\/rula.disabilityrightsca.org\/vi\/wp-json\/wp\/v2\/media?parent=1096"}],"curies":[{"name":"wp","href":"https:\/\/api.w.org\/{rel}","templated":true}]}}