{"id":1094,"date":"2021-05-13T19:48:55","date_gmt":"2021-05-13T19:48:55","guid":{"rendered":"http:\/\/www.rula.disabilityrightsca.org\/vi\/?page_id=1094"},"modified":"2023-07-21T19:14:38","modified_gmt":"2023-07-21T19:14:38","slug":"can-parents-with-developmental-disabilities-get-services-from-the-regional-center-to-help-them-parent-their-children","status":"publish","type":"page","link":"https:\/\/rula.disabilityrightsca.org\/vi\/rula-book\/chapter-6-keeping-the-family-together-services-and-supports-for-children\/can-parents-with-developmental-disabilities-get-services-from-the-regional-center-to-help-them-parent-their-children\/","title":{"rendered":"(6.11) Cha m\u1eb9 b\u1ecb khuy\u1ebft t\u1eadt v\u1ec1 ph\u00e1t tri\u1ec3n c\u00f3 th\u1ec3 nh\u1eadn c\u00e1c d\u1ecbch v\u1ee5 t\u1eeb trung t\u00e2m khu v\u1ef1c \u0111\u1ec3 gi\u00fap h\u1ecd nu\u00f4i d\u01b0\u1ee1ng con kh\u00f4ng?"},"content":{"rendered":"\n<p>N\u1ebfu qu\u00fd v\u1ecb (cha\/m\u1eb9 ho\u1eb7c ng\u01b0\u1eddi gi\u00e1m h\u1ed9) b\u1ecb khuy\u1ebft t\u1eadt v\u1ec1 ph\u00e1t tri\u1ec3n, qu\u00fd v\u1ecb c\u00f3 th\u1ec3 nh\u1eadn kh\u00f3a \u0111\u00e0o t\u1ea1o k\u1ef9 n\u0103ng l\u00e0m cha m\u1eb9 t\u1eeb trung t\u00e2m khu v\u1ef1c. Qu\u00fd v\u1ecb c\u00f3 th\u1ec3 nh\u1eadn c\u00e1c d\u1ecbch v\u1ee5 gi\u00fap qu\u00fd v\u1ecb gi\u1eef con \u1edf l\u1ea1i nh\u00e0.<span class=\"footnote_referrer\"><a role=\"button\" tabindex=\"0\" onclick=\"footnote_moveToReference_1094_1('footnote_plugin_reference_1094_1_1');\" onkeypress=\"footnote_moveToReference_1094_1('footnote_plugin_reference_1094_1_1');\" ><sup id=\"footnote_plugin_tooltip_1094_1_1\" class=\"footnote_plugin_tooltip_text\">[1]<\/sup><\/a><span id=\"footnote_plugin_tooltip_text_1094_1_1\" class=\"footnote_tooltip\">M\u1ee5c 4687.<\/span><\/span><script type=\"text\/javascript\"> jQuery('#footnote_plugin_tooltip_1094_1_1').tooltip({ tip: '#footnote_plugin_tooltip_text_1094_1_1', tipClass: 'footnote_tooltip', effect: 'fade', predelay: 0, fadeInSpeed: 200, delay: 400, fadeOutSpeed: 200, position: 'top center', relative: true, offset: [-7, 0], });<\/script> N\u1ebfu con qu\u00fd v\u1ecb c\u0169ng c\u00f3 IPP ho\u1eb7c IFSP, IPP c\u1ee7a qu\u00fd v\u1ecb s\u1ebd t\u00e1ch bi\u1ec7t v\u1edbi IPP ho\u1eb7c IFSP c\u1ee7a con qu\u00fd v\u1ecb. \u0110\u1ea3m b\u1ea3o IPP c\u1ee7a qu\u00fd v\u1ecb v\u00e0 IPP ho\u1eb7c IFSP c\u1ee7a con qu\u00fd v\u1ecb ph\u1ed1i h\u1ee3p v\u1edbi nhau.<\/p>\n\n\n\n<p>C\u00e1c k\u1ebf ho\u1ea1ch n\u00e0y kh\u00f4ng c\u1ea7n ph\u1ea3i \u0111\u01b0\u1ee3c vi\u1ebft \u0111\u1ed3ng th\u1eddi ho\u1eb7c theo c\u00f9ng m\u1ed9t c\u00e1ch. Cha m\u1eb9 n\u00ean vi\u1ebft IPP c\u1ee7a m\u00ecnh t\u00e1ch ri\u00eang v\u1edbi IPP ho\u1eb7c IFSP c\u1ee7a con h\u1ecd. B\u1eb1ng c\u00e1ch \u0111\u00f3, \u0111i\u1ec1u ph\u1ed1i vi\u00ean d\u1ecbch v\u1ee5 c\u1ee7a con qu\u00fd v\u1ecb c\u00f3 th\u1ec3 t\u1eadp trung v\u00e0o nhu c\u1ea7u c\u1ee7a tr\u1ebb, t\u00e1ch ri\u00eang v\u1edbi qu\u00fd v\u1ecb v\u00e0 nhu c\u1ea7u c\u1ee7a ch\u00ednh qu\u00fd v\u1ecb. Mang theo b\u1ea3n sao IPP ho\u1eb7c IFSP c\u1ee7a con qu\u00fd v\u1ecb \u0111\u1ebfn cu\u1ed9c h\u1ecdp IPP c\u1ee7a qu\u00fd v\u1ecb. \u0110i\u1ec1u n\u00e0y s\u1ebd gi\u00fap \u0111\u1ea3m b\u1ea3o c\u00e1c d\u1ecbch v\u1ee5 c\u1ee7a qu\u00fd v\u1ecb ph\u1ed1i h\u1ee3p v\u1edbi nhau.<\/p>\n\n\n\n<p>Qu\u00fd v\u1ecb c\u0169ng c\u00f3 th\u1ec3 nh\u1eadn tr\u1ee3 gi\u00fap t\u1eeb c\u00e1c c\u01a1 quan \u0111\u00e0o t\u1ea1o k\u1ef9 n\u0103ng l\u00e0m cha m\u1eb9 nh\u01b0 Through the Looking Glass. Through the Looking Glass l\u00e0 m\u1ed9t t\u1ed5 ch\u1ee9c qu\u1ed1c gia h\u1ed7 tr\u1ee3 cho cha m\u1eb9 b\u1ecb khuy\u1ebft t\u1eadt. H\u1ecd c\u00f3 th\u1ec3 cung c\u1ea5p c\u00e1c \u00fd t\u01b0\u1edfng v\u1ec1 nh\u1eefng \u0111i\u1ec1u qu\u00fd v\u1ecb c\u00f3 th\u1ec3 c\u1ea7n. Truy c\u1eadp trang web c\u1ee7a h\u1ecd t\u1ea1i&nbsp;www.lookingglass.org\/&nbsp;ho\u1eb7c g\u1ecdi \u0111\u1ebfn s\u1ed1 (800) 644-2666.<\/p>\n<div class=\"speaker-mute footnotes_reference_container\"> <div class=\"footnote_container_prepare\"><p><span role=\"button\" tabindex=\"0\" class=\"footnote_reference_container_label pointer\" onclick=\"footnote_expand_collapse_reference_container_1094_1();\">&#x202F;<\/span><span role=\"button\" tabindex=\"0\" class=\"footnote_reference_container_collapse_button\" style=\"display: none;\" onclick=\"footnote_expand_collapse_reference_container_1094_1();\">[<a id=\"footnote_reference_container_collapse_button_1094_1\">+<\/a>]<\/span><\/p><\/div> <div id=\"footnote_references_container_1094_1\" style=\"\"><table class=\"footnotes_table footnote-reference-container\"><caption class=\"accessibility\">References<\/caption> <tbody> \r\n\r\n<tr class=\"footnotes_plugin_reference_row\"> <th scope=\"row\" class=\"footnote_plugin_index_combi pointer\"  onclick=\"footnote_moveToAnchor_1094_1('footnote_plugin_tooltip_1094_1_1');\"><a id=\"footnote_plugin_reference_1094_1_1\" class=\"footnote_backlink\"><span class=\"footnote_index_arrow\">&#8593;<\/span>1<\/a><\/th> <td class=\"footnote_plugin_text\">M\u1ee5c 4687.<\/td><\/tr>\r\n\r\n <\/tbody> <\/table> <\/div><\/div><script type=\"text\/javascript\"> function footnote_expand_reference_container_1094_1() { jQuery('#footnote_references_container_1094_1').show(); jQuery('#footnote_reference_container_collapse_button_1094_1').text('\u2212'); } function footnote_collapse_reference_container_1094_1() { jQuery('#footnote_references_container_1094_1').hide(); jQuery('#footnote_reference_container_collapse_button_1094_1').text('+'); } function footnote_expand_collapse_reference_container_1094_1() { if (jQuery('#footnote_references_container_1094_1').is(':hidden')) { footnote_expand_reference_container_1094_1(); } else { footnote_collapse_reference_container_1094_1(); } } function footnote_moveToReference_1094_1(p_str_TargetID) { footnote_expand_reference_container_1094_1(); var l_obj_Target = jQuery('#' + p_str_TargetID); if (l_obj_Target.length) { jQuery( 'html, body' ).delay( 0 ); jQuery('html, body').animate({ scrollTop: l_obj_Target.offset().top - window.innerHeight * 0.2 }, 380); } } function footnote_moveToAnchor_1094_1(p_str_TargetID) { footnote_expand_reference_container_1094_1(); var l_obj_Target = jQuery('#' + p_str_TargetID); if (l_obj_Target.length) { jQuery( 'html, body' ).delay( 0 ); jQuery('html, body').animate({ scrollTop: l_obj_Target.offset().top - window.innerHeight * 0.2 }, 380); } }<\/script>","protected":false},"excerpt":{"rendered":"<p>N\u1ebfu qu\u00fd v\u1ecb (cha\/m\u1eb9 ho\u1eb7c ng\u01b0\u1eddi gi\u00e1m h\u1ed9) b\u1ecb khuy\u1ebft t\u1eadt v\u1ec1 ph\u00e1t tri\u1ec3n, qu\u00fd v\u1ecb c\u00f3 th\u1ec3 nh\u1eadn kh\u00f3a \u0111\u00e0o t\u1ea1o k\u1ef9 n\u0103ng l\u00e0m&hellip;<\/p>\n","protected":false},"author":1,"featured_media":0,"parent":219,"menu_order":11,"comment_status":"closed","ping_status":"closed","template":"","meta":{"footnotes":""},"class_list":["post-1094","page","type-page","status-publish","hentry"],"_links":{"self":[{"href":"https:\/\/rula.disabilityrightsca.org\/vi\/wp-json\/wp\/v2\/pages\/1094","targetHints":{"allow":["GET"]}}],"collection":[{"href":"https:\/\/rula.disabilityrightsca.org\/vi\/wp-json\/wp\/v2\/pages"}],"about":[{"href":"https:\/\/rula.disabilityrightsca.org\/vi\/wp-json\/wp\/v2\/types\/page"}],"author":[{"embeddable":true,"href":"https:\/\/rula.disabilityrightsca.org\/vi\/wp-json\/wp\/v2\/users\/1"}],"replies":[{"embeddable":true,"href":"https:\/\/rula.disabilityrightsca.org\/vi\/wp-json\/wp\/v2\/comments?post=1094"}],"version-history":[{"count":4,"href":"https:\/\/rula.disabilityrightsca.org\/vi\/wp-json\/wp\/v2\/pages\/1094\/revisions"}],"predecessor-version":[{"id":3731,"href":"https:\/\/rula.disabilityrightsca.org\/vi\/wp-json\/wp\/v2\/pages\/1094\/revisions\/3731"}],"up":[{"embeddable":true,"href":"https:\/\/rula.disabilityrightsca.org\/vi\/wp-json\/wp\/v2\/pages\/219"}],"wp:attachment":[{"href":"https:\/\/rula.disabilityrightsca.org\/vi\/wp-json\/wp\/v2\/media?parent=1094"}],"curies":[{"name":"wp","href":"https:\/\/api.w.org\/{rel}","templated":true}]}}