{"id":1092,"date":"2021-05-13T19:03:50","date_gmt":"2021-05-13T19:03:50","guid":{"rendered":"http:\/\/www.rula.disabilityrightsca.org\/vi\/?page_id=1092"},"modified":"2023-07-21T19:09:52","modified_gmt":"2023-07-21T19:09:52","slug":"besides-the-lanterman-act-do-other-laws-require-services-for-children-with-disabilities-that-might-help-them-live-at-home","status":"publish","type":"page","link":"https:\/\/rula.disabilityrightsca.org\/vi\/rula-book\/chapter-6-keeping-the-family-together-services-and-supports-for-children\/besides-the-lanterman-act-do-other-laws-require-services-for-children-with-disabilities-that-might-help-them-live-at-home\/","title":{"rendered":"(6.10) Ngo\u00e0i \u0110\u1ea1o Lu\u1eadt Lanterman, nh\u1eefng lu\u1eadt kh\u00e1c c\u00f3 y\u00eau c\u1ea7u ph\u1ea3i cung c\u1ea5p c\u00e1c d\u1ecbch v\u1ee5 d\u00e0nh cho tr\u1ebb khuy\u1ebft t\u1eadt \u0111\u1ec3 gi\u00fap tr\u1ebb s\u1ed1ng t\u1ea1i nh\u00e0 kh\u00f4ng?"},"content":{"rendered":"\n<p>V\u1edbi tr\u1ebb d\u01b0\u1edbi ba tu\u1ed5i, lu\u1eadt li\u00ean bang (\u0110\u1ea1o Lu\u1eadt Gi\u00e1o D\u1ee5c Ng\u01b0\u1eddi Khuy\u1ebft T\u1eadt hay IDEA) cung c\u1ea5p d\u1ecbch v\u1ee5 can thi\u1ec7p s\u1edbm. \u1ede California, \u0111\u00e2y \u0111\u01b0\u1ee3c g\u1ecdi l\u00e0 c\u00e1c d\u1ecbch v\u1ee5 B\u1eaft \u0110\u1ea7u S\u1edbm.<span class=\"footnote_referrer\"><a role=\"button\" tabindex=\"0\" onclick=\"footnote_moveToReference_1092_1('footnote_plugin_reference_1092_1_1');\" onkeypress=\"footnote_moveToReference_1092_1('footnote_plugin_reference_1092_1_1');\" ><sup id=\"footnote_plugin_tooltip_1092_1_1\" class=\"footnote_plugin_tooltip_text\">[1]<\/sup><\/a><span id=\"footnote_plugin_tooltip_text_1092_1_1\" class=\"footnote_tooltip\">Ti\u00eau \u0110\u1ec1 20 B\u1ed9 Lu\u1eadt Hoa K\u1ef3 b\u1eaft \u0111\u1ea7u t\u1eeb m\u1ee5c 1431.<\/span><\/span><script type=\"text\/javascript\"> jQuery('#footnote_plugin_tooltip_1092_1_1').tooltip({ tip: '#footnote_plugin_tooltip_text_1092_1_1', tipClass: 'footnote_tooltip', effect: 'fade', predelay: 0, fadeInSpeed: 200, delay: 400, fadeOutSpeed: 200, position: 'top center', relative: true, offset: [-7, 0], });<\/script> California ch\u1ecdn trung t\u00e2m khu v\u1ef1c l\u00e0m \u0111i\u1ec1u ph\u1ed1i vi\u00ean v\u00e0 nh\u00e0 cung c\u1ea5p ch\u00ednh c\u1ee7a c\u00e1c d\u1ecbch v\u1ee5 n\u00e0y.<span class=\"footnote_referrer\"><a role=\"button\" tabindex=\"0\" onclick=\"footnote_moveToReference_1092_1('footnote_plugin_reference_1092_1_2');\" onkeypress=\"footnote_moveToReference_1092_1('footnote_plugin_reference_1092_1_2');\" ><sup id=\"footnote_plugin_tooltip_1092_1_2\" class=\"footnote_plugin_tooltip_text\">[2]<\/sup><\/a><span id=\"footnote_plugin_tooltip_text_1092_1_2\" class=\"footnote_tooltip\">B\u1ed9 Lu\u1eadt Ch\u00ednh Quy\u1ec1n California b\u1eaft \u0111\u1ea7u t\u1eeb m\u1ee5c 95000.<\/span><\/span><script type=\"text\/javascript\"> jQuery('#footnote_plugin_tooltip_1092_1_2').tooltip({ tip: '#footnote_plugin_tooltip_text_1092_1_2', tipClass: 'footnote_tooltip', effect: 'fade', predelay: 0, fadeInSpeed: 200, delay: 400, fadeOutSpeed: 200, position: 'top center', relative: true, offset: [-7, 0], });<\/script> Thay v\u00ec IPP, d\u1ecbch v\u1ee5 cho tr\u1ebb d\u01b0\u1edbi ba tu\u1ed5i \u0111\u01b0\u1ee3c cung c\u1ea5p theo K\u1ebf Ho\u1ea1ch D\u1ecbch V\u1ee5 Gia \u0110\u00ecnh C\u00e1 Nh\u00e2n (Individual Family Service Plan, IFSP). Tr\u1ebb nh\u1eadn d\u1ecbch v\u1ee5 can thi\u1ec7p s\u1edbm c\u0169ng c\u00f3 th\u1ec3 nh\u1eadn d\u1ecbch v\u1ee5 theo \u0110\u1ea1o Lu\u1eadt Lanterman n\u1ebfu tr\u1ebb b\u1ecb khuy\u1ebft t\u1eadt v\u1ec1 ph\u00e1t tri\u1ec3n. Tuy nhi\u00ean, h\u1ea7u h\u1ebft c\u00e1c d\u1ecbch v\u1ee5 cho tr\u1ebb d\u01b0\u1edbi ba tu\u1ed5i \u0111\u1ec1u \u0111\u01b0\u1ee3c cung c\u1ea5p qua IFSP. \u0110\u1ec3 bi\u1ebft th\u00eam th\u00f4ng tin li\u00ean quan \u0111\u1ebfn t\u00ecnh tr\u1ea1ng khuy\u1ebft t\u1eadt v\u1ec1 ph\u00e1t tri\u1ec3n h\u1ed9i \u0111\u1ee7 \u0111i\u1ec1u ki\u1ec7n nh\u1eadn c\u00e1c d\u1ecbch v\u1ee5 c\u1ee7a trung t\u00e2m khu v\u1ef1c, h\u00e3y xem Ch\u01b0\u01a1ng 2.<\/p>\n\n\n\n<p>Khi tr\u1ebb \u0111\u01b0\u1ee3c ba tu\u1ed5i, tr\u1ebb h\u1ed9i \u0111\u1ee7 \u0111i\u1ec1u ki\u1ec7n nh\u1eadn gi\u00e1o d\u1ee5c \u0111\u1eb7c bi\u1ec7t c\u0169ng c\u00f3 th\u1ec3 nh\u1eadn c\u00e1c d\u1ecbch v\u1ee5 gi\u00e1o d\u1ee5c \u0111\u1eb7c bi\u1ec7t t\u1eeb h\u1ecdc khu t\u1ea1i \u0111\u1ecba ph\u01b0\u01a1ng c\u1ee7a h\u1ecd. Khi tr\u1ebb hai tu\u1ed5i r\u01b0\u1ee1i, trung t\u00e2m khu v\u1ef1c ph\u1ea3i l\u1eadp k\u1ebf ho\u1ea1ch cho tr\u1ebb chuy\u1ec3n \u0111\u1ebfn h\u1ecdc khu.<span class=\"footnote_referrer\"><a role=\"button\" tabindex=\"0\" onclick=\"footnote_moveToReference_1092_1('footnote_plugin_reference_1092_1_3');\" onkeypress=\"footnote_moveToReference_1092_1('footnote_plugin_reference_1092_1_3');\" ><sup id=\"footnote_plugin_tooltip_1092_1_3\" class=\"footnote_plugin_tooltip_text\">[3]<\/sup><\/a><span id=\"footnote_plugin_tooltip_text_1092_1_3\" class=\"footnote_tooltip\">B\u1ed9 Lu\u1eadt Gi\u00e1o D\u1ee5c California m\u1ee5c 56426.(a) v\u00e0 (b) v\u00e0 Ti\u00eau \u0110\u1ec1 17 B\u1ed9 Lu\u1eadt C\u00e1c Quy \u0110\u1ecbnh California m\u1ee5c 52112.<\/span><\/span><script type=\"text\/javascript\"> jQuery('#footnote_plugin_tooltip_1092_1_3').tooltip({ tip: '#footnote_plugin_tooltip_text_1092_1_3', tipClass: 'footnote_tooltip', effect: 'fade', predelay: 0, fadeInSpeed: 200, delay: 400, fadeOutSpeed: 200, position: 'top center', relative: true, offset: [-7, 0], });<\/script> N\u1ebfu con qu\u00fd v\u1ecb b\u1ecb khuy\u1ebft t\u1eadt v\u1ec1 ph\u00e1t tri\u1ec3n v\u00e0 h\u1ed9i \u0111\u1ee7 \u0111i\u1ec1u ki\u1ec7n nh\u1eadn c\u00e1c d\u1ecbch v\u1ee5 c\u1ee7a trung t\u00e2m khu v\u1ef1c l\u00fac ba tu\u1ed5i, trung t\u00e2m khu v\u1ef1c c\u00f3 th\u1ec3 ti\u1ebfp t\u1ee5c d\u1ecbch v\u1ee5 cho \u0111\u1ebfn khi h\u1ecdc k\u1ef3 ti\u1ebfp theo b\u1eaft \u0111\u1ea7u n\u1ebfu tr\u1ebb l\u00ean ba v\u00e0o th\u1eddi \u0111i\u1ec3m tr\u01b0\u1eddng kh\u00f4ng ho\u1ea1t \u0111\u1ed9ng.<span class=\"footnote_referrer\"><a role=\"button\" tabindex=\"0\" onclick=\"footnote_moveToReference_1092_1('footnote_plugin_reference_1092_1_4');\" onkeypress=\"footnote_moveToReference_1092_1('footnote_plugin_reference_1092_1_4');\" ><sup id=\"footnote_plugin_tooltip_1092_1_4\" class=\"footnote_plugin_tooltip_text\">[4]<\/sup><\/a><span id=\"footnote_plugin_tooltip_text_1092_1_4\" class=\"footnote_tooltip\">Ti\u00eau \u0110\u1ec1 17 B\u1ed9 Lu\u1eadt C\u00e1c Quy \u0110\u1ecbnh California m\u1ee5c 52112(f).<\/span><\/span><script type=\"text\/javascript\"> jQuery('#footnote_plugin_tooltip_1092_1_4').tooltip({ tip: '#footnote_plugin_tooltip_text_1092_1_4', tipClass: 'footnote_tooltip', effect: 'fade', predelay: 0, fadeInSpeed: 200, delay: 400, fadeOutSpeed: 200, position: 'top center', relative: true, offset: [-7, 0], });<\/script><\/p>\n\n\n\n<p>N\u1ebfu qu\u00fd v\u1ecb c\u00f3 con d\u01b0\u1edbi ba tu\u1ed5i, vui l\u00f2ng \u0111\u1ecdc Quy\u1ec1n v\u00e0 Tr\u00e1ch Nhi\u1ec7m v\u1ec1 Gi\u00e1o D\u1ee5c \u0110\u1eb7c Bi\u1ec7t (SERR) Ch\u01b0\u01a1ng 12 \u0111\u1ec3 bi\u1ebft th\u00f4ng tin v\u1ec1 d\u1ecbch v\u1ee5 can thi\u1ec7p s\u1edbm. \u0110\u1ec3 bi\u1ebft th\u00f4ng tin v\u1ec1 c\u00e1ch tr\u1ebb tr\u00ean ba tu\u1ed5i h\u1ed9i \u0111\u1ee7 \u0111i\u1ec1u ki\u1ec7n nh\u1eadn gi\u00e1o d\u1ee5c \u0111\u1eb7c bi\u1ec7t, h\u00e3y xem Ch\u01b0\u01a1ng 3 c\u1ee7a SERR.<\/p>\n<div class=\"speaker-mute footnotes_reference_container\"> <div class=\"footnote_container_prepare\"><p><span role=\"button\" tabindex=\"0\" class=\"footnote_reference_container_label pointer\" onclick=\"footnote_expand_collapse_reference_container_1092_1();\">&#x202F;<\/span><span role=\"button\" tabindex=\"0\" class=\"footnote_reference_container_collapse_button\" style=\"display: none;\" onclick=\"footnote_expand_collapse_reference_container_1092_1();\">[<a id=\"footnote_reference_container_collapse_button_1092_1\">+<\/a>]<\/span><\/p><\/div> <div id=\"footnote_references_container_1092_1\" style=\"\"><table class=\"footnotes_table footnote-reference-container\"><caption class=\"accessibility\">References<\/caption> <tbody> \r\n\r\n<tr class=\"footnotes_plugin_reference_row\"> <th scope=\"row\" class=\"footnote_plugin_index_combi pointer\"  onclick=\"footnote_moveToAnchor_1092_1('footnote_plugin_tooltip_1092_1_1');\"><a id=\"footnote_plugin_reference_1092_1_1\" class=\"footnote_backlink\"><span class=\"footnote_index_arrow\">&#8593;<\/span>1<\/a><\/th> <td class=\"footnote_plugin_text\">Ti\u00eau \u0110\u1ec1 20 B\u1ed9 Lu\u1eadt Hoa K\u1ef3 b\u1eaft \u0111\u1ea7u t\u1eeb m\u1ee5c 1431.<\/td><\/tr>\r\n\r\n<tr class=\"footnotes_plugin_reference_row\"> <th scope=\"row\" class=\"footnote_plugin_index_combi pointer\"  onclick=\"footnote_moveToAnchor_1092_1('footnote_plugin_tooltip_1092_1_2');\"><a id=\"footnote_plugin_reference_1092_1_2\" class=\"footnote_backlink\"><span class=\"footnote_index_arrow\">&#8593;<\/span>2<\/a><\/th> <td class=\"footnote_plugin_text\">B\u1ed9 Lu\u1eadt Ch\u00ednh Quy\u1ec1n California b\u1eaft \u0111\u1ea7u t\u1eeb m\u1ee5c 95000.<\/td><\/tr>\r\n\r\n<tr class=\"footnotes_plugin_reference_row\"> <th scope=\"row\" class=\"footnote_plugin_index_combi pointer\"  onclick=\"footnote_moveToAnchor_1092_1('footnote_plugin_tooltip_1092_1_3');\"><a id=\"footnote_plugin_reference_1092_1_3\" class=\"footnote_backlink\"><span class=\"footnote_index_arrow\">&#8593;<\/span>3<\/a><\/th> <td class=\"footnote_plugin_text\">B\u1ed9 Lu\u1eadt Gi\u00e1o D\u1ee5c California m\u1ee5c 56426.(a) v\u00e0 (b) v\u00e0 Ti\u00eau \u0110\u1ec1 17 B\u1ed9 Lu\u1eadt C\u00e1c Quy \u0110\u1ecbnh California m\u1ee5c 52112.<\/td><\/tr>\r\n\r\n<tr class=\"footnotes_plugin_reference_row\"> <th scope=\"row\" class=\"footnote_plugin_index_combi pointer\"  onclick=\"footnote_moveToAnchor_1092_1('footnote_plugin_tooltip_1092_1_4');\"><a id=\"footnote_plugin_reference_1092_1_4\" class=\"footnote_backlink\"><span class=\"footnote_index_arrow\">&#8593;<\/span>4<\/a><\/th> <td class=\"footnote_plugin_text\">Ti\u00eau \u0110\u1ec1 17 B\u1ed9 Lu\u1eadt C\u00e1c Quy \u0110\u1ecbnh California m\u1ee5c 52112(f).<\/td><\/tr>\r\n\r\n <\/tbody> <\/table> <\/div><\/div><script type=\"text\/javascript\"> function footnote_expand_reference_container_1092_1() { jQuery('#footnote_references_container_1092_1').show(); jQuery('#footnote_reference_container_collapse_button_1092_1').text('\u2212'); } function footnote_collapse_reference_container_1092_1() { jQuery('#footnote_references_container_1092_1').hide(); jQuery('#footnote_reference_container_collapse_button_1092_1').text('+'); } function footnote_expand_collapse_reference_container_1092_1() { if (jQuery('#footnote_references_container_1092_1').is(':hidden')) { footnote_expand_reference_container_1092_1(); } else { footnote_collapse_reference_container_1092_1(); } } function footnote_moveToReference_1092_1(p_str_TargetID) { footnote_expand_reference_container_1092_1(); var l_obj_Target = jQuery('#' + p_str_TargetID); if (l_obj_Target.length) { jQuery( 'html, body' ).delay( 0 ); jQuery('html, body').animate({ scrollTop: l_obj_Target.offset().top - window.innerHeight * 0.2 }, 380); } } function footnote_moveToAnchor_1092_1(p_str_TargetID) { footnote_expand_reference_container_1092_1(); var l_obj_Target = jQuery('#' + p_str_TargetID); if (l_obj_Target.length) { jQuery( 'html, body' ).delay( 0 ); jQuery('html, body').animate({ scrollTop: l_obj_Target.offset().top - window.innerHeight * 0.2 }, 380); } }<\/script>","protected":false},"excerpt":{"rendered":"<p>V\u1edbi tr\u1ebb d\u01b0\u1edbi ba tu\u1ed5i, lu\u1eadt li\u00ean bang (\u0110\u1ea1o Lu\u1eadt Gi\u00e1o D\u1ee5c Ng\u01b0\u1eddi Khuy\u1ebft T\u1eadt hay IDEA) cung c\u1ea5p d\u1ecbch v\u1ee5 can thi\u1ec7p s\u1edbm. \u1ede&hellip;<\/p>\n","protected":false},"author":1,"featured_media":0,"parent":219,"menu_order":10,"comment_status":"closed","ping_status":"closed","template":"","meta":{"footnotes":""},"class_list":["post-1092","page","type-page","status-publish","hentry"],"_links":{"self":[{"href":"https:\/\/rula.disabilityrightsca.org\/vi\/wp-json\/wp\/v2\/pages\/1092","targetHints":{"allow":["GET"]}}],"collection":[{"href":"https:\/\/rula.disabilityrightsca.org\/vi\/wp-json\/wp\/v2\/pages"}],"about":[{"href":"https:\/\/rula.disabilityrightsca.org\/vi\/wp-json\/wp\/v2\/types\/page"}],"author":[{"embeddable":true,"href":"https:\/\/rula.disabilityrightsca.org\/vi\/wp-json\/wp\/v2\/users\/1"}],"replies":[{"embeddable":true,"href":"https:\/\/rula.disabilityrightsca.org\/vi\/wp-json\/wp\/v2\/comments?post=1092"}],"version-history":[{"count":6,"href":"https:\/\/rula.disabilityrightsca.org\/vi\/wp-json\/wp\/v2\/pages\/1092\/revisions"}],"predecessor-version":[{"id":3729,"href":"https:\/\/rula.disabilityrightsca.org\/vi\/wp-json\/wp\/v2\/pages\/1092\/revisions\/3729"}],"up":[{"embeddable":true,"href":"https:\/\/rula.disabilityrightsca.org\/vi\/wp-json\/wp\/v2\/pages\/219"}],"wp:attachment":[{"href":"https:\/\/rula.disabilityrightsca.org\/vi\/wp-json\/wp\/v2\/media?parent=1092"}],"curies":[{"name":"wp","href":"https:\/\/api.w.org\/{rel}","templated":true}]}}