{"id":1090,"date":"2021-05-13T19:01:17","date_gmt":"2021-05-13T19:01:17","guid":{"rendered":"http:\/\/www.rula.disabilityrightsca.org\/vi\/?page_id=1090"},"modified":"2023-07-21T18:54:55","modified_gmt":"2023-07-21T18:54:55","slug":"if-a-regional-center-will-pay-for-services-must-it-always-use-the-least-costly-service-provider","status":"publish","type":"page","link":"https:\/\/rula.disabilityrightsca.org\/vi\/rula-book\/chapter-6-keeping-the-family-together-services-and-supports-for-children\/if-a-regional-center-will-pay-for-services-must-it-always-use-the-least-costly-service-provider\/","title":{"rendered":"(6.9) N\u1ebfu trung t\u00e2m khu v\u1ef1c thanh to\u00e1n cho c\u00e1c d\u1ecbch v\u1ee5, h\u1ecd c\u00f3 lu\u00f4n ph\u1ea3i s\u1eed d\u1ee5ng nh\u00e0 cung c\u1ea5p d\u1ecbch v\u1ee5 c\u00f3 chi ph\u00ed \u00edt nh\u1ea5t kh\u00f4ng?"},"content":{"rendered":"\n<p>Khi ch\u1ecdn nh\u00e0 cung c\u1ea5p, \u0110\u1ea1o Lu\u1eadt Lanterman quy \u0111\u1ecbnh nh\u00f3m IPP ph\u1ea3i c\u00e2n nh\u1eafc:<\/p>\n\n\n\n<ul class=\"wp-block-list\"><li>Kh\u1ea3 n\u0103ng c\u1ee7a nh\u00e0 cung c\u1ea5p trong vi\u1ec7c cung c\u1ea5p d\u1ecbch v\u1ee5 ch\u1ea5t l\u01b0\u1ee3ng v\u00e0 \u0111\u00e1p \u1ee9ng c\u00e1c m\u1ee5c ti\u00eau trong IPP v\u00e0<\/li><li>Chi ph\u00ed cung c\u1ea5p c\u00e1c d\u1ecbch v\u1ee5 ho\u1eb7c s\u1ef1 h\u1ed7 tr\u1ee3 c\u00f3 ch\u1ea5t l\u01b0\u1ee3ng t\u01b0\u01a1ng \u0111\u01b0\u01a1ng t\u1eeb c\u00e1c nh\u00e0 cung c\u1ea5p kh\u00e1c nhau.<span class=\"footnote_referrer\"><a role=\"button\" tabindex=\"0\" onclick=\"footnote_moveToReference_1090_1('footnote_plugin_reference_1090_1_1');\" onkeypress=\"footnote_moveToReference_1090_1('footnote_plugin_reference_1090_1_1');\" ><sup id=\"footnote_plugin_tooltip_1090_1_1\" class=\"footnote_plugin_tooltip_text\">[1]<\/sup><\/a><span id=\"footnote_plugin_tooltip_text_1090_1_1\" class=\"footnote_tooltip\">M\u1ee5c 4648(a)(6).<\/span><\/span><script type=\"text\/javascript\"> jQuery('#footnote_plugin_tooltip_1090_1_1').tooltip({ tip: '#footnote_plugin_tooltip_text_1090_1_1', tipClass: 'footnote_tooltip', effect: 'fade', predelay: 0, fadeInSpeed: 200, delay: 400, fadeOutSpeed: 200, position: 'top center', relative: true, offset: [-7, 0], });<\/script><\/li><\/ul>\n\n\n\n<p>Lu\u1eadt quy \u0111\u1ecbnh trung t\u00e2m khu v\u1ef1c ph\u1ea3i s\u1eed d\u1ee5ng nh\u00e0 cung c\u1ea5p s\u1eb5n c\u00f3 v\u1edbi chi ph\u00ed \u00edt nh\u1ea5t, k\u00e8m chi ph\u00ed chuy\u00ean ch\u1edf, c\u00f3 th\u1ec3 \u0111\u00e1p \u1ee9ng nhu c\u1ea7u trong IPP c\u1ee7a con qu\u00fd v\u1ecb. Tuy nhi\u00ean, nh\u00e0 cung c\u1ea5p c\u00f3 chi ph\u00ed \u00edt nh\u1ea5t ph\u1ea3i c\u00f3 kh\u1ea3 n\u0103ng \u0111\u00e1p \u1ee9ng m\u1ecdi nhu c\u1ea7u c\u1ee5 th\u1ec3 \u0111\u00e3 n\u00eau trong IPP. Tuy nhi\u00ean, n\u1ebfu c\u00f3 nh\u00e0 cung c\u1ea5p v\u1edbi chi ph\u00ed \u00edt h\u01a1n, con qu\u00fd v\u1ecb s\u1ebd kh\u00f4ng ph\u1ea3i thay \u0111\u1ed5i sang nh\u00e0 cung c\u1ea5p \u0111\u00f3 n\u1ebfu vi\u1ec7c n\u00e0y d\u1eabn t\u1edbi m\u00f4i tr\u01b0\u1eddng h\u1ea1n ch\u1ebf h\u01a1n ho\u1eb7c k\u00e9m h\u00f2a nh\u1eadp h\u01a1n.<span class=\"footnote_referrer\"><a role=\"button\" tabindex=\"0\" onclick=\"footnote_moveToReference_1090_1('footnote_plugin_reference_1090_1_2');\" onkeypress=\"footnote_moveToReference_1090_1('footnote_plugin_reference_1090_1_2');\" ><sup id=\"footnote_plugin_tooltip_1090_1_2\" class=\"footnote_plugin_tooltip_text\">[2]<\/sup><\/a><span id=\"footnote_plugin_tooltip_text_1090_1_2\" class=\"footnote_tooltip\">M\u1ee5c 4648(a)(6)(D).<\/span><\/span><script type=\"text\/javascript\"> jQuery('#footnote_plugin_tooltip_1090_1_2').tooltip({ tip: '#footnote_plugin_tooltip_text_1090_1_2', tipClass: 'footnote_tooltip', effect: 'fade', predelay: 0, fadeInSpeed: 200, delay: 400, fadeOutSpeed: 200, position: 'top center', relative: true, offset: [-7, 0], });<\/script> Nh\u00e0 cung c\u1ea5p d\u1ecbch v\u1ee5 nh\u1eadn ti\u1ec1n c\u1ee7a li\u00ean bang \u0111\u1ec3 cung c\u1ea5p c\u00e1c d\u1ecbch v\u1ee5 c\u00f3 th\u1ec3 t\u1ed1n \u00edt chi ph\u00ed h\u01a1n so v\u1edbi nh\u00e0 cung c\u1ea5p d\u1ecbch v\u1ee5 kh\u00f4ng nh\u1eadn ti\u1ec1n c\u1ee7a li\u00ean bang. Trung t\u00e2m khu v\u1ef1c c\u0169ng ph\u1ea3i c\u00e2n nh\u1eafc \u0111i\u1ec1u n\u00e0y khi l\u1ef1a ch\u1ecdn nh\u00e0 cung c\u1ea5p.<span class=\"footnote_referrer\"><a role=\"button\" tabindex=\"0\" onclick=\"footnote_moveToReference_1090_1('footnote_plugin_reference_1090_1_3');\" onkeypress=\"footnote_moveToReference_1090_1('footnote_plugin_reference_1090_1_3');\" ><sup id=\"footnote_plugin_tooltip_1090_1_3\" class=\"footnote_plugin_tooltip_text\">[3]<\/sup><\/a><span id=\"footnote_plugin_tooltip_text_1090_1_3\" class=\"footnote_tooltip\">M\u1ee5c 4648(a)(6)(D).<\/span><\/span><script type=\"text\/javascript\"> jQuery('#footnote_plugin_tooltip_1090_1_3').tooltip({ tip: '#footnote_plugin_tooltip_text_1090_1_3', tipClass: 'footnote_tooltip', effect: 'fade', predelay: 0, fadeInSpeed: 200, delay: 400, fadeOutSpeed: 200, position: 'top center', relative: true, offset: [-7, 0], });<\/script><\/p>\n\n\n\n<p>N\u1ebfu trung t\u00e2m khu v\u1ef1c c\u1ee7a con qu\u00fd v\u1ecb mu\u1ed1n \u0111\u1ed5i sang nh\u00e0 cung c\u1ea5p c\u00f3 chi ph\u00ed \u00edt nh\u1ea5t, h\u1ecd ph\u1ea3i t\u1ed5 ch\u1ee9c m\u1ed9t cu\u1ed9c h\u1ecdp IPP v\u00e0 qu\u00fd v\u1ecb \u0111\u1ed3ng \u00fd v\u1edbi thay \u0111\u1ed5i \u0111\u00f3 ho\u1eb7c g\u1eedi v\u0103n b\u1ea3n th\u00f4ng b\u00e1o v\u1ec1 \u0111\u1ec1 xu\u1ea5t thay \u0111\u1ed5i \u0111\u00f3 cho qu\u00fd v\u1ecb.<span class=\"footnote_referrer\"><a role=\"button\" tabindex=\"0\" onclick=\"footnote_moveToReference_1090_1('footnote_plugin_reference_1090_1_4');\" onkeypress=\"footnote_moveToReference_1090_1('footnote_plugin_reference_1090_1_4');\" ><sup id=\"footnote_plugin_tooltip_1090_1_4\" class=\"footnote_plugin_tooltip_text\">[4]<\/sup><\/a><span id=\"footnote_plugin_tooltip_text_1090_1_4\" class=\"footnote_tooltip\">M\u1ee5c 4646.4(h).<\/span><\/span><script type=\"text\/javascript\"> jQuery('#footnote_plugin_tooltip_1090_1_4').tooltip({ tip: '#footnote_plugin_tooltip_text_1090_1_4', tipClass: 'footnote_tooltip', effect: 'fade', predelay: 0, fadeInSpeed: 200, delay: 400, fadeOutSpeed: 200, position: 'top center', relative: true, offset: [-7, 0], });<\/script> N\u1ebfu h\u1ecd mu\u1ed1n gi\u1ea3m b\u1edbt, d\u1eebng ho\u1eb7c thay \u0111\u1ed5i d\u1ecbch v\u1ee5 trong IPP c\u1ee7a con qu\u00fd v\u1ecb, tr\u01b0\u1edbc ti\u00ean h\u1ecd ph\u1ea3i g\u1eedi cho qu\u00fd v\u1ecb th\u00f4ng b\u00e1o trong v\u00f2ng 30 ng\u00e0y.<span class=\"footnote_referrer\"><a role=\"button\" tabindex=\"0\" onclick=\"footnote_moveToReference_1090_1('footnote_plugin_reference_1090_1_5');\" onkeypress=\"footnote_moveToReference_1090_1('footnote_plugin_reference_1090_1_5');\" ><sup id=\"footnote_plugin_tooltip_1090_1_5\" class=\"footnote_plugin_tooltip_text\">[5]<\/sup><\/a><span id=\"footnote_plugin_tooltip_text_1090_1_5\" class=\"footnote_tooltip\">M\u1ee5c 4710(a).<\/span><\/span><script type=\"text\/javascript\"> jQuery('#footnote_plugin_tooltip_1090_1_5').tooltip({ tip: '#footnote_plugin_tooltip_text_1090_1_5', tipClass: 'footnote_tooltip', effect: 'fade', predelay: 0, fadeInSpeed: 200, delay: 400, fadeOutSpeed: 200, position: 'top center', relative: true, offset: [-7, 0], });<\/script><\/p>\n\n\n\n<p>Sau c\u00f9ng, trung t\u00e2m khu v\u1ef1c kh\u00f4ng th\u1ec3 mua c\u00e1c d\u1ecbch v\u1ee5 \u0111i\u1ec1u tr\u1ecb ho\u1eb7c d\u1ecbch v\u1ee5 tr\u1ecb li\u1ec7u th\u1eed nghi\u1ec7m hay c\u00e1c thi\u1ebft b\u1ecb ch\u01b0a \u0111\u01b0\u1ee3c ch\u1ee9ng minh v\u1ec1 m\u1eb7t l\u00e2m s\u00e0ng hay khoa h\u1ecdc l\u00e0 c\u00f3 hi\u1ec7u qu\u1ea3 ho\u1eb7c an to\u00e0n ho\u1eb7c ch\u01b0a x\u00e1c \u0111\u1ecbnh \u0111\u01b0\u1ee3c c\u00e1c r\u1ee7i ro v\u00e0 v\u1ea5n \u0111\u1ec1. C\u00e1c \u0111i\u1ec1u tr\u1ecb ho\u1eb7c d\u1ecbch v\u1ee5 tr\u1ecb li\u1ec7u th\u1ef1c nghi\u1ec7m bao g\u1ed3m tr\u1ecb li\u1ec7u dinh d\u01b0\u1ee1ng ho\u1eb7c y t\u1ebf th\u1ef1c nghi\u1ec7m khi vi\u1ec7c s\u1eed d\u1ee5ng s\u1ea3n ph\u1ea9m v\u00ec m\u1ee5c \u0111\u00edch \u0111\u00f3 kh\u00f4ng ph\u1ea3i l\u00e0 h\u00e0nh ngh\u1ec1 b\u00e1c s\u0129 y khoa.<span class=\"footnote_referrer\"><a role=\"button\" tabindex=\"0\" onclick=\"footnote_moveToReference_1090_1('footnote_plugin_reference_1090_1_6');\" onkeypress=\"footnote_moveToReference_1090_1('footnote_plugin_reference_1090_1_6');\" ><sup id=\"footnote_plugin_tooltip_1090_1_6\" class=\"footnote_plugin_tooltip_text\">[6]<\/sup><\/a><span id=\"footnote_plugin_tooltip_text_1090_1_6\" class=\"footnote_tooltip\">M\u1ee5c 4648(a)(16).<\/span><\/span><script type=\"text\/javascript\"> jQuery('#footnote_plugin_tooltip_1090_1_6').tooltip({ tip: '#footnote_plugin_tooltip_text_1090_1_6', tipClass: 'footnote_tooltip', effect: 'fade', predelay: 0, fadeInSpeed: 200, delay: 400, fadeOutSpeed: 200, position: 'top center', relative: true, offset: [-7, 0], });<\/script><\/p>\n<div class=\"speaker-mute footnotes_reference_container\"> <div class=\"footnote_container_prepare\"><p><span role=\"button\" tabindex=\"0\" class=\"footnote_reference_container_label pointer\" onclick=\"footnote_expand_collapse_reference_container_1090_1();\">&#x202F;<\/span><span role=\"button\" tabindex=\"0\" class=\"footnote_reference_container_collapse_button\" style=\"display: none;\" onclick=\"footnote_expand_collapse_reference_container_1090_1();\">[<a id=\"footnote_reference_container_collapse_button_1090_1\">+<\/a>]<\/span><\/p><\/div> <div id=\"footnote_references_container_1090_1\" style=\"\"><table class=\"footnotes_table footnote-reference-container\"><caption class=\"accessibility\">References<\/caption> <tbody> \r\n\r\n<tr class=\"footnotes_plugin_reference_row\"> <th scope=\"row\" class=\"footnote_plugin_index_combi pointer\"  onclick=\"footnote_moveToAnchor_1090_1('footnote_plugin_tooltip_1090_1_1');\"><a id=\"footnote_plugin_reference_1090_1_1\" class=\"footnote_backlink\"><span class=\"footnote_index_arrow\">&#8593;<\/span>1<\/a><\/th> <td class=\"footnote_plugin_text\">M\u1ee5c 4648(a)(6).<\/td><\/tr>\r\n\r\n<tr class=\"footnotes_plugin_reference_row\"> <th scope=\"row\" class=\"footnote_plugin_index_combi\" ><a id=\"footnote_plugin_reference_1090_1_2\" class=\"footnote_backlink\" onclick=\"footnote_moveToAnchor_1090_1('footnote_plugin_tooltip_1090_1_2');\"><span class=\"footnote_index_arrow\">&#8593;<\/span>2,<\/a> <a id=\"footnote_plugin_reference_1090_1_3\" class=\"footnote_backlink\" onclick=\"footnote_moveToAnchor_1090_1('footnote_plugin_tooltip_1090_1_3');\"><span class=\"footnote_index_arrow\">&#8593;<\/span>3<\/a><\/th> <td class=\"footnote_plugin_text\">M\u1ee5c 4648(a)(6)(D).<\/td><\/tr>\r\n\r\n<tr class=\"footnotes_plugin_reference_row\"> <th scope=\"row\" class=\"footnote_plugin_index_combi pointer\"  onclick=\"footnote_moveToAnchor_1090_1('footnote_plugin_tooltip_1090_1_4');\"><a id=\"footnote_plugin_reference_1090_1_4\" class=\"footnote_backlink\"><span class=\"footnote_index_arrow\">&#8593;<\/span>4<\/a><\/th> <td class=\"footnote_plugin_text\">M\u1ee5c 4646.4(h).<\/td><\/tr>\r\n\r\n<tr class=\"footnotes_plugin_reference_row\"> <th scope=\"row\" class=\"footnote_plugin_index_combi pointer\"  onclick=\"footnote_moveToAnchor_1090_1('footnote_plugin_tooltip_1090_1_5');\"><a id=\"footnote_plugin_reference_1090_1_5\" class=\"footnote_backlink\"><span class=\"footnote_index_arrow\">&#8593;<\/span>5<\/a><\/th> <td class=\"footnote_plugin_text\">M\u1ee5c 4710(a).<\/td><\/tr>\r\n\r\n<tr class=\"footnotes_plugin_reference_row\"> <th scope=\"row\" class=\"footnote_plugin_index_combi pointer\"  onclick=\"footnote_moveToAnchor_1090_1('footnote_plugin_tooltip_1090_1_6');\"><a id=\"footnote_plugin_reference_1090_1_6\" class=\"footnote_backlink\"><span class=\"footnote_index_arrow\">&#8593;<\/span>6<\/a><\/th> <td class=\"footnote_plugin_text\">M\u1ee5c 4648(a)(16).<\/td><\/tr>\r\n\r\n <\/tbody> <\/table> <\/div><\/div><script type=\"text\/javascript\"> function footnote_expand_reference_container_1090_1() { jQuery('#footnote_references_container_1090_1').show(); jQuery('#footnote_reference_container_collapse_button_1090_1').text('\u2212'); } function footnote_collapse_reference_container_1090_1() { jQuery('#footnote_references_container_1090_1').hide(); jQuery('#footnote_reference_container_collapse_button_1090_1').text('+'); } function footnote_expand_collapse_reference_container_1090_1() { if (jQuery('#footnote_references_container_1090_1').is(':hidden')) { footnote_expand_reference_container_1090_1(); } else { footnote_collapse_reference_container_1090_1(); } } function footnote_moveToReference_1090_1(p_str_TargetID) { footnote_expand_reference_container_1090_1(); var l_obj_Target = jQuery('#' + p_str_TargetID); if (l_obj_Target.length) { jQuery( 'html, body' ).delay( 0 ); jQuery('html, body').animate({ scrollTop: l_obj_Target.offset().top - window.innerHeight * 0.2 }, 380); } } function footnote_moveToAnchor_1090_1(p_str_TargetID) { footnote_expand_reference_container_1090_1(); var l_obj_Target = jQuery('#' + p_str_TargetID); if (l_obj_Target.length) { jQuery( 'html, body' ).delay( 0 ); jQuery('html, body').animate({ scrollTop: l_obj_Target.offset().top - window.innerHeight * 0.2 }, 380); } }<\/script>","protected":false},"excerpt":{"rendered":"<p>Khi ch\u1ecdn nh\u00e0 cung c\u1ea5p, \u0110\u1ea1o Lu\u1eadt Lanterman quy \u0111\u1ecbnh nh\u00f3m IPP ph\u1ea3i c\u00e2n nh\u1eafc: Kh\u1ea3 n\u0103ng c\u1ee7a nh\u00e0 cung c\u1ea5p trong vi\u1ec7c cung c\u1ea5p&hellip;<\/p>\n","protected":false},"author":1,"featured_media":0,"parent":219,"menu_order":9,"comment_status":"closed","ping_status":"closed","template":"","meta":{"footnotes":""},"class_list":["post-1090","page","type-page","status-publish","hentry"],"_links":{"self":[{"href":"https:\/\/rula.disabilityrightsca.org\/vi\/wp-json\/wp\/v2\/pages\/1090","targetHints":{"allow":["GET"]}}],"collection":[{"href":"https:\/\/rula.disabilityrightsca.org\/vi\/wp-json\/wp\/v2\/pages"}],"about":[{"href":"https:\/\/rula.disabilityrightsca.org\/vi\/wp-json\/wp\/v2\/types\/page"}],"author":[{"embeddable":true,"href":"https:\/\/rula.disabilityrightsca.org\/vi\/wp-json\/wp\/v2\/users\/1"}],"replies":[{"embeddable":true,"href":"https:\/\/rula.disabilityrightsca.org\/vi\/wp-json\/wp\/v2\/comments?post=1090"}],"version-history":[{"count":6,"href":"https:\/\/rula.disabilityrightsca.org\/vi\/wp-json\/wp\/v2\/pages\/1090\/revisions"}],"predecessor-version":[{"id":3728,"href":"https:\/\/rula.disabilityrightsca.org\/vi\/wp-json\/wp\/v2\/pages\/1090\/revisions\/3728"}],"up":[{"embeddable":true,"href":"https:\/\/rula.disabilityrightsca.org\/vi\/wp-json\/wp\/v2\/pages\/219"}],"wp:attachment":[{"href":"https:\/\/rula.disabilityrightsca.org\/vi\/wp-json\/wp\/v2\/media?parent=1090"}],"curies":[{"name":"wp","href":"https:\/\/api.w.org\/{rel}","templated":true}]}}