{"id":1088,"date":"2021-05-13T18:51:24","date_gmt":"2021-05-13T18:51:24","guid":{"rendered":"http:\/\/www.rula.disabilityrightsca.org\/vi\/?page_id=1088"},"modified":"2023-07-21T18:51:25","modified_gmt":"2023-07-21T18:51:25","slug":"can-regional-centers-pay-for-medical-or-dental-services","status":"publish","type":"page","link":"https:\/\/rula.disabilityrightsca.org\/vi\/rula-book\/chapter-6-keeping-the-family-together-services-and-supports-for-children\/can-regional-centers-pay-for-medical-or-dental-services\/","title":{"rendered":"(6.8) Trung t\u00e2m khu v\u1ef1c c\u00f3 th\u1ec3 thanh to\u00e1n cho c\u00e1c d\u1ecbch v\u1ee5 y t\u1ebf ho\u1eb7c nha khoa kh\u00f4ng?"},"content":{"rendered":"\n<p>\u0110\u1ea1o Lu\u1eadt Lanterman quy \u0111\u1ecbnh trung t\u00e2m khu v\u1ef1c c\u00f3 th\u1ec3 thanh to\u00e1n cho c\u00e1c d\u1ecbch v\u1ee5 n\u00e0y cho tr\u1ebb tr\u00ean ba tu\u1ed5i ch\u1ec9 trong m\u1ed9t v\u00e0i tr\u01b0\u1eddng h\u1ee3p:<\/p>\n\n\n\n<ul class=\"wp-block-list\"><li>Qu\u00fd v\u1ecb c\u1ed1 g\u1eafng nh\u1eadn c\u00e1c d\u1ecbch v\u1ee5 n\u00e0y t\u1eeb Medi-Cal ho\u1eb7c b\u1ea3o hi\u1ec3m, h\u1ecd t\u1eeb ch\u1ed1i d\u1ecbch v\u1ee5 v\u00e0 c\u00f3 th\u1ec3 qu\u00fd v\u1ecb kh\u00f4ng th\u00e0nh c\u00f4ng khi kh\u00e1ng c\u00e1o<\/li><li>Qu\u00fd v\u1ecb \u0111ang c\u1ed1 y\u00eau c\u1ea7u Medi-Cal ho\u1eb7c b\u1ea3o hi\u1ec3m bao tr\u1ea3 cho c\u00e1c d\u1ecbch v\u1ee5 n\u00e0y v\u00e0 Medi-Cal ho\u1eb7c b\u1ea3o hi\u1ec3m ch\u01b0a t\u1eeb ch\u1ed1i<\/li><li>N\u1ebfu Medi-Cal ho\u1eb7c b\u1ea3o hi\u1ec3m t\u1eeb ch\u1ed1i v\u00e0 qu\u00fd v\u1ecb kh\u00e1ng c\u00e1o, trung t\u00e2m khu v\u1ef1c c\u00f3 th\u1ec3 thanh to\u00e1n cho c\u00e1c d\u1ecbch v\u1ee5 n\u00e0y trong qu\u00e1 tr\u00ecnh kh\u00e1ng c\u00e1o.<\/li><li>Qu\u00fd v\u1ecb \u0111\u00e3 \u0111\u0103ng k\u00fd nh\u1eadn kho\u1ea3n bao tr\u1ea3 t\u1eeb Medi-Cal ho\u1eb7c b\u1ea3o hi\u1ec3m nh\u01b0ng kho\u1ea3n bao tr\u1ea3 v\u1eabn ch\u01b0a b\u1eaft \u0111\u1ea7u.<span class=\"footnote_referrer\"><a role=\"button\" tabindex=\"0\" onclick=\"footnote_moveToReference_1088_1('footnote_plugin_reference_1088_1_1');\" onkeypress=\"footnote_moveToReference_1088_1('footnote_plugin_reference_1088_1_1');\" ><sup id=\"footnote_plugin_tooltip_1088_1_1\" class=\"footnote_plugin_tooltip_text\">[1]<\/sup><\/a><span id=\"footnote_plugin_tooltip_text_1088_1_1\" class=\"footnote_tooltip\">M\u1ee5c 4659(d)(1).<\/span><\/span><script type=\"text\/javascript\"> jQuery('#footnote_plugin_tooltip_1088_1_1').tooltip({ tip: '#footnote_plugin_tooltip_text_1088_1_1', tipClass: 'footnote_tooltip', effect: 'fade', predelay: 0, fadeInSpeed: 200, delay: 400, fadeOutSpeed: 200, position: 'top center', relative: true, offset: [-7, 0], });<\/script><\/li><\/ul>\n<div class=\"speaker-mute footnotes_reference_container\"> <div class=\"footnote_container_prepare\"><p><span role=\"button\" tabindex=\"0\" class=\"footnote_reference_container_label pointer\" onclick=\"footnote_expand_collapse_reference_container_1088_1();\">&#x202F;<\/span><span role=\"button\" tabindex=\"0\" class=\"footnote_reference_container_collapse_button\" style=\"display: none;\" onclick=\"footnote_expand_collapse_reference_container_1088_1();\">[<a id=\"footnote_reference_container_collapse_button_1088_1\">+<\/a>]<\/span><\/p><\/div> <div id=\"footnote_references_container_1088_1\" style=\"\"><table class=\"footnotes_table footnote-reference-container\"><caption class=\"accessibility\">References<\/caption> <tbody> \r\n\r\n<tr class=\"footnotes_plugin_reference_row\"> <th scope=\"row\" class=\"footnote_plugin_index_combi pointer\"  onclick=\"footnote_moveToAnchor_1088_1('footnote_plugin_tooltip_1088_1_1');\"><a id=\"footnote_plugin_reference_1088_1_1\" class=\"footnote_backlink\"><span class=\"footnote_index_arrow\">&#8593;<\/span>1<\/a><\/th> <td class=\"footnote_plugin_text\">M\u1ee5c 4659(d)(1).<\/td><\/tr>\r\n\r\n <\/tbody> <\/table> <\/div><\/div><script type=\"text\/javascript\"> function footnote_expand_reference_container_1088_1() { jQuery('#footnote_references_container_1088_1').show(); jQuery('#footnote_reference_container_collapse_button_1088_1').text('\u2212'); } function footnote_collapse_reference_container_1088_1() { jQuery('#footnote_references_container_1088_1').hide(); jQuery('#footnote_reference_container_collapse_button_1088_1').text('+'); } function footnote_expand_collapse_reference_container_1088_1() { if (jQuery('#footnote_references_container_1088_1').is(':hidden')) { footnote_expand_reference_container_1088_1(); } else { footnote_collapse_reference_container_1088_1(); } } function footnote_moveToReference_1088_1(p_str_TargetID) { footnote_expand_reference_container_1088_1(); var l_obj_Target = jQuery('#' + p_str_TargetID); if (l_obj_Target.length) { jQuery( 'html, body' ).delay( 0 ); jQuery('html, body').animate({ scrollTop: l_obj_Target.offset().top - window.innerHeight * 0.2 }, 380); } } function footnote_moveToAnchor_1088_1(p_str_TargetID) { footnote_expand_reference_container_1088_1(); var l_obj_Target = jQuery('#' + p_str_TargetID); if (l_obj_Target.length) { jQuery( 'html, body' ).delay( 0 ); jQuery('html, body').animate({ scrollTop: l_obj_Target.offset().top - window.innerHeight * 0.2 }, 380); } }<\/script>","protected":false},"excerpt":{"rendered":"<p>\u0110\u1ea1o Lu\u1eadt Lanterman quy \u0111\u1ecbnh trung t\u00e2m khu v\u1ef1c c\u00f3 th\u1ec3 thanh to\u00e1n cho c\u00e1c d\u1ecbch v\u1ee5 n\u00e0y cho tr\u1ebb tr\u00ean ba tu\u1ed5i ch\u1ec9 trong&hellip;<\/p>\n","protected":false},"author":1,"featured_media":0,"parent":219,"menu_order":8,"comment_status":"closed","ping_status":"closed","template":"","meta":{"footnotes":""},"class_list":["post-1088","page","type-page","status-publish","hentry"],"_links":{"self":[{"href":"https:\/\/rula.disabilityrightsca.org\/vi\/wp-json\/wp\/v2\/pages\/1088","targetHints":{"allow":["GET"]}}],"collection":[{"href":"https:\/\/rula.disabilityrightsca.org\/vi\/wp-json\/wp\/v2\/pages"}],"about":[{"href":"https:\/\/rula.disabilityrightsca.org\/vi\/wp-json\/wp\/v2\/types\/page"}],"author":[{"embeddable":true,"href":"https:\/\/rula.disabilityrightsca.org\/vi\/wp-json\/wp\/v2\/users\/1"}],"replies":[{"embeddable":true,"href":"https:\/\/rula.disabilityrightsca.org\/vi\/wp-json\/wp\/v2\/comments?post=1088"}],"version-history":[{"count":3,"href":"https:\/\/rula.disabilityrightsca.org\/vi\/wp-json\/wp\/v2\/pages\/1088\/revisions"}],"predecessor-version":[{"id":3726,"href":"https:\/\/rula.disabilityrightsca.org\/vi\/wp-json\/wp\/v2\/pages\/1088\/revisions\/3726"}],"up":[{"embeddable":true,"href":"https:\/\/rula.disabilityrightsca.org\/vi\/wp-json\/wp\/v2\/pages\/219"}],"wp:attachment":[{"href":"https:\/\/rula.disabilityrightsca.org\/vi\/wp-json\/wp\/v2\/media?parent=1088"}],"curies":[{"name":"wp","href":"https:\/\/api.w.org\/{rel}","templated":true}]}}