{"id":1086,"date":"2021-05-13T18:49:34","date_gmt":"2021-05-13T18:49:34","guid":{"rendered":"http:\/\/www.rula.disabilityrightsca.org\/vi\/?page_id=1086"},"modified":"2023-07-21T18:46:23","modified_gmt":"2023-07-21T18:46:23","slug":"how-do-natural-supports-work-as-a-generic-resource","status":"publish","type":"page","link":"https:\/\/rula.disabilityrightsca.org\/vi\/rula-book\/chapter-6-keeping-the-family-together-services-and-supports-for-children\/how-do-natural-supports-work-as-a-generic-resource\/","title":{"rendered":"(6.7) S\u1ef1 h\u1ed7 tr\u1ee3 t\u1ef1 nhi\u00ean ho\u1ea1t \u0111\u1ed9ng nh\u01b0 th\u1ebf n\u00e0o v\u1edbi t\u01b0 c\u00e1ch l\u00e0 ngu\u1ed3n l\u1ef1c chung?"},"content":{"rendered":"\n<p>S\u1ef1 h\u1ed7 tr\u1ee3 t\u1ef1 nhi\u00ean l\u00e0 nh\u1eefng ng\u01b0\u1eddi nh\u01b0 th\u00e0nh vi\u00ean gia \u0111\u00ecnh, b\u1ea1n b\u00e8, h\u1ecdc sinh, \u0111\u1ed3ng nghi\u1ec7p v\u00e0 c\u00e1c m\u1ed1i quan h\u1ec7 kh\u00e1c \u0111\u01b0\u1ee3c t\u1ea1o trong c\u1ed9ng \u0111\u1ed3ng \u0111\u00e3 c\u00f3 trong cu\u1ed9c s\u1ed1ng c\u1ee7a tr\u1ebb \u0111\u1ec3 gi\u00fap tr\u1ebb \u0111\u1ea1t \u0111\u01b0\u1ee3c c\u00e1c m\u1ee5c \u0111\u00edch trong IPP.<span class=\"footnote_referrer\"><a role=\"button\" tabindex=\"0\" onclick=\"footnote_moveToReference_1086_1('footnote_plugin_reference_1086_1_1');\" onkeypress=\"footnote_moveToReference_1086_1('footnote_plugin_reference_1086_1_1');\" ><sup id=\"footnote_plugin_tooltip_1086_1_1\" class=\"footnote_plugin_tooltip_text\">[1]<\/sup><\/a><span id=\"footnote_plugin_tooltip_text_1086_1_1\" class=\"footnote_tooltip\">C\u00e1c M\u1ee5c 4512(e) v\u00e0 4646.5(a)(5).<\/span><\/span><script type=\"text\/javascript\"> jQuery('#footnote_plugin_tooltip_1086_1_1').tooltip({ tip: '#footnote_plugin_tooltip_text_1086_1_1', tipClass: 'footnote_tooltip', effect: 'fade', predelay: 0, fadeInSpeed: 200, delay: 400, fadeOutSpeed: 200, position: 'top center', relative: true, offset: [-7, 0], });<\/script> S\u1ef1 h\u1ed7 tr\u1ee3 t\u1ef1 nhi\u00ean cho tr\u1ebb th\u01b0\u1eddng l\u00e0 cha m\u1eb9 v\u00e0 gia \u0111\u00ecnh c\u00f3 th\u1ec3 gi\u00fap tr\u1ebb. C\u00e1c d\u1ecbch v\u1ee5 h\u1ed7 tr\u1ee3 gia \u0111\u00ecnh m\u00e0 trung t\u00e2m khu v\u1ef1c cung c\u1ea5p ph\u1ea3i \u0111\u01b0\u1ee3c th\u1eeba nh\u1eadn v\u00e0 x\u00e2y d\u1ef1ng tr\u00ean s\u1ef1 h\u1ed7 tr\u1ee3 t\u1ef1 nhi\u00ean m\u00e0 tr\u1ebb c\u00f3 trong cu\u1ed9c s\u1ed1ng.<span class=\"footnote_referrer\"><a role=\"button\" tabindex=\"0\" onclick=\"footnote_moveToReference_1086_1('footnote_plugin_reference_1086_1_2');\" onkeypress=\"footnote_moveToReference_1086_1('footnote_plugin_reference_1086_1_2');\" ><sup id=\"footnote_plugin_tooltip_1086_1_2\" class=\"footnote_plugin_tooltip_text\">[2]<\/sup><\/a><span id=\"footnote_plugin_tooltip_text_1086_1_2\" class=\"footnote_tooltip\">M\u1ee5c 4685(b)(3).<\/span><\/span><script type=\"text\/javascript\"> jQuery('#footnote_plugin_tooltip_1086_1_2').tooltip({ tip: '#footnote_plugin_tooltip_text_1086_1_2', tipClass: 'footnote_tooltip', effect: 'fade', predelay: 0, fadeInSpeed: 200, delay: 400, fadeOutSpeed: 200, position: 'top center', relative: true, offset: [-7, 0], });<\/script> \u0110\u1ec3 m\u1edf r\u1ed9ng s\u1ef1 s\u1eb5n c\u00f3 c\u1ee7a c\u00e1c d\u1ecbch v\u1ee5, trung t\u00e2m khu v\u1ef1c c\u00f3 th\u1ec3 s\u1eed d\u1ee5ng s\u1ef1 h\u1ed7 tr\u1ee3 t\u1ef1 nhi\u00ean.<span class=\"footnote_referrer\"><a role=\"button\" tabindex=\"0\" onclick=\"footnote_moveToReference_1086_1('footnote_plugin_reference_1086_1_3');\" onkeypress=\"footnote_moveToReference_1086_1('footnote_plugin_reference_1086_1_3');\" ><sup id=\"footnote_plugin_tooltip_1086_1_3\" class=\"footnote_plugin_tooltip_text\">[3]<\/sup><\/a><span id=\"footnote_plugin_tooltip_text_1086_1_3\" class=\"footnote_tooltip\">M\u1ee5c 4648(e)(3).<\/span><\/span><script type=\"text\/javascript\"> jQuery('#footnote_plugin_tooltip_1086_1_3').tooltip({ tip: '#footnote_plugin_tooltip_text_1086_1_3', tipClass: 'footnote_tooltip', effect: 'fade', predelay: 0, fadeInSpeed: 200, delay: 400, fadeOutSpeed: 200, position: 'top center', relative: true, offset: [-7, 0], });<\/script> Khi ph\u00e1t tri\u1ec3n IPP c\u1ee7a tr\u1ebb, \u0111i\u1ec1u ph\u1ed1i vi\u00ean d\u1ecbch v\u1ee5 c\u1ee7a trung t\u00e2m khu v\u1ef1c s\u1ebd t\u00ecm hi\u1ec3u s\u1ef1 h\u1ed7 tr\u1ee3 t\u1ef1 nhi\u00ean c\u1ee7a tr\u1ebb, nh\u1eefng ng\u01b0\u1eddi c\u00f3 th\u1ec3 v\u00e0 s\u1eb5n l\u00f2ng cung c\u1ea5p m\u1ed9t s\u1ed1 d\u1ecbch v\u1ee5 trong IPP. Trung t\u00e2m khu v\u1ef1c c\u00f3 th\u1ec3 s\u1ebd xem x\u00e9t vi\u1ec7c cha m\u1eb9 c\u1ee7a tr\u1ebb cung c\u1ea5p m\u1ed9t c\u00e1ch t\u1ef1 nhi\u00ean c\u00e1c d\u1ecbch v\u1ee5 v\u00e0 s\u1ef1 h\u1ed7 tr\u1ee3 t\u01b0\u01a1ng t\u1ef1 v\u1edbi c\u00e1c d\u1ecbch v\u1ee5 v\u00e0 s\u1ef1 h\u1ed7 tr\u1ee3 m\u00e0 cha m\u1eb9 s\u1ebd cung c\u1ea5p cho tr\u1ebb c\u00f9ng tu\u1ed5i kh\u00f4ng b\u1ecb khuy\u1ebft t\u1eadt. <span class=\"footnote_referrer\"><a role=\"button\" tabindex=\"0\" onclick=\"footnote_moveToReference_1086_1('footnote_plugin_reference_1086_1_4');\" onkeypress=\"footnote_moveToReference_1086_1('footnote_plugin_reference_1086_1_4');\" ><sup id=\"footnote_plugin_tooltip_1086_1_4\" class=\"footnote_plugin_tooltip_text\">[4]<\/sup><\/a><span id=\"footnote_plugin_tooltip_text_1086_1_4\" class=\"footnote_tooltip\">M\u1ee5c 4646.4(a)(4).<\/span><\/span><script type=\"text\/javascript\"> jQuery('#footnote_plugin_tooltip_1086_1_4').tooltip({ tip: '#footnote_plugin_tooltip_text_1086_1_4', tipClass: 'footnote_tooltip', effect: 'fade', predelay: 0, fadeInSpeed: 200, delay: 400, fadeOutSpeed: 200, position: 'top center', relative: true, offset: [-7, 0], });<\/script><\/p>\n<div class=\"speaker-mute footnotes_reference_container\"> <div class=\"footnote_container_prepare\"><p><span role=\"button\" tabindex=\"0\" class=\"footnote_reference_container_label pointer\" onclick=\"footnote_expand_collapse_reference_container_1086_1();\">&#x202F;<\/span><span role=\"button\" tabindex=\"0\" class=\"footnote_reference_container_collapse_button\" style=\"display: none;\" onclick=\"footnote_expand_collapse_reference_container_1086_1();\">[<a id=\"footnote_reference_container_collapse_button_1086_1\">+<\/a>]<\/span><\/p><\/div> <div id=\"footnote_references_container_1086_1\" style=\"\"><table class=\"footnotes_table footnote-reference-container\"><caption class=\"accessibility\">References<\/caption> <tbody> \r\n\r\n<tr class=\"footnotes_plugin_reference_row\"> <th scope=\"row\" class=\"footnote_plugin_index_combi pointer\"  onclick=\"footnote_moveToAnchor_1086_1('footnote_plugin_tooltip_1086_1_1');\"><a id=\"footnote_plugin_reference_1086_1_1\" class=\"footnote_backlink\"><span class=\"footnote_index_arrow\">&#8593;<\/span>1<\/a><\/th> <td class=\"footnote_plugin_text\">C\u00e1c M\u1ee5c 4512(e) v\u00e0 4646.5(a)(5).<\/td><\/tr>\r\n\r\n<tr class=\"footnotes_plugin_reference_row\"> <th scope=\"row\" class=\"footnote_plugin_index_combi pointer\"  onclick=\"footnote_moveToAnchor_1086_1('footnote_plugin_tooltip_1086_1_2');\"><a id=\"footnote_plugin_reference_1086_1_2\" class=\"footnote_backlink\"><span class=\"footnote_index_arrow\">&#8593;<\/span>2<\/a><\/th> <td class=\"footnote_plugin_text\">M\u1ee5c 4685(b)(3).<\/td><\/tr>\r\n\r\n<tr class=\"footnotes_plugin_reference_row\"> <th scope=\"row\" class=\"footnote_plugin_index_combi pointer\"  onclick=\"footnote_moveToAnchor_1086_1('footnote_plugin_tooltip_1086_1_3');\"><a id=\"footnote_plugin_reference_1086_1_3\" class=\"footnote_backlink\"><span class=\"footnote_index_arrow\">&#8593;<\/span>3<\/a><\/th> <td class=\"footnote_plugin_text\">M\u1ee5c 4648(e)(3).<\/td><\/tr>\r\n\r\n<tr class=\"footnotes_plugin_reference_row\"> <th scope=\"row\" class=\"footnote_plugin_index_combi pointer\"  onclick=\"footnote_moveToAnchor_1086_1('footnote_plugin_tooltip_1086_1_4');\"><a id=\"footnote_plugin_reference_1086_1_4\" class=\"footnote_backlink\"><span class=\"footnote_index_arrow\">&#8593;<\/span>4<\/a><\/th> <td class=\"footnote_plugin_text\">M\u1ee5c 4646.4(a)(4).<\/td><\/tr>\r\n\r\n <\/tbody> <\/table> <\/div><\/div><script type=\"text\/javascript\"> function footnote_expand_reference_container_1086_1() { jQuery('#footnote_references_container_1086_1').show(); jQuery('#footnote_reference_container_collapse_button_1086_1').text('\u2212'); } function footnote_collapse_reference_container_1086_1() { jQuery('#footnote_references_container_1086_1').hide(); jQuery('#footnote_reference_container_collapse_button_1086_1').text('+'); } function footnote_expand_collapse_reference_container_1086_1() { if (jQuery('#footnote_references_container_1086_1').is(':hidden')) { footnote_expand_reference_container_1086_1(); } else { footnote_collapse_reference_container_1086_1(); } } function footnote_moveToReference_1086_1(p_str_TargetID) { footnote_expand_reference_container_1086_1(); var l_obj_Target = jQuery('#' + p_str_TargetID); if (l_obj_Target.length) { jQuery( 'html, body' ).delay( 0 ); jQuery('html, body').animate({ scrollTop: l_obj_Target.offset().top - window.innerHeight * 0.2 }, 380); } } function footnote_moveToAnchor_1086_1(p_str_TargetID) { footnote_expand_reference_container_1086_1(); var l_obj_Target = jQuery('#' + p_str_TargetID); if (l_obj_Target.length) { jQuery( 'html, body' ).delay( 0 ); jQuery('html, body').animate({ scrollTop: l_obj_Target.offset().top - window.innerHeight * 0.2 }, 380); } }<\/script>","protected":false},"excerpt":{"rendered":"<p>S\u1ef1 h\u1ed7 tr\u1ee3 t\u1ef1 nhi\u00ean l\u00e0 nh\u1eefng ng\u01b0\u1eddi nh\u01b0 th\u00e0nh vi\u00ean gia \u0111\u00ecnh, b\u1ea1n b\u00e8, h\u1ecdc sinh, \u0111\u1ed3ng nghi\u1ec7p v\u00e0 c\u00e1c m\u1ed1i quan h\u1ec7 kh\u00e1c&hellip;<\/p>\n","protected":false},"author":1,"featured_media":0,"parent":219,"menu_order":7,"comment_status":"closed","ping_status":"closed","template":"","meta":{"footnotes":""},"class_list":["post-1086","page","type-page","status-publish","hentry"],"_links":{"self":[{"href":"https:\/\/rula.disabilityrightsca.org\/vi\/wp-json\/wp\/v2\/pages\/1086","targetHints":{"allow":["GET"]}}],"collection":[{"href":"https:\/\/rula.disabilityrightsca.org\/vi\/wp-json\/wp\/v2\/pages"}],"about":[{"href":"https:\/\/rula.disabilityrightsca.org\/vi\/wp-json\/wp\/v2\/types\/page"}],"author":[{"embeddable":true,"href":"https:\/\/rula.disabilityrightsca.org\/vi\/wp-json\/wp\/v2\/users\/1"}],"replies":[{"embeddable":true,"href":"https:\/\/rula.disabilityrightsca.org\/vi\/wp-json\/wp\/v2\/comments?post=1086"}],"version-history":[{"count":3,"href":"https:\/\/rula.disabilityrightsca.org\/vi\/wp-json\/wp\/v2\/pages\/1086\/revisions"}],"predecessor-version":[{"id":3725,"href":"https:\/\/rula.disabilityrightsca.org\/vi\/wp-json\/wp\/v2\/pages\/1086\/revisions\/3725"}],"up":[{"embeddable":true,"href":"https:\/\/rula.disabilityrightsca.org\/vi\/wp-json\/wp\/v2\/pages\/219"}],"wp:attachment":[{"href":"https:\/\/rula.disabilityrightsca.org\/vi\/wp-json\/wp\/v2\/media?parent=1086"}],"curies":[{"name":"wp","href":"https:\/\/api.w.org\/{rel}","templated":true}]}}