{"id":1084,"date":"2021-05-13T18:46:54","date_gmt":"2021-05-13T18:46:54","guid":{"rendered":"http:\/\/www.rula.disabilityrightsca.org\/vi\/?page_id=1084"},"modified":"2023-07-21T18:43:05","modified_gmt":"2023-07-21T18:43:05","slug":"how-do-in-home-supportive-services-work-as-a-generic-resource","status":"publish","type":"page","link":"https:\/\/rula.disabilityrightsca.org\/vi\/rula-book\/chapter-6-keeping-the-family-together-services-and-supports-for-children\/how-do-in-home-supportive-services-work-as-a-generic-resource\/","title":{"rendered":"(6.6) D\u1ecbch V\u1ee5 H\u1ed7 Tr\u1ee3 T\u1ea1i Nh\u00e0 ho\u1ea1t \u0111\u1ed9ng nh\u01b0 th\u1ebf n\u00e0o v\u1edbi t\u01b0 c\u00e1ch l\u00e0 ngu\u1ed3n l\u1ef1c chung?"},"content":{"rendered":"\n<p>D\u1ecbch V\u1ee5 H\u1ed7 Tr\u1ee3 T\u1ea1i Nh\u00e0 (IHSS) l\u00e0 m\u1ed9t d\u1ecbch v\u1ee5 chung. Trung t\u00e2m khu v\u1ef1c kh\u00f4ng th\u1ec3 thanh to\u00e1n cho c\u00e1c d\u1ecbch v\u1ee5 \u0111\u01b0\u1ee3c cung c\u1ea5p qua IHSS khi con qu\u00fd v\u1ecb \u0111\u00e1p \u1ee9ng ti\u00eau ch\u00ed nh\u01b0ng qu\u00fd v\u1ecb kh\u00f4ng \u0111\u0103ng k\u00fd. Gi\u00e1m \u0111\u1ed1c \u0111i\u1ec1u h\u00e0nh c\u1ee7a trung t\u00e2m khu v\u1ef1c c\u00f3 th\u1ec3 \u00e1p d\u1ee5ng ngo\u1ea1i l\u1ec7 \u0111\u1ed1i v\u1edbi quy \u0111\u1ecbnh n\u00e0y v\u00e0 thanh to\u00e1n cho c\u00e1c d\u1ecbch v\u1ee5 k\u1ec3 c\u1ea3 khi qu\u00fd v\u1ecb kh\u00f4ng \u0111\u0103ng k\u00fd IHSS, n\u1ebfu c\u00f3 \u201ctr\u01b0\u1eddng h\u1ee3p \u0111\u1eb7c bi\u1ec7t\u201d v\u00e0 tr\u01b0\u1eddng h\u1ee3p \u0111\u00f3 \u0111\u01b0\u1ee3c ghi trong IPP c\u1ee7a con qu\u00fd v\u1ecb.<span class=\"footnote_referrer\"><a role=\"button\" tabindex=\"0\" onclick=\"footnote_moveToReference_1084_1('footnote_plugin_reference_1084_1_1');\" onkeypress=\"footnote_moveToReference_1084_1('footnote_plugin_reference_1084_1_1');\" ><sup id=\"footnote_plugin_tooltip_1084_1_1\" class=\"footnote_plugin_tooltip_text\">[1]<\/sup><\/a><span id=\"footnote_plugin_tooltip_text_1084_1_1\" class=\"footnote_tooltip\">M\u1ee5c 4689.05.<\/span><\/span><script type=\"text\/javascript\"> jQuery('#footnote_plugin_tooltip_1084_1_1').tooltip({ tip: '#footnote_plugin_tooltip_text_1084_1_1', tipClass: 'footnote_tooltip', effect: 'fade', predelay: 0, fadeInSpeed: 200, delay: 400, fadeOutSpeed: 200, position: 'top center', relative: true, offset: [-7, 0], });<\/script> Trung t\u00e2m khu v\u1ef1c c\u00f3 th\u1ec3 thanh to\u00e1n cho c\u00e1c d\u1ecbch v\u1ee5 h\u1ed7 tr\u1ee3 trong kho\u1ea3ng th\u1eddi gian t\u1eeb l\u00fac qu\u00fd v\u1ecb \u0111\u0103ng k\u00fd IHSS \u0111\u1ebfn l\u00fac \u0111\u01a1n \u0111\u0103ng k\u00fd \u0111\u01b0\u1ee3c ph\u00ea duy\u1ec7t. \u0110\u00f3 l\u00e0 v\u00ec, ch\u1ec9 \u0111\u1ebfn khi c\u00e1c d\u1ecbch v\u1ee5 IHSS \u0111\u01b0\u1ee3c ph\u00ea duy\u1ec7t v\u00e0 b\u1eaft \u0111\u1ea7u, c\u00e1c d\u1ecbch v\u1ee5 n\u00e0y kh\u00f4ng ph\u1ea3i ngu\u1ed3n l\u1ef1c s\u1eb5n c\u00f3 \u0111\u1ec3 \u0111\u00e1p \u1ee9ng nhu c\u1ea7u c\u1ee7a qu\u00fd v\u1ecb. M\u1ee9c ti\u1ec1n m\u00e0 trung t\u00e2m khu v\u1ef1c thanh to\u00e1n cho c\u00e1c d\u1ecbch v\u1ee5 n\u00e0y kh\u00f4ng th\u1ec3 l\u1edbn h\u01a1n m\u1ee9c ti\u1ec1n t\u00ednh theo gi\u1edd c\u1ee7a IHSS cho h\u1ea1t c\u1ee7a qu\u00fd v\u1ecb. B\u00ean c\u1ea1nh \u0111\u00f3, trung t\u00e2m khu v\u1ef1c kh\u00f4ng th\u1ec3 mua d\u1ecbch v\u1ee5 h\u1ed7 tr\u1ee3 \u0111\u1eddi s\u1ed1ng gi\u1ed1ng h\u1ec7t ho\u1eb7c t\u01b0\u01a1ng t\u1ef1 v\u1edbi IHSS \u0111\u1ec3 thay th\u1ebf IHSS.<\/p>\n<div class=\"speaker-mute footnotes_reference_container\"> <div class=\"footnote_container_prepare\"><p><span role=\"button\" tabindex=\"0\" class=\"footnote_reference_container_label pointer\" onclick=\"footnote_expand_collapse_reference_container_1084_1();\">&#x202F;<\/span><span role=\"button\" tabindex=\"0\" class=\"footnote_reference_container_collapse_button\" style=\"display: none;\" onclick=\"footnote_expand_collapse_reference_container_1084_1();\">[<a id=\"footnote_reference_container_collapse_button_1084_1\">+<\/a>]<\/span><\/p><\/div> <div id=\"footnote_references_container_1084_1\" style=\"\"><table class=\"footnotes_table footnote-reference-container\"><caption class=\"accessibility\">References<\/caption> <tbody> \r\n\r\n<tr class=\"footnotes_plugin_reference_row\"> <th scope=\"row\" class=\"footnote_plugin_index_combi pointer\"  onclick=\"footnote_moveToAnchor_1084_1('footnote_plugin_tooltip_1084_1_1');\"><a id=\"footnote_plugin_reference_1084_1_1\" class=\"footnote_backlink\"><span class=\"footnote_index_arrow\">&#8593;<\/span>1<\/a><\/th> <td class=\"footnote_plugin_text\">M\u1ee5c 4689.05.<\/td><\/tr>\r\n\r\n <\/tbody> <\/table> <\/div><\/div><script type=\"text\/javascript\"> function footnote_expand_reference_container_1084_1() { jQuery('#footnote_references_container_1084_1').show(); jQuery('#footnote_reference_container_collapse_button_1084_1').text('\u2212'); } function footnote_collapse_reference_container_1084_1() { jQuery('#footnote_references_container_1084_1').hide(); jQuery('#footnote_reference_container_collapse_button_1084_1').text('+'); } function footnote_expand_collapse_reference_container_1084_1() { if (jQuery('#footnote_references_container_1084_1').is(':hidden')) { footnote_expand_reference_container_1084_1(); } else { footnote_collapse_reference_container_1084_1(); } } function footnote_moveToReference_1084_1(p_str_TargetID) { footnote_expand_reference_container_1084_1(); var l_obj_Target = jQuery('#' + p_str_TargetID); if (l_obj_Target.length) { jQuery( 'html, body' ).delay( 0 ); jQuery('html, body').animate({ scrollTop: l_obj_Target.offset().top - window.innerHeight * 0.2 }, 380); } } function footnote_moveToAnchor_1084_1(p_str_TargetID) { footnote_expand_reference_container_1084_1(); var l_obj_Target = jQuery('#' + p_str_TargetID); if (l_obj_Target.length) { jQuery( 'html, body' ).delay( 0 ); jQuery('html, body').animate({ scrollTop: l_obj_Target.offset().top - window.innerHeight * 0.2 }, 380); } }<\/script>","protected":false},"excerpt":{"rendered":"<p>D\u1ecbch V\u1ee5 H\u1ed7 Tr\u1ee3 T\u1ea1i Nh\u00e0 (IHSS) l\u00e0 m\u1ed9t d\u1ecbch v\u1ee5 chung. Trung t\u00e2m khu v\u1ef1c kh\u00f4ng th\u1ec3 thanh to\u00e1n cho c\u00e1c d\u1ecbch v\u1ee5 \u0111\u01b0\u1ee3c&hellip;<\/p>\n","protected":false},"author":1,"featured_media":0,"parent":219,"menu_order":6,"comment_status":"closed","ping_status":"closed","template":"","meta":{"footnotes":""},"class_list":["post-1084","page","type-page","status-publish","hentry"],"_links":{"self":[{"href":"https:\/\/rula.disabilityrightsca.org\/vi\/wp-json\/wp\/v2\/pages\/1084","targetHints":{"allow":["GET"]}}],"collection":[{"href":"https:\/\/rula.disabilityrightsca.org\/vi\/wp-json\/wp\/v2\/pages"}],"about":[{"href":"https:\/\/rula.disabilityrightsca.org\/vi\/wp-json\/wp\/v2\/types\/page"}],"author":[{"embeddable":true,"href":"https:\/\/rula.disabilityrightsca.org\/vi\/wp-json\/wp\/v2\/users\/1"}],"replies":[{"embeddable":true,"href":"https:\/\/rula.disabilityrightsca.org\/vi\/wp-json\/wp\/v2\/comments?post=1084"}],"version-history":[{"count":3,"href":"https:\/\/rula.disabilityrightsca.org\/vi\/wp-json\/wp\/v2\/pages\/1084\/revisions"}],"predecessor-version":[{"id":3723,"href":"https:\/\/rula.disabilityrightsca.org\/vi\/wp-json\/wp\/v2\/pages\/1084\/revisions\/3723"}],"up":[{"embeddable":true,"href":"https:\/\/rula.disabilityrightsca.org\/vi\/wp-json\/wp\/v2\/pages\/219"}],"wp:attachment":[{"href":"https:\/\/rula.disabilityrightsca.org\/vi\/wp-json\/wp\/v2\/media?parent=1084"}],"curies":[{"name":"wp","href":"https:\/\/api.w.org\/{rel}","templated":true}]}}