{"id":1082,"date":"2021-05-13T18:44:07","date_gmt":"2021-05-13T18:44:07","guid":{"rendered":"http:\/\/www.rula.disabilityrightsca.org\/vi\/?page_id=1082"},"modified":"2023-07-21T18:41:17","modified_gmt":"2023-07-21T18:41:17","slug":"what-are-generic-services","status":"publish","type":"page","link":"https:\/\/rula.disabilityrightsca.org\/vi\/rula-book\/chapter-6-keeping-the-family-together-services-and-supports-for-children\/what-are-generic-services\/","title":{"rendered":"(6.5) D\u1ecbch V\u1ee5 Chung l\u00e0 g\u00ec?"},"content":{"rendered":"\n<p>D\u1ecbch v\u1ee5 chung l\u00e0 c\u00e1c d\u1ecbch v\u1ee5 do m\u1ed9t c\u01a1 quan c\u00f4ng ch\u1ecbu tr\u00e1ch nhi\u1ec7m cung c\u1ea5p cho c\u00e1c th\u00e0nh vi\u00ean c\u1ee7a c\u1ed9ng \u0111\u1ed3ng v\u00e0 b\u1eb1ng ti\u1ec1n c\u00f4ng. <span class=\"footnote_referrer\"><a role=\"button\" tabindex=\"0\" onclick=\"footnote_moveToReference_1082_1('footnote_plugin_reference_1082_1_1');\" onkeypress=\"footnote_moveToReference_1082_1('footnote_plugin_reference_1082_1_1');\" ><sup id=\"footnote_plugin_tooltip_1082_1_1\" class=\"footnote_plugin_tooltip_text\">[1]<\/sup><\/a><span id=\"footnote_plugin_tooltip_text_1082_1_1\" class=\"footnote_tooltip\">M\u1ee5c 4644(b).<\/span><\/span><script type=\"text\/javascript\"> jQuery('#footnote_plugin_tooltip_1082_1_1').tooltip({ tip: '#footnote_plugin_tooltip_text_1082_1_1', tipClass: 'footnote_tooltip', effect: 'fade', predelay: 0, fadeInSpeed: 200, delay: 400, fadeOutSpeed: 200, position: 'top center', relative: true, offset: [-7, 0], });<\/script> M\u1ed9t ph\u1ea7n kh\u00e1c c\u1ee7a \u0110\u1ea1o Lu\u1eadt Lanterman b\u1ed5 sung b\u1ea3o hi\u1ec3m t\u01b0 nh\u00e2n v\u00e0 b\u1ea3o hi\u1ec3m theo ch\u01b0\u01a1ng tr\u00ecnh ch\u0103m s\u00f3c s\u1ee9c kh\u1ecfe c\u00f3 qu\u1ea3n l\u00fd v\u00e0o danh s\u00e1ch c\u00e1c d\u1ecbch v\u1ee5 chung.<span class=\"footnote_referrer\"><a role=\"button\" tabindex=\"0\" onclick=\"footnote_moveToReference_1082_1('footnote_plugin_reference_1082_1_2');\" onkeypress=\"footnote_moveToReference_1082_1('footnote_plugin_reference_1082_1_2');\" ><sup id=\"footnote_plugin_tooltip_1082_1_2\" class=\"footnote_plugin_tooltip_text\">[2]<\/sup><\/a><span id=\"footnote_plugin_tooltip_text_1082_1_2\" class=\"footnote_tooltip\">M\u1ee5c 4659(c).<\/span><\/span><script type=\"text\/javascript\"> jQuery('#footnote_plugin_tooltip_1082_1_2').tooltip({ tip: '#footnote_plugin_tooltip_text_1082_1_2', tipClass: 'footnote_tooltip', effect: 'fade', predelay: 0, fadeInSpeed: 200, delay: 400, fadeOutSpeed: 200, position: 'top center', relative: true, offset: [-7, 0], });<\/script> Lu\u1eadt quy \u0111\u1ecbnh kh\u00e1ch h\u00e0ng c\u1ee7a trung t\u00e2m khu v\u1ef1c ph\u1ea3i s\u1eed d\u1ee5ng d\u1ecbch v\u1ee5 chung tr\u01b0\u1edbc khi s\u1eed d\u1ee5ng ti\u1ec1n c\u1ee7a trung t\u00e2m \u0111\u1ec3 mua c\u00f9ng c\u00e1c d\u1ecbch v\u1ee5 \u0111\u00f3. <span class=\"footnote_referrer\"><a role=\"button\" tabindex=\"0\" onclick=\"footnote_moveToReference_1082_1('footnote_plugin_reference_1082_1_3');\" onkeypress=\"footnote_moveToReference_1082_1('footnote_plugin_reference_1082_1_3');\" ><sup id=\"footnote_plugin_tooltip_1082_1_3\" class=\"footnote_plugin_tooltip_text\">[3]<\/sup><\/a><span id=\"footnote_plugin_tooltip_text_1082_1_3\" class=\"footnote_tooltip\">M\u1ee5c 4648(a)(8) v\u00e0 4659.<\/span><\/span><script type=\"text\/javascript\"> jQuery('#footnote_plugin_tooltip_1082_1_3').tooltip({ tip: '#footnote_plugin_tooltip_text_1082_1_3', tipClass: 'footnote_tooltip', effect: 'fade', predelay: 0, fadeInSpeed: 200, delay: 400, fadeOutSpeed: 200, position: 'top center', relative: true, offset: [-7, 0], });<\/script><\/p>\n\n\n\n<p>V\u00ed d\u1ee5 v\u1ec1 c\u00e1c d\u1ecbch v\u1ee5 chung g\u1ed3m c\u00f3 h\u1ecdc khu, Medi-Cal, D\u1ecbch V\u1ee5 H\u1ed7 Tr\u1ee3 T\u1ea1i Nh\u00e0 (In-Home Supportive Services, IHSS) th\u00f4ng qua h\u1ea1t v\u00e0 D\u1ecbch V\u1ee5 Tr\u1ebb Em California (California Children\u2019s Services, CCS). N\u1ebfu con qu\u00fd v\u1ecb h\u1ed9i \u0111\u1ee7 \u0111i\u1ec1u ki\u1ec7n nh\u1eadn c\u00e1c d\u1ecbch v\u1ee5 chung n\u00e0y nh\u01b0ng qu\u00fd v\u1ecb ch\u1ecdn kh\u00f4ng \u0111\u0103ng k\u00fd nh\u1eadn, trung t\u00e2m khu v\u1ef1c kh\u00f4ng th\u1ec3 mua nh\u1eefng d\u1ecbch v\u1ee5 m\u00e0 c\u00e1c c\u01a1 quan n\u00e0y s\u1ebd cung c\u1ea5p cho con qu\u00fd v\u1ecb.<span class=\"footnote_referrer\"><a role=\"button\" tabindex=\"0\" onclick=\"footnote_moveToReference_1082_1('footnote_plugin_reference_1082_1_4');\" onkeypress=\"footnote_moveToReference_1082_1('footnote_plugin_reference_1082_1_4');\" ><sup id=\"footnote_plugin_tooltip_1082_1_4\" class=\"footnote_plugin_tooltip_text\">[4]<\/sup><\/a><span id=\"footnote_plugin_tooltip_text_1082_1_4\" class=\"footnote_tooltip\">M\u1ee5c 4659(c). <\/span><\/span><script type=\"text\/javascript\"> jQuery('#footnote_plugin_tooltip_1082_1_4').tooltip({ tip: '#footnote_plugin_tooltip_text_1082_1_4', tipClass: 'footnote_tooltip', effect: 'fade', predelay: 0, fadeInSpeed: 200, delay: 400, fadeOutSpeed: 200, position: 'top center', relative: true, offset: [-7, 0], });<\/script> N\u1ebfu con qu\u00fd v\u1ecb ho\u1eb7c gia \u0111\u00ecnh qu\u00fd v\u1ecb kh\u00f4ng \u0111\u00e1p \u1ee9ng ti\u00eau ch\u00ed nh\u1eadn c\u00e1c d\u1ecbch v\u1ee5 chung b\u00ean tr\u00ean th\u00ec trung t\u00e2m khu v\u1ef1c c\u00f3 th\u1ec3 mua c\u00e1c d\u1ecbch v\u1ee5 n\u00e0y.<\/p>\n\n\n\n<p>T\u1ea1i cu\u1ed9c h\u1ecdp IPP c\u1ee7a con qu\u00fd v\u1ecb, h\u00e3y y\u00eau c\u1ea7u trung t\u00e2m khu v\u1ef1c tr\u1ee3 gi\u00fap qu\u00fd v\u1ecb b\u00eanh v\u1ef1c \u0111\u1ec3 nh\u1eadn c\u00e1c d\u1ecbch v\u1ee5 chung. B\u1eb1ng c\u00e1ch \u0111\u00f3, qu\u00fd v\u1ecb s\u1ebd kh\u00f4ng ph\u1ea3i l\u00e0 ng\u01b0\u1eddi duy nh\u1ea5t c\u00f3 tr\u00e1ch nhi\u1ec7m nh\u1eadn c\u00e1c d\u1ecbch v\u1ee5 n\u00e0y. N\u1ebfu qu\u00fd v\u1ecb y\u00eau c\u1ea7u, trung t\u00e2m khu v\u1ef1c ph\u1ea3i tr\u1ee3 gi\u00fap qu\u00fd v\u1ecb nh\u1eadn c\u00e1c d\u1ecbch v\u1ee5 chung.<span class=\"footnote_referrer\"><a role=\"button\" tabindex=\"0\" onclick=\"footnote_moveToReference_1082_1('footnote_plugin_reference_1082_1_5');\" onkeypress=\"footnote_moveToReference_1082_1('footnote_plugin_reference_1082_1_5');\" ><sup id=\"footnote_plugin_tooltip_1082_1_5\" class=\"footnote_plugin_tooltip_text\">[5]<\/sup><\/a><span id=\"footnote_plugin_tooltip_text_1082_1_5\" class=\"footnote_tooltip\">M\u1ee5c 4659(d)(2).<\/span><\/span><script type=\"text\/javascript\"> jQuery('#footnote_plugin_tooltip_1082_1_5').tooltip({ tip: '#footnote_plugin_tooltip_text_1082_1_5', tipClass: 'footnote_tooltip', effect: 'fade', predelay: 0, fadeInSpeed: 200, delay: 400, fadeOutSpeed: 200, position: 'top center', relative: true, offset: [-7, 0], });<\/script> N\u1ebfu qu\u00fd v\u1ecb g\u1eb7p kh\u00f3 kh\u0103n trong vi\u1ec7c nh\u1eadn c\u00e1c d\u1ecbch v\u1ee5, h\u00e3y y\u00eau c\u1ea7u trung t\u00e2m khu v\u1ef1c b\u00eanh v\u1ef1c con qu\u00fd v\u1ecb tr\u01b0\u1edbc c\u01a1 quan c\u00f4ng, c\u00f4ng ty b\u1ea3o hi\u1ec3m ho\u1eb7c ch\u01b0\u01a1ng tr\u00ecnh ch\u0103m s\u00f3c s\u1ee9c kh\u1ecfe c\u00f3 qu\u1ea3n l\u00fd.<span class=\"footnote_referrer\"><a role=\"button\" tabindex=\"0\" onclick=\"footnote_moveToReference_1082_1('footnote_plugin_reference_1082_1_6');\" onkeypress=\"footnote_moveToReference_1082_1('footnote_plugin_reference_1082_1_6');\" ><sup id=\"footnote_plugin_tooltip_1082_1_6\" class=\"footnote_plugin_tooltip_text\">[6]<\/sup><\/a><span id=\"footnote_plugin_tooltip_text_1082_1_6\" class=\"footnote_tooltip\">M\u1ee5c 4648(b).<\/span><\/span><script type=\"text\/javascript\"> jQuery('#footnote_plugin_tooltip_1082_1_6').tooltip({ tip: '#footnote_plugin_tooltip_text_1082_1_6', tipClass: 'footnote_tooltip', effect: 'fade', predelay: 0, fadeInSpeed: 200, delay: 400, fadeOutSpeed: 200, position: 'top center', relative: true, offset: [-7, 0], });<\/script> \u0110\u1ec3 bi\u1ebft th\u00eam th\u00f4ng tin v\u1ec1 c\u00e1ch y\u00eau c\u1ea7u trung t\u00e2m khu v\u1ef1c b\u00eanh v\u1ef1c qu\u00fd v\u1ecb, h\u00e3y xem Ch\u01b0\u01a1ng 10.<\/p>\n<div class=\"speaker-mute footnotes_reference_container\"> <div class=\"footnote_container_prepare\"><p><span role=\"button\" tabindex=\"0\" class=\"footnote_reference_container_label pointer\" onclick=\"footnote_expand_collapse_reference_container_1082_1();\">&#x202F;<\/span><span role=\"button\" tabindex=\"0\" class=\"footnote_reference_container_collapse_button\" style=\"display: none;\" onclick=\"footnote_expand_collapse_reference_container_1082_1();\">[<a id=\"footnote_reference_container_collapse_button_1082_1\">+<\/a>]<\/span><\/p><\/div> <div id=\"footnote_references_container_1082_1\" style=\"\"><table class=\"footnotes_table footnote-reference-container\"><caption class=\"accessibility\">References<\/caption> <tbody> \r\n\r\n<tr class=\"footnotes_plugin_reference_row\"> <th scope=\"row\" class=\"footnote_plugin_index_combi pointer\"  onclick=\"footnote_moveToAnchor_1082_1('footnote_plugin_tooltip_1082_1_1');\"><a id=\"footnote_plugin_reference_1082_1_1\" class=\"footnote_backlink\"><span class=\"footnote_index_arrow\">&#8593;<\/span>1<\/a><\/th> <td class=\"footnote_plugin_text\">M\u1ee5c 4644(b).<\/td><\/tr>\r\n\r\n<tr class=\"footnotes_plugin_reference_row\"> <th scope=\"row\" class=\"footnote_plugin_index_combi pointer\"  onclick=\"footnote_moveToAnchor_1082_1('footnote_plugin_tooltip_1082_1_2');\"><a id=\"footnote_plugin_reference_1082_1_2\" class=\"footnote_backlink\"><span class=\"footnote_index_arrow\">&#8593;<\/span>2<\/a><\/th> <td class=\"footnote_plugin_text\">M\u1ee5c 4659(c).<\/td><\/tr>\r\n\r\n<tr class=\"footnotes_plugin_reference_row\"> <th scope=\"row\" class=\"footnote_plugin_index_combi pointer\"  onclick=\"footnote_moveToAnchor_1082_1('footnote_plugin_tooltip_1082_1_3');\"><a id=\"footnote_plugin_reference_1082_1_3\" class=\"footnote_backlink\"><span class=\"footnote_index_arrow\">&#8593;<\/span>3<\/a><\/th> <td class=\"footnote_plugin_text\">M\u1ee5c 4648(a)(8) v\u00e0 4659.<\/td><\/tr>\r\n\r\n<tr class=\"footnotes_plugin_reference_row\"> <th scope=\"row\" class=\"footnote_plugin_index_combi pointer\"  onclick=\"footnote_moveToAnchor_1082_1('footnote_plugin_tooltip_1082_1_4');\"><a id=\"footnote_plugin_reference_1082_1_4\" class=\"footnote_backlink\"><span class=\"footnote_index_arrow\">&#8593;<\/span>4<\/a><\/th> <td class=\"footnote_plugin_text\">M\u1ee5c 4659(c). <\/td><\/tr>\r\n\r\n<tr class=\"footnotes_plugin_reference_row\"> <th scope=\"row\" class=\"footnote_plugin_index_combi pointer\"  onclick=\"footnote_moveToAnchor_1082_1('footnote_plugin_tooltip_1082_1_5');\"><a id=\"footnote_plugin_reference_1082_1_5\" class=\"footnote_backlink\"><span class=\"footnote_index_arrow\">&#8593;<\/span>5<\/a><\/th> <td class=\"footnote_plugin_text\">M\u1ee5c 4659(d)(2).<\/td><\/tr>\r\n\r\n<tr class=\"footnotes_plugin_reference_row\"> <th scope=\"row\" class=\"footnote_plugin_index_combi pointer\"  onclick=\"footnote_moveToAnchor_1082_1('footnote_plugin_tooltip_1082_1_6');\"><a id=\"footnote_plugin_reference_1082_1_6\" class=\"footnote_backlink\"><span class=\"footnote_index_arrow\">&#8593;<\/span>6<\/a><\/th> <td class=\"footnote_plugin_text\">M\u1ee5c 4648(b).<\/td><\/tr>\r\n\r\n <\/tbody> <\/table> <\/div><\/div><script type=\"text\/javascript\"> function footnote_expand_reference_container_1082_1() { jQuery('#footnote_references_container_1082_1').show(); jQuery('#footnote_reference_container_collapse_button_1082_1').text('\u2212'); } function footnote_collapse_reference_container_1082_1() { jQuery('#footnote_references_container_1082_1').hide(); jQuery('#footnote_reference_container_collapse_button_1082_1').text('+'); } function footnote_expand_collapse_reference_container_1082_1() { if (jQuery('#footnote_references_container_1082_1').is(':hidden')) { footnote_expand_reference_container_1082_1(); } else { footnote_collapse_reference_container_1082_1(); } } function footnote_moveToReference_1082_1(p_str_TargetID) { footnote_expand_reference_container_1082_1(); var l_obj_Target = jQuery('#' + p_str_TargetID); if (l_obj_Target.length) { jQuery( 'html, body' ).delay( 0 ); jQuery('html, body').animate({ scrollTop: l_obj_Target.offset().top - window.innerHeight * 0.2 }, 380); } } function footnote_moveToAnchor_1082_1(p_str_TargetID) { footnote_expand_reference_container_1082_1(); var l_obj_Target = jQuery('#' + p_str_TargetID); if (l_obj_Target.length) { jQuery( 'html, body' ).delay( 0 ); jQuery('html, body').animate({ scrollTop: l_obj_Target.offset().top - window.innerHeight * 0.2 }, 380); } }<\/script>","protected":false},"excerpt":{"rendered":"<p>D\u1ecbch v\u1ee5 chung l\u00e0 c\u00e1c d\u1ecbch v\u1ee5 do m\u1ed9t c\u01a1 quan c\u00f4ng ch\u1ecbu tr\u00e1ch nhi\u1ec7m cung c\u1ea5p cho c\u00e1c th\u00e0nh vi\u00ean c\u1ee7a c\u1ed9ng \u0111\u1ed3ng v\u00e0&hellip;<\/p>\n","protected":false},"author":1,"featured_media":0,"parent":219,"menu_order":5,"comment_status":"closed","ping_status":"closed","template":"","meta":{"footnotes":""},"class_list":["post-1082","page","type-page","status-publish","hentry"],"_links":{"self":[{"href":"https:\/\/rula.disabilityrightsca.org\/vi\/wp-json\/wp\/v2\/pages\/1082","targetHints":{"allow":["GET"]}}],"collection":[{"href":"https:\/\/rula.disabilityrightsca.org\/vi\/wp-json\/wp\/v2\/pages"}],"about":[{"href":"https:\/\/rula.disabilityrightsca.org\/vi\/wp-json\/wp\/v2\/types\/page"}],"author":[{"embeddable":true,"href":"https:\/\/rula.disabilityrightsca.org\/vi\/wp-json\/wp\/v2\/users\/1"}],"replies":[{"embeddable":true,"href":"https:\/\/rula.disabilityrightsca.org\/vi\/wp-json\/wp\/v2\/comments?post=1082"}],"version-history":[{"count":7,"href":"https:\/\/rula.disabilityrightsca.org\/vi\/wp-json\/wp\/v2\/pages\/1082\/revisions"}],"predecessor-version":[{"id":3722,"href":"https:\/\/rula.disabilityrightsca.org\/vi\/wp-json\/wp\/v2\/pages\/1082\/revisions\/3722"}],"up":[{"embeddable":true,"href":"https:\/\/rula.disabilityrightsca.org\/vi\/wp-json\/wp\/v2\/pages\/219"}],"wp:attachment":[{"href":"https:\/\/rula.disabilityrightsca.org\/vi\/wp-json\/wp\/v2\/media?parent=1082"}],"curies":[{"name":"wp","href":"https:\/\/api.w.org\/{rel}","templated":true}]}}