{"id":1080,"date":"2021-05-13T18:40:52","date_gmt":"2021-05-13T18:40:52","guid":{"rendered":"http:\/\/www.rula.disabilityrightsca.org\/vi\/?page_id=1080"},"modified":"2023-07-21T18:40:44","modified_gmt":"2023-07-21T18:40:44","slug":"how-does-the-individual-program-plan-ipp-process-involve-families","status":"publish","type":"page","link":"https:\/\/rula.disabilityrightsca.org\/vi\/rula-book\/chapter-6-keeping-the-family-together-services-and-supports-for-children\/how-does-the-individual-program-plan-ipp-process-involve-families\/","title":{"rendered":"(6.4) Quy tr\u00ecnh K\u1ebf Ho\u1ea1ch Ch\u01b0\u01a1ng Tr\u00ecnh C\u00e1 Nh\u00e2n (IPP) li\u00ean quan \u0111\u1ebfn c\u00e1c gia \u0111\u00ecnh nh\u01b0 th\u1ebf n\u00e0o?"},"content":{"rendered":"\n<p>IPP c\u1ee7a con qu\u00fd v\u1ecb ph\u1ea3i bao g\u1ed3m \u201cth\u00e0nh ph\u1ea7n k\u1ebf ho\u1ea1ch gia \u0111\u00ecnh\u201d tr\u00ecnh b\u00e0y c\u00e1c d\u1ecbch v\u1ee5 v\u00e0 s\u1ef1 h\u1ed7 tr\u1ee3 con qu\u00fd v\u1ecb c\u1ea7n \u0111\u1ec3 \u1edf l\u1ea1i nh\u00e0 c\u1ee7a gia \u0111\u00ecnh. <span class=\"footnote_referrer\"><a role=\"button\" tabindex=\"0\" onclick=\"footnote_moveToReference_1080_1('footnote_plugin_reference_1080_1_1');\" onkeypress=\"footnote_moveToReference_1080_1('footnote_plugin_reference_1080_1_1');\" ><sup id=\"footnote_plugin_tooltip_1080_1_1\" class=\"footnote_plugin_tooltip_text\">[1]<\/sup><\/a><span id=\"footnote_plugin_tooltip_text_1080_1_1\" class=\"footnote_tooltip\">M\u1ee5c 4685(c)(2).<\/span><\/span><script type=\"text\/javascript\"> jQuery('#footnote_plugin_tooltip_1080_1_1').tooltip({ tip: '#footnote_plugin_tooltip_text_1080_1_1', tipClass: 'footnote_tooltip', effect: 'fade', predelay: 0, fadeInSpeed: 200, delay: 400, fadeOutSpeed: 200, position: 'top center', relative: true, offset: [-7, 0], });<\/script> Con qu\u00fd v\u1ecb ch\u1ec9 c\u00f3 th\u1ec3 nh\u1eadn c\u00e1c d\u1ecbch v\u1ee5 \u0111\u01b0\u1ee3c li\u1ec7t k\u00ea trong IPP c\u1ee7a tr\u1ebb. Qu\u00fd v\u1ecb c\u00f3 th\u1ec3 y\u00eau c\u1ea7u cu\u1ed9c h\u1ecdp IPP cho con m\u00ecnh b\u1ea5t k\u1ef3 l\u00fac n\u00e0o v\u00e0 cu\u1ed9c h\u1ecdp n\u00e0y ph\u1ea3i di\u1ec5n ra trong v\u00f2ng 30 ng\u00e0y k\u1ec3 t\u1eeb khi qu\u00fd v\u1ecb y\u00eau c\u1ea7u. Qu\u00fd v\u1ecb c\u00f3 th\u1ec3 c\u00f3 cu\u1ed9c h\u1ecdp IPP sau b\u1ea3y ng\u00e0y n\u1ebfu s\u1ee9c kh\u1ecfe ho\u1eb7c s\u1ef1 an to\u00e0n ho\u1eb7c vi\u1ec7c s\u1eafp x\u1ebfp \u1edf l\u1ea1i nh\u00e0 c\u1ee7a con qu\u00fd v\u1ecb b\u1ecb \u0111e d\u1ecda.<span class=\"footnote_referrer\"><a role=\"button\" tabindex=\"0\" onclick=\"footnote_moveToReference_1080_1('footnote_plugin_reference_1080_1_2');\" onkeypress=\"footnote_moveToReference_1080_1('footnote_plugin_reference_1080_1_2');\" ><sup id=\"footnote_plugin_tooltip_1080_1_2\" class=\"footnote_plugin_tooltip_text\">[2]<\/sup><\/a><span id=\"footnote_plugin_tooltip_text_1080_1_2\" class=\"footnote_tooltip\">M\u1ee5c 4646.5(b).<\/span><\/span><script type=\"text\/javascript\"> jQuery('#footnote_plugin_tooltip_1080_1_2').tooltip({ tip: '#footnote_plugin_tooltip_text_1080_1_2', tipClass: 'footnote_tooltip', effect: 'fade', predelay: 0, fadeInSpeed: 200, delay: 400, fadeOutSpeed: 200, position: 'top center', relative: true, offset: [-7, 0], });<\/script> \u0110\u00e2y \u0111\u00f4i khi \u0111\u01b0\u1ee3c g\u1ecdi l\u00e0 \u201ccu\u1ed9c h\u1ecdp IPP kh\u1ea9n c\u1ea5p\u201d.<\/p>\n\n\n\n<p>M\u1ee5c \u0111\u00edch IPP \u0111\u01b0\u1ee3c \u0111\u1eb7t ra th\u00f4ng qua vi\u1ec7c xem x\u00e9t th\u1ebf m\u1ea1nh, s\u1edf th\u00edch v\u00e0 nhu c\u1ea7u c\u1ee7a con qu\u00fd v\u1ecb, c\u0169ng nh\u01b0 nhu c\u1ea7u c\u1ee7a to\u00e0n th\u1ec3 gia \u0111\u00ecnh qu\u00fd v\u1ecb v\u00e0 ph\u1ea3i bao g\u1ed3m th\u00f4ng tin do qu\u00fd v\u1ecb cung c\u1ea5p.<span class=\"footnote_referrer\"><a role=\"button\" tabindex=\"0\" onclick=\"footnote_moveToReference_1080_1('footnote_plugin_reference_1080_1_3');\" onkeypress=\"footnote_moveToReference_1080_1('footnote_plugin_reference_1080_1_3');\" ><sup id=\"footnote_plugin_tooltip_1080_1_3\" class=\"footnote_plugin_tooltip_text\">[3]<\/sup><\/a><span id=\"footnote_plugin_tooltip_text_1080_1_3\" class=\"footnote_tooltip\">M\u1ee5c 4646.5(a)(1).<\/span><\/span><script type=\"text\/javascript\"> jQuery('#footnote_plugin_tooltip_1080_1_3').tooltip({ tip: '#footnote_plugin_tooltip_text_1080_1_3', tipClass: 'footnote_tooltip', effect: 'fade', predelay: 0, fadeInSpeed: 200, delay: 400, fadeOutSpeed: 200, position: 'top center', relative: true, offset: [-7, 0], });<\/script> IPP ph\u1ea3i c\u00f3 c\u00e1c m\u1ee5c ti\u00eau c\u00f3 gi\u1edbi h\u1ea1n th\u1eddi gian, c\u00f3 th\u1ec3 \u0111o l\u01b0\u1eddng trong m\u1ed7i m\u1ee5c \u0111\u00edch. Nh\u1eefng m\u1ee5c \u0111\u00edch v\u00e0 m\u1ee5c ti\u00eau n\u00e0y ph\u1ea3i \u0111\u1ea3m b\u1ea3o con qu\u00fd v\u1ecb c\u00f3 c\u01a1 h\u1ed9i tham gia cu\u1ed9c s\u1ed1ng c\u1ed9ng \u0111\u1ed3ng.<span class=\"footnote_referrer\"><a role=\"button\" tabindex=\"0\" onclick=\"footnote_moveToReference_1080_1('footnote_plugin_reference_1080_1_4');\" onkeypress=\"footnote_moveToReference_1080_1('footnote_plugin_reference_1080_1_4');\" ><sup id=\"footnote_plugin_tooltip_1080_1_4\" class=\"footnote_plugin_tooltip_text\">[4]<\/sup><\/a><span id=\"footnote_plugin_tooltip_text_1080_1_4\" class=\"footnote_tooltip\">M\u1ee5c 4646.5(a)(2).<\/span><\/span><script type=\"text\/javascript\"> jQuery('#footnote_plugin_tooltip_1080_1_4').tooltip({ tip: '#footnote_plugin_tooltip_text_1080_1_4', tipClass: 'footnote_tooltip', effect: 'fade', predelay: 0, fadeInSpeed: 200, delay: 400, fadeOutSpeed: 200, position: 'top center', relative: true, offset: [-7, 0], });<\/script> IPP ph\u1ea3i tu\u00e2n th\u1ee7 quy \u0111\u1ecbnh c\u1ee7a M\u1ee5c 4685, \u0110\u1ea1o Lu\u1eadt Lanterman, trong \u0111\u00f3 \u01b0u ti\u00ean \u0111\u1eb7c bi\u1ec7t v\u1ec1 vi\u1ec7c tr\u1ebb s\u1ed1ng c\u00f9ng gia \u0111\u00ecnh.<span class=\"footnote_referrer\"><a role=\"button\" tabindex=\"0\" onclick=\"footnote_moveToReference_1080_1('footnote_plugin_reference_1080_1_5');\" onkeypress=\"footnote_moveToReference_1080_1('footnote_plugin_reference_1080_1_5');\" ><sup id=\"footnote_plugin_tooltip_1080_1_5\" class=\"footnote_plugin_tooltip_text\">[5]<\/sup><\/a><span id=\"footnote_plugin_tooltip_text_1080_1_5\" class=\"footnote_tooltip\">M\u1ee5c 4646.5(a)(3).<\/span><\/span><script type=\"text\/javascript\"> jQuery('#footnote_plugin_tooltip_1080_1_5').tooltip({ tip: '#footnote_plugin_tooltip_text_1080_1_5', tipClass: 'footnote_tooltip', effect: 'fade', predelay: 0, fadeInSpeed: 200, delay: 400, fadeOutSpeed: 200, position: 'top center', relative: true, offset: [-7, 0], });<\/script> IPP ph\u1ea3i c\u00f3 l\u1ecbch cung c\u1ea5p d\u1ecbch v\u1ee5, th\u1eddi \u0111i\u1ec3m b\u1eaft \u0111\u1ea7u d\u1ecbch v\u1ee5 v\u00e0 ng\u01b0\u1eddi cung c\u1ea5p d\u1ecbch v\u1ee5.<span class=\"footnote_referrer\"><a role=\"button\" tabindex=\"0\" onclick=\"footnote_moveToReference_1080_1('footnote_plugin_reference_1080_1_6');\" onkeypress=\"footnote_moveToReference_1080_1('footnote_plugin_reference_1080_1_6');\" ><sup id=\"footnote_plugin_tooltip_1080_1_6\" class=\"footnote_plugin_tooltip_text\">[6]<\/sup><\/a><span id=\"footnote_plugin_tooltip_text_1080_1_6\" class=\"footnote_tooltip\">M\u1ee5c 4646.5(a)(5).<\/span><\/span><script type=\"text\/javascript\"> jQuery('#footnote_plugin_tooltip_1080_1_6').tooltip({ tip: '#footnote_plugin_tooltip_text_1080_1_6', tipClass: 'footnote_tooltip', effect: 'fade', predelay: 0, fadeInSpeed: 200, delay: 400, fadeOutSpeed: 200, position: 'top center', relative: true, offset: [-7, 0], });<\/script><\/p>\n\n\n\n<p>V\u00e0o cu\u1ed1i cu\u1ed9c h\u1ecdp IPP, trung t\u00e2m khu v\u1ef1c ph\u1ea3i cung c\u1ea5p cho qu\u00fd v\u1ecb danh s\u00e1ch c\u00e1c d\u1ecbch v\u1ee5 v\u00e0 s\u1ef1 h\u1ed7 tr\u1ee3 m\u00e0 c\u1ea3 hai b\u00ean \u0111\u00e3 th\u1ed1ng nh\u1ea5t trong cu\u1ed9c h\u1ecdp. <span class=\"footnote_referrer\"><a role=\"button\" tabindex=\"0\" onclick=\"footnote_moveToReference_1080_1('footnote_plugin_reference_1080_1_7');\" onkeypress=\"footnote_moveToReference_1080_1('footnote_plugin_reference_1080_1_7');\" ><sup id=\"footnote_plugin_tooltip_1080_1_7\" class=\"footnote_plugin_tooltip_text\">[7]<\/sup><\/a><span id=\"footnote_plugin_tooltip_text_1080_1_7\" class=\"footnote_tooltip\">M\u1ee5c 4646(g)<\/span><\/span><script type=\"text\/javascript\"> jQuery('#footnote_plugin_tooltip_1080_1_7').tooltip({ tip: '#footnote_plugin_tooltip_text_1080_1_7', tipClass: 'footnote_tooltip', effect: 'fade', predelay: 0, fadeInSpeed: 200, delay: 400, fadeOutSpeed: 200, position: 'top center', relative: true, offset: [-7, 0], });<\/script> Danh s\u00e1ch ph\u1ea3i n\u00eau:<\/p>\n\n\n\n<ul class=\"wp-block-list\"><li>th\u1eddi \u0111i\u1ec3m c\u00f3 th\u1ec3 b\u1eaft \u0111\u1ea7u d\u1ecbch v\u1ee5,<\/li><li>t\u1ea7n su\u1ea5t qu\u00fd v\u1ecb nh\u1eadn d\u1ecbch v\u1ee5 v\u00e0 th\u1eddi l\u01b0\u1ee3ng, c\u0169ng nh\u01b0<\/li><li>nh\u00e0 cung c\u1ea5p d\u1ecbch v\u1ee5 (n\u1ebfu \u0111\u00e3 x\u00e1c \u0111\u1ecbnh).<\/li><\/ul>\n\n\n\n<p>Qu\u00fd v\u1ecb s\u1ebd c\u1ea7n ph\u1ea3i k\u00fd v\u00e0o danh s\u00e1ch c\u00e1c d\u1ecbch v\u1ee5 v\u00e0 s\u1ef1 h\u1ed7 tr\u1ee3 \u0111\u00e3 th\u1ed1ng nh\u1ea5t tr\u01b0\u1edbc khi b\u1eaft \u0111\u1ea7u c\u00e1c d\u1ecbch v\u1ee5 v\u00e0 s\u1ef1 h\u1ed7 tr\u1ee3 \u0111\u00f3. Trung t\u00e2m khu v\u1ef1c c\u1ea7n ph\u1ea3i cung c\u1ea5p danh s\u00e1ch n\u00e0y b\u1eb1ng v\u0103n b\u1ea3n ho\u1eb7c qua h\u00ecnh th\u1ee9c \u0111i\u1ec7n t\u1eed. Danh s\u00e1ch c\u0169ng ph\u1ea3i \u0111\u01b0\u1ee3c l\u1eadp b\u1eb1ng ti\u1ebfng m\u1eb9 \u0111\u1ebb c\u1ee7a qu\u00fd v\u1ecb. N\u1ebfu qu\u00fd v\u1ecb kh\u00f4ng \u0111\u1ed3ng \u00fd v\u1edbi c\u00e1c d\u1ecbch v\u1ee5 t\u1ea1i cu\u1ed9c h\u1ecdp IPP, qu\u00fd v\u1ecb c\u00f3 th\u1ec3 ho\u00e3n vi\u1ec7c nh\u1eadn danh s\u00e1ch c\u00e1c d\u1ecbch v\u1ee5 v\u00e0 s\u1ef1 h\u1ed7 tr\u1ee3 cho \u0111\u1ebfn khi qu\u00fd v\u1ecb \u0111\u1ed3ng \u00fd. Trung t\u00e2m khu v\u1ef1c ph\u1ea3i t\u1ed5 ch\u1ee9c m\u1ed9t cu\u1ed9c h\u1ecdp IPP kh\u00e1c trong v\u00f2ng 15 ng\u00e0y (ho\u1eb7c mu\u1ed9n h\u01a1n n\u1ebfu qu\u00fd v\u1ecb mu\u1ed1n) \u0111\u1ec3 \u0111\u1ea1t \u0111\u01b0\u1ee3c th\u1ecfa thu\u1eadn cu\u1ed1i c\u00f9ng. \u0110\u1ebfn th\u1eddi \u0111i\u1ec3m \u0111\u00f3, trung t\u00e2m khu v\u1ef1c ph\u1ea3i cung c\u1ea5p cho qu\u00fd v\u1ecb danh s\u00e1ch c\u00e1c d\u1ecbch v\u1ee5 v\u00e0 s\u1ef1 h\u1ed7 tr\u1ee3 b\u1eb1ng ti\u1ebfng m\u1eb9 \u0111\u1ebb c\u1ee7a qu\u00fd v\u1ecb. <span class=\"footnote_referrer\"><a role=\"button\" tabindex=\"0\" onclick=\"footnote_moveToReference_1080_1('footnote_plugin_reference_1080_1_8');\" onkeypress=\"footnote_moveToReference_1080_1('footnote_plugin_reference_1080_1_8');\" ><sup id=\"footnote_plugin_tooltip_1080_1_8\" class=\"footnote_plugin_tooltip_text\">[8]<\/sup><\/a><span id=\"footnote_plugin_tooltip_text_1080_1_8\" class=\"footnote_tooltip\">4646(h)<\/span><\/span><script type=\"text\/javascript\"> jQuery('#footnote_plugin_tooltip_1080_1_8').tooltip({ tip: '#footnote_plugin_tooltip_text_1080_1_8', tipClass: 'footnote_tooltip', effect: 'fade', predelay: 0, fadeInSpeed: 200, delay: 400, fadeOutSpeed: 200, position: 'top center', relative: true, offset: [-7, 0], });<\/script><\/p>\n\n\n\n<p>N\u1ebfu qu\u00fd v\u1ecb kh\u00f4ng ngh\u0129 r\u1eb1ng IPP do trung t\u00e2m khu v\u1ef1c \u0111\u1ec1 xu\u1ea5t s\u1ebd gi\u00fap con qu\u00fd v\u1ecb \u0111\u1ee7 \u0111i\u1ec1u ki\u1ec7n s\u1ed1ng t\u1ea1i nh\u00e0, qu\u00fd v\u1ecb c\u00f3 th\u1ec3 y\u00eau c\u1ea7u phi\u00ean \u0111i\u1ec1u tr\u1ea7n.<span class=\"footnote_referrer\"><a role=\"button\" tabindex=\"0\" onclick=\"footnote_moveToReference_1080_1('footnote_plugin_reference_1080_1_9');\" onkeypress=\"footnote_moveToReference_1080_1('footnote_plugin_reference_1080_1_9');\" ><sup id=\"footnote_plugin_tooltip_1080_1_9\" class=\"footnote_plugin_tooltip_text\">[9]<\/sup><\/a><span id=\"footnote_plugin_tooltip_text_1080_1_9\" class=\"footnote_tooltip\">M\u1ee5c 4685(c)(4).<\/span><\/span><script type=\"text\/javascript\"> jQuery('#footnote_plugin_tooltip_1080_1_9').tooltip({ tip: '#footnote_plugin_tooltip_text_1080_1_9', tipClass: 'footnote_tooltip', effect: 'fade', predelay: 0, fadeInSpeed: 200, delay: 400, fadeOutSpeed: 200, position: 'top center', relative: true, offset: [-7, 0], });<\/script> \u0110\u1ec3 bi\u1ebft th\u00eam th\u00f4ng tin v\u1ec1 phi\u00ean \u0111i\u1ec1u tr\u1ea7n, h\u00e3y xem Ch\u01b0\u01a1ng 10.<\/p>\n\n\n\n<p>Sau khi qu\u00fd v\u1ecb k\u00fd v\u00e0o IPP c\u1ee7a con m\u00ecnh, trung t\u00e2m khu v\u1ef1c ph\u1ea3i \u0111\u1ea3m b\u1ea3o tr\u1ebb nh\u1eadn \u0111\u01b0\u1ee3c t\u1ea5t c\u1ea3 d\u1ecbch v\u1ee5 c\u00f3 trong IPP.<span class=\"footnote_referrer\"><a role=\"button\" tabindex=\"0\" onclick=\"footnote_moveToReference_1080_1('footnote_plugin_reference_1080_1_10');\" onkeypress=\"footnote_moveToReference_1080_1('footnote_plugin_reference_1080_1_10');\" ><sup id=\"footnote_plugin_tooltip_1080_1_10\" class=\"footnote_plugin_tooltip_text\">[10]<\/sup><\/a><span id=\"footnote_plugin_tooltip_text_1080_1_10\" class=\"footnote_tooltip\">M\u1ee5c 4646(g); xem th\u00eam Hi\u1ec7p H\u1ed9i d\u00e0nh cho C\u00f4ng D\u00e2n Ch\u1eadm Ph\u00e1t Tri\u1ec3n ki\u1ec7n DDS (1985) 38 B\u00e1o C\u00e1o C\u1ee7a California s\u1ed1 3 385, 390.<\/span><\/span><script type=\"text\/javascript\"> jQuery('#footnote_plugin_tooltip_1080_1_10').tooltip({ tip: '#footnote_plugin_tooltip_text_1080_1_10', tipClass: 'footnote_tooltip', effect: 'fade', predelay: 0, fadeInSpeed: 200, delay: 400, fadeOutSpeed: 200, position: 'top center', relative: true, offset: [-7, 0], });<\/script> N\u1ebfu c\u1ea7n ph\u1ea3i \u0111\u1ea3m b\u1ea3o kh\u00f4ng c\u00f3 thi\u1ebfu s\u00f3t trong c\u00e1c d\u1ecbch v\u1ee5, S\u1edf D\u1ecbch V\u1ee5 Ph\u00e1t Tri\u1ec3n (Department of Developmental Services) c\u1ee7a ti\u1ec3u bang c\u00f3 th\u1ec3 ph\u1ea3i cung c\u1ea5p d\u1ecbch v\u1ee5.<span class=\"footnote_referrer\"><a role=\"button\" tabindex=\"0\" onclick=\"footnote_moveToReference_1080_1('footnote_plugin_reference_1080_1_11');\" onkeypress=\"footnote_moveToReference_1080_1('footnote_plugin_reference_1080_1_11');\" ><sup id=\"footnote_plugin_tooltip_1080_1_11\" class=\"footnote_plugin_tooltip_text\">[11]<\/sup><\/a><span id=\"footnote_plugin_tooltip_text_1080_1_11\" class=\"footnote_tooltip\">M\u1ee5c 4648(h).<\/span><\/span><script type=\"text\/javascript\"> jQuery('#footnote_plugin_tooltip_1080_1_11').tooltip({ tip: '#footnote_plugin_tooltip_text_1080_1_11', tipClass: 'footnote_tooltip', effect: 'fade', predelay: 0, fadeInSpeed: 200, delay: 400, fadeOutSpeed: 200, position: 'top center', relative: true, offset: [-7, 0], });<\/script> N\u1ebfu tr\u1ebb c\u1ea7n c\u00e1c d\u1ecbch v\u1ee5 chuy\u00ean bi\u1ec7t, trung t\u00e2m khu v\u1ef1c c\u00f3 th\u1ec3 thanh to\u00e1n cho c\u00e1c nh\u00e0 cung c\u1ea5p b\u00ean ngo\u00e0i (g\u1ecdi l\u00e0 \u201cb\u00ean cung c\u1ea5p\u201d). H\u1ecd c\u00f3 th\u1ec3 tr\u1ef1c ti\u1ebfp thanh to\u00e1n cho b\u00ean cung c\u1ea5p ho\u1eb7c c\u1ea5p cho qu\u00fd v\u1ecb c\u00e1c phi\u1ebfu mua h\u00e0ng \u0111\u1ec3 thanh to\u00e1n cho b\u00ean cung c\u1ea5p.<span class=\"footnote_referrer\"><a role=\"button\" tabindex=\"0\" onclick=\"footnote_moveToReference_1080_1('footnote_plugin_reference_1080_1_12');\" onkeypress=\"footnote_moveToReference_1080_1('footnote_plugin_reference_1080_1_12');\" ><sup id=\"footnote_plugin_tooltip_1080_1_12\" class=\"footnote_plugin_tooltip_text\">[12]<\/sup><\/a><span id=\"footnote_plugin_tooltip_text_1080_1_12\" class=\"footnote_tooltip\">M\u1ee5c 4648(a)(3)-(5).<\/span><\/span><script type=\"text\/javascript\"> jQuery('#footnote_plugin_tooltip_1080_1_12').tooltip({ tip: '#footnote_plugin_tooltip_text_1080_1_12', tipClass: 'footnote_tooltip', effect: 'fade', predelay: 0, fadeInSpeed: 200, delay: 400, fadeOutSpeed: 200, position: 'top center', relative: true, offset: [-7, 0], });<\/script> Tr\u01b0\u1edbc khi thanh to\u00e1n cho c\u00e1c d\u1ecbch v\u1ee5, trung t\u00e2m khu v\u1ef1c ph\u1ea3i \u0111\u1ea3m b\u1ea3o kh\u00f4ng c\u00f3 ngu\u1ed3n t\u00e0i tr\u1ee3 n\u00e0o kh\u00e1c ch\u1ecbu tr\u00e1ch nhi\u1ec7m \u0111\u00e1p \u1ee9ng nhu c\u1ea7u c\u1ee7a tr\u1ebb v\u00e0 gia \u0111\u00ecnh. Nh\u1eefng ngu\u1ed3n kh\u00e1c n\u00e0y \u0111\u01b0\u1ee3c g\u1ecdi l\u00e0 \u201cd\u1ecbch v\u1ee5 chung\u201d v\u00e0 \u201cs\u1ef1 h\u1ed7 tr\u1ee3 t\u1ef1 nhi\u00ean\u201d.<span class=\"footnote_referrer\"><a role=\"button\" tabindex=\"0\" onclick=\"footnote_moveToReference_1080_1('footnote_plugin_reference_1080_1_13');\" onkeypress=\"footnote_moveToReference_1080_1('footnote_plugin_reference_1080_1_13');\" ><sup id=\"footnote_plugin_tooltip_1080_1_13\" class=\"footnote_plugin_tooltip_text\">[13]<\/sup><\/a><span id=\"footnote_plugin_tooltip_text_1080_1_13\" class=\"footnote_tooltip\">C\u00e1c M\u1ee5c 4646.5(a)(5) v\u00e0 4659.<\/span><\/span><script type=\"text\/javascript\"> jQuery('#footnote_plugin_tooltip_1080_1_13').tooltip({ tip: '#footnote_plugin_tooltip_text_1080_1_13', tipClass: 'footnote_tooltip', effect: 'fade', predelay: 0, fadeInSpeed: 200, delay: 400, fadeOutSpeed: 200, position: 'top center', relative: true, offset: [-7, 0], });<\/script><\/p>\n<div class=\"speaker-mute footnotes_reference_container\"> <div class=\"footnote_container_prepare\"><p><span role=\"button\" tabindex=\"0\" class=\"footnote_reference_container_label pointer\" onclick=\"footnote_expand_collapse_reference_container_1080_1();\">&#x202F;<\/span><span role=\"button\" tabindex=\"0\" class=\"footnote_reference_container_collapse_button\" style=\"display: none;\" onclick=\"footnote_expand_collapse_reference_container_1080_1();\">[<a id=\"footnote_reference_container_collapse_button_1080_1\">+<\/a>]<\/span><\/p><\/div> <div id=\"footnote_references_container_1080_1\" style=\"\"><table class=\"footnotes_table footnote-reference-container\"><caption class=\"accessibility\">References<\/caption> <tbody> \r\n\r\n<tr class=\"footnotes_plugin_reference_row\"> <th scope=\"row\" class=\"footnote_plugin_index_combi pointer\"  onclick=\"footnote_moveToAnchor_1080_1('footnote_plugin_tooltip_1080_1_1');\"><a id=\"footnote_plugin_reference_1080_1_1\" class=\"footnote_backlink\"><span class=\"footnote_index_arrow\">&#8593;<\/span>1<\/a><\/th> <td class=\"footnote_plugin_text\">M\u1ee5c 4685(c)(2).<\/td><\/tr>\r\n\r\n<tr class=\"footnotes_plugin_reference_row\"> <th scope=\"row\" class=\"footnote_plugin_index_combi pointer\"  onclick=\"footnote_moveToAnchor_1080_1('footnote_plugin_tooltip_1080_1_2');\"><a id=\"footnote_plugin_reference_1080_1_2\" class=\"footnote_backlink\"><span class=\"footnote_index_arrow\">&#8593;<\/span>2<\/a><\/th> <td class=\"footnote_plugin_text\">M\u1ee5c 4646.5(b).<\/td><\/tr>\r\n\r\n<tr class=\"footnotes_plugin_reference_row\"> <th scope=\"row\" class=\"footnote_plugin_index_combi pointer\"  onclick=\"footnote_moveToAnchor_1080_1('footnote_plugin_tooltip_1080_1_3');\"><a id=\"footnote_plugin_reference_1080_1_3\" class=\"footnote_backlink\"><span class=\"footnote_index_arrow\">&#8593;<\/span>3<\/a><\/th> <td class=\"footnote_plugin_text\">M\u1ee5c 4646.5(a)(1).<\/td><\/tr>\r\n\r\n<tr class=\"footnotes_plugin_reference_row\"> <th scope=\"row\" class=\"footnote_plugin_index_combi pointer\"  onclick=\"footnote_moveToAnchor_1080_1('footnote_plugin_tooltip_1080_1_4');\"><a id=\"footnote_plugin_reference_1080_1_4\" class=\"footnote_backlink\"><span class=\"footnote_index_arrow\">&#8593;<\/span>4<\/a><\/th> <td class=\"footnote_plugin_text\">M\u1ee5c 4646.5(a)(2).<\/td><\/tr>\r\n\r\n<tr class=\"footnotes_plugin_reference_row\"> <th scope=\"row\" class=\"footnote_plugin_index_combi pointer\"  onclick=\"footnote_moveToAnchor_1080_1('footnote_plugin_tooltip_1080_1_5');\"><a id=\"footnote_plugin_reference_1080_1_5\" class=\"footnote_backlink\"><span class=\"footnote_index_arrow\">&#8593;<\/span>5<\/a><\/th> <td class=\"footnote_plugin_text\">M\u1ee5c 4646.5(a)(3).<\/td><\/tr>\r\n\r\n<tr class=\"footnotes_plugin_reference_row\"> <th scope=\"row\" class=\"footnote_plugin_index_combi pointer\"  onclick=\"footnote_moveToAnchor_1080_1('footnote_plugin_tooltip_1080_1_6');\"><a id=\"footnote_plugin_reference_1080_1_6\" class=\"footnote_backlink\"><span class=\"footnote_index_arrow\">&#8593;<\/span>6<\/a><\/th> <td class=\"footnote_plugin_text\">M\u1ee5c 4646.5(a)(5).<\/td><\/tr>\r\n\r\n<tr class=\"footnotes_plugin_reference_row\"> <th scope=\"row\" class=\"footnote_plugin_index_combi pointer\"  onclick=\"footnote_moveToAnchor_1080_1('footnote_plugin_tooltip_1080_1_7');\"><a id=\"footnote_plugin_reference_1080_1_7\" class=\"footnote_backlink\"><span class=\"footnote_index_arrow\">&#8593;<\/span>7<\/a><\/th> <td class=\"footnote_plugin_text\">M\u1ee5c 4646(g)<\/td><\/tr>\r\n\r\n<tr class=\"footnotes_plugin_reference_row\"> <th scope=\"row\" class=\"footnote_plugin_index_combi pointer\"  onclick=\"footnote_moveToAnchor_1080_1('footnote_plugin_tooltip_1080_1_8');\"><a id=\"footnote_plugin_reference_1080_1_8\" class=\"footnote_backlink\"><span class=\"footnote_index_arrow\">&#8593;<\/span>8<\/a><\/th> <td class=\"footnote_plugin_text\">4646(h)<\/td><\/tr>\r\n\r\n<tr class=\"footnotes_plugin_reference_row\"> <th scope=\"row\" class=\"footnote_plugin_index_combi pointer\"  onclick=\"footnote_moveToAnchor_1080_1('footnote_plugin_tooltip_1080_1_9');\"><a id=\"footnote_plugin_reference_1080_1_9\" class=\"footnote_backlink\"><span class=\"footnote_index_arrow\">&#8593;<\/span>9<\/a><\/th> <td class=\"footnote_plugin_text\">M\u1ee5c 4685(c)(4).<\/td><\/tr>\r\n\r\n<tr class=\"footnotes_plugin_reference_row\"> <th scope=\"row\" class=\"footnote_plugin_index_combi pointer\"  onclick=\"footnote_moveToAnchor_1080_1('footnote_plugin_tooltip_1080_1_10');\"><a id=\"footnote_plugin_reference_1080_1_10\" class=\"footnote_backlink\"><span class=\"footnote_index_arrow\">&#8593;<\/span>10<\/a><\/th> <td class=\"footnote_plugin_text\">M\u1ee5c 4646(g); xem th\u00eam Hi\u1ec7p H\u1ed9i d\u00e0nh cho C\u00f4ng D\u00e2n Ch\u1eadm Ph\u00e1t Tri\u1ec3n ki\u1ec7n DDS (1985) 38 B\u00e1o C\u00e1o C\u1ee7a California s\u1ed1 3 385, 390.<\/td><\/tr>\r\n\r\n<tr class=\"footnotes_plugin_reference_row\"> <th scope=\"row\" class=\"footnote_plugin_index_combi pointer\"  onclick=\"footnote_moveToAnchor_1080_1('footnote_plugin_tooltip_1080_1_11');\"><a id=\"footnote_plugin_reference_1080_1_11\" class=\"footnote_backlink\"><span class=\"footnote_index_arrow\">&#8593;<\/span>11<\/a><\/th> <td class=\"footnote_plugin_text\">M\u1ee5c 4648(h).<\/td><\/tr>\r\n\r\n<tr class=\"footnotes_plugin_reference_row\"> <th scope=\"row\" class=\"footnote_plugin_index_combi pointer\"  onclick=\"footnote_moveToAnchor_1080_1('footnote_plugin_tooltip_1080_1_12');\"><a id=\"footnote_plugin_reference_1080_1_12\" class=\"footnote_backlink\"><span class=\"footnote_index_arrow\">&#8593;<\/span>12<\/a><\/th> <td class=\"footnote_plugin_text\">M\u1ee5c 4648(a)(3)-(5).<\/td><\/tr>\r\n\r\n<tr class=\"footnotes_plugin_reference_row\"> <th scope=\"row\" class=\"footnote_plugin_index_combi pointer\"  onclick=\"footnote_moveToAnchor_1080_1('footnote_plugin_tooltip_1080_1_13');\"><a id=\"footnote_plugin_reference_1080_1_13\" class=\"footnote_backlink\"><span class=\"footnote_index_arrow\">&#8593;<\/span>13<\/a><\/th> <td class=\"footnote_plugin_text\">C\u00e1c M\u1ee5c 4646.5(a)(5) v\u00e0 4659.<\/td><\/tr>\r\n\r\n <\/tbody> <\/table> <\/div><\/div><script type=\"text\/javascript\"> function footnote_expand_reference_container_1080_1() { jQuery('#footnote_references_container_1080_1').show(); jQuery('#footnote_reference_container_collapse_button_1080_1').text('\u2212'); } function footnote_collapse_reference_container_1080_1() { jQuery('#footnote_references_container_1080_1').hide(); jQuery('#footnote_reference_container_collapse_button_1080_1').text('+'); } function footnote_expand_collapse_reference_container_1080_1() { if (jQuery('#footnote_references_container_1080_1').is(':hidden')) { footnote_expand_reference_container_1080_1(); } else { footnote_collapse_reference_container_1080_1(); } } function footnote_moveToReference_1080_1(p_str_TargetID) { footnote_expand_reference_container_1080_1(); var l_obj_Target = jQuery('#' + p_str_TargetID); if (l_obj_Target.length) { jQuery( 'html, body' ).delay( 0 ); jQuery('html, body').animate({ scrollTop: l_obj_Target.offset().top - window.innerHeight * 0.2 }, 380); } } function footnote_moveToAnchor_1080_1(p_str_TargetID) { footnote_expand_reference_container_1080_1(); var l_obj_Target = jQuery('#' + p_str_TargetID); if (l_obj_Target.length) { jQuery( 'html, body' ).delay( 0 ); jQuery('html, body').animate({ scrollTop: l_obj_Target.offset().top - window.innerHeight * 0.2 }, 380); } }<\/script>","protected":false},"excerpt":{"rendered":"<p>IPP c\u1ee7a con qu\u00fd v\u1ecb ph\u1ea3i bao g\u1ed3m \u201cth\u00e0nh ph\u1ea7n k\u1ebf ho\u1ea1ch gia \u0111\u00ecnh\u201d tr\u00ecnh b\u00e0y c\u00e1c d\u1ecbch v\u1ee5 v\u00e0 s\u1ef1 h\u1ed7 tr\u1ee3 con qu\u00fd&hellip;<\/p>\n","protected":false},"author":1,"featured_media":0,"parent":219,"menu_order":4,"comment_status":"closed","ping_status":"closed","template":"","meta":{"footnotes":""},"class_list":["post-1080","page","type-page","status-publish","hentry"],"_links":{"self":[{"href":"https:\/\/rula.disabilityrightsca.org\/vi\/wp-json\/wp\/v2\/pages\/1080","targetHints":{"allow":["GET"]}}],"collection":[{"href":"https:\/\/rula.disabilityrightsca.org\/vi\/wp-json\/wp\/v2\/pages"}],"about":[{"href":"https:\/\/rula.disabilityrightsca.org\/vi\/wp-json\/wp\/v2\/types\/page"}],"author":[{"embeddable":true,"href":"https:\/\/rula.disabilityrightsca.org\/vi\/wp-json\/wp\/v2\/users\/1"}],"replies":[{"embeddable":true,"href":"https:\/\/rula.disabilityrightsca.org\/vi\/wp-json\/wp\/v2\/comments?post=1080"}],"version-history":[{"count":11,"href":"https:\/\/rula.disabilityrightsca.org\/vi\/wp-json\/wp\/v2\/pages\/1080\/revisions"}],"predecessor-version":[{"id":3721,"href":"https:\/\/rula.disabilityrightsca.org\/vi\/wp-json\/wp\/v2\/pages\/1080\/revisions\/3721"}],"up":[{"embeddable":true,"href":"https:\/\/rula.disabilityrightsca.org\/vi\/wp-json\/wp\/v2\/pages\/219"}],"wp:attachment":[{"href":"https:\/\/rula.disabilityrightsca.org\/vi\/wp-json\/wp\/v2\/media?parent=1080"}],"curies":[{"name":"wp","href":"https:\/\/api.w.org\/{rel}","templated":true}]}}