{"id":1077,"date":"2021-05-13T18:32:01","date_gmt":"2021-05-13T18:32:01","guid":{"rendered":"http:\/\/www.rula.disabilityrightsca.org\/vi\/?page_id=1077"},"modified":"2023-07-21T18:35:40","modified_gmt":"2023-07-21T18:35:40","slug":"how-do-i-ask-for-new-services-or-change-to-the-services-for-my-child","status":"publish","type":"page","link":"https:\/\/rula.disabilityrightsca.org\/vi\/rula-book\/chapter-6-keeping-the-family-together-services-and-supports-for-children\/how-do-i-ask-for-new-services-or-change-to-the-services-for-my-child\/","title":{"rendered":"(6.3) L\u00e0m th\u1ebf n\u00e0o \u0111\u1ec3 t\u00f4i c\u00f3 th\u1ec3 y\u00eau c\u1ea7u d\u1ecbch v\u1ee5 m\u1edbi ho\u1eb7c thay \u0111\u1ed5i d\u1ecbch v\u1ee5 cho con m\u00ecnh?"},"content":{"rendered":"\n<p>C\u00e1c d\u1ecbch v\u1ee5 v\u00e0 s\u1ef1 h\u1ed7 tr\u1ee3 c\u1ee7a trung t\u00e2m khu v\u1ef1c d\u00e0nh cho con qu\u00fd v\u1ecb \u0111\u01b0\u1ee3c x\u00e1c \u0111\u1ecbnh theo quy tr\u00ecnh K\u1ebf Ho\u1ea1ch Ch\u01b0\u01a1ng Tr\u00ecnh C\u00e1 Nh\u00e2n (Individual Program Plan, IPP). N\u1ebfu con qu\u00fd v\u1ecb c\u1ea7n th\u00eam s\u1ef1 h\u1ed7 tr\u1ee3 v\u00e0 d\u1ecbch v\u1ee5 ho\u1eb7c c\u1ea7n c\u00e1c h\u1ed7 tr\u1ee3 ho\u1eb7c d\u1ecbch v\u1ee5 kh\u00e1c \u0111\u1ec3 s\u1ed1ng t\u1ea1i nh\u00e0, con qu\u00fd v\u1ecb c\u1ea7n c\u00f3 IPP m\u1edbi. \u0110\u1ec3 thay \u0111\u1ed5i IPP c\u1ee7a con qu\u00fd v\u1ecb, h\u00e3y y\u00eau c\u1ea7u cu\u1ed9c h\u1ecdp IPP v\u00e0 b\u00e1o cho trung t\u00e2m khu v\u1ef1c bi\u1ebft con qu\u00fd v\u1ecb c\u1ea7n th\u00eam s\u1ef1 h\u1ed7 tr\u1ee3. Ngay khi trung t\u00e2m khu v\u1ef1c bi\u1ebft gia \u0111\u00ecnh qu\u00fd v\u1ecb c\u1ea7n th\u00eam d\u1ecbch v\u1ee5 \u0111\u1ec3 gi\u00fap tr\u1ebb \u1edf l\u1ea1i nh\u00e0, h\u1ecd ph\u1ea3i g\u1eb7p qu\u00fd v\u1ecb \u0111\u1ec3 th\u1ea3o lu\u1eadn v\u1ec1 t\u00ecnh h\u00ecnh n\u00e0y. H\u00e3y cho \u0111i\u1ec1u ph\u1ed1i vi\u00ean d\u1ecbch v\u1ee5 bi\u1ebft v\u1ec1 c\u00e1c v\u1ea5n \u0111\u1ec1 v\u00e0 nhu c\u1ea7u c\u1ee7a qu\u00fd v\u1ecb \u0111\u1ec3 gi\u1eef con qu\u00fd v\u1ecb \u1edf l\u1ea1i nh\u00e0. <span class=\"footnote_referrer\"><a role=\"button\" tabindex=\"0\" onclick=\"footnote_moveToReference_1077_1('footnote_plugin_reference_1077_1_1');\" onkeypress=\"footnote_moveToReference_1077_1('footnote_plugin_reference_1077_1_1');\" ><sup id=\"footnote_plugin_tooltip_1077_1_1\" class=\"footnote_plugin_tooltip_text\">[1]<\/sup><\/a><span id=\"footnote_plugin_tooltip_text_1077_1_1\" class=\"footnote_tooltip\">M\u1ee5c 4685(c)(2).<\/span><\/span><script type=\"text\/javascript\"> jQuery('#footnote_plugin_tooltip_1077_1_1').tooltip({ tip: '#footnote_plugin_tooltip_text_1077_1_1', tipClass: 'footnote_tooltip', effect: 'fade', predelay: 0, fadeInSpeed: 200, delay: 400, fadeOutSpeed: 200, position: 'top center', relative: true, offset: [-7, 0], });<\/script><\/p>\n<div class=\"speaker-mute footnotes_reference_container\"> <div class=\"footnote_container_prepare\"><p><span role=\"button\" tabindex=\"0\" class=\"footnote_reference_container_label pointer\" onclick=\"footnote_expand_collapse_reference_container_1077_1();\">&#x202F;<\/span><span role=\"button\" tabindex=\"0\" class=\"footnote_reference_container_collapse_button\" style=\"display: none;\" onclick=\"footnote_expand_collapse_reference_container_1077_1();\">[<a id=\"footnote_reference_container_collapse_button_1077_1\">+<\/a>]<\/span><\/p><\/div> <div id=\"footnote_references_container_1077_1\" style=\"\"><table class=\"footnotes_table footnote-reference-container\"><caption class=\"accessibility\">References<\/caption> <tbody> \r\n\r\n<tr class=\"footnotes_plugin_reference_row\"> <th scope=\"row\" class=\"footnote_plugin_index_combi pointer\"  onclick=\"footnote_moveToAnchor_1077_1('footnote_plugin_tooltip_1077_1_1');\"><a id=\"footnote_plugin_reference_1077_1_1\" class=\"footnote_backlink\"><span class=\"footnote_index_arrow\">&#8593;<\/span>1<\/a><\/th> <td class=\"footnote_plugin_text\">M\u1ee5c 4685(c)(2).<\/td><\/tr>\r\n\r\n <\/tbody> <\/table> <\/div><\/div><script type=\"text\/javascript\"> function footnote_expand_reference_container_1077_1() { jQuery('#footnote_references_container_1077_1').show(); jQuery('#footnote_reference_container_collapse_button_1077_1').text('\u2212'); } function footnote_collapse_reference_container_1077_1() { jQuery('#footnote_references_container_1077_1').hide(); jQuery('#footnote_reference_container_collapse_button_1077_1').text('+'); } function footnote_expand_collapse_reference_container_1077_1() { if (jQuery('#footnote_references_container_1077_1').is(':hidden')) { footnote_expand_reference_container_1077_1(); } else { footnote_collapse_reference_container_1077_1(); } } function footnote_moveToReference_1077_1(p_str_TargetID) { footnote_expand_reference_container_1077_1(); var l_obj_Target = jQuery('#' + p_str_TargetID); if (l_obj_Target.length) { jQuery( 'html, body' ).delay( 0 ); jQuery('html, body').animate({ scrollTop: l_obj_Target.offset().top - window.innerHeight * 0.2 }, 380); } } function footnote_moveToAnchor_1077_1(p_str_TargetID) { footnote_expand_reference_container_1077_1(); var l_obj_Target = jQuery('#' + p_str_TargetID); if (l_obj_Target.length) { jQuery( 'html, body' ).delay( 0 ); jQuery('html, body').animate({ scrollTop: l_obj_Target.offset().top - window.innerHeight * 0.2 }, 380); } }<\/script>","protected":false},"excerpt":{"rendered":"<p>C\u00e1c d\u1ecbch v\u1ee5 v\u00e0 s\u1ef1 h\u1ed7 tr\u1ee3 c\u1ee7a trung t\u00e2m khu v\u1ef1c d\u00e0nh cho con qu\u00fd v\u1ecb \u0111\u01b0\u1ee3c x\u00e1c \u0111\u1ecbnh theo quy tr\u00ecnh K\u1ebf Ho\u1ea1ch&hellip;<\/p>\n","protected":false},"author":1,"featured_media":0,"parent":219,"menu_order":3,"comment_status":"closed","ping_status":"closed","template":"","meta":{"footnotes":""},"class_list":["post-1077","page","type-page","status-publish","hentry"],"_links":{"self":[{"href":"https:\/\/rula.disabilityrightsca.org\/vi\/wp-json\/wp\/v2\/pages\/1077","targetHints":{"allow":["GET"]}}],"collection":[{"href":"https:\/\/rula.disabilityrightsca.org\/vi\/wp-json\/wp\/v2\/pages"}],"about":[{"href":"https:\/\/rula.disabilityrightsca.org\/vi\/wp-json\/wp\/v2\/types\/page"}],"author":[{"embeddable":true,"href":"https:\/\/rula.disabilityrightsca.org\/vi\/wp-json\/wp\/v2\/users\/1"}],"replies":[{"embeddable":true,"href":"https:\/\/rula.disabilityrightsca.org\/vi\/wp-json\/wp\/v2\/comments?post=1077"}],"version-history":[{"count":4,"href":"https:\/\/rula.disabilityrightsca.org\/vi\/wp-json\/wp\/v2\/pages\/1077\/revisions"}],"predecessor-version":[{"id":3719,"href":"https:\/\/rula.disabilityrightsca.org\/vi\/wp-json\/wp\/v2\/pages\/1077\/revisions\/3719"}],"up":[{"embeddable":true,"href":"https:\/\/rula.disabilityrightsca.org\/vi\/wp-json\/wp\/v2\/pages\/219"}],"wp:attachment":[{"href":"https:\/\/rula.disabilityrightsca.org\/vi\/wp-json\/wp\/v2\/media?parent=1077"}],"curies":[{"name":"wp","href":"https:\/\/api.w.org\/{rel}","templated":true}]}}