{"id":1075,"date":"2021-05-13T18:29:37","date_gmt":"2021-05-13T18:29:37","guid":{"rendered":"http:\/\/www.rula.disabilityrightsca.org\/vi\/?page_id=1075"},"modified":"2023-07-21T18:34:59","modified_gmt":"2023-07-21T18:34:59","slug":"what-must-regional-centers-do-to-meet-the-needs-of-children-with-developmental-disabilities-and-their-families","status":"publish","type":"page","link":"https:\/\/rula.disabilityrightsca.org\/vi\/rula-book\/chapter-6-keeping-the-family-together-services-and-supports-for-children\/what-must-regional-centers-do-to-meet-the-needs-of-children-with-developmental-disabilities-and-their-families\/","title":{"rendered":"(6.2)  C\u00e1c trung t\u00e2m khu v\u1ef1c ph\u1ea3i l\u00e0m g\u00ec \u0111\u1ec3 \u0111\u00e1p \u1ee9ng c\u00e1c nhu c\u1ea7u c\u1ee7a tr\u1ebb b\u1ecb khuy\u1ebft t\u1eadt v\u1ec1 ph\u00e1t tri\u1ec3n v\u00e0 gia \u0111\u00ecnh?"},"content":{"rendered":"\n<p>Trung t\u00e2m khu v\u1ef1c ph\u1ea3i linh ho\u1ea1t, s\u00e1ng t\u1ea1o v\u00e0 \u0111\u1ed5i m\u1edbi trong c\u00e1ch \u0111\u00e1p \u1ee9ng c\u00e1c nhu c\u1ea7u ri\u00eang c\u1ee7a tr\u1ebb c\u00f9ng gia \u0111\u00ecnh. N\u1ebfu con qu\u00fd v\u1ecb \u0111ang nh\u1eadn c\u00e1c d\u1ecbch v\u1ee5 c\u1ee7a trung t\u00e2m khu v\u1ef1c, trung t\u00e2m khu v\u1ef1c ph\u1ea3i c\u00e2n nh\u1eafc nhu c\u1ea7u c\u00e1 nh\u00e2n c\u1ee7a tr\u1ebb. \u0110i\u1ec1u n\u00e0y c\u00f3 ngh\u0129a l\u00e0 trung t\u00e2m khu v\u1ef1c:<\/p>\n\n\n\n<ul class=\"wp-block-list\"><li>kh\u00f4ng ph\u1ea3i th\u1ef1c hi\u1ec7n m\u1ecdi vi\u1ec7c theo m\u1ed9t c\u00e1ch nh\u1ea5t \u0111\u1ecbnh<\/li><li>kh\u00f4ng ph\u1ea3i th\u1ef1c hi\u1ec7n vi\u1ec7c g\u00ec \u0111\u00f3 theo c\u00e1ch gi\u1ed1ng nh\u01b0 tr\u01b0\u1edbc \u0111\u00e2y ho\u1eb7c theo c\u00e1ch gi\u1ed1ng c\u00e1ch c\u00e1c trung t\u00e2m khu v\u1ef1c kh\u00e1c th\u1ef1c hi\u1ec7n<\/li><li>c\u00f3 th\u1ec3 s\u00e1ng t\u1ea1o nh\u1eefng c\u00e1ch m\u1edbi v\u00e0 kh\u00e1c bi\u1ec7t \u0111\u1ec3 cung c\u1ea5p d\u1ecbch v\u1ee5<span class=\"footnote_referrer\"><a role=\"button\" tabindex=\"0\" onclick=\"footnote_moveToReference_1075_1('footnote_plugin_reference_1075_1_1');\" onkeypress=\"footnote_moveToReference_1075_1('footnote_plugin_reference_1075_1_1');\" ><sup id=\"footnote_plugin_tooltip_1075_1_1\" class=\"footnote_plugin_tooltip_text\">[1]<\/sup><\/a><span id=\"footnote_plugin_tooltip_text_1075_1_1\" class=\"footnote_tooltip\">C\u00e1c M\u1ee5c 4651, 4685(c)(2), 4648(a)(2) v\u00e0 (e)(3).<\/span><\/span><script type=\"text\/javascript\"> jQuery('#footnote_plugin_tooltip_1075_1_1').tooltip({ tip: '#footnote_plugin_tooltip_text_1075_1_1', tipClass: 'footnote_tooltip', effect: 'fade', predelay: 0, fadeInSpeed: 200, delay: 400, fadeOutSpeed: 200, position: 'top center', relative: true, offset: [-7, 0], });<\/script><\/li><\/ul>\n\n\n\n<p>Trung t\u00e2m khu v\u1ef1c ph\u1ea3i ph\u1ed1i h\u1ee3p v\u1edbi gia \u0111\u00ecnh qu\u00fd v\u1ecb \u0111\u1ec3 t\u00ecm ra gi\u1ea3i ph\u00e1p ph\u00f9 h\u1ee3p v\u1edbi t\u1ea5t c\u1ea3 m\u1ecdi ng\u01b0\u1eddi. V\u00ed d\u1ee5: N\u1ebfu trung t\u00e2m khu v\u1ef1c kh\u00f4ng th\u1ec3 t\u00ecm \u0111\u01b0\u1ee3c b\u00ean cung c\u1ea5p \u0111\u1ec3 cung c\u1ea5p d\u1ecbch v\u1ee5 ch\u0103m s\u00f3c t\u1ea1m th\u1eddi cho con qu\u00fd v\u1ecb nh\u01b0ng qu\u00fd v\u1ecb (cha\/m\u1eb9 ho\u1eb7c ng\u01b0\u1eddi gi\u00e1m h\u1ed9) t\u00ecm \u0111\u01b0\u1ee3c ng\u01b0\u1eddi th\u00ec trung t\u00e2m khu v\u1ef1c c\u00f3 th\u1ec3 linh ho\u1ea1t v\u00e0 thu\u00ea ng\u01b0\u1eddi \u0111\u00f3. Tuy nhi\u00ean, n\u1ebfu trung t\u00e2m khu v\u1ef1c c\u00f3 th\u1ec3 \u0111\u00e1p \u1ee9ng c\u00e1c nhu c\u1ea7u c\u1ee7a qu\u00fd v\u1ecb b\u1eb1ng m\u1ed9t b\u00ean cung c\u1ea5p s\u1eb5n c\u00f3 c\u1ee7a trung t\u00e2m khu v\u1ef1c, qu\u00fd v\u1ecb kh\u00f4ng th\u1ec3 ch\u1ecdn m\u1ed9t ng\u01b0\u1eddi c\u1ee5 th\u1ec3 \u0111\u1ec3 cung c\u1ea5p d\u1ecbch v\u1ee5 \u0111\u00f3.<\/p>\n<div class=\"speaker-mute footnotes_reference_container\"> <div class=\"footnote_container_prepare\"><p><span role=\"button\" tabindex=\"0\" class=\"footnote_reference_container_label pointer\" onclick=\"footnote_expand_collapse_reference_container_1075_1();\">&#x202F;<\/span><span role=\"button\" tabindex=\"0\" class=\"footnote_reference_container_collapse_button\" style=\"display: none;\" onclick=\"footnote_expand_collapse_reference_container_1075_1();\">[<a id=\"footnote_reference_container_collapse_button_1075_1\">+<\/a>]<\/span><\/p><\/div> <div id=\"footnote_references_container_1075_1\" style=\"\"><table class=\"footnotes_table footnote-reference-container\"><caption class=\"accessibility\">References<\/caption> <tbody> \r\n\r\n<tr class=\"footnotes_plugin_reference_row\"> <th scope=\"row\" class=\"footnote_plugin_index_combi pointer\"  onclick=\"footnote_moveToAnchor_1075_1('footnote_plugin_tooltip_1075_1_1');\"><a id=\"footnote_plugin_reference_1075_1_1\" class=\"footnote_backlink\"><span class=\"footnote_index_arrow\">&#8593;<\/span>1<\/a><\/th> <td class=\"footnote_plugin_text\">C\u00e1c M\u1ee5c 4651, 4685(c)(2), 4648(a)(2) v\u00e0 (e)(3).<\/td><\/tr>\r\n\r\n <\/tbody> <\/table> <\/div><\/div><script type=\"text\/javascript\"> function footnote_expand_reference_container_1075_1() { jQuery('#footnote_references_container_1075_1').show(); jQuery('#footnote_reference_container_collapse_button_1075_1').text('\u2212'); } function footnote_collapse_reference_container_1075_1() { jQuery('#footnote_references_container_1075_1').hide(); jQuery('#footnote_reference_container_collapse_button_1075_1').text('+'); } function footnote_expand_collapse_reference_container_1075_1() { if (jQuery('#footnote_references_container_1075_1').is(':hidden')) { footnote_expand_reference_container_1075_1(); } else { footnote_collapse_reference_container_1075_1(); } } function footnote_moveToReference_1075_1(p_str_TargetID) { footnote_expand_reference_container_1075_1(); var l_obj_Target = jQuery('#' + p_str_TargetID); if (l_obj_Target.length) { jQuery( 'html, body' ).delay( 0 ); jQuery('html, body').animate({ scrollTop: l_obj_Target.offset().top - window.innerHeight * 0.2 }, 380); } } function footnote_moveToAnchor_1075_1(p_str_TargetID) { footnote_expand_reference_container_1075_1(); var l_obj_Target = jQuery('#' + p_str_TargetID); if (l_obj_Target.length) { jQuery( 'html, body' ).delay( 0 ); jQuery('html, body').animate({ scrollTop: l_obj_Target.offset().top - window.innerHeight * 0.2 }, 380); } }<\/script>","protected":false},"excerpt":{"rendered":"<p>Trung t\u00e2m khu v\u1ef1c ph\u1ea3i linh ho\u1ea1t, s\u00e1ng t\u1ea1o v\u00e0 \u0111\u1ed5i m\u1edbi trong c\u00e1ch \u0111\u00e1p \u1ee9ng c\u00e1c nhu c\u1ea7u ri\u00eang c\u1ee7a tr\u1ebb c\u00f9ng gia \u0111\u00ecnh.&hellip;<\/p>\n","protected":false},"author":1,"featured_media":0,"parent":219,"menu_order":2,"comment_status":"closed","ping_status":"closed","template":"","meta":{"footnotes":""},"class_list":["post-1075","page","type-page","status-publish","hentry"],"_links":{"self":[{"href":"https:\/\/rula.disabilityrightsca.org\/vi\/wp-json\/wp\/v2\/pages\/1075","targetHints":{"allow":["GET"]}}],"collection":[{"href":"https:\/\/rula.disabilityrightsca.org\/vi\/wp-json\/wp\/v2\/pages"}],"about":[{"href":"https:\/\/rula.disabilityrightsca.org\/vi\/wp-json\/wp\/v2\/types\/page"}],"author":[{"embeddable":true,"href":"https:\/\/rula.disabilityrightsca.org\/vi\/wp-json\/wp\/v2\/users\/1"}],"replies":[{"embeddable":true,"href":"https:\/\/rula.disabilityrightsca.org\/vi\/wp-json\/wp\/v2\/comments?post=1075"}],"version-history":[{"count":6,"href":"https:\/\/rula.disabilityrightsca.org\/vi\/wp-json\/wp\/v2\/pages\/1075\/revisions"}],"predecessor-version":[{"id":3718,"href":"https:\/\/rula.disabilityrightsca.org\/vi\/wp-json\/wp\/v2\/pages\/1075\/revisions\/3718"}],"up":[{"embeddable":true,"href":"https:\/\/rula.disabilityrightsca.org\/vi\/wp-json\/wp\/v2\/pages\/219"}],"wp:attachment":[{"href":"https:\/\/rula.disabilityrightsca.org\/vi\/wp-json\/wp\/v2\/media?parent=1075"}],"curies":[{"name":"wp","href":"https:\/\/api.w.org\/{rel}","templated":true}]}}