{"id":1071,"date":"2021-05-13T18:24:05","date_gmt":"2021-05-13T18:24:05","guid":{"rendered":"http:\/\/www.rula.disabilityrightsca.org\/vi\/?page_id=1071"},"modified":"2023-07-21T17:54:29","modified_gmt":"2023-07-21T17:54:29","slug":"what-does-the-lanterman-act-say-about-services-that-help-children-live-at-home-with-their-families","status":"publish","type":"page","link":"https:\/\/rula.disabilityrightsca.org\/vi\/rula-book\/chapter-6-keeping-the-family-together-services-and-supports-for-children\/what-does-the-lanterman-act-say-about-services-that-help-children-live-at-home-with-their-families\/","title":{"rendered":"(6.1) \u0110\u1ea1o Lu\u1eadt Lanterman quy \u0111\u1ecbnh g\u00ec v\u1ec1 c\u00e1c d\u1ecbch v\u1ee5 tr\u1ee3 gi\u00fap tr\u1ebb em s\u1ed1ng t\u1ea1i nh\u00e0 c\u00f9ng gia \u0111\u00ecnh?"},"content":{"rendered":"\n<p>\u0110\u1ea1o Lu\u1eadt Lanterman quy \u0111\u1ecbnh vi\u1ec7c tr\u1ee3 gi\u00fap tr\u1ebb em d\u01b0\u1edbi 18 tu\u1ed5i \u1edf l\u1ea1i gia \u0111\u00ecnh \u0111\u1eb7c bi\u1ec7t \u0111\u01b0\u1ee3c \u01b0u ti\u00ean. \u0110\u1ea1o Lu\u1eadt Lanterman c\u00f4ng nh\u1eadn ph\u1ea7n l\u1edbn tr\u1ebb d\u01b0\u1edbi 18 tu\u1ed5i c\u00f3 nhi\u1ec1u c\u01a1 h\u1ed9i ph\u00e1t tri\u1ec3n h\u1ecdc t\u1eadp v\u00e0 x\u00e3 h\u1ed9i h\u01a1n n\u1ebfu s\u1ed1ng c\u00f9ng gia \u0111\u00ecnh. Lu\u1eadt kh\u1eb3ng \u0111\u1ecbnh \u0111i\u1ec1u quan tr\u1ecdng l\u00e0 ph\u00e1t tri\u1ec3n v\u00e0 m\u1edf r\u1ed9ng c\u00e1c d\u1ecbch v\u1ee5 cho nh\u1eefng gia \u0111\u00ecnh c\u00f3 tr\u1ebb b\u1ecb khuy\u1ebft t\u1eadt v\u1ec1 ph\u00e1t tri\u1ec3n.<span class=\"footnote_referrer\"><a role=\"button\" tabindex=\"0\" onclick=\"footnote_moveToReference_1071_1('footnote_plugin_reference_1071_1_1');\" onkeypress=\"footnote_moveToReference_1071_1('footnote_plugin_reference_1071_1_1');\" ><sup id=\"footnote_plugin_tooltip_1071_1_1\" class=\"footnote_plugin_tooltip_text\">[1]<\/sup><\/a><span id=\"footnote_plugin_tooltip_text_1071_1_1\" class=\"footnote_tooltip\">M\u1ee5c 4685(a).<\/span><\/span><script type=\"text\/javascript\"> jQuery('#footnote_plugin_tooltip_1071_1_1').tooltip({ tip: '#footnote_plugin_tooltip_text_1071_1_1', tipClass: 'footnote_tooltip', effect: 'fade', predelay: 0, fadeInSpeed: 200, delay: 400, fadeOutSpeed: 200, position: 'top center', relative: true, offset: [-7, 0], });<\/script><\/p>\n\n\n\n<p>Lu\u1eadt quy \u0111\u1ecbnh trung t\u00e2m khu v\u1ef1c ph\u1ea3i s\u1eed d\u1ee5ng \u201cc\u00e1c c\u00e1ch s\u00e1ng t\u1ea1o v\u00e0 \u0111\u1ed5i m\u1edbi\u201d nh\u1eb1m \u0111\u00e1p \u1ee9ng nhu c\u1ea7u c\u1ee7a gia \u0111\u00ecnh \u0111\u1ec3 tr\u1ebb c\u00f3 th\u1ec3 s\u1ed1ng t\u1ea1i nh\u00e0.<span class=\"footnote_referrer\"><a role=\"button\" tabindex=\"0\" onclick=\"footnote_moveToReference_1071_1('footnote_plugin_reference_1071_1_2');\" onkeypress=\"footnote_moveToReference_1071_1('footnote_plugin_reference_1071_1_2');\" ><sup id=\"footnote_plugin_tooltip_1071_1_2\" class=\"footnote_plugin_tooltip_text\">[2]<\/sup><\/a><span id=\"footnote_plugin_tooltip_text_1071_1_2\" class=\"footnote_tooltip\">C\u00e1c M\u1ee5c 4685(c)(2) v\u00e0 4648(a)(2) v\u00e0 (10).<\/span><\/span><script type=\"text\/javascript\"> jQuery('#footnote_plugin_tooltip_1071_1_2').tooltip({ tip: '#footnote_plugin_tooltip_text_1071_1_2', tipClass: 'footnote_tooltip', effect: 'fade', predelay: 0, fadeInSpeed: 200, delay: 400, fadeOutSpeed: 200, position: 'top center', relative: true, offset: [-7, 0], });<\/script> Lu\u1eadt c\u0169ng kh\u1eb3ng \u0111\u1ecbnh \u0111i\u1ec1u quan tr\u1ecdng l\u00e0 t\u00f4n tr\u1ecdng v\u00e0 \u1ee7ng h\u1ed9 c\u00e1c quy\u1ebft \u0111\u1ecbnh c\u1ee7a gia \u0111\u00ecnh.<span class=\"footnote_referrer\"><a role=\"button\" tabindex=\"0\" onclick=\"footnote_moveToReference_1071_1('footnote_plugin_reference_1071_1_3');\" onkeypress=\"footnote_moveToReference_1071_1('footnote_plugin_reference_1071_1_3');\" ><sup id=\"footnote_plugin_tooltip_1071_1_3\" class=\"footnote_plugin_tooltip_text\">[3]<\/sup><\/a><span id=\"footnote_plugin_tooltip_text_1071_1_3\" class=\"footnote_tooltip\">M\u1ee5c 4685(b)(1).<\/span><\/span><script type=\"text\/javascript\"> jQuery('#footnote_plugin_tooltip_1071_1_3').tooltip({ tip: '#footnote_plugin_tooltip_text_1071_1_3', tipClass: 'footnote_tooltip', effect: 'fade', predelay: 0, fadeInSpeed: 200, delay: 400, fadeOutSpeed: 200, position: 'top center', relative: true, offset: [-7, 0], });<\/script><\/p>\n\n\n\n<p>C\u00e1c trung t\u00e2m khu v\u1ef1c ph\u1ea3i c\u00e2n nh\u1eafc m\u1ecdi c\u00e1ch c\u00f3 th\u1ec3 \u0111\u1ec3 tr\u1ee3 gi\u00fap c\u00e1c gia \u0111\u00ecnh gi\u1eef tr\u1ebb \u1edf l\u1ea1i nh\u00e0, n\u1ebfu vi\u1ec7c s\u1ed1ng t\u1ea1i nh\u00e0 c\u00f3 l\u1ee3i nh\u1ea5t cho tr\u1ebb, tr\u01b0\u1edbc khi c\u00e2n nh\u1eafc c\u00e1c ph\u01b0\u01a1ng \u00e1n \u0111\u1ec3 tr\u1ebb r\u1eddi kh\u1ecfi nh\u00e0 c\u1ee7a gia \u0111\u00ecnh. <span class=\"footnote_referrer\"><a role=\"button\" tabindex=\"0\" onclick=\"footnote_moveToReference_1071_1('footnote_plugin_reference_1071_1_4');\" onkeypress=\"footnote_moveToReference_1071_1('footnote_plugin_reference_1071_1_4');\" ><sup id=\"footnote_plugin_tooltip_1071_1_4\" class=\"footnote_plugin_tooltip_text\">[4]<\/sup><\/a><span id=\"footnote_plugin_tooltip_text_1071_1_4\" class=\"footnote_tooltip\">M\u1ee5c 4685(c)(2).<\/span><\/span><script type=\"text\/javascript\"> jQuery('#footnote_plugin_tooltip_1071_1_4').tooltip({ tip: '#footnote_plugin_tooltip_text_1071_1_4', tipClass: 'footnote_tooltip', effect: 'fade', predelay: 0, fadeInSpeed: 200, delay: 400, fadeOutSpeed: 200, position: 'top center', relative: true, offset: [-7, 0], });<\/script> N\u1ebfu trung t\u00e2m khu v\u1ef1c ph\u00e1t hi\u1ec7n gia \u0111\u00ecnh \u0111ang c\u00e2n nh\u1eafc s\u1eafp x\u1ebfp cho tr\u1ebb ra \u1edf ngo\u00e0i nh\u00e0, h\u1ecd ph\u1ea3i nhanh ch\u00f3ng g\u1eb7p gia \u0111\u00ecnh c\u1ee7a tr\u1ebb \u0111\u1ec3 x\u00e1c \u0111\u1ecbnh c\u00e1ch gi\u00fap gia \u0111\u00ecnh s\u1ed1ng c\u00f9ng nhau.<span class=\"footnote_referrer\"><a role=\"button\" tabindex=\"0\" onclick=\"footnote_moveToReference_1071_1('footnote_plugin_reference_1071_1_5');\" onkeypress=\"footnote_moveToReference_1071_1('footnote_plugin_reference_1071_1_5');\" ><sup id=\"footnote_plugin_tooltip_1071_1_5\" class=\"footnote_plugin_tooltip_text\">[5]<\/sup><\/a><span id=\"footnote_plugin_tooltip_text_1071_1_5\" class=\"footnote_tooltip\">M\u1ee5c 4685(c)(2).<\/span><\/span><script type=\"text\/javascript\"> jQuery('#footnote_plugin_tooltip_1071_1_5').tooltip({ tip: '#footnote_plugin_tooltip_text_1071_1_5', tipClass: 'footnote_tooltip', effect: 'fade', predelay: 0, fadeInSpeed: 200, delay: 400, fadeOutSpeed: 200, position: 'top center', relative: true, offset: [-7, 0], });<\/script><\/p>\n<div class=\"speaker-mute footnotes_reference_container\"> <div class=\"footnote_container_prepare\"><p><span role=\"button\" tabindex=\"0\" class=\"footnote_reference_container_label pointer\" onclick=\"footnote_expand_collapse_reference_container_1071_1();\">&#x202F;<\/span><span role=\"button\" tabindex=\"0\" class=\"footnote_reference_container_collapse_button\" style=\"display: none;\" onclick=\"footnote_expand_collapse_reference_container_1071_1();\">[<a id=\"footnote_reference_container_collapse_button_1071_1\">+<\/a>]<\/span><\/p><\/div> <div id=\"footnote_references_container_1071_1\" style=\"\"><table class=\"footnotes_table footnote-reference-container\"><caption class=\"accessibility\">References<\/caption> <tbody> \r\n\r\n<tr class=\"footnotes_plugin_reference_row\"> <th scope=\"row\" class=\"footnote_plugin_index_combi pointer\"  onclick=\"footnote_moveToAnchor_1071_1('footnote_plugin_tooltip_1071_1_1');\"><a id=\"footnote_plugin_reference_1071_1_1\" class=\"footnote_backlink\"><span class=\"footnote_index_arrow\">&#8593;<\/span>1<\/a><\/th> <td class=\"footnote_plugin_text\">M\u1ee5c 4685(a).<\/td><\/tr>\r\n\r\n<tr class=\"footnotes_plugin_reference_row\"> <th scope=\"row\" class=\"footnote_plugin_index_combi pointer\"  onclick=\"footnote_moveToAnchor_1071_1('footnote_plugin_tooltip_1071_1_2');\"><a id=\"footnote_plugin_reference_1071_1_2\" class=\"footnote_backlink\"><span class=\"footnote_index_arrow\">&#8593;<\/span>2<\/a><\/th> <td class=\"footnote_plugin_text\">C\u00e1c M\u1ee5c 4685(c)(2) v\u00e0 4648(a)(2) v\u00e0 (10).<\/td><\/tr>\r\n\r\n<tr class=\"footnotes_plugin_reference_row\"> <th scope=\"row\" class=\"footnote_plugin_index_combi pointer\"  onclick=\"footnote_moveToAnchor_1071_1('footnote_plugin_tooltip_1071_1_3');\"><a id=\"footnote_plugin_reference_1071_1_3\" class=\"footnote_backlink\"><span class=\"footnote_index_arrow\">&#8593;<\/span>3<\/a><\/th> <td class=\"footnote_plugin_text\">M\u1ee5c 4685(b)(1).<\/td><\/tr>\r\n\r\n<tr class=\"footnotes_plugin_reference_row\"> <th scope=\"row\" class=\"footnote_plugin_index_combi\" ><a id=\"footnote_plugin_reference_1071_1_4\" class=\"footnote_backlink\" onclick=\"footnote_moveToAnchor_1071_1('footnote_plugin_tooltip_1071_1_4');\"><span class=\"footnote_index_arrow\">&#8593;<\/span>4,<\/a> <a id=\"footnote_plugin_reference_1071_1_5\" class=\"footnote_backlink\" onclick=\"footnote_moveToAnchor_1071_1('footnote_plugin_tooltip_1071_1_5');\"><span class=\"footnote_index_arrow\">&#8593;<\/span>5<\/a><\/th> <td class=\"footnote_plugin_text\">M\u1ee5c 4685(c)(2).<\/td><\/tr>\r\n\r\n <\/tbody> <\/table> <\/div><\/div><script type=\"text\/javascript\"> function footnote_expand_reference_container_1071_1() { jQuery('#footnote_references_container_1071_1').show(); jQuery('#footnote_reference_container_collapse_button_1071_1').text('\u2212'); } function footnote_collapse_reference_container_1071_1() { jQuery('#footnote_references_container_1071_1').hide(); jQuery('#footnote_reference_container_collapse_button_1071_1').text('+'); } function footnote_expand_collapse_reference_container_1071_1() { if (jQuery('#footnote_references_container_1071_1').is(':hidden')) { footnote_expand_reference_container_1071_1(); } else { footnote_collapse_reference_container_1071_1(); } } function footnote_moveToReference_1071_1(p_str_TargetID) { footnote_expand_reference_container_1071_1(); var l_obj_Target = jQuery('#' + p_str_TargetID); if (l_obj_Target.length) { jQuery( 'html, body' ).delay( 0 ); jQuery('html, body').animate({ scrollTop: l_obj_Target.offset().top - window.innerHeight * 0.2 }, 380); } } function footnote_moveToAnchor_1071_1(p_str_TargetID) { footnote_expand_reference_container_1071_1(); var l_obj_Target = jQuery('#' + p_str_TargetID); if (l_obj_Target.length) { jQuery( 'html, body' ).delay( 0 ); jQuery('html, body').animate({ scrollTop: l_obj_Target.offset().top - window.innerHeight * 0.2 }, 380); } }<\/script>","protected":false},"excerpt":{"rendered":"<p>\u0110\u1ea1o Lu\u1eadt Lanterman quy \u0111\u1ecbnh vi\u1ec7c tr\u1ee3 gi\u00fap tr\u1ebb em d\u01b0\u1edbi 18 tu\u1ed5i \u1edf l\u1ea1i gia \u0111\u00ecnh \u0111\u1eb7c bi\u1ec7t \u0111\u01b0\u1ee3c \u01b0u ti\u00ean. \u0110\u1ea1o Lu\u1eadt Lanterman&hellip;<\/p>\n","protected":false},"author":1,"featured_media":0,"parent":219,"menu_order":1,"comment_status":"closed","ping_status":"closed","template":"","meta":{"footnotes":""},"class_list":["post-1071","page","type-page","status-publish","hentry"],"_links":{"self":[{"href":"https:\/\/rula.disabilityrightsca.org\/vi\/wp-json\/wp\/v2\/pages\/1071","targetHints":{"allow":["GET"]}}],"collection":[{"href":"https:\/\/rula.disabilityrightsca.org\/vi\/wp-json\/wp\/v2\/pages"}],"about":[{"href":"https:\/\/rula.disabilityrightsca.org\/vi\/wp-json\/wp\/v2\/types\/page"}],"author":[{"embeddable":true,"href":"https:\/\/rula.disabilityrightsca.org\/vi\/wp-json\/wp\/v2\/users\/1"}],"replies":[{"embeddable":true,"href":"https:\/\/rula.disabilityrightsca.org\/vi\/wp-json\/wp\/v2\/comments?post=1071"}],"version-history":[{"count":6,"href":"https:\/\/rula.disabilityrightsca.org\/vi\/wp-json\/wp\/v2\/pages\/1071\/revisions"}],"predecessor-version":[{"id":3717,"href":"https:\/\/rula.disabilityrightsca.org\/vi\/wp-json\/wp\/v2\/pages\/1071\/revisions\/3717"}],"up":[{"embeddable":true,"href":"https:\/\/rula.disabilityrightsca.org\/vi\/wp-json\/wp\/v2\/pages\/219"}],"wp:attachment":[{"href":"https:\/\/rula.disabilityrightsca.org\/vi\/wp-json\/wp\/v2\/media?parent=1071"}],"curies":[{"name":"wp","href":"https:\/\/api.w.org\/{rel}","templated":true}]}}