{"id":1049,"date":"2021-05-12T23:12:38","date_gmt":"2021-05-12T23:12:38","guid":{"rendered":"http:\/\/www.rula.disabilityrightsca.org\/vi\/?page_id=1049"},"modified":"2022-04-19T19:28:50","modified_gmt":"2022-04-19T19:28:50","slug":"how-are-disputes-with-regional-centers-about-moving-handled","status":"publish","type":"page","link":"https:\/\/rula.disabilityrightsca.org\/vi\/rula-book\/chapter-3-regional-centers\/how-are-disputes-with-regional-centers-about-moving-handled\/","title":{"rendered":"(3.22) Nh\u1eefng b\u1ea5t \u0111\u1ed3ng gi\u1eefa c\u00e1c trung t\u00e2m khu v\u1ef1c v\u1ec1 vi\u1ec7c chuy\u1ec3n \u0111i s\u1ebd \u0111\u01b0\u1ee3c x\u1eed l\u00fd nh\u01b0 th\u1ebf n\u00e0o?"},"content":{"rendered":"\n<p>C\u00e1c trung t\u00e2m khu v\u1ef1c ph\u1ea3i c\u1ed1 g\u1eafng gi\u1ea3i quy\u1ebft t\u1ea5t c\u1ea3 b\u1ea5t \u0111\u1ed3ng gi\u1eefa h\u1ecd v\u1ec1 vi\u1ec7c chuy\u1ec3n \u0111i. <span class=\"footnote_referrer\"><a role=\"button\" tabindex=\"0\" onclick=\"footnote_moveToReference_1049_1('footnote_plugin_reference_1049_1_1');\" onkeypress=\"footnote_moveToReference_1049_1('footnote_plugin_reference_1049_1_1');\" ><sup id=\"footnote_plugin_tooltip_1049_1_1\" class=\"footnote_plugin_tooltip_text\">[1]<\/sup><\/a><span id=\"footnote_plugin_tooltip_text_1049_1_1\" class=\"footnote_tooltip\"><a href=\"https:\/\/rula.disabilityrightsca.org\/vi\/supplements\/supplement-h-how-to-get-regional-center-services-through-your-ipp\/\">Ph\u1ee5 L\u1ee5c G<\/a>, Quy Tr\u00ecnh Gi\u1ea3i Quy\u1ebft Tranh Ch\u1ea5p 1.<\/span><\/span><script type=\"text\/javascript\"> jQuery('#footnote_plugin_tooltip_1049_1_1').tooltip({ tip: '#footnote_plugin_tooltip_text_1049_1_1', tipClass: 'footnote_tooltip', effect: 'fade', predelay: 0, fadeInSpeed: 200, delay: 400, fadeOutSpeed: 200, position: 'top center', relative: true, offset: [-7, 0], });<\/script> N\u1ebfu h\u1ecd kh\u00f4ng th\u1ec3, trung t\u00e2m khu v\u1ef1c ho\u1eb7c qu\u00fd v\u1ecb (ho\u1eb7c ng\u01b0\u1eddi \u0111\u1ea1i di\u1ec7n \u0111\u01b0\u1ee3c qu\u00fd v\u1ecb \u1ee7y quy\u1ec1n) c\u00f3 th\u1ec3 y\u00eau c\u1ea7u S\u1edf D\u1ecbch V\u1ee5 Ph\u00e1t Tri\u1ec3n (DDS) tr\u1ee3 gi\u00fap b\u1eb1ng v\u0103n b\u1ea3n. <span class=\"footnote_referrer\"><a role=\"button\" tabindex=\"0\" onclick=\"footnote_moveToReference_1049_1('footnote_plugin_reference_1049_1_2');\" onkeypress=\"footnote_moveToReference_1049_1('footnote_plugin_reference_1049_1_2');\" ><sup id=\"footnote_plugin_tooltip_1049_1_2\" class=\"footnote_plugin_tooltip_text\">[2]<\/sup><\/a><span id=\"footnote_plugin_tooltip_text_1049_1_2\" class=\"footnote_tooltip\"><a href=\"https:\/\/rula.disabilityrightsca.org\/vi\/supplements\/supplement-h-how-to-get-regional-center-services-through-your-ipp\/\">Ph\u1ee5 L\u1ee5c G<\/a>, Quy Tr\u00ecnh Gi\u1ea3i Quy\u1ebft Tranh Ch\u1ea5p 2-3.<\/span><\/span><script type=\"text\/javascript\"> jQuery('#footnote_plugin_tooltip_1049_1_2').tooltip({ tip: '#footnote_plugin_tooltip_text_1049_1_2', tipClass: 'footnote_tooltip', effect: 'fade', predelay: 0, fadeInSpeed: 200, delay: 400, fadeOutSpeed: 200, position: 'top center', relative: true, offset: [-7, 0], });<\/script> G\u1eedi b\u1ea3n sao c\u1ee7a th\u01b0 n\u00e0y \u0111\u1ebfn c\u1ea3 hai trung t\u00e2m khu v\u1ef1c. <span class=\"footnote_referrer\"><a role=\"button\" tabindex=\"0\" onclick=\"footnote_moveToReference_1049_1('footnote_plugin_reference_1049_1_3');\" onkeypress=\"footnote_moveToReference_1049_1('footnote_plugin_reference_1049_1_3');\" ><sup id=\"footnote_plugin_tooltip_1049_1_3\" class=\"footnote_plugin_tooltip_text\">[3]<\/sup><\/a><span id=\"footnote_plugin_tooltip_text_1049_1_3\" class=\"footnote_tooltip\"><a href=\"https:\/\/rula.disabilityrightsca.org\/vi\/supplements\/supplement-h-how-to-get-regional-center-services-through-your-ipp\/\">Ph\u1ee5 L\u1ee5c G<\/a>, Quy Tr\u00ecnh Gi\u1ea3i Quy\u1ebft Tranh Ch\u1ea5p 3.<\/span><\/span><script type=\"text\/javascript\"> jQuery('#footnote_plugin_tooltip_1049_1_3').tooltip({ tip: '#footnote_plugin_tooltip_text_1049_1_3', tipClass: 'footnote_tooltip', effect: 'fade', predelay: 0, fadeInSpeed: 200, delay: 400, fadeOutSpeed: 200, position: 'top center', relative: true, offset: [-7, 0], });<\/script> Th\u00f4ng tin li\u00ean h\u1ec7 c\u1ee7a Ph\u00f3 Gi\u00e1m \u0110\u1ed1c DDS c\u1ee7a Ph\u00f2ng D\u1ecbch V\u1ee5 v\u00e0 H\u1ed7 Tr\u1ee3 C\u1ed9ng \u0110\u1ed3ng (Community Services and Supports Division) l\u00e0:<\/p>\n\n\n\n<p>1600 9th Street, MS 3-24<br>Sacramento, CA 95814<br>\u0110i\u1ec7n tho\u1ea1i: (916) 654-2716<\/p>\n\n\n\n<p>DDS s\u1ebd cho m\u1ed7i trung t\u00e2m 5 ng\u00e0y l\u00e0m vi\u1ec7c \u0111\u1ec3 gi\u1ea3i th\u00edch quan \u0111i\u1ec3m c\u1ee7a h\u1ecd b\u1eb1ng v\u0103n b\u1ea3n. Sau \u0111\u00f3 Ph\u00f3 Gi\u00e1m \u0110\u1ed1c s\u1ebd \u0111\u01b0a ra \u00fd ki\u1ebfn b\u1eb1ng v\u0103n b\u1ea3n trong v\u00f2ng 30 ng\u00e0y k\u1ec3 t\u1eeb khi nh\u1eadn th\u00f4ng tin h\u1ecd c\u1ea7n. <span class=\"footnote_referrer\"><a role=\"button\" tabindex=\"0\" onclick=\"footnote_moveToReference_1049_1('footnote_plugin_reference_1049_1_4');\" onkeypress=\"footnote_moveToReference_1049_1('footnote_plugin_reference_1049_1_4');\" ><sup id=\"footnote_plugin_tooltip_1049_1_4\" class=\"footnote_plugin_tooltip_text\">[4]<\/sup><\/a><span id=\"footnote_plugin_tooltip_text_1049_1_4\" class=\"footnote_tooltip\"><a href=\"https:\/\/rula.disabilityrightsca.org\/vi\/supplements\/supplement-h-how-to-get-regional-center-services-through-your-ipp\/\">Ph\u1ee5 L\u1ee5c G<\/a>, Quy Tr\u00ecnh Gi\u1ea3i Quy\u1ebft Tranh Ch\u1ea5p 4-5.<\/span><\/span><script type=\"text\/javascript\"> jQuery('#footnote_plugin_tooltip_1049_1_4').tooltip({ tip: '#footnote_plugin_tooltip_text_1049_1_4', tipClass: 'footnote_tooltip', effect: 'fade', predelay: 0, fadeInSpeed: 200, delay: 400, fadeOutSpeed: 200, position: 'top center', relative: true, offset: [-7, 0], });<\/script><\/p>\n\n\n\n<p>Trong th\u1eddi gian ch\u1edd gi\u1ea3i quy\u1ebft b\u1ea5t \u0111\u1ed3ng, trung t\u00e2m khu v\u1ef1c hi\u1ec7n t\u1ea1i c\u1ee7a qu\u00fd v\u1ecb ph\u1ea3i ti\u1ebfp t\u1ee5c thanh to\u00e1n cho c\u00e1c d\u1ecbch v\u1ee5 v\u00e0 qu\u1ea3n l\u00fd tr\u01b0\u1eddng h\u1ee3p c\u1ee7a qu\u00fd v\u1ecb. C\u00e1c d\u1ecbch v\u1ee5 c\u1ee7a qu\u00fd v\u1ecb kh\u00f4ng bao gi\u1edd b\u1ecb d\u1eebng cung c\u1ea5p do c\u00e1c b\u1ea5t \u0111\u1ed3ng gi\u1eefa c\u00e1c trung t\u00e2m khu v\u1ef1c. <span class=\"footnote_referrer\"><a role=\"button\" tabindex=\"0\" onclick=\"footnote_moveToReference_1049_1('footnote_plugin_reference_1049_1_5');\" onkeypress=\"footnote_moveToReference_1049_1('footnote_plugin_reference_1049_1_5');\" ><sup id=\"footnote_plugin_tooltip_1049_1_5\" class=\"footnote_plugin_tooltip_text\">[5]<\/sup><\/a><span id=\"footnote_plugin_tooltip_text_1049_1_5\" class=\"footnote_tooltip\">M\u1ee5c 4643.5(c) v\u00e0&nbsp;<a href=\"https:\/\/rula.disabilityrightsca.org\/vi\/supplements\/supplement-h-how-to-get-regional-center-services-through-your-ipp\/\">Ph\u1ee5 L\u1ee5c G<\/a>, H\u01b0\u1edbng D\u1eabn 5, 6 v\u00e0 8.<\/span><\/span><script type=\"text\/javascript\"> jQuery('#footnote_plugin_tooltip_1049_1_5').tooltip({ tip: '#footnote_plugin_tooltip_text_1049_1_5', tipClass: 'footnote_tooltip', effect: 'fade', predelay: 0, fadeInSpeed: 200, delay: 400, fadeOutSpeed: 200, position: 'top center', relative: true, offset: [-7, 0], });<\/script><\/p>\n<div class=\"speaker-mute footnotes_reference_container\"> <div class=\"footnote_container_prepare\"><p><span role=\"button\" tabindex=\"0\" class=\"footnote_reference_container_label pointer\" onclick=\"footnote_expand_collapse_reference_container_1049_1();\">&#x202F;<\/span><span role=\"button\" tabindex=\"0\" class=\"footnote_reference_container_collapse_button\" style=\"display: none;\" onclick=\"footnote_expand_collapse_reference_container_1049_1();\">[<a id=\"footnote_reference_container_collapse_button_1049_1\">+<\/a>]<\/span><\/p><\/div> <div id=\"footnote_references_container_1049_1\" style=\"\"><table class=\"footnotes_table footnote-reference-container\"><caption class=\"accessibility\">References<\/caption> <tbody> \r\n\r\n<tr class=\"footnotes_plugin_reference_row\"> <th scope=\"row\" class=\"footnote_plugin_index_combi pointer\"  onclick=\"footnote_moveToAnchor_1049_1('footnote_plugin_tooltip_1049_1_1');\"><a id=\"footnote_plugin_reference_1049_1_1\" class=\"footnote_backlink\"><span class=\"footnote_index_arrow\">&#8593;<\/span>1<\/a><\/th> <td class=\"footnote_plugin_text\"><a href=\"https:\/\/rula.disabilityrightsca.org\/vi\/supplements\/supplement-h-how-to-get-regional-center-services-through-your-ipp\/\">Ph\u1ee5 L\u1ee5c G<\/a>, Quy Tr\u00ecnh Gi\u1ea3i Quy\u1ebft Tranh Ch\u1ea5p 1.<\/td><\/tr>\r\n\r\n<tr class=\"footnotes_plugin_reference_row\"> <th scope=\"row\" class=\"footnote_plugin_index_combi pointer\"  onclick=\"footnote_moveToAnchor_1049_1('footnote_plugin_tooltip_1049_1_2');\"><a id=\"footnote_plugin_reference_1049_1_2\" class=\"footnote_backlink\"><span class=\"footnote_index_arrow\">&#8593;<\/span>2<\/a><\/th> <td class=\"footnote_plugin_text\"><a href=\"https:\/\/rula.disabilityrightsca.org\/vi\/supplements\/supplement-h-how-to-get-regional-center-services-through-your-ipp\/\">Ph\u1ee5 L\u1ee5c G<\/a>, Quy Tr\u00ecnh Gi\u1ea3i Quy\u1ebft Tranh Ch\u1ea5p 2-3.<\/td><\/tr>\r\n\r\n<tr class=\"footnotes_plugin_reference_row\"> <th scope=\"row\" class=\"footnote_plugin_index_combi pointer\"  onclick=\"footnote_moveToAnchor_1049_1('footnote_plugin_tooltip_1049_1_3');\"><a id=\"footnote_plugin_reference_1049_1_3\" class=\"footnote_backlink\"><span class=\"footnote_index_arrow\">&#8593;<\/span>3<\/a><\/th> <td class=\"footnote_plugin_text\"><a href=\"https:\/\/rula.disabilityrightsca.org\/vi\/supplements\/supplement-h-how-to-get-regional-center-services-through-your-ipp\/\">Ph\u1ee5 L\u1ee5c G<\/a>, Quy Tr\u00ecnh Gi\u1ea3i Quy\u1ebft Tranh Ch\u1ea5p 3.<\/td><\/tr>\r\n\r\n<tr class=\"footnotes_plugin_reference_row\"> <th scope=\"row\" class=\"footnote_plugin_index_combi pointer\"  onclick=\"footnote_moveToAnchor_1049_1('footnote_plugin_tooltip_1049_1_4');\"><a id=\"footnote_plugin_reference_1049_1_4\" class=\"footnote_backlink\"><span class=\"footnote_index_arrow\">&#8593;<\/span>4<\/a><\/th> <td class=\"footnote_plugin_text\"><a href=\"https:\/\/rula.disabilityrightsca.org\/vi\/supplements\/supplement-h-how-to-get-regional-center-services-through-your-ipp\/\">Ph\u1ee5 L\u1ee5c G<\/a>, Quy Tr\u00ecnh Gi\u1ea3i Quy\u1ebft Tranh Ch\u1ea5p 4-5.<\/td><\/tr>\r\n\r\n<tr class=\"footnotes_plugin_reference_row\"> <th scope=\"row\" class=\"footnote_plugin_index_combi pointer\"  onclick=\"footnote_moveToAnchor_1049_1('footnote_plugin_tooltip_1049_1_5');\"><a id=\"footnote_plugin_reference_1049_1_5\" class=\"footnote_backlink\"><span class=\"footnote_index_arrow\">&#8593;<\/span>5<\/a><\/th> <td class=\"footnote_plugin_text\">M\u1ee5c 4643.5(c) v\u00e0&nbsp;<a href=\"https:\/\/rula.disabilityrightsca.org\/vi\/supplements\/supplement-h-how-to-get-regional-center-services-through-your-ipp\/\">Ph\u1ee5 L\u1ee5c G<\/a>, H\u01b0\u1edbng D\u1eabn 5, 6 v\u00e0 8.<\/td><\/tr>\r\n\r\n <\/tbody> <\/table> <\/div><\/div><script type=\"text\/javascript\"> function footnote_expand_reference_container_1049_1() { jQuery('#footnote_references_container_1049_1').show(); jQuery('#footnote_reference_container_collapse_button_1049_1').text('\u2212'); } function footnote_collapse_reference_container_1049_1() { jQuery('#footnote_references_container_1049_1').hide(); jQuery('#footnote_reference_container_collapse_button_1049_1').text('+'); } function footnote_expand_collapse_reference_container_1049_1() { if (jQuery('#footnote_references_container_1049_1').is(':hidden')) { footnote_expand_reference_container_1049_1(); } else { footnote_collapse_reference_container_1049_1(); } } function footnote_moveToReference_1049_1(p_str_TargetID) { footnote_expand_reference_container_1049_1(); var l_obj_Target = jQuery('#' + p_str_TargetID); if (l_obj_Target.length) { jQuery( 'html, body' ).delay( 0 ); jQuery('html, body').animate({ scrollTop: l_obj_Target.offset().top - window.innerHeight * 0.2 }, 380); } } function footnote_moveToAnchor_1049_1(p_str_TargetID) { footnote_expand_reference_container_1049_1(); var l_obj_Target = jQuery('#' + p_str_TargetID); if (l_obj_Target.length) { jQuery( 'html, body' ).delay( 0 ); jQuery('html, body').animate({ scrollTop: l_obj_Target.offset().top - window.innerHeight * 0.2 }, 380); } }<\/script>","protected":false},"excerpt":{"rendered":"<p>C\u00e1c trung t\u00e2m khu v\u1ef1c ph\u1ea3i c\u1ed1 g\u1eafng gi\u1ea3i quy\u1ebft t\u1ea5t c\u1ea3 b\u1ea5t \u0111\u1ed3ng gi\u1eefa h\u1ecd v\u1ec1 vi\u1ec7c chuy\u1ec3n \u0111i. [1]Ph\u1ee5 L\u1ee5c G, Quy Tr\u00ecnh&hellip;<\/p>\n","protected":false},"author":1,"featured_media":0,"parent":312,"menu_order":22,"comment_status":"closed","ping_status":"closed","template":"","meta":{"footnotes":""},"class_list":["post-1049","page","type-page","status-publish","hentry"],"_links":{"self":[{"href":"https:\/\/rula.disabilityrightsca.org\/vi\/wp-json\/wp\/v2\/pages\/1049","targetHints":{"allow":["GET"]}}],"collection":[{"href":"https:\/\/rula.disabilityrightsca.org\/vi\/wp-json\/wp\/v2\/pages"}],"about":[{"href":"https:\/\/rula.disabilityrightsca.org\/vi\/wp-json\/wp\/v2\/types\/page"}],"author":[{"embeddable":true,"href":"https:\/\/rula.disabilityrightsca.org\/vi\/wp-json\/wp\/v2\/users\/1"}],"replies":[{"embeddable":true,"href":"https:\/\/rula.disabilityrightsca.org\/vi\/wp-json\/wp\/v2\/comments?post=1049"}],"version-history":[{"count":6,"href":"https:\/\/rula.disabilityrightsca.org\/vi\/wp-json\/wp\/v2\/pages\/1049\/revisions"}],"predecessor-version":[{"id":2876,"href":"https:\/\/rula.disabilityrightsca.org\/vi\/wp-json\/wp\/v2\/pages\/1049\/revisions\/2876"}],"up":[{"embeddable":true,"href":"https:\/\/rula.disabilityrightsca.org\/vi\/wp-json\/wp\/v2\/pages\/312"}],"wp:attachment":[{"href":"https:\/\/rula.disabilityrightsca.org\/vi\/wp-json\/wp\/v2\/media?parent=1049"}],"curies":[{"name":"wp","href":"https:\/\/api.w.org\/{rel}","templated":true}]}}