{"id":1047,"date":"2021-05-12T23:09:28","date_gmt":"2021-05-12T23:09:28","guid":{"rendered":"http:\/\/www.rula.disabilityrightsca.org\/vi\/?page_id=1047"},"modified":"2022-04-19T19:28:37","modified_gmt":"2022-04-19T19:28:37","slug":"who-pays-for-services-during-the-transition-from-one-regional-center-to-another","status":"publish","type":"page","link":"https:\/\/rula.disabilityrightsca.org\/vi\/rula-book\/chapter-3-regional-centers\/who-pays-for-services-during-the-transition-from-one-regional-center-to-another\/","title":{"rendered":"(3.21) Ai thanh to\u00e1n cho c\u00e1c d\u1ecbch v\u1ee5 trong qu\u00e1 tr\u00ecnh chuy\u1ec3n t\u1eeb m\u1ed9t trung t\u00e2m khu v\u1ef1c sang trung t\u00e2m khu v\u1ef1c kh\u00e1c?"},"content":{"rendered":"\n<p>Trung t\u00e2m khu v\u1ef1c hi\u1ec7n t\u1ea1i c\u1ee7a qu\u00fd v\u1ecb s\u1ebd ti\u1ebfp t\u1ee5c thanh to\u00e1n cho c\u00e1c d\u1ecbch v\u1ee5 (v\u00e0 qu\u1ea3n l\u00fd tr\u01b0\u1eddng h\u1ee3p c\u1ee7a qu\u00fd v\u1ecb) cho \u0111\u1ebfn khi:<\/p>\n\n\n\n<ul class=\"wp-block-list\"><li>You have a new IPP (or an Individual Family Service Plan (IFSP) for children under age three), <strong>and<\/strong><\/li><\/ul>\n\n\n\n<ul class=\"wp-block-list\"><li>Qu\u00fd v\u1ecb c\u00f3 IPP m\u1edbi (ho\u1eb7c K\u1ebf Ho\u1ea1ch D\u1ecbch V\u1ee5 Gia \u0110\u00ecnh C\u00e1 Nh\u00e2n (Individual Family Service Plan, IFSP) cho tr\u1ebb d\u01b0\u1edbi ba tu\u1ed5i),&nbsp;<strong>v\u00e0<\/strong><\/li><li>Trung t\u00e2m khu v\u1ef1c m\u1edbi cung c\u1ea5p cho qu\u00fd v\u1ecb c\u00e1c d\u1ecbch v\u1ee5. <span class=\"footnote_referrer\"><a role=\"button\" tabindex=\"0\" onclick=\"footnote_moveToReference_1047_1('footnote_plugin_reference_1047_1_1');\" onkeypress=\"footnote_moveToReference_1047_1('footnote_plugin_reference_1047_1_1');\" ><sup id=\"footnote_plugin_tooltip_1047_1_1\" class=\"footnote_plugin_tooltip_text\">[1]<\/sup><\/a><span id=\"footnote_plugin_tooltip_text_1047_1_1\" class=\"footnote_tooltip\"><a href=\"https:\/\/rula.disabilityrightsca.org\/vi\/supplements\/supplement-h-inter-regional-center-transfer-guidelines\/\">Ph\u1ee5 L\u1ee5c G<\/a>, H\u01b0\u1edbng D\u1eabn 1.<\/span><\/span><script type=\"text\/javascript\"> jQuery('#footnote_plugin_tooltip_1047_1_1').tooltip({ tip: '#footnote_plugin_tooltip_text_1047_1_1', tipClass: 'footnote_tooltip', effect: 'fade', predelay: 0, fadeInSpeed: 200, delay: 400, fadeOutSpeed: 200, position: 'top center', relative: true, offset: [-7, 0], });<\/script><\/li><\/ul>\n<div class=\"speaker-mute footnotes_reference_container\"> <div class=\"footnote_container_prepare\"><p><span role=\"button\" tabindex=\"0\" class=\"footnote_reference_container_label pointer\" onclick=\"footnote_expand_collapse_reference_container_1047_1();\">&#x202F;<\/span><span role=\"button\" tabindex=\"0\" class=\"footnote_reference_container_collapse_button\" style=\"display: none;\" onclick=\"footnote_expand_collapse_reference_container_1047_1();\">[<a id=\"footnote_reference_container_collapse_button_1047_1\">+<\/a>]<\/span><\/p><\/div> <div id=\"footnote_references_container_1047_1\" style=\"\"><table class=\"footnotes_table footnote-reference-container\"><caption class=\"accessibility\">References<\/caption> <tbody> \r\n\r\n<tr class=\"footnotes_plugin_reference_row\"> <th scope=\"row\" class=\"footnote_plugin_index_combi pointer\"  onclick=\"footnote_moveToAnchor_1047_1('footnote_plugin_tooltip_1047_1_1');\"><a id=\"footnote_plugin_reference_1047_1_1\" class=\"footnote_backlink\"><span class=\"footnote_index_arrow\">&#8593;<\/span>1<\/a><\/th> <td class=\"footnote_plugin_text\"><a href=\"https:\/\/rula.disabilityrightsca.org\/vi\/supplements\/supplement-h-inter-regional-center-transfer-guidelines\/\">Ph\u1ee5 L\u1ee5c G<\/a>, H\u01b0\u1edbng D\u1eabn 1.<\/td><\/tr>\r\n\r\n <\/tbody> <\/table> <\/div><\/div><script type=\"text\/javascript\"> function footnote_expand_reference_container_1047_1() { jQuery('#footnote_references_container_1047_1').show(); jQuery('#footnote_reference_container_collapse_button_1047_1').text('\u2212'); } function footnote_collapse_reference_container_1047_1() { jQuery('#footnote_references_container_1047_1').hide(); jQuery('#footnote_reference_container_collapse_button_1047_1').text('+'); } function footnote_expand_collapse_reference_container_1047_1() { if (jQuery('#footnote_references_container_1047_1').is(':hidden')) { footnote_expand_reference_container_1047_1(); } else { footnote_collapse_reference_container_1047_1(); } } function footnote_moveToReference_1047_1(p_str_TargetID) { footnote_expand_reference_container_1047_1(); var l_obj_Target = jQuery('#' + p_str_TargetID); if (l_obj_Target.length) { jQuery( 'html, body' ).delay( 0 ); jQuery('html, body').animate({ scrollTop: l_obj_Target.offset().top - window.innerHeight * 0.2 }, 380); } } function footnote_moveToAnchor_1047_1(p_str_TargetID) { footnote_expand_reference_container_1047_1(); var l_obj_Target = jQuery('#' + p_str_TargetID); if (l_obj_Target.length) { jQuery( 'html, body' ).delay( 0 ); jQuery('html, body').animate({ scrollTop: l_obj_Target.offset().top - window.innerHeight * 0.2 }, 380); } }<\/script>","protected":false},"excerpt":{"rendered":"<p>Trung t\u00e2m khu v\u1ef1c hi\u1ec7n t\u1ea1i c\u1ee7a qu\u00fd v\u1ecb s\u1ebd ti\u1ebfp t\u1ee5c thanh to\u00e1n cho c\u00e1c d\u1ecbch v\u1ee5 (v\u00e0 qu\u1ea3n l\u00fd tr\u01b0\u1eddng h\u1ee3p c\u1ee7a qu\u00fd&hellip;<\/p>\n","protected":false},"author":1,"featured_media":0,"parent":312,"menu_order":21,"comment_status":"closed","ping_status":"closed","template":"","meta":{"footnotes":""},"class_list":["post-1047","page","type-page","status-publish","hentry"],"_links":{"self":[{"href":"https:\/\/rula.disabilityrightsca.org\/vi\/wp-json\/wp\/v2\/pages\/1047","targetHints":{"allow":["GET"]}}],"collection":[{"href":"https:\/\/rula.disabilityrightsca.org\/vi\/wp-json\/wp\/v2\/pages"}],"about":[{"href":"https:\/\/rula.disabilityrightsca.org\/vi\/wp-json\/wp\/v2\/types\/page"}],"author":[{"embeddable":true,"href":"https:\/\/rula.disabilityrightsca.org\/vi\/wp-json\/wp\/v2\/users\/1"}],"replies":[{"embeddable":true,"href":"https:\/\/rula.disabilityrightsca.org\/vi\/wp-json\/wp\/v2\/comments?post=1047"}],"version-history":[{"count":6,"href":"https:\/\/rula.disabilityrightsca.org\/vi\/wp-json\/wp\/v2\/pages\/1047\/revisions"}],"predecessor-version":[{"id":2875,"href":"https:\/\/rula.disabilityrightsca.org\/vi\/wp-json\/wp\/v2\/pages\/1047\/revisions\/2875"}],"up":[{"embeddable":true,"href":"https:\/\/rula.disabilityrightsca.org\/vi\/wp-json\/wp\/v2\/pages\/312"}],"wp:attachment":[{"href":"https:\/\/rula.disabilityrightsca.org\/vi\/wp-json\/wp\/v2\/media?parent=1047"}],"curies":[{"name":"wp","href":"https:\/\/api.w.org\/{rel}","templated":true}]}}