{"id":1045,"date":"2021-05-12T23:08:06","date_gmt":"2021-05-12T23:08:06","guid":{"rendered":"http:\/\/www.rula.disabilityrightsca.org\/vi\/?page_id=1045"},"modified":"2022-04-19T19:28:26","modified_gmt":"2022-04-19T19:28:26","slug":"if-i-move-to-a-different-area-of-the-state-will-the-regional-centers-work-together-to-help-me-transition-to-the-new-regional-center","status":"publish","type":"page","link":"https:\/\/rula.disabilityrightsca.org\/vi\/rula-book\/chapter-3-regional-centers\/if-i-move-to-a-different-area-of-the-state-will-the-regional-centers-work-together-to-help-me-transition-to-the-new-regional-center\/","title":{"rendered":"(3.20) N\u1ebfu t\u00f4i chuy\u1ec3n \u0111\u1ebfn m\u1ed9t khu v\u1ef1c kh\u00e1c c\u1ee7a ti\u1ec3u bang, c\u00e1c trung t\u00e2m khu v\u1ef1c c\u00f3 ph\u1ed1i h\u1ee3p \u0111\u1ec3 tr\u1ee3 gi\u00fap t\u00f4i chuy\u1ec3n \u0111\u1ebfn trung t\u00e2m khu v\u1ef1c m\u1edbi kh\u00f4ng?"},"content":{"rendered":"\n<p>C\u00e1c trung t\u00e2m khu v\u1ef1c ph\u1ea3i ph\u1ed1i h\u1ee3p v\u1edbi nhau \u0111\u1ec3 \u0111\u1ea3m b\u1ea3o vi\u1ec7c chuy\u1ec3n sang trung t\u00e2m khu v\u1ef1c m\u1edbi c\u1ee7a qu\u00fd v\u1ecb di\u1ec5n ra su\u00f4n s\u1ebb, kh\u00f4ng b\u1ecb ch\u1eadm tr\u1ec5 ho\u1eb7c thi\u1ebfu s\u00f3t trong c\u00e1c d\u1ecbch v\u1ee5 c\u1ee7a qu\u00fd v\u1ecb. <span class=\"footnote_referrer\"><a role=\"button\" tabindex=\"0\" onclick=\"footnote_moveToReference_1045_1('footnote_plugin_reference_1045_1_1');\" onkeypress=\"footnote_moveToReference_1045_1('footnote_plugin_reference_1045_1_1');\" ><sup id=\"footnote_plugin_tooltip_1045_1_1\" class=\"footnote_plugin_tooltip_text\">[1]<\/sup><\/a><span id=\"footnote_plugin_tooltip_text_1045_1_1\" class=\"footnote_tooltip\">M\u1ee5c 4643.5(c).<\/span><\/span><script type=\"text\/javascript\"> jQuery('#footnote_plugin_tooltip_1045_1_1').tooltip({ tip: '#footnote_plugin_tooltip_text_1045_1_1', tipClass: 'footnote_tooltip', effect: 'fade', predelay: 0, fadeInSpeed: 200, delay: 400, fadeOutSpeed: 200, position: 'top center', relative: true, offset: [-7, 0], });<\/script> S\u1edf D\u1ecbch V\u1ee5 Ph\u00e1t Tri\u1ec3n (DDS) \u0111\u00e3 l\u1eadp \u201cH\u01b0\u1edbng D\u1eabn Chuy\u1ec3n Kh\u00e1ch H\u00e0ng Gi\u1eefa C\u00e1c Trung T\u00e2m Khu V\u1ef1c\u201d (\u201cInter-Regional Center Consumer Transfer Guidelines\u201d) cho bi\u1ebft c\u00e1c trung t\u00e2m khu v\u1ef1c, kh\u00e1ch h\u00e0ng, gia \u0111\u00ecnh v\u00e0 nh\u00e0 cung c\u1ea5p d\u1ecbch v\u1ee5 ph\u1ea3i ph\u1ed1i h\u1ee3p v\u1edbi nhau tr\u01b0\u1edbc, trong v\u00e0 sau khi qu\u00fd v\u1ecb chuy\u1ec3n. <span class=\"footnote_referrer\"><a role=\"button\" tabindex=\"0\" onclick=\"footnote_moveToReference_1045_1('footnote_plugin_reference_1045_1_2');\" onkeypress=\"footnote_moveToReference_1045_1('footnote_plugin_reference_1045_1_2');\" ><sup id=\"footnote_plugin_tooltip_1045_1_2\" class=\"footnote_plugin_tooltip_text\">[2]<\/sup><\/a><span id=\"footnote_plugin_tooltip_text_1045_1_2\" class=\"footnote_tooltip\">Xem&nbsp;<a href=\"https:\/\/rula.disabilityrightsca.org\/vi\/supplements\/supplement-g-inter-regional-center-transfer-guidelines\/\">Ph\u1ee5 L\u1ee5c G<\/a>&nbsp;c\u1ee7a c\u1ea9m nang n\u00e0y.<\/span><\/span><script type=\"text\/javascript\"> jQuery('#footnote_plugin_tooltip_1045_1_2').tooltip({ tip: '#footnote_plugin_tooltip_text_1045_1_2', tipClass: 'footnote_tooltip', effect: 'fade', predelay: 0, fadeInSpeed: 200, delay: 400, fadeOutSpeed: 200, position: 'top center', relative: true, offset: [-7, 0], });<\/script><\/p>\n\n\n\n<p>Nh\u1eefng ng\u01b0\u1eddi chuy\u1ec3n t\u1eeb m\u1ed9t trung t\u00e2m khu v\u1ef1c \u0111\u1ebfn m\u1ed9t trung t\u00e2m khu v\u1ef1c kh\u00e1c ph\u1ea3i c\u00f3 c\u01a1 h\u1ed9i nh\u1eadn c\u00e1c d\u1ecbch v\u1ee5 t\u1eeb trung t\u00e2m khu v\u1ef1c m\u1edbi gi\u1ed1ng nh\u01b0 nh\u1eefng ng\u01b0\u1eddi \u0111\u00e3 nh\u1eadn c\u00e1c d\u1ecbch v\u1ee5 \u1edf \u0111\u00f3. <span class=\"footnote_referrer\"><a role=\"button\" tabindex=\"0\" onclick=\"footnote_moveToReference_1045_1('footnote_plugin_reference_1045_1_3');\" onkeypress=\"footnote_moveToReference_1045_1('footnote_plugin_reference_1045_1_3');\" ><sup id=\"footnote_plugin_tooltip_1045_1_3\" class=\"footnote_plugin_tooltip_text\">[3]<\/sup><\/a><span id=\"footnote_plugin_tooltip_text_1045_1_3\" class=\"footnote_tooltip\"><a href=\"https:\/\/rula.disabilityrightsca.org\/vi\/supplements\/supplement-g-inter-regional-center-transfer-guidelines\/\">Ph\u1ee5 L\u1ee5c G<\/a>, H\u01b0\u1edbng D\u1eabn 7.<\/span><\/span><script type=\"text\/javascript\"> jQuery('#footnote_plugin_tooltip_1045_1_3').tooltip({ tip: '#footnote_plugin_tooltip_text_1045_1_3', tipClass: 'footnote_tooltip', effect: 'fade', predelay: 0, fadeInSpeed: 200, delay: 400, fadeOutSpeed: 200, position: 'top center', relative: true, offset: [-7, 0], });<\/script><\/p>\n\n\n\n<p>N\u1ebfu qu\u00fd v\u1ecb d\u1ef1 \u0111\u1ecbnh chuy\u1ec3n \u0111i, h\u00e3y y\u00eau c\u1ea7u trung t\u00e2m khu v\u1ef1c c\u1ee7a qu\u00fd v\u1ecb t\u1ed5 ch\u1ee9c \u201ccu\u1ed9c h\u1ecdp l\u1eadp k\u1ebf ho\u1ea1ch tr\u01b0\u1edbc khi chuy\u1ec3n\u201d s\u1edbm nh\u1ea5t c\u00f3 th\u1ec3. <span class=\"footnote_referrer\"><a role=\"button\" tabindex=\"0\" onclick=\"footnote_moveToReference_1045_1('footnote_plugin_reference_1045_1_4');\" onkeypress=\"footnote_moveToReference_1045_1('footnote_plugin_reference_1045_1_4');\" ><sup id=\"footnote_plugin_tooltip_1045_1_4\" class=\"footnote_plugin_tooltip_text\">[4]<\/sup><\/a><span id=\"footnote_plugin_tooltip_text_1045_1_4\" class=\"footnote_tooltip\"><a href=\"https:\/\/rula.disabilityrightsca.org\/vi\/supplements\/supplement-g-inter-regional-center-transfer-guidelines\/\">Ph\u1ee5 L\u1ee5c G<\/a>, H\u01b0\u1edbng D\u1eabn 1.<\/span><\/span><script type=\"text\/javascript\"> jQuery('#footnote_plugin_tooltip_1045_1_4').tooltip({ tip: '#footnote_plugin_tooltip_text_1045_1_4', tipClass: 'footnote_tooltip', effect: 'fade', predelay: 0, fadeInSpeed: 200, delay: 400, fadeOutSpeed: 200, position: 'top center', relative: true, offset: [-7, 0], });<\/script> Trong cu\u1ed9c h\u1ecdp n\u00e0y, trung t\u00e2m khu v\u1ef1c hi\u1ec7n t\u1ea1i c\u1ee7a qu\u00fd v\u1ecb, trung t\u00e2m khu v\u1ef1c m\u1edbi c\u1ee7a qu\u00fd v\u1ecb v\u00e0 nh\u00e0 cung c\u1ea5p d\u1ecbch v\u1ee5 c\u1ee7a qu\u00fd v\u1ecb c\u00f9ng v\u1edbi qu\u00fd v\u1ecb s\u1ebd nh\u1ea5t tr\u00ed quy\u1ebft \u0111\u1ecbnh:<\/p>\n\n\n\n<ul class=\"wp-block-list\"><li>Ng\u01b0\u1eddi ch\u1ecbu tr\u00e1ch nhi\u1ec7m cho c\u00e1c ho\u1ea1t \u0111\u1ed9ng c\u1ee5 th\u1ec3 c\u1ee7a qu\u00e1 tr\u00ecnh chuy\u1ec3n,<\/li><li>Nh\u1eefng tr\u00e1ch nhi\u1ec7m c\u1ee5 th\u1ec3, v\u00e0<\/li><li>Th\u1eddi gian di\u1ec5n ra c\u00e1c ho\u1ea1t \u0111\u1ed9ng c\u1ee7a qu\u00e1 tr\u00ecnh chuy\u1ec3n. <span class=\"footnote_referrer\"><a role=\"button\" tabindex=\"0\" onclick=\"footnote_moveToReference_1045_1('footnote_plugin_reference_1045_1_5');\" onkeypress=\"footnote_moveToReference_1045_1('footnote_plugin_reference_1045_1_5');\" ><sup id=\"footnote_plugin_tooltip_1045_1_5\" class=\"footnote_plugin_tooltip_text\">[5]<\/sup><\/a><span id=\"footnote_plugin_tooltip_text_1045_1_5\" class=\"footnote_tooltip\"><a href=\"https:\/\/rula.disabilityrightsca.org\/vi\/supplements\/supplement-g-inter-regional-center-transfer-guidelines\/\">Ph\u1ee5 L\u1ee5c G<\/a>, H\u01b0\u1edbng D\u1eabn 2.<\/span><\/span><script type=\"text\/javascript\"> jQuery('#footnote_plugin_tooltip_1045_1_5').tooltip({ tip: '#footnote_plugin_tooltip_text_1045_1_5', tipClass: 'footnote_tooltip', effect: 'fade', predelay: 0, fadeInSpeed: 200, delay: 400, fadeOutSpeed: 200, position: 'top center', relative: true, offset: [-7, 0], });<\/script><\/li><\/ul>\n\n\n\n<p>Cu\u1ed9c h\u1ecdp l\u1eadp k\u1ebf ho\u1ea1ch tr\u01b0\u1edbc khi chuy\u1ec3n ph\u1ea3i \u0111\u1ea3m b\u1ea3o qu\u00fd v\u1ecb kh\u00f4ng b\u1ecb thi\u1ebfu s\u00f3t c\u00e1c d\u1ecbch v\u1ee5 v\u00e0 s\u1ef1 h\u1ed7 tr\u1ee3, ch\u1eb3ng h\u1ea1n nh\u01b0 c\u00e1c d\u1ecbch v\u1ee5 ch\u0103m s\u00f3c \u0111i\u1ec1u d\u01b0\u1ee1ng, h\u1ed7 tr\u1ee3 h\u00e0nh vi v\u00e0 h\u1ed7 tr\u1ee3 \u0111\u1eddi s\u1ed1ng.<\/p>\n\n\n\n<p>V\u1edbi tr\u1ebb \u0111ang \u1edf nh\u1eefng c\u01a1 s\u1edf ch\u0103m nu\u00f4i ho\u1eb7c ngo\u00e0i nh\u00e0, c\u00e1c vi\u00ean ch\u1ee9c c\u1ee7a h\u1ea1t v\u00e0 trung t\u00e2m khu v\u1ef1c ph\u1ea3i th\u1ef1c hi\u1ec7n nh\u1eefng n\u1ed7 l\u1ef1c \u0111\u1eb7c bi\u1ec7t. H\u1ecd ph\u1ea3i \u0111\u1ea3m b\u1ea3o c\u00e1c h\u1ed3 s\u01a1 \u0111\u01b0\u1ee3c chuy\u1ec3n \u0111i v\u00e0 c\u00e1c d\u1ecbch v\u1ee5 ti\u1ebfp t\u1ee5c \u0111\u01b0\u1ee3c cung c\u1ea5p cho nh\u1eefng tr\u1ebb n\u00e0y khi tr\u1ebb chuy\u1ec3n t\u1eeb m\u1ed9t trung t\u00e2m khu v\u1ef1c sang trung t\u00e2m khu v\u1ef1c kh\u00e1c. <span class=\"footnote_referrer\"><a role=\"button\" tabindex=\"0\" onclick=\"footnote_moveToReference_1045_1('footnote_plugin_reference_1045_1_6');\" onkeypress=\"footnote_moveToReference_1045_1('footnote_plugin_reference_1045_1_6');\" ><sup id=\"footnote_plugin_tooltip_1045_1_6\" class=\"footnote_plugin_tooltip_text\">[6]<\/sup><\/a><span id=\"footnote_plugin_tooltip_text_1045_1_6\" class=\"footnote_tooltip\">M\u1ee5c 4643.5(d).<\/span><\/span><script type=\"text\/javascript\"> jQuery('#footnote_plugin_tooltip_1045_1_6').tooltip({ tip: '#footnote_plugin_tooltip_text_1045_1_6', tipClass: 'footnote_tooltip', effect: 'fade', predelay: 0, fadeInSpeed: 200, delay: 400, fadeOutSpeed: 200, position: 'top center', relative: true, offset: [-7, 0], });<\/script><\/p>\n<div class=\"speaker-mute footnotes_reference_container\"> <div class=\"footnote_container_prepare\"><p><span role=\"button\" tabindex=\"0\" class=\"footnote_reference_container_label pointer\" onclick=\"footnote_expand_collapse_reference_container_1045_1();\">&#x202F;<\/span><span role=\"button\" tabindex=\"0\" class=\"footnote_reference_container_collapse_button\" style=\"display: none;\" onclick=\"footnote_expand_collapse_reference_container_1045_1();\">[<a id=\"footnote_reference_container_collapse_button_1045_1\">+<\/a>]<\/span><\/p><\/div> <div id=\"footnote_references_container_1045_1\" style=\"\"><table class=\"footnotes_table footnote-reference-container\"><caption class=\"accessibility\">References<\/caption> <tbody> \r\n\r\n<tr class=\"footnotes_plugin_reference_row\"> <th scope=\"row\" class=\"footnote_plugin_index_combi pointer\"  onclick=\"footnote_moveToAnchor_1045_1('footnote_plugin_tooltip_1045_1_1');\"><a id=\"footnote_plugin_reference_1045_1_1\" class=\"footnote_backlink\"><span class=\"footnote_index_arrow\">&#8593;<\/span>1<\/a><\/th> <td class=\"footnote_plugin_text\">M\u1ee5c 4643.5(c).<\/td><\/tr>\r\n\r\n<tr class=\"footnotes_plugin_reference_row\"> <th scope=\"row\" class=\"footnote_plugin_index_combi pointer\"  onclick=\"footnote_moveToAnchor_1045_1('footnote_plugin_tooltip_1045_1_2');\"><a id=\"footnote_plugin_reference_1045_1_2\" class=\"footnote_backlink\"><span class=\"footnote_index_arrow\">&#8593;<\/span>2<\/a><\/th> <td class=\"footnote_plugin_text\">Xem&nbsp;<a href=\"https:\/\/rula.disabilityrightsca.org\/vi\/supplements\/supplement-g-inter-regional-center-transfer-guidelines\/\">Ph\u1ee5 L\u1ee5c G<\/a>&nbsp;c\u1ee7a c\u1ea9m nang n\u00e0y.<\/td><\/tr>\r\n\r\n<tr class=\"footnotes_plugin_reference_row\"> <th scope=\"row\" class=\"footnote_plugin_index_combi pointer\"  onclick=\"footnote_moveToAnchor_1045_1('footnote_plugin_tooltip_1045_1_3');\"><a id=\"footnote_plugin_reference_1045_1_3\" class=\"footnote_backlink\"><span class=\"footnote_index_arrow\">&#8593;<\/span>3<\/a><\/th> <td class=\"footnote_plugin_text\"><a href=\"https:\/\/rula.disabilityrightsca.org\/vi\/supplements\/supplement-g-inter-regional-center-transfer-guidelines\/\">Ph\u1ee5 L\u1ee5c G<\/a>, H\u01b0\u1edbng D\u1eabn 7.<\/td><\/tr>\r\n\r\n<tr class=\"footnotes_plugin_reference_row\"> <th scope=\"row\" class=\"footnote_plugin_index_combi pointer\"  onclick=\"footnote_moveToAnchor_1045_1('footnote_plugin_tooltip_1045_1_4');\"><a id=\"footnote_plugin_reference_1045_1_4\" class=\"footnote_backlink\"><span class=\"footnote_index_arrow\">&#8593;<\/span>4<\/a><\/th> <td class=\"footnote_plugin_text\"><a href=\"https:\/\/rula.disabilityrightsca.org\/vi\/supplements\/supplement-g-inter-regional-center-transfer-guidelines\/\">Ph\u1ee5 L\u1ee5c G<\/a>, H\u01b0\u1edbng D\u1eabn 1.<\/td><\/tr>\r\n\r\n<tr class=\"footnotes_plugin_reference_row\"> <th scope=\"row\" class=\"footnote_plugin_index_combi pointer\"  onclick=\"footnote_moveToAnchor_1045_1('footnote_plugin_tooltip_1045_1_5');\"><a id=\"footnote_plugin_reference_1045_1_5\" class=\"footnote_backlink\"><span class=\"footnote_index_arrow\">&#8593;<\/span>5<\/a><\/th> <td class=\"footnote_plugin_text\"><a href=\"https:\/\/rula.disabilityrightsca.org\/vi\/supplements\/supplement-g-inter-regional-center-transfer-guidelines\/\">Ph\u1ee5 L\u1ee5c G<\/a>, H\u01b0\u1edbng D\u1eabn 2.<\/td><\/tr>\r\n\r\n<tr class=\"footnotes_plugin_reference_row\"> <th scope=\"row\" class=\"footnote_plugin_index_combi pointer\"  onclick=\"footnote_moveToAnchor_1045_1('footnote_plugin_tooltip_1045_1_6');\"><a id=\"footnote_plugin_reference_1045_1_6\" class=\"footnote_backlink\"><span class=\"footnote_index_arrow\">&#8593;<\/span>6<\/a><\/th> <td class=\"footnote_plugin_text\">M\u1ee5c 4643.5(d).<\/td><\/tr>\r\n\r\n <\/tbody> <\/table> <\/div><\/div><script type=\"text\/javascript\"> function footnote_expand_reference_container_1045_1() { jQuery('#footnote_references_container_1045_1').show(); jQuery('#footnote_reference_container_collapse_button_1045_1').text('\u2212'); } function footnote_collapse_reference_container_1045_1() { jQuery('#footnote_references_container_1045_1').hide(); jQuery('#footnote_reference_container_collapse_button_1045_1').text('+'); } function footnote_expand_collapse_reference_container_1045_1() { if (jQuery('#footnote_references_container_1045_1').is(':hidden')) { footnote_expand_reference_container_1045_1(); } else { footnote_collapse_reference_container_1045_1(); } } function footnote_moveToReference_1045_1(p_str_TargetID) { footnote_expand_reference_container_1045_1(); var l_obj_Target = jQuery('#' + p_str_TargetID); if (l_obj_Target.length) { jQuery( 'html, body' ).delay( 0 ); jQuery('html, body').animate({ scrollTop: l_obj_Target.offset().top - window.innerHeight * 0.2 }, 380); } } function footnote_moveToAnchor_1045_1(p_str_TargetID) { footnote_expand_reference_container_1045_1(); var l_obj_Target = jQuery('#' + p_str_TargetID); if (l_obj_Target.length) { jQuery( 'html, body' ).delay( 0 ); jQuery('html, body').animate({ scrollTop: l_obj_Target.offset().top - window.innerHeight * 0.2 }, 380); } }<\/script>","protected":false},"excerpt":{"rendered":"<p>C\u00e1c trung t\u00e2m khu v\u1ef1c ph\u1ea3i ph\u1ed1i h\u1ee3p v\u1edbi nhau \u0111\u1ec3 \u0111\u1ea3m b\u1ea3o vi\u1ec7c chuy\u1ec3n sang trung t\u00e2m khu v\u1ef1c m\u1edbi c\u1ee7a qu\u00fd v\u1ecb di\u1ec5n&hellip;<\/p>\n","protected":false},"author":1,"featured_media":0,"parent":312,"menu_order":20,"comment_status":"closed","ping_status":"closed","template":"","meta":{"footnotes":""},"class_list":["post-1045","page","type-page","status-publish","hentry"],"_links":{"self":[{"href":"https:\/\/rula.disabilityrightsca.org\/vi\/wp-json\/wp\/v2\/pages\/1045","targetHints":{"allow":["GET"]}}],"collection":[{"href":"https:\/\/rula.disabilityrightsca.org\/vi\/wp-json\/wp\/v2\/pages"}],"about":[{"href":"https:\/\/rula.disabilityrightsca.org\/vi\/wp-json\/wp\/v2\/types\/page"}],"author":[{"embeddable":true,"href":"https:\/\/rula.disabilityrightsca.org\/vi\/wp-json\/wp\/v2\/users\/1"}],"replies":[{"embeddable":true,"href":"https:\/\/rula.disabilityrightsca.org\/vi\/wp-json\/wp\/v2\/comments?post=1045"}],"version-history":[{"count":5,"href":"https:\/\/rula.disabilityrightsca.org\/vi\/wp-json\/wp\/v2\/pages\/1045\/revisions"}],"predecessor-version":[{"id":2874,"href":"https:\/\/rula.disabilityrightsca.org\/vi\/wp-json\/wp\/v2\/pages\/1045\/revisions\/2874"}],"up":[{"embeddable":true,"href":"https:\/\/rula.disabilityrightsca.org\/vi\/wp-json\/wp\/v2\/pages\/312"}],"wp:attachment":[{"href":"https:\/\/rula.disabilityrightsca.org\/vi\/wp-json\/wp\/v2\/media?parent=1045"}],"curies":[{"name":"wp","href":"https:\/\/api.w.org\/{rel}","templated":true}]}}