{"id":1043,"date":"2021-05-12T23:05:32","date_gmt":"2021-05-12T23:05:32","guid":{"rendered":"http:\/\/www.rula.disabilityrightsca.org\/vi\/?page_id=1043"},"modified":"2022-04-19T19:28:11","modified_gmt":"2022-04-19T19:28:11","slug":"what-if-i-move-to-a-different-part-of-the-state-away-from-my-regional-center","status":"publish","type":"page","link":"https:\/\/rula.disabilityrightsca.org\/vi\/rula-book\/chapter-3-regional-centers\/what-if-i-move-to-a-different-part-of-the-state-away-from-my-regional-center\/","title":{"rendered":"(3.19) N\u1ebfu t\u00f4i chuy\u1ec3n \u0111\u1ebfn m\u1ed9t khu v\u1ef1c kh\u00e1c c\u1ee7a ti\u1ec3u bang, c\u00e1ch xa trung t\u00e2m khu v\u1ef1c c\u1ee7a t\u00f4i th\u00ec sao?"},"content":{"rendered":"\n<p>Sau khi qu\u00fd v\u1ecb l\u00e0 kh\u00e1ch h\u00e0ng c\u1ee7a trung t\u00e2m khu v\u1ef1c, qu\u00fd v\u1ecb l\u00e0 m\u1ed9t th\u00e0nh vi\u00ean trong h\u1ec7 th\u1ed1ng trung t\u00e2m khu v\u1ef1c tr\u00ean to\u00e0n ti\u1ec3u bang. Tuy nhi\u00ean, qu\u00fd v\u1ecb s\u1ebd nh\u1eadn c\u00e1c d\u1ecbch v\u1ee5 t\u1eeb trung t\u00e2m khu v\u1ef1c ch\u1ecbu tr\u00e1ch nhi\u1ec7m cho khu v\u1ef1c c\u1ee7a qu\u00fd v\u1ecb. N\u1ebfu qu\u00fd v\u1ecb chuy\u1ec3n ra ngo\u00e0i khu v\u1ef1c \u0111\u00f3, m\u1ed9t trung t\u00e2m khu v\u1ef1c kh\u00e1c s\u1ebd ch\u1ecbu tr\u00e1ch nhi\u1ec7m cho c\u00e1c d\u1ecbch v\u1ee5 c\u1ee7a qu\u00fd v\u1ecb. <span class=\"footnote_referrer\"><a role=\"button\" tabindex=\"0\" onclick=\"footnote_moveToReference_1043_1('footnote_plugin_reference_1043_1_1');\" onkeypress=\"footnote_moveToReference_1043_1('footnote_plugin_reference_1043_1_1');\" ><sup id=\"footnote_plugin_tooltip_1043_1_1\" class=\"footnote_plugin_tooltip_text\">[1]<\/sup><\/a><span id=\"footnote_plugin_tooltip_text_1043_1_1\" class=\"footnote_tooltip\">M\u1ee5c 4643.5(a).<\/span><\/span><script type=\"text\/javascript\"> jQuery('#footnote_plugin_tooltip_1043_1_1').tooltip({ tip: '#footnote_plugin_tooltip_text_1043_1_1', tipClass: 'footnote_tooltip', effect: 'fade', predelay: 0, fadeInSpeed: 200, delay: 400, fadeOutSpeed: 200, position: 'top center', relative: true, offset: [-7, 0], });<\/script><\/p>\n\n\n\n<p>Khi qu\u00fd v\u1ecb chuy\u1ec3n \u0111i, K\u1ebf Ho\u1ea1ch Ch\u01b0\u01a1ng Tr\u00ecnh C\u00e1 Nh\u00e2n (IPP) c\u1ee7a qu\u00fd v\u1ecb v\u1eabn c\u00f3 hi\u1ec7u l\u1ef1c v\u1edbi c\u00f9ng m\u1ed9t m\u1ee9c \u0111\u1ed9 d\u1ecbch v\u1ee5 v\u00e0 s\u1ef1 h\u1ed7 tr\u1ee3 cho \u0111\u1ebfn khi qu\u00fd v\u1ecb \u0111\u1ed3ng \u00fd IPP m\u1edbi. N\u1ebfu m\u1ed9t s\u1ed1 d\u1ecbch v\u1ee5 ho\u1eb7c s\u1ef1 h\u1ed7 tr\u1ee3 qu\u00fd v\u1ecb nh\u1eadn \u0111\u01b0\u1ee3c tr\u01b0\u1edbc khi chuy\u1ec3n \u0111i kh\u00f4ng c\u00f3 s\u1eb5n t\u1ea1i trung t\u00e2m khu v\u1ef1c m\u1edbi, m\u1ed9t cu\u1ed9c h\u1ecdp ph\u1ea3i \u0111\u01b0\u1ee3c t\u1ed5 ch\u1ee9c trong v\u00f2ng 30 ng\u00e0y \u0111\u1ec3 th\u1ed1ng nh\u1ea5t v\u1ec1 IPP m\u1edbi. Trong khi ch\u1edd IPP m\u1edbi \u0111\u01b0\u1ee3c ph\u00ea duy\u1ec7t, trung t\u00e2m khu v\u1ef1c ph\u1ea3i cung c\u1ea5p cho qu\u00fd v\u1ecb c\u00e1c d\u1ecbch v\u1ee5 v\u00e0 s\u1ef1 h\u1ed7 tr\u1ee3 thay th\u1ebf, ph\u00f9 h\u1ee3p nh\u1ea5t v\u1edbi c\u00e1c m\u1ee5c ti\u00eau IPP c\u1ee7a qu\u00fd v\u1ecb trong m\u00f4i tr\u01b0\u1eddng \u00edt h\u1ea1n ch\u1ebf nh\u1ea5t. <span class=\"footnote_referrer\"><a role=\"button\" tabindex=\"0\" onclick=\"footnote_moveToReference_1043_1('footnote_plugin_reference_1043_1_2');\" onkeypress=\"footnote_moveToReference_1043_1('footnote_plugin_reference_1043_1_2');\" ><sup id=\"footnote_plugin_tooltip_1043_1_2\" class=\"footnote_plugin_tooltip_text\">[2]<\/sup><\/a><span id=\"footnote_plugin_tooltip_text_1043_1_2\" class=\"footnote_tooltip\">M\u1ee5c 4643.5(c).<\/span><\/span><script type=\"text\/javascript\"> jQuery('#footnote_plugin_tooltip_1043_1_2').tooltip({ tip: '#footnote_plugin_tooltip_text_1043_1_2', tipClass: 'footnote_tooltip', effect: 'fade', predelay: 0, fadeInSpeed: 200, delay: 400, fadeOutSpeed: 200, position: 'top center', relative: true, offset: [-7, 0], });<\/script><\/p>\n\n\n\n<p>Trung t\u00e2m khu v\u1ef1c m\u1edbi kh\u00f4ng th\u1ec3 n\u00f3i r\u1eb1ng qu\u00fd v\u1ecb ph\u1ea3i ch\u1edd nh\u1eadn d\u1ecbch v\u1ee5. H\u1ecd kh\u00f4ng th\u1ec3 n\u00f3i r\u1eb1ng c\u00e1c kh\u00e1ch h\u00e0ng hi\u1ec7n t\u1ea1i trong trung t\u00e2m khu v\u1ef1c m\u1edbi \u0111\u01b0\u1ee3c \u01b0u ti\u00ean h\u00e0ng \u0111\u1ea7u. Qu\u00fd v\u1ecb c\u00f3 quy\u1ec1n nh\u1eadn c\u00e1c d\u1ecbch v\u1ee5 v\u00e0 s\u1ef1 h\u1ed7 tr\u1ee3 gi\u1ed1ng nh\u01b0 b\u1ea5t k\u1ef3 kh\u00e1ch h\u00e0ng n\u00e0o kh\u00e1c trong khu v\u1ef1c trung t\u00e2m khu v\u1ef1c m\u1edbi, k\u1ec3 c\u1ea3 khi c\u00f3 b\u1ea5t \u0111\u1ed3ng v\u1ec1 vi\u1ec7c chuy\u1ec3n tr\u01b0\u1eddng h\u1ee3p c\u1ee7a qu\u00fd v\u1ecb. Trong tr\u01b0\u1eddng h\u1ee3p hi\u1ebfm g\u1eb7p, qu\u00fd v\u1ecb c\u00f3 th\u1ec3 v\u1eabn l\u00e0 kh\u00e1ch h\u00e0ng c\u1ee7a trung t\u00e2m khu v\u1ef1c hi\u1ec7n t\u1ea1i sau khi chuy\u1ec3n \u0111\u1ebfn m\u1ed9t khu v\u1ef1c thu\u1ed9c ph\u1ea1m vi ph\u1ee5c v\u1ee5 c\u1ee7a m\u1ed9t trung t\u00e2m khu v\u1ef1c kh\u00e1c. <span class=\"footnote_referrer\"><a role=\"button\" tabindex=\"0\" onclick=\"footnote_moveToReference_1043_1('footnote_plugin_reference_1043_1_3');\" onkeypress=\"footnote_moveToReference_1043_1('footnote_plugin_reference_1043_1_3');\" ><sup id=\"footnote_plugin_tooltip_1043_1_3\" class=\"footnote_plugin_tooltip_text\">[3]<\/sup><\/a><span id=\"footnote_plugin_tooltip_text_1043_1_3\" class=\"footnote_tooltip\">Trong&nbsp;V\u1ec1 v\u1ee5 P.F. v\u00e0 D.B. (In the Matter of P.F. and D.B)., OAH L-2001120516 v\u00e0 L-2001120517, hai kh\u00e1ch h\u00e0ng c\u1ee7a trung t\u00e2m khu v\u1ef1c quen bi\u1ebft nhau 35 n\u0103m v\u00e0 s\u1ed1ng c\u00f9ng nhau 8&nbsp;&#x2026; <span class=\"footnote_tooltip_continue\"  onclick=\"footnote_moveToReference_1043_1('footnote_plugin_reference_1043_1_3');\">Continue reading<\/span><\/span><\/span><script type=\"text\/javascript\"> jQuery('#footnote_plugin_tooltip_1043_1_3').tooltip({ tip: '#footnote_plugin_tooltip_text_1043_1_3', tipClass: 'footnote_tooltip', effect: 'fade', predelay: 0, fadeInSpeed: 200, delay: 400, fadeOutSpeed: 200, position: 'top center', relative: true, offset: [-7, 0], });<\/script><\/p>\n<div class=\"speaker-mute footnotes_reference_container\"> <div class=\"footnote_container_prepare\"><p><span role=\"button\" tabindex=\"0\" class=\"footnote_reference_container_label pointer\" onclick=\"footnote_expand_collapse_reference_container_1043_1();\">&#x202F;<\/span><span role=\"button\" tabindex=\"0\" class=\"footnote_reference_container_collapse_button\" style=\"display: none;\" onclick=\"footnote_expand_collapse_reference_container_1043_1();\">[<a id=\"footnote_reference_container_collapse_button_1043_1\">+<\/a>]<\/span><\/p><\/div> <div id=\"footnote_references_container_1043_1\" style=\"\"><table class=\"footnotes_table footnote-reference-container\"><caption class=\"accessibility\">References<\/caption> <tbody> \r\n\r\n<tr class=\"footnotes_plugin_reference_row\"> <th scope=\"row\" class=\"footnote_plugin_index_combi pointer\"  onclick=\"footnote_moveToAnchor_1043_1('footnote_plugin_tooltip_1043_1_1');\"><a id=\"footnote_plugin_reference_1043_1_1\" class=\"footnote_backlink\"><span class=\"footnote_index_arrow\">&#8593;<\/span>1<\/a><\/th> <td class=\"footnote_plugin_text\">M\u1ee5c 4643.5(a).<\/td><\/tr>\r\n\r\n<tr class=\"footnotes_plugin_reference_row\"> <th scope=\"row\" class=\"footnote_plugin_index_combi pointer\"  onclick=\"footnote_moveToAnchor_1043_1('footnote_plugin_tooltip_1043_1_2');\"><a id=\"footnote_plugin_reference_1043_1_2\" class=\"footnote_backlink\"><span class=\"footnote_index_arrow\">&#8593;<\/span>2<\/a><\/th> <td class=\"footnote_plugin_text\">M\u1ee5c 4643.5(c).<\/td><\/tr>\r\n\r\n<tr class=\"footnotes_plugin_reference_row\"> <th scope=\"row\" class=\"footnote_plugin_index_combi pointer\"  onclick=\"footnote_moveToAnchor_1043_1('footnote_plugin_tooltip_1043_1_3');\"><a id=\"footnote_plugin_reference_1043_1_3\" class=\"footnote_backlink\"><span class=\"footnote_index_arrow\">&#8593;<\/span>3<\/a><\/th> <td class=\"footnote_plugin_text\">Trong&nbsp;<em>V\u1ec1 v\u1ee5 P.F. v\u00e0 D.B. (In the Matter of P.F. and D.B)<\/em>., OAH L-2001120516 v\u00e0 L-2001120517, hai kh\u00e1ch h\u00e0ng c\u1ee7a trung t\u00e2m khu v\u1ef1c quen bi\u1ebft nhau 35 n\u0103m v\u00e0 s\u1ed1ng c\u00f9ng nhau 8 n\u0103m, \u0111\u00e3 bu\u1ed9c ph\u1ea3i chuy\u1ec3n \u0111\u1ebfn m\u1ed9t khu v\u1ef1c trung t\u00e2m khu v\u1ef1c kh\u00e1c do kh\u00f4ng th\u1ec3 chi tr\u1ea3 cho nh\u00e0 \u1edf trong khu v\u1ef1c trung t\u00e2m khu v\u1ef1c tr\u01b0\u1edbc \u0111\u00f3 c\u1ee7a c\u1eb7p \u0111\u00f4i n\u00e0y. Th\u1ea9m ph\u00e1n lu\u1eadt h\u00e0nh ch\u00ednh (ALJ) quy\u1ebft \u0111\u1ecbnh r\u1eb1ng c\u1eb7p \u0111\u00f4i n\u00e0y kh\u00f4ng ph\u1ea3i thay \u0111\u1ed5i trung t\u00e2m khu v\u1ef1c. Trong&nbsp;<em>V\u1ec1 v\u1ee5 S.B. (In the Matter of S.B)., OAH L-1998080340<\/em>, ALJ quy\u1ebft \u0111\u1ecbnh r\u1eb1ng m\u1ed9t ng\u01b0\u1eddi ph\u1ee5 n\u1eef 25 tu\u1ed5i tr\u01b0\u1edbc \u0111\u00f3 l\u00e0 kh\u00e1ch h\u00e0ng c\u1ee7a Trung T\u00e2m Khu V\u1ef1c East Los Angeles k\u1ec3 t\u1eeb 4 th\u00e1ng tu\u1ed5i kh\u00f4ng ph\u1ea3i chuy\u1ec3n h\u1ed3 s\u01a1 c\u1ee7a c\u00f4 \u1ea5y \u0111\u1ebfn Trung T\u00e2m Khu V\u1ef1c Harbor ch\u1ec9 v\u00ec kh\u00e1ch h\u00e0ng n\u00e0y \u0111\u00e3 chuy\u1ec3n kh\u1ecfi nh\u00e0 c\u1ee7a cha c\u00f4 \u1ea5y \u0111\u1ec3 \u0111\u1ebfn \u1edf nh\u00e0 c\u1ee7a m\u1eb9 c\u00f4 \u1ea5y, \u0111\u1ecba \u0111i\u1ec3m n\u1eb1m ngo\u00e0i ph\u1ea1m vi khu v\u1ef1c.<\/td><\/tr>\r\n\r\n <\/tbody> <\/table> <\/div><\/div><script type=\"text\/javascript\"> function footnote_expand_reference_container_1043_1() { jQuery('#footnote_references_container_1043_1').show(); jQuery('#footnote_reference_container_collapse_button_1043_1').text('\u2212'); } function footnote_collapse_reference_container_1043_1() { jQuery('#footnote_references_container_1043_1').hide(); jQuery('#footnote_reference_container_collapse_button_1043_1').text('+'); } function footnote_expand_collapse_reference_container_1043_1() { if (jQuery('#footnote_references_container_1043_1').is(':hidden')) { footnote_expand_reference_container_1043_1(); } else { footnote_collapse_reference_container_1043_1(); } } function footnote_moveToReference_1043_1(p_str_TargetID) { footnote_expand_reference_container_1043_1(); var l_obj_Target = jQuery('#' + p_str_TargetID); if (l_obj_Target.length) { jQuery( 'html, body' ).delay( 0 ); jQuery('html, body').animate({ scrollTop: l_obj_Target.offset().top - window.innerHeight * 0.2 }, 380); } } function footnote_moveToAnchor_1043_1(p_str_TargetID) { footnote_expand_reference_container_1043_1(); var l_obj_Target = jQuery('#' + p_str_TargetID); if (l_obj_Target.length) { jQuery( 'html, body' ).delay( 0 ); jQuery('html, body').animate({ scrollTop: l_obj_Target.offset().top - window.innerHeight * 0.2 }, 380); } }<\/script>","protected":false},"excerpt":{"rendered":"<p>Sau khi qu\u00fd v\u1ecb l\u00e0 kh\u00e1ch h\u00e0ng c\u1ee7a trung t\u00e2m khu v\u1ef1c, qu\u00fd v\u1ecb l\u00e0 m\u1ed9t th\u00e0nh vi\u00ean trong h\u1ec7 th\u1ed1ng trung t\u00e2m khu v\u1ef1c&hellip;<\/p>\n","protected":false},"author":1,"featured_media":0,"parent":312,"menu_order":19,"comment_status":"closed","ping_status":"closed","template":"","meta":{"footnotes":""},"class_list":["post-1043","page","type-page","status-publish","hentry"],"_links":{"self":[{"href":"https:\/\/rula.disabilityrightsca.org\/vi\/wp-json\/wp\/v2\/pages\/1043","targetHints":{"allow":["GET"]}}],"collection":[{"href":"https:\/\/rula.disabilityrightsca.org\/vi\/wp-json\/wp\/v2\/pages"}],"about":[{"href":"https:\/\/rula.disabilityrightsca.org\/vi\/wp-json\/wp\/v2\/types\/page"}],"author":[{"embeddable":true,"href":"https:\/\/rula.disabilityrightsca.org\/vi\/wp-json\/wp\/v2\/users\/1"}],"replies":[{"embeddable":true,"href":"https:\/\/rula.disabilityrightsca.org\/vi\/wp-json\/wp\/v2\/comments?post=1043"}],"version-history":[{"count":3,"href":"https:\/\/rula.disabilityrightsca.org\/vi\/wp-json\/wp\/v2\/pages\/1043\/revisions"}],"predecessor-version":[{"id":2873,"href":"https:\/\/rula.disabilityrightsca.org\/vi\/wp-json\/wp\/v2\/pages\/1043\/revisions\/2873"}],"up":[{"embeddable":true,"href":"https:\/\/rula.disabilityrightsca.org\/vi\/wp-json\/wp\/v2\/pages\/312"}],"wp:attachment":[{"href":"https:\/\/rula.disabilityrightsca.org\/vi\/wp-json\/wp\/v2\/media?parent=1043"}],"curies":[{"name":"wp","href":"https:\/\/api.w.org\/{rel}","templated":true}]}}