{"id":1041,"date":"2021-05-12T23:03:14","date_gmt":"2021-05-12T23:03:14","guid":{"rendered":"http:\/\/www.rula.disabilityrightsca.org\/vi\/?page_id=1041"},"modified":"2022-04-19T19:27:50","modified_gmt":"2022-04-19T19:27:50","slug":"can-i-change-my-service-coordinator-if-i-want-to","status":"publish","type":"page","link":"https:\/\/rula.disabilityrightsca.org\/vi\/rula-book\/chapter-3-regional-centers\/can-i-change-my-service-coordinator-if-i-want-to\/","title":{"rendered":"(3.18) T\u00f4i c\u00f3 th\u1ec3 thay \u0111\u1ed5i \u0111i\u1ec1u ph\u1ed1i vi\u00ean d\u1ecbch v\u1ee5 n\u1ebfu mu\u1ed1n kh\u00f4ng?"},"content":{"rendered":"\n<p>C\u00f4ng vi\u1ec7c c\u1ee7a \u0111i\u1ec1u ph\u1ed1i vi\u00ean d\u1ecbch v\u1ee5 r\u1ea5t quan tr\u1ecdng. <span class=\"footnote_referrer\"><a role=\"button\" tabindex=\"0\" onclick=\"footnote_moveToReference_1041_1('footnote_plugin_reference_1041_1_1');\" onkeypress=\"footnote_moveToReference_1041_1('footnote_plugin_reference_1041_1_1');\" ><sup id=\"footnote_plugin_tooltip_1041_1_1\" class=\"footnote_plugin_tooltip_text\">[1]<\/sup><\/a><span id=\"footnote_plugin_tooltip_text_1041_1_1\" class=\"footnote_tooltip\">M\u1ee5c 4647(b).<\/span><\/span><script type=\"text\/javascript\"> jQuery('#footnote_plugin_tooltip_1041_1_1').tooltip({ tip: '#footnote_plugin_tooltip_text_1041_1_1', tipClass: 'footnote_tooltip', effect: 'fade', predelay: 0, fadeInSpeed: 200, delay: 400, fadeOutSpeed: 200, position: 'top center', relative: true, offset: [-7, 0], });<\/script> \u0110\u1ea1o Lu\u1eadt Lanterman quy \u0111\u1ecbnh kh\u00f4ng m\u1ed9t ng\u01b0\u1eddi n\u00e0o c\u00f3 th\u1ec3 ti\u1ebfp t\u1ee5c gi\u1eef vai tr\u00f2 \u0111i\u1ec1u ph\u1ed1i vi\u00ean d\u1ecbch v\u1ee5 c\u1ee7a qu\u00fd v\u1ecb khi qu\u00fd v\u1ecb kh\u00f4ng \u0111\u1ed3ng \u00fd. <span class=\"footnote_referrer\"><a role=\"button\" tabindex=\"0\" onclick=\"footnote_moveToReference_1041_1('footnote_plugin_reference_1041_1_2');\" onkeypress=\"footnote_moveToReference_1041_1('footnote_plugin_reference_1041_1_2');\" ><sup id=\"footnote_plugin_tooltip_1041_1_2\" class=\"footnote_plugin_tooltip_text\">[2]<\/sup><\/a><span id=\"footnote_plugin_tooltip_text_1041_1_2\" class=\"footnote_tooltip\">M\u1ee5c 4647(b).<\/span><\/span><script type=\"text\/javascript\"> jQuery('#footnote_plugin_tooltip_1041_1_2').tooltip({ tip: '#footnote_plugin_tooltip_text_1041_1_2', tipClass: 'footnote_tooltip', effect: 'fade', predelay: 0, fadeInSpeed: 200, delay: 400, fadeOutSpeed: 200, position: 'top center', relative: true, offset: [-7, 0], });<\/script> V\u00ec v\u1eady, qu\u00fd v\u1ecb c\u00f3 th\u1ec3 y\u00eau c\u1ea7u \u0111\u1ed5i \u0111i\u1ec1u ph\u1ed1i vi\u00ean d\u1ecbch v\u1ee5 kh\u00e1c n\u1ebfu kh\u00f4ng h\u00e0i l\u00f2ng v\u1edbi ng\u01b0\u1eddi hi\u1ec7n t\u1ea1i. N\u1ebfu trung t\u00e2m khu v\u1ef1c mu\u1ed1n thay \u0111\u1ed5i \u0111i\u1ec1u ph\u1ed1i vi\u00ean d\u1ecbch v\u1ee5 c\u1ee7a qu\u00fd v\u1ecb v\u0129nh vi\u1ec5n, h\u1ecd ph\u1ea3i cung c\u1ea5p v\u0103n b\u1ea3n th\u00f4ng b\u00e1o cho qu\u00fd v\u1ecb trong v\u00f2ng 10 ng\u00e0y l\u00e0m vi\u1ec7c. <span class=\"footnote_referrer\"><a role=\"button\" tabindex=\"0\" onclick=\"footnote_moveToReference_1041_1('footnote_plugin_reference_1041_1_3');\" onkeypress=\"footnote_moveToReference_1041_1('footnote_plugin_reference_1041_1_3');\" ><sup id=\"footnote_plugin_tooltip_1041_1_3\" class=\"footnote_plugin_tooltip_text\">[3]<\/sup><\/a><span id=\"footnote_plugin_tooltip_text_1041_1_3\" class=\"footnote_tooltip\">M\u1ee5c 4647(b).<\/span><\/span><script type=\"text\/javascript\"> jQuery('#footnote_plugin_tooltip_1041_1_3').tooltip({ tip: '#footnote_plugin_tooltip_text_1041_1_3', tipClass: 'footnote_tooltip', effect: 'fade', predelay: 0, fadeInSpeed: 200, delay: 400, fadeOutSpeed: 200, position: 'top center', relative: true, offset: [-7, 0], });<\/script><\/p>\n<div class=\"speaker-mute footnotes_reference_container\"> <div class=\"footnote_container_prepare\"><p><span role=\"button\" tabindex=\"0\" class=\"footnote_reference_container_label pointer\" onclick=\"footnote_expand_collapse_reference_container_1041_1();\">&#x202F;<\/span><span role=\"button\" tabindex=\"0\" class=\"footnote_reference_container_collapse_button\" style=\"display: none;\" onclick=\"footnote_expand_collapse_reference_container_1041_1();\">[<a id=\"footnote_reference_container_collapse_button_1041_1\">+<\/a>]<\/span><\/p><\/div> <div id=\"footnote_references_container_1041_1\" style=\"\"><table class=\"footnotes_table footnote-reference-container\"><caption class=\"accessibility\">References<\/caption> <tbody> \r\n\r\n<tr class=\"footnotes_plugin_reference_row\"> <th scope=\"row\" class=\"footnote_plugin_index_combi\" ><a id=\"footnote_plugin_reference_1041_1_1\" class=\"footnote_backlink\" onclick=\"footnote_moveToAnchor_1041_1('footnote_plugin_tooltip_1041_1_1');\"><span class=\"footnote_index_arrow\">&#8593;<\/span>1,<\/a> <a id=\"footnote_plugin_reference_1041_1_2\" class=\"footnote_backlink\" onclick=\"footnote_moveToAnchor_1041_1('footnote_plugin_tooltip_1041_1_2');\"><span class=\"footnote_index_arrow\">&#8593;<\/span>2,<\/a> <a id=\"footnote_plugin_reference_1041_1_3\" class=\"footnote_backlink\" onclick=\"footnote_moveToAnchor_1041_1('footnote_plugin_tooltip_1041_1_3');\"><span class=\"footnote_index_arrow\">&#8593;<\/span>3<\/a><\/th> <td class=\"footnote_plugin_text\">M\u1ee5c 4647(b).<\/td><\/tr>\r\n\r\n <\/tbody> <\/table> <\/div><\/div><script type=\"text\/javascript\"> function footnote_expand_reference_container_1041_1() { jQuery('#footnote_references_container_1041_1').show(); jQuery('#footnote_reference_container_collapse_button_1041_1').text('\u2212'); } function footnote_collapse_reference_container_1041_1() { jQuery('#footnote_references_container_1041_1').hide(); jQuery('#footnote_reference_container_collapse_button_1041_1').text('+'); } function footnote_expand_collapse_reference_container_1041_1() { if (jQuery('#footnote_references_container_1041_1').is(':hidden')) { footnote_expand_reference_container_1041_1(); } else { footnote_collapse_reference_container_1041_1(); } } function footnote_moveToReference_1041_1(p_str_TargetID) { footnote_expand_reference_container_1041_1(); var l_obj_Target = jQuery('#' + p_str_TargetID); if (l_obj_Target.length) { jQuery( 'html, body' ).delay( 0 ); jQuery('html, body').animate({ scrollTop: l_obj_Target.offset().top - window.innerHeight * 0.2 }, 380); } } function footnote_moveToAnchor_1041_1(p_str_TargetID) { footnote_expand_reference_container_1041_1(); var l_obj_Target = jQuery('#' + p_str_TargetID); if (l_obj_Target.length) { jQuery( 'html, body' ).delay( 0 ); jQuery('html, body').animate({ scrollTop: l_obj_Target.offset().top - window.innerHeight * 0.2 }, 380); } }<\/script>","protected":false},"excerpt":{"rendered":"<p>C\u00f4ng vi\u1ec7c c\u1ee7a \u0111i\u1ec1u ph\u1ed1i vi\u00ean d\u1ecbch v\u1ee5 r\u1ea5t quan tr\u1ecdng. [1]M\u1ee5c 4647(b). \u0110\u1ea1o Lu\u1eadt Lanterman quy \u0111\u1ecbnh kh\u00f4ng m\u1ed9t ng\u01b0\u1eddi n\u00e0o c\u00f3 th\u1ec3 ti\u1ebfp&hellip;<\/p>\n","protected":false},"author":1,"featured_media":0,"parent":312,"menu_order":18,"comment_status":"closed","ping_status":"closed","template":"","meta":{"footnotes":""},"class_list":["post-1041","page","type-page","status-publish","hentry"],"_links":{"self":[{"href":"https:\/\/rula.disabilityrightsca.org\/vi\/wp-json\/wp\/v2\/pages\/1041","targetHints":{"allow":["GET"]}}],"collection":[{"href":"https:\/\/rula.disabilityrightsca.org\/vi\/wp-json\/wp\/v2\/pages"}],"about":[{"href":"https:\/\/rula.disabilityrightsca.org\/vi\/wp-json\/wp\/v2\/types\/page"}],"author":[{"embeddable":true,"href":"https:\/\/rula.disabilityrightsca.org\/vi\/wp-json\/wp\/v2\/users\/1"}],"replies":[{"embeddable":true,"href":"https:\/\/rula.disabilityrightsca.org\/vi\/wp-json\/wp\/v2\/comments?post=1041"}],"version-history":[{"count":3,"href":"https:\/\/rula.disabilityrightsca.org\/vi\/wp-json\/wp\/v2\/pages\/1041\/revisions"}],"predecessor-version":[{"id":2848,"href":"https:\/\/rula.disabilityrightsca.org\/vi\/wp-json\/wp\/v2\/pages\/1041\/revisions\/2848"}],"up":[{"embeddable":true,"href":"https:\/\/rula.disabilityrightsca.org\/vi\/wp-json\/wp\/v2\/pages\/312"}],"wp:attachment":[{"href":"https:\/\/rula.disabilityrightsca.org\/vi\/wp-json\/wp\/v2\/media?parent=1041"}],"curies":[{"name":"wp","href":"https:\/\/api.w.org\/{rel}","templated":true}]}}