{"id":1039,"date":"2021-05-12T23:01:28","date_gmt":"2021-05-12T23:01:28","guid":{"rendered":"http:\/\/www.rula.disabilityrightsca.org\/vi\/?page_id=1039"},"modified":"2022-04-19T19:27:38","modified_gmt":"2022-04-19T19:27:38","slug":"what-is-a-service-coordinator","status":"publish","type":"page","link":"https:\/\/rula.disabilityrightsca.org\/vi\/rula-book\/chapter-3-regional-centers\/what-is-a-service-coordinator\/","title":{"rendered":"(3.17)  \u0110i\u1ec1u ph\u1ed1i vi\u00ean d\u1ecbch v\u1ee5 l\u00e0 g\u00ec?"},"content":{"rendered":"\n<p>\u0110i\u1ec1u ph\u1ed1i vi\u00ean d\u1ecbch v\u1ee5 l\u00e0 m\u1ed9t ng\u01b0\u1eddi r\u1ea5t quan tr\u1ecdng. H\u1ecd l\u00e0 ng\u01b0\u1eddi li\u00ean h\u1ec7 c\u1ee7a qu\u00fd v\u1ecb t\u1ea1i trung t\u00e2m khu v\u1ef1c sau khi qu\u00fd v\u1ecb h\u1ed9i \u0111\u1ee7 \u0111i\u1ec1u ki\u1ec7n. \u0110\u00f4i khi h\u1ecd \u0111\u01b0\u1ee3c g\u1ecdi l\u00e0 ng\u01b0\u1eddi qu\u1ea3n l\u00fd tr\u01b0\u1eddng h\u1ee3p hay nh\u00e2n vi\u00ean x\u00e3 h\u1ed9i.<\/p>\n\n\n\n<p>\u0110i\u1ec1u ph\u1ed1i vi\u00ean d\u1ecbch v\u1ee5 tr\u1ee3 gi\u00fap x\u00e2y d\u1ef1ng IPP c\u1ee7a qu\u00fd v\u1ecb v\u00e0 t\u00ecm ki\u1ebfm c\u00e1c d\u1ecbch v\u1ee5 c\u1ea7n thi\u1ebft v\u1edbi qu\u00fd v\u1ecb theo IPP. Nh\u1eefng d\u1ecbch v\u1ee5 n\u00e0y bao g\u1ed3m d\u1ecbch v\u1ee5 t\u1eeb trung t\u00e2m khu v\u1ef1c v\u00e0 c\u00e1c c\u01a1 quan kh\u00e1c. <span class=\"footnote_referrer\"><a role=\"button\" tabindex=\"0\" onclick=\"footnote_moveToReference_1039_1('footnote_plugin_reference_1039_1_1');\" onkeypress=\"footnote_moveToReference_1039_1('footnote_plugin_reference_1039_1_1');\" ><sup id=\"footnote_plugin_tooltip_1039_1_1\" class=\"footnote_plugin_tooltip_text\">[1]<\/sup><\/a><span id=\"footnote_plugin_tooltip_text_1039_1_1\" class=\"footnote_tooltip\">M\u1ee5c 4647(a)&amp;(b).<\/span><\/span><script type=\"text\/javascript\"> jQuery('#footnote_plugin_tooltip_1039_1_1').tooltip({ tip: '#footnote_plugin_tooltip_text_1039_1_1', tipClass: 'footnote_tooltip', effect: 'fade', predelay: 0, fadeInSpeed: 200, delay: 400, fadeOutSpeed: 200, position: 'top center', relative: true, offset: [-7, 0], });<\/script> K\u1ec3 c\u1ea3 khi qu\u00fd v\u1ecb trao \u0111\u1ed5i v\u1edbi nh\u1eefng ng\u01b0\u1eddi kh\u00e1c t\u1ea1i trung t\u00e2m khu v\u1ef1c, \u0111i\u1ec1u ph\u1ed1i vi\u00ean d\u1ecbch v\u1ee5 l\u00e0 ng\u01b0\u1eddi m\u00e0 qu\u00fd v\u1ecb trao \u0111\u1ed5i nhi\u1ec1u nh\u1ea5t.<\/p>\n\n\n\n<p>\u0110\u1ea1o Lu\u1eadt Lanterman quy \u0111\u1ecbnh r\u1eb1ng qu\u00fd v\u1ecb, m\u1ed9t th\u00e0nh vi\u00ean gia \u0111\u00ecnh ho\u1eb7c m\u1ed9t ng\u01b0\u1eddi b\u1ea3o h\u1ed9 c\u00f3 th\u1ec3 th\u1ef1c hi\u1ec7n c\u00f4ng vi\u1ec7c c\u1ee7a m\u1ed9t \u0111i\u1ec1u ph\u1ed1i vi\u00ean d\u1ecbch v\u1ee5. Tuy nhi\u00ean, qu\u00fd v\u1ecb ph\u1ea3i nh\u1eadn \u0111\u01b0\u1ee3c s\u1ef1 ph\u00ea duy\u1ec7t t\u1eeb gi\u00e1m \u0111\u1ed1c trung t\u00e2m khu v\u1ef1c. N\u1ebfu gi\u00e1m \u0111\u1ed1c ph\u00ea duy\u1ec7t, trung t\u00e2m khu v\u1ef1c ph\u1ea3i cung c\u1ea5p s\u1ef1 \u0111\u00e0o t\u1ea1o v\u00e0 tr\u1ee3 gi\u00fap cho qu\u00fd v\u1ecb ho\u1eb7c ng\u01b0\u1eddi gi\u1eef vai tr\u00f2 \u0111i\u1ec1u ph\u1ed1i vi\u00ean c\u1ee7a qu\u00fd v\u1ecb. <span class=\"footnote_referrer\"><a role=\"button\" tabindex=\"0\" onclick=\"footnote_moveToReference_1039_1('footnote_plugin_reference_1039_1_2');\" onkeypress=\"footnote_moveToReference_1039_1('footnote_plugin_reference_1039_1_2');\" ><sup id=\"footnote_plugin_tooltip_1039_1_2\" class=\"footnote_plugin_tooltip_text\">[2]<\/sup><\/a><span id=\"footnote_plugin_tooltip_text_1039_1_2\" class=\"footnote_tooltip\">M\u1ee5c 4647(c)&amp;(e).<\/span><\/span><script type=\"text\/javascript\"> jQuery('#footnote_plugin_tooltip_1039_1_2').tooltip({ tip: '#footnote_plugin_tooltip_text_1039_1_2', tipClass: 'footnote_tooltip', effect: 'fade', predelay: 0, fadeInSpeed: 200, delay: 400, fadeOutSpeed: 200, position: 'top center', relative: true, offset: [-7, 0], });<\/script><\/p>\n<div class=\"speaker-mute footnotes_reference_container\"> <div class=\"footnote_container_prepare\"><p><span role=\"button\" tabindex=\"0\" class=\"footnote_reference_container_label pointer\" onclick=\"footnote_expand_collapse_reference_container_1039_1();\">&#x202F;<\/span><span role=\"button\" tabindex=\"0\" class=\"footnote_reference_container_collapse_button\" style=\"display: none;\" onclick=\"footnote_expand_collapse_reference_container_1039_1();\">[<a id=\"footnote_reference_container_collapse_button_1039_1\">+<\/a>]<\/span><\/p><\/div> <div id=\"footnote_references_container_1039_1\" style=\"\"><table class=\"footnotes_table footnote-reference-container\"><caption class=\"accessibility\">References<\/caption> <tbody> \r\n\r\n<tr class=\"footnotes_plugin_reference_row\"> <th scope=\"row\" class=\"footnote_plugin_index_combi pointer\"  onclick=\"footnote_moveToAnchor_1039_1('footnote_plugin_tooltip_1039_1_1');\"><a id=\"footnote_plugin_reference_1039_1_1\" class=\"footnote_backlink\"><span class=\"footnote_index_arrow\">&#8593;<\/span>1<\/a><\/th> <td class=\"footnote_plugin_text\">M\u1ee5c 4647(a)&amp;(b).<\/td><\/tr>\r\n\r\n<tr class=\"footnotes_plugin_reference_row\"> <th scope=\"row\" class=\"footnote_plugin_index_combi pointer\"  onclick=\"footnote_moveToAnchor_1039_1('footnote_plugin_tooltip_1039_1_2');\"><a id=\"footnote_plugin_reference_1039_1_2\" class=\"footnote_backlink\"><span class=\"footnote_index_arrow\">&#8593;<\/span>2<\/a><\/th> <td class=\"footnote_plugin_text\">M\u1ee5c 4647(c)&amp;(e).<\/td><\/tr>\r\n\r\n <\/tbody> <\/table> <\/div><\/div><script type=\"text\/javascript\"> function footnote_expand_reference_container_1039_1() { jQuery('#footnote_references_container_1039_1').show(); jQuery('#footnote_reference_container_collapse_button_1039_1').text('\u2212'); } function footnote_collapse_reference_container_1039_1() { jQuery('#footnote_references_container_1039_1').hide(); jQuery('#footnote_reference_container_collapse_button_1039_1').text('+'); } function footnote_expand_collapse_reference_container_1039_1() { if (jQuery('#footnote_references_container_1039_1').is(':hidden')) { footnote_expand_reference_container_1039_1(); } else { footnote_collapse_reference_container_1039_1(); } } function footnote_moveToReference_1039_1(p_str_TargetID) { footnote_expand_reference_container_1039_1(); var l_obj_Target = jQuery('#' + p_str_TargetID); if (l_obj_Target.length) { jQuery( 'html, body' ).delay( 0 ); jQuery('html, body').animate({ scrollTop: l_obj_Target.offset().top - window.innerHeight * 0.2 }, 380); } } function footnote_moveToAnchor_1039_1(p_str_TargetID) { footnote_expand_reference_container_1039_1(); var l_obj_Target = jQuery('#' + p_str_TargetID); if (l_obj_Target.length) { jQuery( 'html, body' ).delay( 0 ); jQuery('html, body').animate({ scrollTop: l_obj_Target.offset().top - window.innerHeight * 0.2 }, 380); } }<\/script>","protected":false},"excerpt":{"rendered":"<p>\u0110i\u1ec1u ph\u1ed1i vi\u00ean d\u1ecbch v\u1ee5 l\u00e0 m\u1ed9t ng\u01b0\u1eddi r\u1ea5t quan tr\u1ecdng. H\u1ecd l\u00e0 ng\u01b0\u1eddi li\u00ean h\u1ec7 c\u1ee7a qu\u00fd v\u1ecb t\u1ea1i trung t\u00e2m khu v\u1ef1c sau&hellip;<\/p>\n","protected":false},"author":1,"featured_media":0,"parent":312,"menu_order":17,"comment_status":"closed","ping_status":"closed","template":"","meta":{"footnotes":""},"class_list":["post-1039","page","type-page","status-publish","hentry"],"_links":{"self":[{"href":"https:\/\/rula.disabilityrightsca.org\/vi\/wp-json\/wp\/v2\/pages\/1039","targetHints":{"allow":["GET"]}}],"collection":[{"href":"https:\/\/rula.disabilityrightsca.org\/vi\/wp-json\/wp\/v2\/pages"}],"about":[{"href":"https:\/\/rula.disabilityrightsca.org\/vi\/wp-json\/wp\/v2\/types\/page"}],"author":[{"embeddable":true,"href":"https:\/\/rula.disabilityrightsca.org\/vi\/wp-json\/wp\/v2\/users\/1"}],"replies":[{"embeddable":true,"href":"https:\/\/rula.disabilityrightsca.org\/vi\/wp-json\/wp\/v2\/comments?post=1039"}],"version-history":[{"count":3,"href":"https:\/\/rula.disabilityrightsca.org\/vi\/wp-json\/wp\/v2\/pages\/1039\/revisions"}],"predecessor-version":[{"id":2859,"href":"https:\/\/rula.disabilityrightsca.org\/vi\/wp-json\/wp\/v2\/pages\/1039\/revisions\/2859"}],"up":[{"embeddable":true,"href":"https:\/\/rula.disabilityrightsca.org\/vi\/wp-json\/wp\/v2\/pages\/312"}],"wp:attachment":[{"href":"https:\/\/rula.disabilityrightsca.org\/vi\/wp-json\/wp\/v2\/media?parent=1039"}],"curies":[{"name":"wp","href":"https:\/\/api.w.org\/{rel}","templated":true}]}}