{"id":1037,"date":"2021-05-12T22:59:14","date_gmt":"2021-05-12T22:59:14","guid":{"rendered":"http:\/\/www.rula.disabilityrightsca.org\/vi\/?page_id=1037"},"modified":"2022-04-19T19:26:32","modified_gmt":"2022-04-19T19:26:32","slug":"if-i-am-eligible-for-regional-center-services-will-i-always-be-eligible","status":"publish","type":"page","link":"https:\/\/rula.disabilityrightsca.org\/vi\/rula-book\/chapter-3-regional-centers\/if-i-am-eligible-for-regional-center-services-will-i-always-be-eligible\/","title":{"rendered":"(3.16) N\u1ebfu t\u00f4i h\u1ed9i \u0111\u1ee7 \u0111i\u1ec1u ki\u1ec7n nh\u1eadn c\u00e1c d\u1ecbch v\u1ee5 c\u1ee7a trung t\u00e2m khu v\u1ef1c, t\u00f4i c\u00f3 lu\u00f4n h\u1ed9i \u0111\u1ee7 \u0111i\u1ec1u ki\u1ec7n kh\u00f4ng?"},"content":{"rendered":"\n<p>M\u1ed9t ng\u01b0\u1eddi \u0111\u00e3 \u0111\u01b0\u1ee3c trung t\u00e2m khu v\u1ef1c b\u1ea5t k\u1ef3 x\u00e1c nh\u1eadn l\u00e0 b\u1ecb khuy\u1ebft t\u1eadt v\u1ec1 ph\u00e1t tri\u1ec3n th\u01b0\u1eddng s\u1ebd h\u1ed9i \u0111\u1ee7 \u0111i\u1ec1u ki\u1ec7n su\u1ed1t \u0111\u1eddi. Lu\u1eadt quy \u0111\u1ecbnh trung t\u00e2m khu v\u1ef1c ch\u1ec9 c\u00f3 th\u1ec3 d\u1eebng c\u00e1c d\u1ecbch v\u1ee5 c\u1ee7a qu\u00fd v\u1ecb n\u1ebfu trung t\u00e2m th\u1ef1c hi\u1ec7n \u201c\u0111\u00e1nh gi\u00e1 l\u1ea1i to\u00e0n di\u1ec7n\u201d v\u00e0 tuy\u00ean b\u1ed1 quy\u1ebft \u0111\u1ecbnh ban \u0111\u1ea7u c\u1ee7a h\u1ecd r\u1eb1ng qu\u00fd v\u1ecb b\u1ecb khuy\u1ebft t\u1eadt v\u1ec1 ph\u00e1t tri\u1ec3n l\u00e0 \u201cr\u00f5 r\u00e0ng kh\u00f4ng \u0111\u00fang\u201d (sai). <span class=\"footnote_referrer\"><a role=\"button\" tabindex=\"0\" onclick=\"footnote_moveToReference_1037_1('footnote_plugin_reference_1037_1_1');\" onkeypress=\"footnote_moveToReference_1037_1('footnote_plugin_reference_1037_1_1');\" ><sup id=\"footnote_plugin_tooltip_1037_1_1\" class=\"footnote_plugin_tooltip_text\">[1]<\/sup><\/a><span id=\"footnote_plugin_tooltip_text_1037_1_1\" class=\"footnote_tooltip\">M\u1ee5c 4643.5(b).<\/span><\/span><script type=\"text\/javascript\"> jQuery('#footnote_plugin_tooltip_1037_1_1').tooltip({ tip: '#footnote_plugin_tooltip_text_1037_1_1', tipClass: 'footnote_tooltip', effect: 'fade', predelay: 0, fadeInSpeed: 200, delay: 400, fadeOutSpeed: 200, position: 'top center', relative: true, offset: [-7, 0], });<\/script><\/p>\n<div class=\"speaker-mute footnotes_reference_container\"> <div class=\"footnote_container_prepare\"><p><span role=\"button\" tabindex=\"0\" class=\"footnote_reference_container_label pointer\" onclick=\"footnote_expand_collapse_reference_container_1037_1();\">&#x202F;<\/span><span role=\"button\" tabindex=\"0\" class=\"footnote_reference_container_collapse_button\" style=\"display: none;\" onclick=\"footnote_expand_collapse_reference_container_1037_1();\">[<a id=\"footnote_reference_container_collapse_button_1037_1\">+<\/a>]<\/span><\/p><\/div> <div id=\"footnote_references_container_1037_1\" style=\"\"><table class=\"footnotes_table footnote-reference-container\"><caption class=\"accessibility\">References<\/caption> <tbody> \r\n\r\n<tr class=\"footnotes_plugin_reference_row\"> <th scope=\"row\" class=\"footnote_plugin_index_combi pointer\"  onclick=\"footnote_moveToAnchor_1037_1('footnote_plugin_tooltip_1037_1_1');\"><a id=\"footnote_plugin_reference_1037_1_1\" class=\"footnote_backlink\"><span class=\"footnote_index_arrow\">&#8593;<\/span>1<\/a><\/th> <td class=\"footnote_plugin_text\">M\u1ee5c 4643.5(b).<\/td><\/tr>\r\n\r\n <\/tbody> <\/table> <\/div><\/div><script type=\"text\/javascript\"> function footnote_expand_reference_container_1037_1() { jQuery('#footnote_references_container_1037_1').show(); jQuery('#footnote_reference_container_collapse_button_1037_1').text('\u2212'); } function footnote_collapse_reference_container_1037_1() { jQuery('#footnote_references_container_1037_1').hide(); jQuery('#footnote_reference_container_collapse_button_1037_1').text('+'); } function footnote_expand_collapse_reference_container_1037_1() { if (jQuery('#footnote_references_container_1037_1').is(':hidden')) { footnote_expand_reference_container_1037_1(); } else { footnote_collapse_reference_container_1037_1(); } } function footnote_moveToReference_1037_1(p_str_TargetID) { footnote_expand_reference_container_1037_1(); var l_obj_Target = jQuery('#' + p_str_TargetID); if (l_obj_Target.length) { jQuery( 'html, body' ).delay( 0 ); jQuery('html, body').animate({ scrollTop: l_obj_Target.offset().top - window.innerHeight * 0.2 }, 380); } } function footnote_moveToAnchor_1037_1(p_str_TargetID) { footnote_expand_reference_container_1037_1(); var l_obj_Target = jQuery('#' + p_str_TargetID); if (l_obj_Target.length) { jQuery( 'html, body' ).delay( 0 ); jQuery('html, body').animate({ scrollTop: l_obj_Target.offset().top - window.innerHeight * 0.2 }, 380); } }<\/script>","protected":false},"excerpt":{"rendered":"<p>M\u1ed9t ng\u01b0\u1eddi \u0111\u00e3 \u0111\u01b0\u1ee3c trung t\u00e2m khu v\u1ef1c b\u1ea5t k\u1ef3 x\u00e1c nh\u1eadn l\u00e0 b\u1ecb khuy\u1ebft t\u1eadt v\u1ec1 ph\u00e1t tri\u1ec3n th\u01b0\u1eddng s\u1ebd h\u1ed9i \u0111\u1ee7 \u0111i\u1ec1u ki\u1ec7n&hellip;<\/p>\n","protected":false},"author":1,"featured_media":0,"parent":312,"menu_order":16,"comment_status":"closed","ping_status":"closed","template":"","meta":{"footnotes":""},"class_list":["post-1037","page","type-page","status-publish","hentry"],"_links":{"self":[{"href":"https:\/\/rula.disabilityrightsca.org\/vi\/wp-json\/wp\/v2\/pages\/1037","targetHints":{"allow":["GET"]}}],"collection":[{"href":"https:\/\/rula.disabilityrightsca.org\/vi\/wp-json\/wp\/v2\/pages"}],"about":[{"href":"https:\/\/rula.disabilityrightsca.org\/vi\/wp-json\/wp\/v2\/types\/page"}],"author":[{"embeddable":true,"href":"https:\/\/rula.disabilityrightsca.org\/vi\/wp-json\/wp\/v2\/users\/1"}],"replies":[{"embeddable":true,"href":"https:\/\/rula.disabilityrightsca.org\/vi\/wp-json\/wp\/v2\/comments?post=1037"}],"version-history":[{"count":2,"href":"https:\/\/rula.disabilityrightsca.org\/vi\/wp-json\/wp\/v2\/pages\/1037\/revisions"}],"predecessor-version":[{"id":2846,"href":"https:\/\/rula.disabilityrightsca.org\/vi\/wp-json\/wp\/v2\/pages\/1037\/revisions\/2846"}],"up":[{"embeddable":true,"href":"https:\/\/rula.disabilityrightsca.org\/vi\/wp-json\/wp\/v2\/pages\/312"}],"wp:attachment":[{"href":"https:\/\/rula.disabilityrightsca.org\/vi\/wp-json\/wp\/v2\/media?parent=1037"}],"curies":[{"name":"wp","href":"https:\/\/api.w.org\/{rel}","templated":true}]}}