{"id":1035,"date":"2021-05-12T22:50:22","date_gmt":"2021-05-12T22:50:22","guid":{"rendered":"http:\/\/www.rula.disabilityrightsca.org\/vi\/?page_id=1035"},"modified":"2022-04-19T19:26:19","modified_gmt":"2022-04-19T19:26:19","slug":"if-i-am-found-eligible-for-regional-center-services-what-happens-next","status":"publish","type":"page","link":"https:\/\/rula.disabilityrightsca.org\/vi\/rula-book\/chapter-3-regional-centers\/if-i-am-found-eligible-for-regional-center-services-what-happens-next\/","title":{"rendered":"(3.15) \u0110i\u1ec1u g\u00ec s\u1ebd x\u1ea3y ra ti\u1ebfp theo n\u1ebfu t\u00f4i \u0111\u01b0\u1ee3c x\u00e1c \u0111\u1ecbnh l\u00e0 h\u1ed9i \u0111\u1ee7 \u0111i\u1ec1u ki\u1ec7n nh\u1eadn c\u00e1c d\u1ecbch v\u1ee5 c\u1ee7a trung t\u00e2m khu v\u1ef1c?"},"content":{"rendered":"\n<p>Trung t\u00e2m khu v\u1ef1c c\u00f3 60 ng\u00e0y k\u1ec3 t\u1eeb khi ho\u00e0n th\u00e0nh \u0111\u00e1nh gi\u00e1 c\u1ee7a qu\u00fd v\u1ecb \u0111\u1ec3 ho\u00e0n t\u1ea5t K\u1ebf Ho\u1ea1ch Ch\u01b0\u01a1ng Tr\u00ecnh C\u00e1 Nh\u00e2n (IPP) c\u1ee7a qu\u00fd v\u1ecb. <span class=\"footnote_referrer\"><a role=\"button\" tabindex=\"0\" onclick=\"footnote_moveToReference_1035_1('footnote_plugin_reference_1035_1_1');\" onkeypress=\"footnote_moveToReference_1035_1('footnote_plugin_reference_1035_1_1');\" ><sup id=\"footnote_plugin_tooltip_1035_1_1\" class=\"footnote_plugin_tooltip_text\">[1]<\/sup><\/a><span id=\"footnote_plugin_tooltip_text_1035_1_1\" class=\"footnote_tooltip\">M\u1ee5c 4646(c).<\/span><\/span><script type=\"text\/javascript\"> jQuery('#footnote_plugin_tooltip_1035_1_1').tooltip({ tip: '#footnote_plugin_tooltip_text_1035_1_1', tipClass: 'footnote_tooltip', effect: 'fade', predelay: 0, fadeInSpeed: 200, delay: 400, fadeOutSpeed: 200, position: 'top center', relative: true, offset: [-7, 0], });<\/script> Trung t\u00e2m khu v\u1ef1c s\u1ebd l\u00e0m vi\u1ec7c v\u1edbi qu\u00fd v\u1ecb c\u00f9ng gia \u0111\u00ecnh (n\u1ebfu th\u00edch h\u1ee3p) \u0111\u1ec3 ph\u00e1t tri\u1ec3n IPP cho qu\u00fd v\u1ecb. IPP c\u1ee7a qu\u00fd v\u1ecb r\u1ea5t quan tr\u1ecdng v\u00ec t\u00e0i li\u1ec7u n\u00e0y li\u1ec7t k\u00ea c\u00e1c d\u1ecbch v\u1ee5 qu\u00fd v\u1ecb s\u1ebd nh\u1eadn. T\u00e0i li\u1ec7u n\u00e0y gi\u1ed1ng nh\u01b0 h\u1ee3p \u0111\u1ed3ng gi\u1eefa qu\u00fd v\u1ecb v\u00e0 trung t\u00e2m khu v\u1ef1c. Trong \u0111\u00f3 c\u00f3 m\u00f4 t\u1ea3 c\u00e1c d\u1ecbch v\u1ee5 v\u00e0 s\u1ef1 h\u1ed7 tr\u1ee3 m\u00e0 trung t\u00e2m khu v\u1ef1c s\u1ebd thanh to\u00e1n ho\u1eb7c tr\u1ee3 gi\u00fap qu\u00fd v\u1ecb nh\u1eadn \u0111\u01b0\u1ee3c. Sau khi c\u00e1c d\u1ecbch v\u1ee5 \u0111\u01b0\u1ee3c ghi v\u00e0o IPP c\u1ee7a qu\u00fd v\u1ecb, trung t\u00e2m khu v\u1ef1c ph\u1ea3i th\u1ef1c hi\u1ec7n IPP c\u1ee7a qu\u00fd v\u1ecb b\u1eb1ng c\u00e1ch cung c\u1ea5p ho\u1eb7c thanh to\u00e1n cho c\u00e1c d\u1ecbch v\u1ee5 n\u00e0y <span class=\"footnote_referrer\"><a role=\"button\" tabindex=\"0\" onclick=\"footnote_moveToReference_1035_1('footnote_plugin_reference_1035_1_2');\" onkeypress=\"footnote_moveToReference_1035_1('footnote_plugin_reference_1035_1_2');\" ><sup id=\"footnote_plugin_tooltip_1035_1_2\" class=\"footnote_plugin_tooltip_text\">[2]<\/sup><\/a><span id=\"footnote_plugin_tooltip_text_1035_1_2\" class=\"footnote_tooltip\"><em>Hi\u1ec7p H\u1ed9i D\u00e0nh Cho C\u00f4ng D\u00e2n Ch\u1eadm Ph\u00e1t Tri\u1ec3n ki\u1ec7n S\u1edf D\u1ecbch V\u1ee5 Ph\u00e1t Tri\u1ec3n<\/em>&nbsp;(1985) 38 B\u00e1o C\u00e1o C\u1ee7a California s\u1ed1 3 385, 390.<\/span><\/span><script type=\"text\/javascript\"> jQuery('#footnote_plugin_tooltip_1035_1_2').tooltip({ tip: '#footnote_plugin_tooltip_text_1035_1_2', tipClass: 'footnote_tooltip', effect: 'fade', predelay: 0, fadeInSpeed: 200, delay: 400, fadeOutSpeed: 200, position: 'top center', relative: true, offset: [-7, 0], });<\/script><\/p>\n<div class=\"speaker-mute footnotes_reference_container\"> <div class=\"footnote_container_prepare\"><p><span role=\"button\" tabindex=\"0\" class=\"footnote_reference_container_label pointer\" onclick=\"footnote_expand_collapse_reference_container_1035_1();\">&#x202F;<\/span><span role=\"button\" tabindex=\"0\" class=\"footnote_reference_container_collapse_button\" style=\"display: none;\" onclick=\"footnote_expand_collapse_reference_container_1035_1();\">[<a id=\"footnote_reference_container_collapse_button_1035_1\">+<\/a>]<\/span><\/p><\/div> <div id=\"footnote_references_container_1035_1\" style=\"\"><table class=\"footnotes_table footnote-reference-container\"><caption class=\"accessibility\">References<\/caption> <tbody> \r\n\r\n<tr class=\"footnotes_plugin_reference_row\"> <th scope=\"row\" class=\"footnote_plugin_index_combi pointer\"  onclick=\"footnote_moveToAnchor_1035_1('footnote_plugin_tooltip_1035_1_1');\"><a id=\"footnote_plugin_reference_1035_1_1\" class=\"footnote_backlink\"><span class=\"footnote_index_arrow\">&#8593;<\/span>1<\/a><\/th> <td class=\"footnote_plugin_text\">M\u1ee5c 4646(c).<\/td><\/tr>\r\n\r\n<tr class=\"footnotes_plugin_reference_row\"> <th scope=\"row\" class=\"footnote_plugin_index_combi pointer\"  onclick=\"footnote_moveToAnchor_1035_1('footnote_plugin_tooltip_1035_1_2');\"><a id=\"footnote_plugin_reference_1035_1_2\" class=\"footnote_backlink\"><span class=\"footnote_index_arrow\">&#8593;<\/span>2<\/a><\/th> <td class=\"footnote_plugin_text\"><em>Hi\u1ec7p H\u1ed9i D\u00e0nh Cho C\u00f4ng D\u00e2n Ch\u1eadm Ph\u00e1t Tri\u1ec3n ki\u1ec7n S\u1edf D\u1ecbch V\u1ee5 Ph\u00e1t Tri\u1ec3n<\/em>&nbsp;(1985) 38 B\u00e1o C\u00e1o C\u1ee7a California s\u1ed1 3 385, 390.<\/td><\/tr>\r\n\r\n <\/tbody> <\/table> <\/div><\/div><script type=\"text\/javascript\"> function footnote_expand_reference_container_1035_1() { jQuery('#footnote_references_container_1035_1').show(); jQuery('#footnote_reference_container_collapse_button_1035_1').text('\u2212'); } function footnote_collapse_reference_container_1035_1() { jQuery('#footnote_references_container_1035_1').hide(); jQuery('#footnote_reference_container_collapse_button_1035_1').text('+'); } function footnote_expand_collapse_reference_container_1035_1() { if (jQuery('#footnote_references_container_1035_1').is(':hidden')) { footnote_expand_reference_container_1035_1(); } else { footnote_collapse_reference_container_1035_1(); } } function footnote_moveToReference_1035_1(p_str_TargetID) { footnote_expand_reference_container_1035_1(); var l_obj_Target = jQuery('#' + p_str_TargetID); if (l_obj_Target.length) { jQuery( 'html, body' ).delay( 0 ); jQuery('html, body').animate({ scrollTop: l_obj_Target.offset().top - window.innerHeight * 0.2 }, 380); } } function footnote_moveToAnchor_1035_1(p_str_TargetID) { footnote_expand_reference_container_1035_1(); var l_obj_Target = jQuery('#' + p_str_TargetID); if (l_obj_Target.length) { jQuery( 'html, body' ).delay( 0 ); jQuery('html, body').animate({ scrollTop: l_obj_Target.offset().top - window.innerHeight * 0.2 }, 380); } }<\/script>","protected":false},"excerpt":{"rendered":"<p>Trung t\u00e2m khu v\u1ef1c c\u00f3 60 ng\u00e0y k\u1ec3 t\u1eeb khi ho\u00e0n th\u00e0nh \u0111\u00e1nh gi\u00e1 c\u1ee7a qu\u00fd v\u1ecb \u0111\u1ec3 ho\u00e0n t\u1ea5t K\u1ebf Ho\u1ea1ch Ch\u01b0\u01a1ng Tr\u00ecnh C\u00e1&hellip;<\/p>\n","protected":false},"author":1,"featured_media":0,"parent":312,"menu_order":15,"comment_status":"closed","ping_status":"closed","template":"","meta":{"footnotes":""},"class_list":["post-1035","page","type-page","status-publish","hentry"],"_links":{"self":[{"href":"https:\/\/rula.disabilityrightsca.org\/vi\/wp-json\/wp\/v2\/pages\/1035","targetHints":{"allow":["GET"]}}],"collection":[{"href":"https:\/\/rula.disabilityrightsca.org\/vi\/wp-json\/wp\/v2\/pages"}],"about":[{"href":"https:\/\/rula.disabilityrightsca.org\/vi\/wp-json\/wp\/v2\/types\/page"}],"author":[{"embeddable":true,"href":"https:\/\/rula.disabilityrightsca.org\/vi\/wp-json\/wp\/v2\/users\/1"}],"replies":[{"embeddable":true,"href":"https:\/\/rula.disabilityrightsca.org\/vi\/wp-json\/wp\/v2\/comments?post=1035"}],"version-history":[{"count":4,"href":"https:\/\/rula.disabilityrightsca.org\/vi\/wp-json\/wp\/v2\/pages\/1035\/revisions"}],"predecessor-version":[{"id":2872,"href":"https:\/\/rula.disabilityrightsca.org\/vi\/wp-json\/wp\/v2\/pages\/1035\/revisions\/2872"}],"up":[{"embeddable":true,"href":"https:\/\/rula.disabilityrightsca.org\/vi\/wp-json\/wp\/v2\/pages\/312"}],"wp:attachment":[{"href":"https:\/\/rula.disabilityrightsca.org\/vi\/wp-json\/wp\/v2\/media?parent=1035"}],"curies":[{"name":"wp","href":"https:\/\/api.w.org\/{rel}","templated":true}]}}