{"id":1033,"date":"2021-05-12T22:46:54","date_gmt":"2021-05-12T22:46:54","guid":{"rendered":"http:\/\/www.rula.disabilityrightsca.org\/vi\/?page_id=1033"},"modified":"2022-04-19T19:26:06","modified_gmt":"2022-04-19T19:26:06","slug":"can-i-apply-again-if-i-have-new-information-about-my-disability-that-the-regional-center-did-not-have-when-they-denied-me","status":"publish","type":"page","link":"https:\/\/rula.disabilityrightsca.org\/vi\/rula-book\/chapter-3-regional-centers\/can-i-apply-again-if-i-have-new-information-about-my-disability-that-the-regional-center-did-not-have-when-they-denied-me\/","title":{"rendered":"(3.14) T\u00f4i c\u00f3 th\u1ec3 \u0111\u0103ng k\u00fd l\u1ea1i n\u1ebfu c\u00f3 th\u00f4ng tin m\u1edbi v\u1ec1 t\u00ecnh tr\u1ea1ng khuy\u1ebft t\u1eadt c\u1ee7a m\u00ecnh m\u00e0 trung t\u00e2m khu v\u1ef1c kh\u00f4ng bi\u1ebft khi h\u1ecd t\u1eeb ch\u1ed1i t\u00f4i kh\u00f4ng?"},"content":{"rendered":"\n<p>N\u1ebfu trung t\u00e2m khu v\u1ef1c cho bi\u1ebft qu\u00fd v\u1ecb kh\u00f4ng b\u1ecb khuy\u1ebft t\u1eadt v\u1ec1 ph\u00e1t tri\u1ec3n nh\u01b0ng qu\u00fd v\u1ecb c\u00f3 th\u00f4ng tin m\u1edbi (ch\u1eb3ng h\u1ea1n nh\u01b0 k\u1ebft qu\u1ea3 ki\u1ec3m tra m\u1edbi), qu\u00fd v\u1ecb c\u00f3 th\u1ec3 \u0111\u0103ng k\u00fd l\u1ea1i. Trung t\u00e2m khu v\u1ef1c ph\u1ea3i xem x\u00e9t th\u00f4ng tin m\u1edbi m\u00e0 qu\u00fd v\u1ecb cung c\u1ea5p th\u00f4ng qua vi\u1ec7c th\u1ef1c hi\u1ec7n l\u1ea1i quy tr\u00ecnh \u0111\u00e1nh gi\u00e1 kh\u1ea3 n\u0103ng h\u1ed9i \u0111\u1ee7 \u0111i\u1ec1u ki\u1ec7n. H\u1ecd s\u1ebd xem x\u00e9t th\u00f4ng tin t\u1eeb tr\u01b0\u1edbc v\u00e0 m\u1ecdi th\u00f4ng tin m\u1edbi m\u00e0 qu\u00fd v\u1ecb cung c\u1ea5p. H\u1ecd c\u00f3 th\u1ec3 quy\u1ebft \u0111\u1ecbnh th\u1ef1c hi\u1ec7n th\u00eam c\u00e1c ki\u1ec3m tra. Trung t\u00e2m khu v\u1ef1c s\u1ebd c\u1ea7n ph\u1ea3i cung c\u1ea5p m\u1ed9t v\u0103n b\u1ea3n quy\u1ebft \u0111\u1ecbnh kh\u00e1c cho qu\u00fd v\u1ecb. Trung t\u00e2m khu v\u1ef1c c\u00f3 th\u1ec3 kh\u00f4ng mu\u1ed1n th\u1ef1c hi\u1ec7n l\u1ea1i quy tr\u00ecnh d\u1ef1a tr\u00ean c\u00e1c k\u1ebft qu\u1ea3 ki\u1ec3m tra m\u1edbi c\u1ee7a qu\u00fd v\u1ecb n\u1ebfu g\u1ea7n \u0111\u00e2y h\u1ecd \u0111\u00e3 x\u00e1c \u0111\u1ecbnh l\u00e0 qu\u00fd v\u1ecb kh\u00f4ng b\u1ecb khuy\u1ebft t\u1eadt v\u1ec1 ph\u00e1t tri\u1ec3n. V\u00ec v\u1eady, n\u1ebfu qu\u00fd v\u1ecb c\u1ea7n th\u1ea9m \u0111\u1ecbnh \u0111\u1ed9c l\u1eadp \u0111\u1ec3 ch\u1ee9ng minh m\u00ecnh b\u1ecb khuy\u1ebft t\u1eadt v\u1ec1 ph\u00e1t tri\u1ec3n, h\u00e3y c\u1ed1 g\u1eafng th\u1ef1c hi\u1ec7n v\u00e0 g\u1eedi c\u00e1c n\u1ed9i dung th\u1ea9m \u0111\u1ecbnh \u0111\u00f3 trong \u0111\u01a1n \u0111\u0103ng k\u00fd \u0111\u1ea7u ti\u00ean c\u1ee7a qu\u00fd v\u1ecb.<\/p>\n","protected":false},"excerpt":{"rendered":"<p>N\u1ebfu trung t\u00e2m khu v\u1ef1c cho bi\u1ebft qu\u00fd v\u1ecb kh\u00f4ng b\u1ecb khuy\u1ebft t\u1eadt v\u1ec1 ph\u00e1t tri\u1ec3n nh\u01b0ng qu\u00fd v\u1ecb c\u00f3 th\u00f4ng tin m\u1edbi (ch\u1eb3ng h\u1ea1n&hellip;<\/p>\n","protected":false},"author":1,"featured_media":0,"parent":312,"menu_order":14,"comment_status":"closed","ping_status":"closed","template":"","meta":{"footnotes":""},"class_list":["post-1033","page","type-page","status-publish","hentry"],"_links":{"self":[{"href":"https:\/\/rula.disabilityrightsca.org\/vi\/wp-json\/wp\/v2\/pages\/1033","targetHints":{"allow":["GET"]}}],"collection":[{"href":"https:\/\/rula.disabilityrightsca.org\/vi\/wp-json\/wp\/v2\/pages"}],"about":[{"href":"https:\/\/rula.disabilityrightsca.org\/vi\/wp-json\/wp\/v2\/types\/page"}],"author":[{"embeddable":true,"href":"https:\/\/rula.disabilityrightsca.org\/vi\/wp-json\/wp\/v2\/users\/1"}],"replies":[{"embeddable":true,"href":"https:\/\/rula.disabilityrightsca.org\/vi\/wp-json\/wp\/v2\/comments?post=1033"}],"version-history":[{"count":2,"href":"https:\/\/rula.disabilityrightsca.org\/vi\/wp-json\/wp\/v2\/pages\/1033\/revisions"}],"predecessor-version":[{"id":2844,"href":"https:\/\/rula.disabilityrightsca.org\/vi\/wp-json\/wp\/v2\/pages\/1033\/revisions\/2844"}],"up":[{"embeddable":true,"href":"https:\/\/rula.disabilityrightsca.org\/vi\/wp-json\/wp\/v2\/pages\/312"}],"wp:attachment":[{"href":"https:\/\/rula.disabilityrightsca.org\/vi\/wp-json\/wp\/v2\/media?parent=1033"}],"curies":[{"name":"wp","href":"https:\/\/api.w.org\/{rel}","templated":true}]}}