{"id":1026,"date":"2021-05-12T21:54:35","date_gmt":"2021-05-12T21:54:35","guid":{"rendered":"http:\/\/www.rula.disabilityrightsca.org\/vi\/?page_id=1026"},"modified":"2022-04-19T19:25:16","modified_gmt":"2022-04-19T19:25:16","slug":"how-do-i-find-out-if-the-regional-center-has-found-me-eligible-for-their-services","status":"publish","type":"page","link":"https:\/\/rula.disabilityrightsca.org\/vi\/rula-book\/chapter-3-regional-centers\/how-do-i-find-out-if-the-regional-center-has-found-me-eligible-for-their-services\/","title":{"rendered":"(3.12) L\u00e0m th\u1ebf n\u00e0o \u0111\u1ec3 bi\u1ebft trung t\u00e2m khu v\u1ef1c \u0111\u00e3 x\u00e1c \u0111\u1ecbnh \u0111\u01b0\u1ee3c t\u00f4i h\u1ed9i \u0111\u1ee7 \u0111i\u1ec1u ki\u1ec7n nh\u1eadn c\u00e1c d\u1ecbch v\u1ee5 c\u1ee7a h\u1ecd?"},"content":{"rendered":"\n<p>Sau l\u1ea7n ti\u1ebfp nh\u1eadn v\u00e0 \u0111\u00e1nh gi\u00e1 \u0111\u1ea7u ti\u00ean, n\u1ebfu trung t\u00e2m khu v\u1ef1c x\u00e1c \u0111\u1ecbnh l\u00e0 qu\u00fd v\u1ecb h\u1ed9i \u0111\u1ee7 \u0111i\u1ec1u ki\u1ec7n, h\u1ecd s\u1ebd g\u1eedi cho qu\u00fd v\u1ecb m\u1ed9t v\u0103n b\u1ea3n th\u00f4ng b\u00e1o. N\u1ebfu trung t\u00e2m khu v\u1ef1c x\u00e1c \u0111\u1ecbnh l\u00e0 qu\u00fd v\u1ecb kh\u00f4ng h\u1ed9i \u0111\u1ee7 \u0111i\u1ec1u ki\u1ec7n, h\u1ecd ph\u1ea3i g\u1eedi cho qu\u00fd v\u1ecb v\u00e0 ng\u01b0\u1eddi \u0111\u1ea1i di\u1ec7n c\u1ee7a qu\u00fd v\u1ecb, n\u1ebfu c\u00f3, m\u1ed9t v\u0103n b\u1ea3n th\u00f4ng b\u00e1o qua th\u01b0 b\u1ea3o \u0111\u1ea3m trong v\u00f2ng n\u0103m ng\u00e0y l\u00e0m vi\u1ec7c k\u1ec3 t\u1eeb khi c\u00f3 quy\u1ebft \u0111\u1ecbnh. <span class=\"footnote_referrer\"><a role=\"button\" tabindex=\"0\" onclick=\"footnote_moveToReference_1026_1('footnote_plugin_reference_1026_1_1');\" onkeypress=\"footnote_moveToReference_1026_1('footnote_plugin_reference_1026_1_1');\" ><sup id=\"footnote_plugin_tooltip_1026_1_1\" class=\"footnote_plugin_tooltip_text\">[1]<\/sup><\/a><span id=\"footnote_plugin_tooltip_text_1026_1_1\" class=\"footnote_tooltip\">M\u1ee5c 4710(e).<\/span><\/span><script type=\"text\/javascript\"> jQuery('#footnote_plugin_tooltip_1026_1_1').tooltip({ tip: '#footnote_plugin_tooltip_text_1026_1_1', tipClass: 'footnote_tooltip', effect: 'fade', predelay: 0, fadeInSpeed: 200, delay: 400, fadeOutSpeed: 200, position: 'top center', relative: true, offset: [-7, 0], });<\/script><\/p>\n<div class=\"speaker-mute footnotes_reference_container\"> <div class=\"footnote_container_prepare\"><p><span role=\"button\" tabindex=\"0\" class=\"footnote_reference_container_label pointer\" onclick=\"footnote_expand_collapse_reference_container_1026_1();\">&#x202F;<\/span><span role=\"button\" tabindex=\"0\" class=\"footnote_reference_container_collapse_button\" style=\"display: none;\" onclick=\"footnote_expand_collapse_reference_container_1026_1();\">[<a id=\"footnote_reference_container_collapse_button_1026_1\">+<\/a>]<\/span><\/p><\/div> <div id=\"footnote_references_container_1026_1\" style=\"\"><table class=\"footnotes_table footnote-reference-container\"><caption class=\"accessibility\">References<\/caption> <tbody> \r\n\r\n<tr class=\"footnotes_plugin_reference_row\"> <th scope=\"row\" class=\"footnote_plugin_index_combi pointer\"  onclick=\"footnote_moveToAnchor_1026_1('footnote_plugin_tooltip_1026_1_1');\"><a id=\"footnote_plugin_reference_1026_1_1\" class=\"footnote_backlink\"><span class=\"footnote_index_arrow\">&#8593;<\/span>1<\/a><\/th> <td class=\"footnote_plugin_text\">M\u1ee5c 4710(e).<\/td><\/tr>\r\n\r\n <\/tbody> <\/table> <\/div><\/div><script type=\"text\/javascript\"> function footnote_expand_reference_container_1026_1() { jQuery('#footnote_references_container_1026_1').show(); jQuery('#footnote_reference_container_collapse_button_1026_1').text('\u2212'); } function footnote_collapse_reference_container_1026_1() { jQuery('#footnote_references_container_1026_1').hide(); jQuery('#footnote_reference_container_collapse_button_1026_1').text('+'); } function footnote_expand_collapse_reference_container_1026_1() { if (jQuery('#footnote_references_container_1026_1').is(':hidden')) { footnote_expand_reference_container_1026_1(); } else { footnote_collapse_reference_container_1026_1(); } } function footnote_moveToReference_1026_1(p_str_TargetID) { footnote_expand_reference_container_1026_1(); var l_obj_Target = jQuery('#' + p_str_TargetID); if (l_obj_Target.length) { jQuery( 'html, body' ).delay( 0 ); jQuery('html, body').animate({ scrollTop: l_obj_Target.offset().top - window.innerHeight * 0.2 }, 380); } } function footnote_moveToAnchor_1026_1(p_str_TargetID) { footnote_expand_reference_container_1026_1(); var l_obj_Target = jQuery('#' + p_str_TargetID); if (l_obj_Target.length) { jQuery( 'html, body' ).delay( 0 ); jQuery('html, body').animate({ scrollTop: l_obj_Target.offset().top - window.innerHeight * 0.2 }, 380); } }<\/script>","protected":false},"excerpt":{"rendered":"<p>Sau l\u1ea7n ti\u1ebfp nh\u1eadn v\u00e0 \u0111\u00e1nh gi\u00e1 \u0111\u1ea7u ti\u00ean, n\u1ebfu trung t\u00e2m khu v\u1ef1c x\u00e1c \u0111\u1ecbnh l\u00e0 qu\u00fd v\u1ecb h\u1ed9i \u0111\u1ee7 \u0111i\u1ec1u ki\u1ec7n, h\u1ecd s\u1ebd&hellip;<\/p>\n","protected":false},"author":1,"featured_media":0,"parent":312,"menu_order":12,"comment_status":"closed","ping_status":"closed","template":"","meta":{"footnotes":""},"class_list":["post-1026","page","type-page","status-publish","hentry"],"_links":{"self":[{"href":"https:\/\/rula.disabilityrightsca.org\/vi\/wp-json\/wp\/v2\/pages\/1026","targetHints":{"allow":["GET"]}}],"collection":[{"href":"https:\/\/rula.disabilityrightsca.org\/vi\/wp-json\/wp\/v2\/pages"}],"about":[{"href":"https:\/\/rula.disabilityrightsca.org\/vi\/wp-json\/wp\/v2\/types\/page"}],"author":[{"embeddable":true,"href":"https:\/\/rula.disabilityrightsca.org\/vi\/wp-json\/wp\/v2\/users\/1"}],"replies":[{"embeddable":true,"href":"https:\/\/rula.disabilityrightsca.org\/vi\/wp-json\/wp\/v2\/comments?post=1026"}],"version-history":[{"count":2,"href":"https:\/\/rula.disabilityrightsca.org\/vi\/wp-json\/wp\/v2\/pages\/1026\/revisions"}],"predecessor-version":[{"id":2841,"href":"https:\/\/rula.disabilityrightsca.org\/vi\/wp-json\/wp\/v2\/pages\/1026\/revisions\/2841"}],"up":[{"embeddable":true,"href":"https:\/\/rula.disabilityrightsca.org\/vi\/wp-json\/wp\/v2\/pages\/312"}],"wp:attachment":[{"href":"https:\/\/rula.disabilityrightsca.org\/vi\/wp-json\/wp\/v2\/media?parent=1026"}],"curies":[{"name":"wp","href":"https:\/\/api.w.org\/{rel}","templated":true}]}}