{"id":1024,"date":"2021-05-12T21:47:27","date_gmt":"2021-05-12T21:47:27","guid":{"rendered":"http:\/\/www.rula.disabilityrightsca.org\/vi\/?page_id=1024"},"modified":"2022-04-19T19:24:48","modified_gmt":"2022-04-19T19:24:48","slug":"when-does-a-regional-center-have-to-do-more-evaluations-to-decide-if-i-am-eligible-for-services","status":"publish","type":"page","link":"https:\/\/rula.disabilityrightsca.org\/vi\/rula-book\/chapter-3-regional-centers\/when-does-a-regional-center-have-to-do-more-evaluations-to-decide-if-i-am-eligible-for-services\/","title":{"rendered":"(3.11) Khi n\u00e0o trung t\u00e2m khu v\u1ef1c ph\u1ea3i th\u1ef1c hi\u1ec7n th\u00eam th\u1ea9m \u0111\u1ecbnh \u0111\u1ec3 x\u00e1c \u0111\u1ecbnh xem t\u00f4i c\u00f3 h\u1ed9i \u0111\u1ee7 \u0111i\u1ec1u ki\u1ec7n h\u01b0\u1edfng d\u1ecbch v\u1ee5 kh\u00f4ng?"},"content":{"rendered":"\n<p>\u0110\u00f4i khi trung t\u00e2m khu v\u1ef1c c\u1ea7n c\u00f3 th\u00eam th\u00f4ng tin \u0111\u1ec3 x\u00e1c \u0111\u1ecbnh xem qu\u00fd v\u1ecb c\u00f3 khuy\u1ebft t\u1eadt v\u1ec1 ph\u00e1t tri\u1ec3n kh\u00f4ng. \u0110\u00f4i khi th\u00f4ng tin trong h\u1ed3 s\u01a1 c\u1ee7a qu\u00fd v\u1ecb kh\u00f4ng n\u00eau c\u1ee5 th\u1ec3 t\u00ecnh tr\u1ea1ng khuy\u1ebft t\u1eadt v\u1ec1 ph\u00e1t tri\u1ec3n m\u00e0 trung t\u00e2m khu v\u1ef1c ph\u1ee5c v\u1ee5. H\u1ed3 s\u01a1 c\u1ee7a qu\u00fd v\u1ecb c\u00f3 th\u1ec3 m\u00e2u thu\u1eabn, c\u00f3 c\u00e1c t\u00ecnh tr\u1ea1ng kh\u00e1c nhau \u0111\u1ec3 gi\u1ea3i th\u00edch cho khuy\u1ebft t\u1eadt c\u1ee7a qu\u00fd v\u1ecb. \u0110\u00f4i khi th\u00f4ng tin trong h\u1ed3 s\u01a1 c\u1ee7a qu\u00fd v\u1ecb cho th\u1ea5y qu\u00fd v\u1ecb g\u1eb7p ph\u1ea3i m\u1ed9t t\u00ecnh tr\u1ea1ng nh\u01b0ng kh\u00f4ng cho th\u1ea5y t\u00ecnh tr\u1ea1ng \u0111\u00f3 khi\u1ebfn qu\u00fd v\u1ecb b\u1ecb khuy\u1ebft t\u1eadt \u0111\u00e1ng k\u1ec3 nh\u01b0 th\u1ebf n\u00e0o. Trong nh\u1eefng t\u00ecnh hu\u1ed1ng n\u00e0y, trung t\u00e2m khu v\u1ef1c c\u00f3 th\u1ec3 th\u1ea9m \u0111\u1ecbnh qu\u00fd v\u1ecb \u0111\u1ec3 x\u00e1c \u0111\u1ecbnh xem qu\u00fd v\u1ecb c\u00f3 h\u1ed9i \u0111\u1ee7 \u0111i\u1ec1u ki\u1ec7n kh\u00f4ng. H\u1ecd c\u0169ng mu\u1ed1n x\u00e1c \u0111\u1ecbnh nh\u1eefng d\u1ecbch v\u1ee5 qu\u00fd v\u1ecb c\u1ea7n \u0111\u1ec3 s\u1ed1ng cu\u1ed9c s\u1ed1ng \u0111\u1ed9c l\u1eadp, c\u00f3 \u00edch v\u00e0 b\u00ecnh th\u01b0\u1eddng nh\u1ea5t c\u00f3 th\u1ec3. M\u1ed9t nh\u00f3m g\u1ed3m c\u00e1c nh\u00e2n vi\u00ean c\u1ee7a trung t\u00e2m khu v\u1ef1c \u0111\u01b0\u1ee3c g\u1ecdi l\u00e0 nh\u00f3m li\u00ean ng\u00e0nh (hay nh\u00f3m ID) s\u1ebd xem x\u00e9t c\u00e1c h\u1ed3 s\u01a1 c\u1ee7a qu\u00fd v\u1ecb \u0111\u1ec3 x\u00e1c \u0111\u1ecbnh xem h\u1ecd c\u00f3 c\u1ea7n th\u1ef1c hi\u1ec7n th\u00eam th\u1ea9m \u0111\u1ecbnh kh\u00f4ng.<\/p>\n","protected":false},"excerpt":{"rendered":"<p>\u0110\u00f4i khi trung t\u00e2m khu v\u1ef1c c\u1ea7n c\u00f3 th\u00eam th\u00f4ng tin \u0111\u1ec3 x\u00e1c \u0111\u1ecbnh xem qu\u00fd v\u1ecb c\u00f3 khuy\u1ebft t\u1eadt v\u1ec1 ph\u00e1t tri\u1ec3n kh\u00f4ng. \u0110\u00f4i&hellip;<\/p>\n","protected":false},"author":1,"featured_media":0,"parent":312,"menu_order":11,"comment_status":"closed","ping_status":"closed","template":"","meta":{"footnotes":""},"class_list":["post-1024","page","type-page","status-publish","hentry"],"_links":{"self":[{"href":"https:\/\/rula.disabilityrightsca.org\/vi\/wp-json\/wp\/v2\/pages\/1024","targetHints":{"allow":["GET"]}}],"collection":[{"href":"https:\/\/rula.disabilityrightsca.org\/vi\/wp-json\/wp\/v2\/pages"}],"about":[{"href":"https:\/\/rula.disabilityrightsca.org\/vi\/wp-json\/wp\/v2\/types\/page"}],"author":[{"embeddable":true,"href":"https:\/\/rula.disabilityrightsca.org\/vi\/wp-json\/wp\/v2\/users\/1"}],"replies":[{"embeddable":true,"href":"https:\/\/rula.disabilityrightsca.org\/vi\/wp-json\/wp\/v2\/comments?post=1024"}],"version-history":[{"count":3,"href":"https:\/\/rula.disabilityrightsca.org\/vi\/wp-json\/wp\/v2\/pages\/1024\/revisions"}],"predecessor-version":[{"id":2840,"href":"https:\/\/rula.disabilityrightsca.org\/vi\/wp-json\/wp\/v2\/pages\/1024\/revisions\/2840"}],"up":[{"embeddable":true,"href":"https:\/\/rula.disabilityrightsca.org\/vi\/wp-json\/wp\/v2\/pages\/312"}],"wp:attachment":[{"href":"https:\/\/rula.disabilityrightsca.org\/vi\/wp-json\/wp\/v2\/media?parent=1024"}],"curies":[{"name":"wp","href":"https:\/\/api.w.org\/{rel}","templated":true}]}}