{"id":1022,"date":"2021-05-12T21:45:05","date_gmt":"2021-05-12T21:45:05","guid":{"rendered":"http:\/\/www.rula.disabilityrightsca.org\/vi\/?page_id=1022"},"modified":"2022-04-19T19:24:31","modified_gmt":"2022-04-19T19:24:31","slug":"how-does-the-eligibility-review-process-work","status":"publish","type":"page","link":"https:\/\/rula.disabilityrightsca.org\/vi\/rula-book\/chapter-3-regional-centers\/how-does-the-eligibility-review-process-work\/","title":{"rendered":"(3.10) Quy tr\u00ecnh \u0111\u00e1nh gi\u00e1 kh\u1ea3 n\u0103ng h\u1ed9i \u0111\u1ee7 \u0111i\u1ec1u ki\u1ec7n ho\u1ea1t \u0111\u1ed9ng nh\u01b0 th\u1ebf n\u00e0o?"},"content":{"rendered":"\n<p>Sau l\u1ea7n ti\u1ebfp nh\u1eadn \u0111\u1ea7u ti\u00ean, trung t\u00e2m khu v\u1ef1c c\u00f3 120 ng\u00e0y \u0111\u1ec3 x\u00e1c \u0111\u1ecbnh xem qu\u00fd v\u1ecb c\u00f3 h\u1ed9i \u0111\u1ee7 \u0111i\u1ec1u ki\u1ec7n kh\u00f4ng. <span class=\"footnote_referrer\"><a role=\"button\" tabindex=\"0\" onclick=\"footnote_moveToReference_1022_1('footnote_plugin_reference_1022_1_1');\" onkeypress=\"footnote_moveToReference_1022_1('footnote_plugin_reference_1022_1_1');\" ><sup id=\"footnote_plugin_tooltip_1022_1_1\" class=\"footnote_plugin_tooltip_text\">[1]<\/sup><\/a><span id=\"footnote_plugin_tooltip_text_1022_1_1\" class=\"footnote_tooltip\">M\u1ee5c 4643(a).<\/span><\/span><script type=\"text\/javascript\"> jQuery('#footnote_plugin_tooltip_1022_1_1').tooltip({ tip: '#footnote_plugin_tooltip_text_1022_1_1', tipClass: 'footnote_tooltip', effect: 'fade', predelay: 0, fadeInSpeed: 200, delay: 400, fadeOutSpeed: 200, position: 'top center', relative: true, offset: [-7, 0], });<\/script> Tuy nhi\u00ean, trung t\u00e2m khu v\u1ef1c ch\u1ec9 c\u00f3 60 ng\u00e0y \u0111\u1ec3 x\u00e1c \u0111\u1ecbnh, n\u1ebfu:<\/p>\n\n\n\n<ul class=\"wp-block-list\"><li>S\u1ef1 ch\u1eadm tr\u1ec5 s\u1ebd g\u00e2y r\u1ee7i ro cho s\u1ee9c kh\u1ecfe v\u00e0 s\u1ef1 an to\u00e0n c\u1ee7a qu\u00fd v\u1ecb, ho\u1eb7c l\u00e0m ch\u1eadm tr\u1ec5 th\u00eam s\u1ef1 ph\u00e1t tri\u1ec3n t\u00e2m th\u1ea7n ho\u1eb7c th\u1ec3 ch\u1ea5t c\u1ee7a qu\u00fd v\u1ecb, ho\u1eb7c<\/li><li>Qu\u00fd v\u1ecb c\u00f3 nguy c\u01a1 cao b\u1ecb \u0111\u1eb7t v\u00e0o m\u00f4i tr\u01b0\u1eddng h\u1ea1n ch\u1ebf h\u01a1n. V\u00ed d\u1ee5: qu\u00fd v\u1ecb ph\u1ea3i chuy\u1ec3n t\u1eeb nh\u00e0 c\u1ee7a gia \u0111\u00ecnh \u0111\u1ebfn \u1edf t\u1ea1i m\u1ed9t c\u01a1 s\u1edf. <span class=\"footnote_referrer\"><a role=\"button\" tabindex=\"0\" onclick=\"footnote_moveToReference_1022_1('footnote_plugin_reference_1022_1_2');\" onkeypress=\"footnote_moveToReference_1022_1('footnote_plugin_reference_1022_1_2');\" ><sup id=\"footnote_plugin_tooltip_1022_1_2\" class=\"footnote_plugin_tooltip_text\">[2]<\/sup><\/a><span id=\"footnote_plugin_tooltip_text_1022_1_2\" class=\"footnote_tooltip\">M\u1ee5c 4643(a).<\/span><\/span><script type=\"text\/javascript\"> jQuery('#footnote_plugin_tooltip_1022_1_2').tooltip({ tip: '#footnote_plugin_tooltip_text_1022_1_2', tipClass: 'footnote_tooltip', effect: 'fade', predelay: 0, fadeInSpeed: 200, delay: 400, fadeOutSpeed: 200, position: 'top center', relative: true, offset: [-7, 0], });<\/script><\/li><\/ul>\n\n\n\n<p>N\u1ebfu qu\u00fd v\u1ecb h\u1ed9i \u0111\u1ee7 \u0111i\u1ec1u ki\u1ec7n nh\u1eadn d\u1ecbch v\u1ee5, trung t\u00e2m khu v\u1ef1c c\u00f3 60 ng\u00e0y \u0111\u1ec3 ho\u00e0n th\u00e0nh K\u1ebf Ho\u1ea1ch Ch\u01b0\u01a1ng Tr\u00ecnh C\u00e1 Nh\u00e2n (IPP) \u0111\u1ea7u ti\u00ean c\u1ee7a qu\u00fd v\u1ecb. <span class=\"footnote_referrer\"><a role=\"button\" tabindex=\"0\" onclick=\"footnote_moveToReference_1022_1('footnote_plugin_reference_1022_1_3');\" onkeypress=\"footnote_moveToReference_1022_1('footnote_plugin_reference_1022_1_3');\" ><sup id=\"footnote_plugin_tooltip_1022_1_3\" class=\"footnote_plugin_tooltip_text\">[3]<\/sup><\/a><span id=\"footnote_plugin_tooltip_text_1022_1_3\" class=\"footnote_tooltip\">M\u1ee5c 4646(c).<\/span><\/span><script type=\"text\/javascript\"> jQuery('#footnote_plugin_tooltip_1022_1_3').tooltip({ tip: '#footnote_plugin_tooltip_text_1022_1_3', tipClass: 'footnote_tooltip', effect: 'fade', predelay: 0, fadeInSpeed: 200, delay: 400, fadeOutSpeed: 200, position: 'top center', relative: true, offset: [-7, 0], });<\/script><\/p>\n<div class=\"speaker-mute footnotes_reference_container\"> <div class=\"footnote_container_prepare\"><p><span role=\"button\" tabindex=\"0\" class=\"footnote_reference_container_label pointer\" onclick=\"footnote_expand_collapse_reference_container_1022_1();\">&#x202F;<\/span><span role=\"button\" tabindex=\"0\" class=\"footnote_reference_container_collapse_button\" style=\"display: none;\" onclick=\"footnote_expand_collapse_reference_container_1022_1();\">[<a id=\"footnote_reference_container_collapse_button_1022_1\">+<\/a>]<\/span><\/p><\/div> <div id=\"footnote_references_container_1022_1\" style=\"\"><table class=\"footnotes_table footnote-reference-container\"><caption class=\"accessibility\">References<\/caption> <tbody> \r\n\r\n<tr class=\"footnotes_plugin_reference_row\"> <th scope=\"row\" class=\"footnote_plugin_index_combi\" ><a id=\"footnote_plugin_reference_1022_1_1\" class=\"footnote_backlink\" onclick=\"footnote_moveToAnchor_1022_1('footnote_plugin_tooltip_1022_1_1');\"><span class=\"footnote_index_arrow\">&#8593;<\/span>1,<\/a> <a id=\"footnote_plugin_reference_1022_1_2\" class=\"footnote_backlink\" onclick=\"footnote_moveToAnchor_1022_1('footnote_plugin_tooltip_1022_1_2');\"><span class=\"footnote_index_arrow\">&#8593;<\/span>2<\/a><\/th> <td class=\"footnote_plugin_text\">M\u1ee5c 4643(a).<\/td><\/tr>\r\n\r\n<tr class=\"footnotes_plugin_reference_row\"> <th scope=\"row\" class=\"footnote_plugin_index_combi pointer\"  onclick=\"footnote_moveToAnchor_1022_1('footnote_plugin_tooltip_1022_1_3');\"><a id=\"footnote_plugin_reference_1022_1_3\" class=\"footnote_backlink\"><span class=\"footnote_index_arrow\">&#8593;<\/span>3<\/a><\/th> <td class=\"footnote_plugin_text\">M\u1ee5c 4646(c).<\/td><\/tr>\r\n\r\n <\/tbody> <\/table> <\/div><\/div><script type=\"text\/javascript\"> function footnote_expand_reference_container_1022_1() { jQuery('#footnote_references_container_1022_1').show(); jQuery('#footnote_reference_container_collapse_button_1022_1').text('\u2212'); } function footnote_collapse_reference_container_1022_1() { jQuery('#footnote_references_container_1022_1').hide(); jQuery('#footnote_reference_container_collapse_button_1022_1').text('+'); } function footnote_expand_collapse_reference_container_1022_1() { if (jQuery('#footnote_references_container_1022_1').is(':hidden')) { footnote_expand_reference_container_1022_1(); } else { footnote_collapse_reference_container_1022_1(); } } function footnote_moveToReference_1022_1(p_str_TargetID) { footnote_expand_reference_container_1022_1(); var l_obj_Target = jQuery('#' + p_str_TargetID); if (l_obj_Target.length) { jQuery( 'html, body' ).delay( 0 ); jQuery('html, body').animate({ scrollTop: l_obj_Target.offset().top - window.innerHeight * 0.2 }, 380); } } function footnote_moveToAnchor_1022_1(p_str_TargetID) { footnote_expand_reference_container_1022_1(); var l_obj_Target = jQuery('#' + p_str_TargetID); if (l_obj_Target.length) { jQuery( 'html, body' ).delay( 0 ); jQuery('html, body').animate({ scrollTop: l_obj_Target.offset().top - window.innerHeight * 0.2 }, 380); } }<\/script>","protected":false},"excerpt":{"rendered":"<p>Sau l\u1ea7n ti\u1ebfp nh\u1eadn \u0111\u1ea7u ti\u00ean, trung t\u00e2m khu v\u1ef1c c\u00f3 120 ng\u00e0y \u0111\u1ec3 x\u00e1c \u0111\u1ecbnh xem qu\u00fd v\u1ecb c\u00f3 h\u1ed9i \u0111\u1ee7 \u0111i\u1ec1u ki\u1ec7n kh\u00f4ng.&hellip;<\/p>\n","protected":false},"author":1,"featured_media":0,"parent":312,"menu_order":10,"comment_status":"closed","ping_status":"closed","template":"","meta":{"footnotes":""},"class_list":["post-1022","page","type-page","status-publish","hentry"],"_links":{"self":[{"href":"https:\/\/rula.disabilityrightsca.org\/vi\/wp-json\/wp\/v2\/pages\/1022","targetHints":{"allow":["GET"]}}],"collection":[{"href":"https:\/\/rula.disabilityrightsca.org\/vi\/wp-json\/wp\/v2\/pages"}],"about":[{"href":"https:\/\/rula.disabilityrightsca.org\/vi\/wp-json\/wp\/v2\/types\/page"}],"author":[{"embeddable":true,"href":"https:\/\/rula.disabilityrightsca.org\/vi\/wp-json\/wp\/v2\/users\/1"}],"replies":[{"embeddable":true,"href":"https:\/\/rula.disabilityrightsca.org\/vi\/wp-json\/wp\/v2\/comments?post=1022"}],"version-history":[{"count":3,"href":"https:\/\/rula.disabilityrightsca.org\/vi\/wp-json\/wp\/v2\/pages\/1022\/revisions"}],"predecessor-version":[{"id":2839,"href":"https:\/\/rula.disabilityrightsca.org\/vi\/wp-json\/wp\/v2\/pages\/1022\/revisions\/2839"}],"up":[{"embeddable":true,"href":"https:\/\/rula.disabilityrightsca.org\/vi\/wp-json\/wp\/v2\/pages\/312"}],"wp:attachment":[{"href":"https:\/\/rula.disabilityrightsca.org\/vi\/wp-json\/wp\/v2\/media?parent=1022"}],"curies":[{"name":"wp","href":"https:\/\/api.w.org\/{rel}","templated":true}]}}