{"id":1020,"date":"2021-05-12T21:42:34","date_gmt":"2021-05-12T21:42:34","guid":{"rendered":"http:\/\/www.rula.disabilityrightsca.org\/vi\/?page_id=1020"},"modified":"2022-04-19T19:24:20","modified_gmt":"2022-04-19T19:24:20","slug":"what-happens-at-the-initial-intake-meeting","status":"publish","type":"page","link":"https:\/\/rula.disabilityrightsca.org\/vi\/rula-book\/chapter-3-regional-centers\/what-happens-at-the-initial-intake-meeting\/","title":{"rendered":"(3.9) \u0110i\u1ec1u g\u00ec x\u1ea3y ra t\u1ea1i cu\u1ed9c h\u1ecdp ti\u1ebfp nh\u1eadn ban \u0111\u1ea7u?"},"content":{"rendered":"\n<p>Trung t\u00e2m khu v\u1ef1c s\u1ebd y\u00eau c\u1ea7u qu\u00fd v\u1ecb \u0111i\u1ec1n v\u00e0o c\u00e1c m\u1eabu \u0111\u01a1n v\u00e0 k\u00fd v\u00e0o gi\u1ea5y t\u1edd cho ph\u00e9p \u0111\u1ec3 h\u1ecd c\u00f3 th\u1ec3 thu th\u1eadp h\u1ed3 s\u01a1 c\u1ee7a qu\u00fd v\u1ecb. H\u1ecd c\u0169ng s\u1ebd cung c\u1ea5p cho qu\u00fd v\u1ecb th\u00f4ng tin v\u00e0 l\u1eddi khuy\u00ean v\u1ec1 c\u00e1c d\u1ecbch v\u1ee5 c\u1ee7a trung t\u00e2m khu v\u1ef1c v\u00e0 c\u00e1c d\u1ecbch v\u1ee5 t\u1ea1i nh\u1eefng c\u01a1 quan kh\u00e1c. H\u1ecd s\u1ebd cho qu\u00fd v\u1ecb bi\u1ebft v\u1ec1 H\u1ed9i \u0110\u1ed3ng Ti\u1ec3u Bang V\u1ec1 Khuy\u1ebft T\u1eadt Ph\u00e1t Tri\u1ec3n, Disability Rights California v\u00e0 OCRA \u0111\u1ed3ng th\u1eddi cung c\u1ea5p th\u00f4ng tin li\u00ean h\u1ec7. <span class=\"footnote_referrer\"><a role=\"button\" tabindex=\"0\" onclick=\"footnote_moveToReference_1020_1('footnote_plugin_reference_1020_1_1');\" onkeypress=\"footnote_moveToReference_1020_1('footnote_plugin_reference_1020_1_1');\" ><sup id=\"footnote_plugin_tooltip_1020_1_1\" class=\"footnote_plugin_tooltip_text\">[1]<\/sup><\/a><span id=\"footnote_plugin_tooltip_text_1020_1_1\" class=\"footnote_tooltip\">M\u1ee5c 4646(c).<\/span><\/span><script type=\"text\/javascript\"> jQuery('#footnote_plugin_tooltip_1020_1_1').tooltip({ tip: '#footnote_plugin_tooltip_text_1020_1_1', tipClass: 'footnote_tooltip', effect: 'fade', predelay: 0, fadeInSpeed: 200, delay: 400, fadeOutSpeed: 200, position: 'top center', relative: true, offset: [-7, 0], });<\/script> Trung t\u00e2m khu v\u1ef1c s\u1ebd x\u00e1c \u0111\u1ecbnh xem h\u1ecd c\u00f3 c\u1ea7n th\u1ef1c hi\u1ec7n \u0111\u00e1nh gi\u00e1 ch\u00ednh th\u1ee9c kh\u00f4ng. N\u1ebfu t\u00ecnh tr\u1ea1ng khuy\u1ebft t\u1eadt c\u1ee7a qu\u00fd v\u1ecb \u0111\u01b0\u1ee3c ch\u1ee9ng minh r\u00f5 r\u00e0ng b\u1eb1ng t\u00e0i li\u1ec7u, qu\u00fd v\u1ecb c\u00f3 th\u1ec3 kh\u00f4ng c\u1ea7n \u0111\u01b0\u1ee3c \u0111\u00e1nh gi\u00e1 ch\u00ednh th\u1ee9c.<\/p>\n<div class=\"speaker-mute footnotes_reference_container\"> <div class=\"footnote_container_prepare\"><p><span role=\"button\" tabindex=\"0\" class=\"footnote_reference_container_label pointer\" onclick=\"footnote_expand_collapse_reference_container_1020_1();\">&#x202F;<\/span><span role=\"button\" tabindex=\"0\" class=\"footnote_reference_container_collapse_button\" style=\"display: none;\" onclick=\"footnote_expand_collapse_reference_container_1020_1();\">[<a id=\"footnote_reference_container_collapse_button_1020_1\">+<\/a>]<\/span><\/p><\/div> <div id=\"footnote_references_container_1020_1\" style=\"\"><table class=\"footnotes_table footnote-reference-container\"><caption class=\"accessibility\">References<\/caption> <tbody> \r\n\r\n<tr class=\"footnotes_plugin_reference_row\"> <th scope=\"row\" class=\"footnote_plugin_index_combi pointer\"  onclick=\"footnote_moveToAnchor_1020_1('footnote_plugin_tooltip_1020_1_1');\"><a id=\"footnote_plugin_reference_1020_1_1\" class=\"footnote_backlink\"><span class=\"footnote_index_arrow\">&#8593;<\/span>1<\/a><\/th> <td class=\"footnote_plugin_text\">M\u1ee5c 4646(c).<\/td><\/tr>\r\n\r\n <\/tbody> <\/table> <\/div><\/div><script type=\"text\/javascript\"> function footnote_expand_reference_container_1020_1() { jQuery('#footnote_references_container_1020_1').show(); jQuery('#footnote_reference_container_collapse_button_1020_1').text('\u2212'); } function footnote_collapse_reference_container_1020_1() { jQuery('#footnote_references_container_1020_1').hide(); jQuery('#footnote_reference_container_collapse_button_1020_1').text('+'); } function footnote_expand_collapse_reference_container_1020_1() { if (jQuery('#footnote_references_container_1020_1').is(':hidden')) { footnote_expand_reference_container_1020_1(); } else { footnote_collapse_reference_container_1020_1(); } } function footnote_moveToReference_1020_1(p_str_TargetID) { footnote_expand_reference_container_1020_1(); var l_obj_Target = jQuery('#' + p_str_TargetID); if (l_obj_Target.length) { jQuery( 'html, body' ).delay( 0 ); jQuery('html, body').animate({ scrollTop: l_obj_Target.offset().top - window.innerHeight * 0.2 }, 380); } } function footnote_moveToAnchor_1020_1(p_str_TargetID) { footnote_expand_reference_container_1020_1(); var l_obj_Target = jQuery('#' + p_str_TargetID); if (l_obj_Target.length) { jQuery( 'html, body' ).delay( 0 ); jQuery('html, body').animate({ scrollTop: l_obj_Target.offset().top - window.innerHeight * 0.2 }, 380); } }<\/script>","protected":false},"excerpt":{"rendered":"<p>Trung t\u00e2m khu v\u1ef1c s\u1ebd y\u00eau c\u1ea7u qu\u00fd v\u1ecb \u0111i\u1ec1n v\u00e0o c\u00e1c m\u1eabu \u0111\u01a1n v\u00e0 k\u00fd v\u00e0o gi\u1ea5y t\u1edd cho ph\u00e9p \u0111\u1ec3 h\u1ecd c\u00f3 th\u1ec3&hellip;<\/p>\n","protected":false},"author":1,"featured_media":0,"parent":312,"menu_order":9,"comment_status":"closed","ping_status":"closed","template":"","meta":{"footnotes":""},"class_list":["post-1020","page","type-page","status-publish","hentry"],"_links":{"self":[{"href":"https:\/\/rula.disabilityrightsca.org\/vi\/wp-json\/wp\/v2\/pages\/1020","targetHints":{"allow":["GET"]}}],"collection":[{"href":"https:\/\/rula.disabilityrightsca.org\/vi\/wp-json\/wp\/v2\/pages"}],"about":[{"href":"https:\/\/rula.disabilityrightsca.org\/vi\/wp-json\/wp\/v2\/types\/page"}],"author":[{"embeddable":true,"href":"https:\/\/rula.disabilityrightsca.org\/vi\/wp-json\/wp\/v2\/users\/1"}],"replies":[{"embeddable":true,"href":"https:\/\/rula.disabilityrightsca.org\/vi\/wp-json\/wp\/v2\/comments?post=1020"}],"version-history":[{"count":2,"href":"https:\/\/rula.disabilityrightsca.org\/vi\/wp-json\/wp\/v2\/pages\/1020\/revisions"}],"predecessor-version":[{"id":2838,"href":"https:\/\/rula.disabilityrightsca.org\/vi\/wp-json\/wp\/v2\/pages\/1020\/revisions\/2838"}],"up":[{"embeddable":true,"href":"https:\/\/rula.disabilityrightsca.org\/vi\/wp-json\/wp\/v2\/pages\/312"}],"wp:attachment":[{"href":"https:\/\/rula.disabilityrightsca.org\/vi\/wp-json\/wp\/v2\/media?parent=1020"}],"curies":[{"name":"wp","href":"https:\/\/api.w.org\/{rel}","templated":true}]}}