{"id":1018,"date":"2021-05-12T21:36:48","date_gmt":"2021-05-12T21:36:48","guid":{"rendered":"http:\/\/www.rula.disabilityrightsca.org\/vi\/?page_id=1018"},"modified":"2022-04-19T19:24:05","modified_gmt":"2022-04-19T19:24:05","slug":"how-should-i-prepare-for-the-initial-intake-meeting","status":"publish","type":"page","link":"https:\/\/rula.disabilityrightsca.org\/vi\/rula-book\/chapter-3-regional-centers\/how-should-i-prepare-for-the-initial-intake-meeting\/","title":{"rendered":"(3.8) T\u00f4i n\u00ean chu\u1ea9n b\u1ecb nh\u01b0 th\u1ebf n\u00e0o cho cu\u1ed9c h\u1ecdp ti\u1ebfp nh\u1eadn ban \u0111\u1ea7u?"},"content":{"rendered":"\n<p>Mang theo b\u1ea3n sao c\u00e1c th\u1ebb ph\u00fac l\u1ee3i s\u1ee9c kh\u1ecfe cho th\u1ea5y nh\u1eefng ph\u00fac l\u1ee3i ch\u0103m s\u00f3c s\u1ee9c kh\u1ecfe c\u1ee7a qu\u00fd v\u1ecb. Nh\u1eefng ph\u00fac l\u1ee3i \u0111\u00f3 bao g\u1ed3m b\u1ea3o hi\u1ec3m s\u1ee9c kh\u1ecfe t\u01b0 nh\u00e2n, c\u00e1c ch\u01b0\u01a1ng tr\u00ecnh s\u1ee9c kh\u1ecfe, Medi-Cal, Medicare ho\u1eb7c TRICARE (cho gia \u0111\u00ecnh qu\u00e2n nh\u00e2n). <span class=\"footnote_referrer\"><a role=\"button\" tabindex=\"0\" onclick=\"footnote_moveToReference_1018_1('footnote_plugin_reference_1018_1_1');\" onkeypress=\"footnote_moveToReference_1018_1('footnote_plugin_reference_1018_1_1');\" ><sup id=\"footnote_plugin_tooltip_1018_1_1\" class=\"footnote_plugin_tooltip_text\">[1]<\/sup><\/a><span id=\"footnote_plugin_tooltip_text_1018_1_1\" class=\"footnote_tooltip\">M\u1ee5c 4643(c). N\u1ebfu qu\u00fd v\u1ecb kh\u00f4ng c\u00f3 c\u00e1c ph\u00fac l\u1ee3i nh\u01b0 v\u1eady, trung t\u00e2m khu v\u1ef1c kh\u00f4ng th\u1ec3 s\u1eed d\u1ee5ng th\u1ef1c t\u1ebf \u0111\u00f3 \u0111\u1ec3 t\u1eeb ch\u1ed1i ho\u1eb7c gi\u1ea3m b\u1edbt c\u00e1c d\u1ecbch v\u1ee5 l\u1ebd ra&nbsp;&#x2026; <span class=\"footnote_tooltip_continue\"  onclick=\"footnote_moveToReference_1018_1('footnote_plugin_reference_1018_1_1');\">Continue reading<\/span><\/span><\/span><script type=\"text\/javascript\"> jQuery('#footnote_plugin_tooltip_1018_1_1').tooltip({ tip: '#footnote_plugin_tooltip_text_1018_1_1', tipClass: 'footnote_tooltip', effect: 'fade', predelay: 0, fadeInSpeed: 200, delay: 400, fadeOutSpeed: 200, position: 'top center', relative: true, offset: [-7, 0], });<\/script> Mang theo nh\u1eefng h\u1ed3 s\u01a1 qu\u00fd v\u1ecb c\u00f3 \u0111\u01b0\u1ee3c t\u1eeb b\u00e1c s\u0129, b\u1ec7nh vi\u1ec7n, ph\u00f2ng kh\u00e1m s\u1ee9c kh\u1ecfe, tr\u01b0\u1eddng h\u1ecdc v\u00e0 b\u1ea5t k\u1ef3 ng\u01b0\u1eddi n\u00e0o kh\u00e1c quen qu\u00fd v\u1ecb v\u00e0 bi\u1ebft v\u1ec1 ti\u1ec1n s\u1eed ph\u00e1t tri\u1ec3n c\u1ee7a qu\u00fd v\u1ecb. Mang theo t\u00ean, \u0111\u1ecba ch\u1ec9 v\u00e0 s\u1ed1 \u0111i\u1ec7n tho\u1ea1i c\u1ee7a b\u00e1c s\u0129, nh\u00e0 t\u00e2m l\u00fd h\u1ecdc v\u00e0 c\u00e1c chuy\u00ean gia ch\u0103m s\u00f3c s\u1ee9c kh\u1ecfe kh\u00e1c c\u1ee7a qu\u00fd v\u1ecb. \u0110i\u1ec1u n\u00e0y c\u00f3 th\u1ec3 \u0111\u1ea9y nhanh quy tr\u00ecnh.&nbsp;<a href=\"https:\/\/rula.disabilityrightsca.org\/supplements\/supplement-d-list-of-records-regional-centers-may-ask-for-when-you-apply-for-services\/\">Ph\u1ee5 L\u1ee5c D<\/a>&nbsp;c\u1ee7a c\u1ea9m nang n\u00e0y l\u00e0 danh s\u00e1ch ki\u1ec3m tra gi\u00fap qu\u00fd v\u1ecb mang theo th\u00f4ng tin c\u1ea7n thi\u1ebft \u0111\u1ebfn cu\u1ed9c h\u1ecdp \u0111\u1ea7u ti\u00ean.<\/p>\n<div class=\"speaker-mute footnotes_reference_container\"> <div class=\"footnote_container_prepare\"><p><span role=\"button\" tabindex=\"0\" class=\"footnote_reference_container_label pointer\" onclick=\"footnote_expand_collapse_reference_container_1018_1();\">&#x202F;<\/span><span role=\"button\" tabindex=\"0\" class=\"footnote_reference_container_collapse_button\" style=\"display: none;\" onclick=\"footnote_expand_collapse_reference_container_1018_1();\">[<a id=\"footnote_reference_container_collapse_button_1018_1\">+<\/a>]<\/span><\/p><\/div> <div id=\"footnote_references_container_1018_1\" style=\"\"><table class=\"footnotes_table footnote-reference-container\"><caption class=\"accessibility\">References<\/caption> <tbody> \r\n\r\n<tr class=\"footnotes_plugin_reference_row\"> <th scope=\"row\" class=\"footnote_plugin_index_combi pointer\"  onclick=\"footnote_moveToAnchor_1018_1('footnote_plugin_tooltip_1018_1_1');\"><a id=\"footnote_plugin_reference_1018_1_1\" class=\"footnote_backlink\"><span class=\"footnote_index_arrow\">&#8593;<\/span>1<\/a><\/th> <td class=\"footnote_plugin_text\">M\u1ee5c 4643(c). N\u1ebfu qu\u00fd v\u1ecb kh\u00f4ng c\u00f3 c\u00e1c ph\u00fac l\u1ee3i nh\u01b0 v\u1eady, trung t\u00e2m khu v\u1ef1c kh\u00f4ng th\u1ec3 s\u1eed d\u1ee5ng th\u1ef1c t\u1ebf \u0111\u00f3 \u0111\u1ec3 t\u1eeb ch\u1ed1i ho\u1eb7c gi\u1ea3m b\u1edbt c\u00e1c d\u1ecbch v\u1ee5 l\u1ebd ra qu\u00fd v\u1ecb s\u1ebd nh\u1eadn \u0111\u01b0\u1ee3c t\u1eeb trung t\u00e2m khu v\u1ef1c.<\/td><\/tr>\r\n\r\n <\/tbody> <\/table> <\/div><\/div><script type=\"text\/javascript\"> function footnote_expand_reference_container_1018_1() { jQuery('#footnote_references_container_1018_1').show(); jQuery('#footnote_reference_container_collapse_button_1018_1').text('\u2212'); } function footnote_collapse_reference_container_1018_1() { jQuery('#footnote_references_container_1018_1').hide(); jQuery('#footnote_reference_container_collapse_button_1018_1').text('+'); } function footnote_expand_collapse_reference_container_1018_1() { if (jQuery('#footnote_references_container_1018_1').is(':hidden')) { footnote_expand_reference_container_1018_1(); } else { footnote_collapse_reference_container_1018_1(); } } function footnote_moveToReference_1018_1(p_str_TargetID) { footnote_expand_reference_container_1018_1(); var l_obj_Target = jQuery('#' + p_str_TargetID); if (l_obj_Target.length) { jQuery( 'html, body' ).delay( 0 ); jQuery('html, body').animate({ scrollTop: l_obj_Target.offset().top - window.innerHeight * 0.2 }, 380); } } function footnote_moveToAnchor_1018_1(p_str_TargetID) { footnote_expand_reference_container_1018_1(); var l_obj_Target = jQuery('#' + p_str_TargetID); if (l_obj_Target.length) { jQuery( 'html, body' ).delay( 0 ); jQuery('html, body').animate({ scrollTop: l_obj_Target.offset().top - window.innerHeight * 0.2 }, 380); } }<\/script>","protected":false},"excerpt":{"rendered":"<p>Mang theo b\u1ea3n sao c\u00e1c th\u1ebb ph\u00fac l\u1ee3i s\u1ee9c kh\u1ecfe cho th\u1ea5y nh\u1eefng ph\u00fac l\u1ee3i ch\u0103m s\u00f3c s\u1ee9c kh\u1ecfe c\u1ee7a qu\u00fd v\u1ecb. Nh\u1eefng ph\u00fac l\u1ee3i&hellip;<\/p>\n","protected":false},"author":1,"featured_media":0,"parent":312,"menu_order":8,"comment_status":"closed","ping_status":"closed","template":"","meta":{"footnotes":""},"class_list":["post-1018","page","type-page","status-publish","hentry"],"_links":{"self":[{"href":"https:\/\/rula.disabilityrightsca.org\/vi\/wp-json\/wp\/v2\/pages\/1018","targetHints":{"allow":["GET"]}}],"collection":[{"href":"https:\/\/rula.disabilityrightsca.org\/vi\/wp-json\/wp\/v2\/pages"}],"about":[{"href":"https:\/\/rula.disabilityrightsca.org\/vi\/wp-json\/wp\/v2\/types\/page"}],"author":[{"embeddable":true,"href":"https:\/\/rula.disabilityrightsca.org\/vi\/wp-json\/wp\/v2\/users\/1"}],"replies":[{"embeddable":true,"href":"https:\/\/rula.disabilityrightsca.org\/vi\/wp-json\/wp\/v2\/comments?post=1018"}],"version-history":[{"count":5,"href":"https:\/\/rula.disabilityrightsca.org\/vi\/wp-json\/wp\/v2\/pages\/1018\/revisions"}],"predecessor-version":[{"id":2870,"href":"https:\/\/rula.disabilityrightsca.org\/vi\/wp-json\/wp\/v2\/pages\/1018\/revisions\/2870"}],"up":[{"embeddable":true,"href":"https:\/\/rula.disabilityrightsca.org\/vi\/wp-json\/wp\/v2\/pages\/312"}],"wp:attachment":[{"href":"https:\/\/rula.disabilityrightsca.org\/vi\/wp-json\/wp\/v2\/media?parent=1018"}],"curies":[{"name":"wp","href":"https:\/\/api.w.org\/{rel}","templated":true}]}}