{"id":1010,"date":"2021-05-05T23:20:33","date_gmt":"2021-05-05T23:20:33","guid":{"rendered":"http:\/\/www.rula.disabilityrightsca.org\/vi\/?page_id=1010"},"modified":"2022-04-19T19:23:49","modified_gmt":"2022-04-19T19:23:49","slug":"how-do-i-apply-to-the-regional-center-for-services","status":"publish","type":"page","link":"https:\/\/rula.disabilityrightsca.org\/vi\/rula-book\/chapter-3-regional-centers\/how-do-i-apply-to-the-regional-center-for-services\/","title":{"rendered":"(3.7) L\u00e0m th\u1ebf n\u00e0o \u0111\u1ec3 \u0111\u0103ng k\u00fd nh\u1eadn c\u00e1c d\u1ecbch v\u1ee5 c\u1ee7a trung t\u00e2m khu v\u1ef1c?"},"content":{"rendered":"\n<p>Tr\u01b0\u1edbc ti\u00ean, h\u00e3y li\u00ean h\u1ec7 v\u1edbi trung t\u00e2m khu v\u1ef1c t\u1ea1i \u0111\u1ecba ph\u01b0\u01a1ng c\u1ee7a qu\u00fd v\u1ecb. C\u00f3 21 trung t\u00e2m khu v\u1ef1c \u1edf California. M\u1ed7i trung t\u00e2m ph\u1ee5 tr\u00e1ch m\u1ed9t khu v\u1ef1c nh\u1ea5t \u0111\u1ecbnh. Qu\u00fd v\u1ecb ph\u1ea3i \u0111\u0103ng k\u00fd trung t\u00e2m \u1edf khu v\u1ef1c c\u1ee7a qu\u00fd v\u1ecb. Xem&nbsp;<a href=\"https:\/\/www.dds.ca.gov\/rc\/listings\/\">Danh S\u00e1ch Trung T\u00e2m Khu V\u1ef1c<\/a>&nbsp;ho\u1eb7c g\u1ecdi \u0111\u1ebfn:<\/p>\n\n\n\n<p>OCRA: <strong><a href=\"tel:8003907032\" data-type=\"tel\" data-id=\"tel:8003907032\">(800) 390-7032<\/a><\/strong><br>Department of Developmental Services: <strong><a href=\"tel:9166541958\">(916) 654-1958<\/a><\/strong><\/p>\n\n\n\n<p>L\u1ec5 t\u00e2n ho\u1eb7c nh\u00e2n vi\u00ean ti\u1ebfp nh\u1eadn ph\u1ea3i cho ph\u00e9p qu\u00fd v\u1ecb \u0111\u0103ng k\u00fd nh\u1eadn c\u00e1c d\u1ecbch v\u1ee5 c\u1ee7a trung t\u00e2m khu v\u1ef1c. Trong qu\u00e1 tr\u00ecnh \u0111\u0103ng k\u00fd, qu\u00fd v\u1ecb s\u1ebd \u0111\u01b0\u1ee3c h\u1eb9n cho cu\u1ed9c h\u1ecdp \u0111\u1ea7u ti\u00ean, \u0111\u01b0\u1ee3c g\u1ecdi l\u00e0 cu\u1ed9c h\u1ecdp \u201cti\u1ebfp nh\u1eadn ban \u0111\u1ea7u\u201d. Sau khi qu\u00fd v\u1ecb \u0111\u0103ng k\u00fd, trung t\u00e2m khu v\u1ef1c ph\u1ea3i ho\u00e0n th\u00e0nh cu\u1ed9c h\u1ecdp \u201cti\u1ebfp nh\u1eadn ban \u0111\u1ea7u\u201d trong 15 ng\u00e0y l\u00e0m vi\u1ec7c. <span class=\"footnote_referrer\"><a role=\"button\" tabindex=\"0\" onclick=\"footnote_moveToReference_1010_1('footnote_plugin_reference_1010_1_1');\" onkeypress=\"footnote_moveToReference_1010_1('footnote_plugin_reference_1010_1_1');\" ><sup id=\"footnote_plugin_tooltip_1010_1_1\" class=\"footnote_plugin_tooltip_text\">[1]<\/sup><\/a><span id=\"footnote_plugin_tooltip_text_1010_1_1\" class=\"footnote_tooltip\">M\u1ee5c 4642(a)(2).<\/span><\/span><script type=\"text\/javascript\"> jQuery('#footnote_plugin_tooltip_1010_1_1').tooltip({ tip: '#footnote_plugin_tooltip_text_1010_1_1', tipClass: 'footnote_tooltip', effect: 'fade', predelay: 0, fadeInSpeed: 200, delay: 400, fadeOutSpeed: 200, position: 'top center', relative: true, offset: [-7, 0], });<\/script> M\u1ed9t nh\u00e2n vi\u00ean ti\u1ebfp nh\u1eadn s\u1ebd thu th\u1eadp th\u00f4ng tin t\u1eeb qu\u00fd v\u1ecb. Qu\u00fd v\u1ecb c\u00f3 th\u1ec3 trao \u0111\u1ed5i v\u1edbi c\u00e1c th\u00e0nh vi\u00ean trong \u0111\u1ed9i ng\u0169 c\u1ee7a trung t\u00e2m khu v\u1ef1c, bao g\u1ed3m nh\u00e2n vi\u00ean x\u00e3 h\u1ed9i, nh\u00e0 t\u00e2m l\u00fd h\u1ecdc, chuy\u00ean gia y t\u1ebf ho\u1eb7c c\u00e1c chuy\u00ean gia kh\u00e1c. H\u1ecd c\u00f9ng nhau l\u00e0m vi\u1ec7c v\u1edbi t\u01b0 c\u00e1ch l\u00e0 m\u1ed9t nh\u00f3m trong quy tr\u00ecnh ti\u1ebfp nh\u1eadn v\u00e0 \u0111\u00e1nh gi\u00e1. Nh\u00f3m n\u00e0y \u0111\u01b0\u1ee3c g\u1ecdi l\u00e0 nh\u00f3m li\u00ean ng\u00e0nh hay nh\u00f3m ID v\u00e0 bao g\u1ed3m \u00edt nh\u1ea5t m\u1ed9t b\u00e1c s\u0129, m\u1ed9t nh\u00e0 t\u00e2m l\u00fd h\u1ecdc v\u00e0 m\u1ed9t \u0111i\u1ec1u ph\u1ed1i vi\u00ean d\u1ecbch v\u1ee5. <span class=\"footnote_referrer\"><a role=\"button\" tabindex=\"0\" onclick=\"footnote_moveToReference_1010_1('footnote_plugin_reference_1010_1_2');\" onkeypress=\"footnote_moveToReference_1010_1('footnote_plugin_reference_1010_1_2');\" ><sup id=\"footnote_plugin_tooltip_1010_1_2\" class=\"footnote_plugin_tooltip_text\">[2]<\/sup><\/a><span id=\"footnote_plugin_tooltip_text_1010_1_2\" class=\"footnote_tooltip\">Ti\u00eau \u0110\u1ec1 17, B\u1ed9 Lu\u1eadt C\u00e1c Quy \u0110\u1ecbnh California, m\u1ee5c 54001(b).<\/span><\/span><script type=\"text\/javascript\"> jQuery('#footnote_plugin_tooltip_1010_1_2').tooltip({ tip: '#footnote_plugin_tooltip_text_1010_1_2', tipClass: 'footnote_tooltip', effect: 'fade', predelay: 0, fadeInSpeed: 200, delay: 400, fadeOutSpeed: 200, position: 'top center', relative: true, offset: [-7, 0], });<\/script><\/p>\n<div class=\"speaker-mute footnotes_reference_container\"> <div class=\"footnote_container_prepare\"><p><span role=\"button\" tabindex=\"0\" class=\"footnote_reference_container_label pointer\" onclick=\"footnote_expand_collapse_reference_container_1010_1();\">&#x202F;<\/span><span role=\"button\" tabindex=\"0\" class=\"footnote_reference_container_collapse_button\" style=\"display: none;\" onclick=\"footnote_expand_collapse_reference_container_1010_1();\">[<a id=\"footnote_reference_container_collapse_button_1010_1\">+<\/a>]<\/span><\/p><\/div> <div id=\"footnote_references_container_1010_1\" style=\"\"><table class=\"footnotes_table footnote-reference-container\"><caption class=\"accessibility\">References<\/caption> <tbody> \r\n\r\n<tr class=\"footnotes_plugin_reference_row\"> <th scope=\"row\" class=\"footnote_plugin_index_combi pointer\"  onclick=\"footnote_moveToAnchor_1010_1('footnote_plugin_tooltip_1010_1_1');\"><a id=\"footnote_plugin_reference_1010_1_1\" class=\"footnote_backlink\"><span class=\"footnote_index_arrow\">&#8593;<\/span>1<\/a><\/th> <td class=\"footnote_plugin_text\">M\u1ee5c 4642(a)(2).<\/td><\/tr>\r\n\r\n<tr class=\"footnotes_plugin_reference_row\"> <th scope=\"row\" class=\"footnote_plugin_index_combi pointer\"  onclick=\"footnote_moveToAnchor_1010_1('footnote_plugin_tooltip_1010_1_2');\"><a id=\"footnote_plugin_reference_1010_1_2\" class=\"footnote_backlink\"><span class=\"footnote_index_arrow\">&#8593;<\/span>2<\/a><\/th> <td class=\"footnote_plugin_text\">Ti\u00eau \u0110\u1ec1 17, B\u1ed9 Lu\u1eadt C\u00e1c Quy \u0110\u1ecbnh California, m\u1ee5c 54001(b).<\/td><\/tr>\r\n\r\n <\/tbody> <\/table> <\/div><\/div><script type=\"text\/javascript\"> function footnote_expand_reference_container_1010_1() { jQuery('#footnote_references_container_1010_1').show(); jQuery('#footnote_reference_container_collapse_button_1010_1').text('\u2212'); } function footnote_collapse_reference_container_1010_1() { jQuery('#footnote_references_container_1010_1').hide(); jQuery('#footnote_reference_container_collapse_button_1010_1').text('+'); } function footnote_expand_collapse_reference_container_1010_1() { if (jQuery('#footnote_references_container_1010_1').is(':hidden')) { footnote_expand_reference_container_1010_1(); } else { footnote_collapse_reference_container_1010_1(); } } function footnote_moveToReference_1010_1(p_str_TargetID) { footnote_expand_reference_container_1010_1(); var l_obj_Target = jQuery('#' + p_str_TargetID); if (l_obj_Target.length) { jQuery( 'html, body' ).delay( 0 ); jQuery('html, body').animate({ scrollTop: l_obj_Target.offset().top - window.innerHeight * 0.2 }, 380); } } function footnote_moveToAnchor_1010_1(p_str_TargetID) { footnote_expand_reference_container_1010_1(); var l_obj_Target = jQuery('#' + p_str_TargetID); if (l_obj_Target.length) { jQuery( 'html, body' ).delay( 0 ); jQuery('html, body').animate({ scrollTop: l_obj_Target.offset().top - window.innerHeight * 0.2 }, 380); } }<\/script>","protected":false},"excerpt":{"rendered":"<p>Tr\u01b0\u1edbc ti\u00ean, h\u00e3y li\u00ean h\u1ec7 v\u1edbi trung t\u00e2m khu v\u1ef1c t\u1ea1i \u0111\u1ecba ph\u01b0\u01a1ng c\u1ee7a qu\u00fd v\u1ecb. C\u00f3 21 trung t\u00e2m khu v\u1ef1c \u1edf California. M\u1ed7i&hellip;<\/p>\n","protected":false},"author":1,"featured_media":0,"parent":312,"menu_order":7,"comment_status":"closed","ping_status":"closed","template":"","meta":{"footnotes":""},"class_list":["post-1010","page","type-page","status-publish","hentry"],"_links":{"self":[{"href":"https:\/\/rula.disabilityrightsca.org\/vi\/wp-json\/wp\/v2\/pages\/1010","targetHints":{"allow":["GET"]}}],"collection":[{"href":"https:\/\/rula.disabilityrightsca.org\/vi\/wp-json\/wp\/v2\/pages"}],"about":[{"href":"https:\/\/rula.disabilityrightsca.org\/vi\/wp-json\/wp\/v2\/types\/page"}],"author":[{"embeddable":true,"href":"https:\/\/rula.disabilityrightsca.org\/vi\/wp-json\/wp\/v2\/users\/1"}],"replies":[{"embeddable":true,"href":"https:\/\/rula.disabilityrightsca.org\/vi\/wp-json\/wp\/v2\/comments?post=1010"}],"version-history":[{"count":3,"href":"https:\/\/rula.disabilityrightsca.org\/vi\/wp-json\/wp\/v2\/pages\/1010\/revisions"}],"predecessor-version":[{"id":2858,"href":"https:\/\/rula.disabilityrightsca.org\/vi\/wp-json\/wp\/v2\/pages\/1010\/revisions\/2858"}],"up":[{"embeddable":true,"href":"https:\/\/rula.disabilityrightsca.org\/vi\/wp-json\/wp\/v2\/pages\/312"}],"wp:attachment":[{"href":"https:\/\/rula.disabilityrightsca.org\/vi\/wp-json\/wp\/v2\/media?parent=1010"}],"curies":[{"name":"wp","href":"https:\/\/api.w.org\/{rel}","templated":true}]}}