{"id":1008,"date":"2021-05-05T23:08:49","date_gmt":"2021-05-05T23:08:49","guid":{"rendered":"http:\/\/www.rula.disabilityrightsca.org\/vi\/?page_id=1008"},"modified":"2022-04-19T19:23:03","modified_gmt":"2022-04-19T19:23:03","slug":"3-6-what-if-i-cant-go-to-the-regional-center-for-appointments-and-meetings-because-of-my-disability","status":"publish","type":"page","link":"https:\/\/rula.disabilityrightsca.org\/vi\/rula-book\/chapter-3-regional-centers\/3-6-what-if-i-cant-go-to-the-regional-center-for-appointments-and-meetings-because-of-my-disability\/","title":{"rendered":"(3.6) N\u1ebfu t\u00f4i kh\u00f4ng th\u1ec3 \u0111\u1ebfn trung t\u00e2m khu v\u1ef1c \u0111\u1ec3 tham gia cu\u1ed9c h\u1eb9n v\u00e0 cu\u1ed9c h\u1ecdp do t\u00ecnh tr\u1ea1ng khuy\u1ebft t\u1eadt c\u1ee7a b\u1ea3n th\u00e2n th\u00ec sao?"},"content":{"rendered":"\n<p>N\u1ebfu qu\u00fd v\u1ecb kh\u00f4ng th\u1ec3 \u0111\u1ebfn trung t\u00e2m khu v\u1ef1c do t\u00ecnh tr\u1ea1ng khuy\u1ebft t\u1eadt, nh\u00e2n vi\u00ean ph\u1ea3i \u0111\u1ebfn th\u0103m qu\u00fd v\u1ecb t\u1ea1i nh\u00e0. Lu\u1eadt li\u00ean bang (bao g\u1ed3m M\u1ee5c 504, \u0110\u1ea1o Lu\u1eadt Ph\u1ee5c H\u1ed3i Ch\u1ee9c N\u0103ng v\u00e0 c\u00e1c quy \u0111\u1ecbnh \u0111i k\u00e8m) trao cho qu\u00fd v\u1ecb quy\u1ec1n \u0111\u01b0\u1ee3c h\u01b0\u1edfng lo\u1ea1i \u201c\u0111i\u1ec1u ch\u1ec9nh\u201d n\u00e0y. <span class=\"footnote_referrer\"><a role=\"button\" tabindex=\"0\" onclick=\"footnote_moveToReference_1008_1('footnote_plugin_reference_1008_1_1');\" onkeypress=\"footnote_moveToReference_1008_1('footnote_plugin_reference_1008_1_1');\" ><sup id=\"footnote_plugin_tooltip_1008_1_1\" class=\"footnote_plugin_tooltip_text\">[1]<\/sup><\/a><span id=\"footnote_plugin_tooltip_text_1008_1_1\" class=\"footnote_tooltip\">Ti\u00eau \u0110\u1ec1 29 B\u1ed9 Lu\u1eadt Hoa K\u1ef3 m\u1ee5c 794; Ti\u00eau \u0110\u1ec1 45 B\u1ed9 Lu\u1eadt C\u00e1c Quy \u0110\u1ecbnh Li\u00ean Bang, m\u1ee5c 84.22(b).<\/span><\/span><script type=\"text\/javascript\"> jQuery('#footnote_plugin_tooltip_1008_1_1').tooltip({ tip: '#footnote_plugin_tooltip_text_1008_1_1', tipClass: 'footnote_tooltip', effect: 'fade', predelay: 0, fadeInSpeed: 200, delay: 400, fadeOutSpeed: 200, position: 'top center', relative: true, offset: [-7, 0], });<\/script> Quy\u1ec1n n\u00e0y \u00e1p d\u1ee5ng cho t\u1ea5t c\u1ea3 c\u01a1 quan c\u00f4ng cung c\u1ea5p ph\u00fac l\u1ee3i ho\u1eb7c d\u1ecbch v\u1ee5, bao g\u1ed3m D\u1ecbch V\u1ee5 H\u1ed7 Tr\u1ee3 T\u1ea1i Nh\u00e0 (In-Home Supportive Services, IHSS), S\u1edf An Sinh X\u00e3 H\u1ed9i c\u00f9ng c\u00e1c c\u01a1 quan kh\u00e1c. C\u01a1 quan c\u00f3 th\u1ec3 l\u00e0m vi\u1ec7c v\u1edbi qu\u00fd v\u1ecb qua \u0111i\u1ec7n tho\u1ea1i, n\u1ebfu qu\u00fd v\u1ecb c\u1ea7n. Qu\u00fd v\u1ecb c\u0169ng c\u00f3 th\u1ec3 tham gia c\u00e1c phi\u00ean \u0111i\u1ec1u tr\u1ea7n v\u00e0 kh\u00e1ng c\u00e1o qua \u0111i\u1ec7n tho\u1ea1i.<\/p>\n<div class=\"speaker-mute footnotes_reference_container\"> <div class=\"footnote_container_prepare\"><p><span role=\"button\" tabindex=\"0\" class=\"footnote_reference_container_label pointer\" onclick=\"footnote_expand_collapse_reference_container_1008_1();\">&#x202F;<\/span><span role=\"button\" tabindex=\"0\" class=\"footnote_reference_container_collapse_button\" style=\"display: none;\" onclick=\"footnote_expand_collapse_reference_container_1008_1();\">[<a id=\"footnote_reference_container_collapse_button_1008_1\">+<\/a>]<\/span><\/p><\/div> <div id=\"footnote_references_container_1008_1\" style=\"\"><table class=\"footnotes_table footnote-reference-container\"><caption class=\"accessibility\">References<\/caption> <tbody> \r\n\r\n<tr class=\"footnotes_plugin_reference_row\"> <th scope=\"row\" class=\"footnote_plugin_index_combi pointer\"  onclick=\"footnote_moveToAnchor_1008_1('footnote_plugin_tooltip_1008_1_1');\"><a id=\"footnote_plugin_reference_1008_1_1\" class=\"footnote_backlink\"><span class=\"footnote_index_arrow\">&#8593;<\/span>1<\/a><\/th> <td class=\"footnote_plugin_text\">Ti\u00eau \u0110\u1ec1 29 B\u1ed9 Lu\u1eadt Hoa K\u1ef3 m\u1ee5c 794; Ti\u00eau \u0110\u1ec1 45 B\u1ed9 Lu\u1eadt C\u00e1c Quy \u0110\u1ecbnh Li\u00ean Bang, m\u1ee5c 84.22(b).<\/td><\/tr>\r\n\r\n <\/tbody> <\/table> <\/div><\/div><script type=\"text\/javascript\"> function footnote_expand_reference_container_1008_1() { jQuery('#footnote_references_container_1008_1').show(); jQuery('#footnote_reference_container_collapse_button_1008_1').text('\u2212'); } function footnote_collapse_reference_container_1008_1() { jQuery('#footnote_references_container_1008_1').hide(); jQuery('#footnote_reference_container_collapse_button_1008_1').text('+'); } function footnote_expand_collapse_reference_container_1008_1() { if (jQuery('#footnote_references_container_1008_1').is(':hidden')) { footnote_expand_reference_container_1008_1(); } else { footnote_collapse_reference_container_1008_1(); } } function footnote_moveToReference_1008_1(p_str_TargetID) { footnote_expand_reference_container_1008_1(); var l_obj_Target = jQuery('#' + p_str_TargetID); if (l_obj_Target.length) { jQuery( 'html, body' ).delay( 0 ); jQuery('html, body').animate({ scrollTop: l_obj_Target.offset().top - window.innerHeight * 0.2 }, 380); } } function footnote_moveToAnchor_1008_1(p_str_TargetID) { footnote_expand_reference_container_1008_1(); var l_obj_Target = jQuery('#' + p_str_TargetID); if (l_obj_Target.length) { jQuery( 'html, body' ).delay( 0 ); jQuery('html, body').animate({ scrollTop: l_obj_Target.offset().top - window.innerHeight * 0.2 }, 380); } }<\/script>","protected":false},"excerpt":{"rendered":"<p>N\u1ebfu qu\u00fd v\u1ecb kh\u00f4ng th\u1ec3 \u0111\u1ebfn trung t\u00e2m khu v\u1ef1c do t\u00ecnh tr\u1ea1ng khuy\u1ebft t\u1eadt, nh\u00e2n vi\u00ean ph\u1ea3i \u0111\u1ebfn th\u0103m qu\u00fd v\u1ecb t\u1ea1i nh\u00e0. Lu\u1eadt&hellip;<\/p>\n","protected":false},"author":1,"featured_media":0,"parent":312,"menu_order":6,"comment_status":"closed","ping_status":"closed","template":"","meta":{"footnotes":""},"class_list":["post-1008","page","type-page","status-publish","hentry"],"_links":{"self":[{"href":"https:\/\/rula.disabilityrightsca.org\/vi\/wp-json\/wp\/v2\/pages\/1008","targetHints":{"allow":["GET"]}}],"collection":[{"href":"https:\/\/rula.disabilityrightsca.org\/vi\/wp-json\/wp\/v2\/pages"}],"about":[{"href":"https:\/\/rula.disabilityrightsca.org\/vi\/wp-json\/wp\/v2\/types\/page"}],"author":[{"embeddable":true,"href":"https:\/\/rula.disabilityrightsca.org\/vi\/wp-json\/wp\/v2\/users\/1"}],"replies":[{"embeddable":true,"href":"https:\/\/rula.disabilityrightsca.org\/vi\/wp-json\/wp\/v2\/comments?post=1008"}],"version-history":[{"count":3,"href":"https:\/\/rula.disabilityrightsca.org\/vi\/wp-json\/wp\/v2\/pages\/1008\/revisions"}],"predecessor-version":[{"id":2835,"href":"https:\/\/rula.disabilityrightsca.org\/vi\/wp-json\/wp\/v2\/pages\/1008\/revisions\/2835"}],"up":[{"embeddable":true,"href":"https:\/\/rula.disabilityrightsca.org\/vi\/wp-json\/wp\/v2\/pages\/312"}],"wp:attachment":[{"href":"https:\/\/rula.disabilityrightsca.org\/vi\/wp-json\/wp\/v2\/media?parent=1008"}],"curies":[{"name":"wp","href":"https:\/\/api.w.org\/{rel}","templated":true}]}}