{"id":1004,"date":"2021-05-05T23:00:59","date_gmt":"2021-05-05T23:00:59","guid":{"rendered":"http:\/\/www.rula.disabilityrightsca.org\/vi\/?page_id=1004"},"modified":"2022-06-24T16:49:58","modified_gmt":"2022-06-24T16:49:58","slug":"how-can-i-get-my-regional-center-to-provide-services-in-a-culturally-competent-way","status":"publish","type":"page","link":"https:\/\/rula.disabilityrightsca.org\/vi\/rula-book\/chapter-3-regional-centers\/how-can-i-get-my-regional-center-to-provide-services-in-a-culturally-competent-way\/","title":{"rendered":"(3.4) L\u00e0m th\u1ebf n\u00e0o \u0111\u1ec3 y\u00eau c\u1ea7u trung t\u00e2m khu v\u1ef1c cung c\u1ea5p d\u1ecbch v\u1ee5 theo c\u00e1ch th\u1ecfa \u0111\u00e1ng v\u1ec1 v\u0103n h\u00f3a?"},"content":{"rendered":"\n<p>\u0110\u1ea1o Lu\u1eadt Lanterman c\u00f3 nhi\u1ec1u quy t\u1eafc \u0111\u1ec3 \u0111\u1ea3m b\u1ea3o c\u00e1c d\u1ecbch v\u1ee5 \u0111\u01b0\u1ee3c cung c\u1ea5p theo c\u00e1ch th\u1ecfa \u0111\u00e1ng v\u1ec1 v\u0103n h\u00f3a.<\/p>\n\n\n\n<ul class=\"wp-block-list\"><li>C\u00e1c d\u1ecbch v\u1ee5 c\u1ee7a trung t\u00e2m khu v\u1ef1c ph\u1ea3i \u0111\u01b0\u1ee3c cung c\u1ea5p theo c\u00e1c c\u00e1ch ph\u00f9 h\u1ee3p v\u1ec1 v\u0103n h\u00f3a v\u00e0 ng\u00f4n ng\u1eef cho ng\u01b0\u1eddi khuy\u1ebft t\u1eadt v\u00e0 gia \u0111\u00ecnh c\u1ee7a h\u1ecd. <span class=\"footnote_referrer\"><a role=\"button\" tabindex=\"0\" onclick=\"footnote_moveToReference_1004_1('footnote_plugin_reference_1004_1_1');\" onkeypress=\"footnote_moveToReference_1004_1('footnote_plugin_reference_1004_1_1');\" ><sup id=\"footnote_plugin_tooltip_1004_1_1\" class=\"footnote_plugin_tooltip_text\">[1]<\/sup><\/a><span id=\"footnote_plugin_tooltip_text_1004_1_1\" class=\"footnote_tooltip\">M\u1ee5c 4502.1(b).<\/span><\/span><script type=\"text\/javascript\"> jQuery('#footnote_plugin_tooltip_1004_1_1').tooltip({ tip: '#footnote_plugin_tooltip_text_1004_1_1', tipClass: 'footnote_tooltip', effect: 'fade', predelay: 0, fadeInSpeed: 200, delay: 400, fadeOutSpeed: 200, position: 'top center', relative: true, offset: [-7, 0], });<\/script><\/li><li>C\u00e1c h\u1ed9i \u0111\u1ed3ng trung t\u00e2m khu v\u1ef1c ph\u1ea3i \u0111\u00e1nh gi\u00e1 hi\u1ec7u qu\u1ea3 c\u1ee7a vi\u1ec7c trung t\u00e2m khu v\u1ef1c cung c\u1ea5p c\u00e1c d\u1ecbch v\u1ee5 ph\u00f9 h\u1ee3p v\u1ec1 ng\u00f4n ng\u1eef v\u00e0 v\u0103n h\u00f3a m\u1ed7i n\u0103m. <span class=\"footnote_referrer\"><a role=\"button\" tabindex=\"0\" onclick=\"footnote_moveToReference_1004_1('footnote_plugin_reference_1004_1_2');\" onkeypress=\"footnote_moveToReference_1004_1('footnote_plugin_reference_1004_1_2');\" ><sup id=\"footnote_plugin_tooltip_1004_1_2\" class=\"footnote_plugin_tooltip_text\">[2]<\/sup><\/a><span id=\"footnote_plugin_tooltip_text_1004_1_2\" class=\"footnote_tooltip\">M\u1ee5c 4622(j)(2).<\/span><\/span><script type=\"text\/javascript\"> jQuery('#footnote_plugin_tooltip_1004_1_2').tooltip({ tip: '#footnote_plugin_tooltip_text_1004_1_2', tipClass: 'footnote_tooltip', effect: 'fade', predelay: 0, fadeInSpeed: 200, delay: 400, fadeOutSpeed: 200, position: 'top center', relative: true, offset: [-7, 0], });<\/script><\/li><li>H\u1ee3p \u0111\u1ed3ng c\u1ee7a trung t\u00e2m khu v\u1ef1c v\u1edbi ti\u1ec3u bang ph\u1ea3i bao g\u1ed3m c\u00e1c m\u1ee5c ti\u00eau v\u1ec1 hi\u1ec7u qu\u1ea3 th\u1ef1c hi\u1ec7n h\u00e0ng n\u0103m, trong \u0111\u00f3 c\u00f3 m\u1ee5c ti\u00eau cung c\u1ea5p c\u00e1c d\u1ecbch v\u1ee5 ph\u00f9 h\u1ee3p v\u1ec1 v\u0103n h\u00f3a v\u00e0 ng\u00f4n ng\u1eef. <span class=\"footnote_referrer\"><a role=\"button\" tabindex=\"0\" onclick=\"footnote_moveToReference_1004_1('footnote_plugin_reference_1004_1_3');\" onkeypress=\"footnote_moveToReference_1004_1('footnote_plugin_reference_1004_1_3');\" ><sup id=\"footnote_plugin_tooltip_1004_1_3\" class=\"footnote_plugin_tooltip_text\">[3]<\/sup><\/a><span id=\"footnote_plugin_tooltip_text_1004_1_3\" class=\"footnote_tooltip\">M\u1ee5c 4629(a)(1)(A)(iii).<\/span><\/span><script type=\"text\/javascript\"> jQuery('#footnote_plugin_tooltip_1004_1_3').tooltip({ tip: '#footnote_plugin_tooltip_text_1004_1_3', tipClass: 'footnote_tooltip', effect: 'fade', predelay: 0, fadeInSpeed: 200, delay: 400, fadeOutSpeed: 200, position: 'top center', relative: true, offset: [-7, 0], });<\/script><\/li><li>C\u00e1c cu\u1ed9c th\u1ea9m \u0111\u1ecbnh c\u1ee7a trung t\u00e2m khu v\u1ef1c \u0111\u1ec3 l\u1eadp k\u1ebf ho\u1ea1ch IPP ph\u1ea3i ch\u00fa \u00fd v\u00e0 quan t\u00e2m \u0111\u1ebfn n\u1ec1n t\u1ea3ng v\u0103n h\u00f3a c\u1ee7a c\u00e1 nh\u00e2n v\u00e0 gia \u0111\u00ecnh. <span class=\"footnote_referrer\"><a role=\"button\" tabindex=\"0\" onclick=\"footnote_moveToReference_1004_1('footnote_plugin_reference_1004_1_4');\" onkeypress=\"footnote_moveToReference_1004_1('footnote_plugin_reference_1004_1_4');\" ><sup id=\"footnote_plugin_tooltip_1004_1_4\" class=\"footnote_plugin_tooltip_text\">[4]<\/sup><\/a><span id=\"footnote_plugin_tooltip_text_1004_1_4\" class=\"footnote_tooltip\">M\u1ee5c 4646.5(a)(1).<\/span><\/span><script type=\"text\/javascript\"> jQuery('#footnote_plugin_tooltip_1004_1_4').tooltip({ tip: '#footnote_plugin_tooltip_text_1004_1_4', tipClass: 'footnote_tooltip', effect: 'fade', predelay: 0, fadeInSpeed: 200, delay: 400, fadeOutSpeed: 200, position: 'top center', relative: true, offset: [-7, 0], });<\/script><\/li><li>C\u00e1c d\u1ecbch v\u1ee5 ph\u00e1t tri\u1ec3n ngu\u1ed3n l\u1ef1c c\u1ed9ng \u0111\u1ed3ng c\u1ee7a trung t\u00e2m khu v\u1ef1c ph\u1ea3i ph\u00f9 h\u1ee3p v\u1ec1 v\u0103n h\u00f3a v\u00e0 ng\u00f4n ng\u1eef. <span class=\"footnote_referrer\"><a role=\"button\" tabindex=\"0\" onclick=\"footnote_moveToReference_1004_1('footnote_plugin_reference_1004_1_5');\" onkeypress=\"footnote_moveToReference_1004_1('footnote_plugin_reference_1004_1_5');\" ><sup id=\"footnote_plugin_tooltip_1004_1_5\" class=\"footnote_plugin_tooltip_text\">[5]<\/sup><\/a><span id=\"footnote_plugin_tooltip_text_1004_1_5\" class=\"footnote_tooltip\">M\u1ee5c 4679(a).<\/span><\/span><script type=\"text\/javascript\"> jQuery('#footnote_plugin_tooltip_1004_1_5').tooltip({ tip: '#footnote_plugin_tooltip_text_1004_1_5', tipClass: 'footnote_tooltip', effect: 'fade', predelay: 0, fadeInSpeed: 200, delay: 400, fadeOutSpeed: 200, position: 'top center', relative: true, offset: [-7, 0], });<\/script><\/li><li>C\u00e1c d\u1ecbch v\u1ee5 h\u1ed7 tr\u1ee3 gia \u0111\u00ecnh c\u1ee7a trung t\u00e2m khu v\u1ef1c ph\u1ea3i \u0111\u00e1p \u1ee9ng nh\u1eefng s\u1edf th\u00edch v\u00e0 gi\u00e1 tr\u1ecb v\u0103n h\u00f3a c\u1ee7a c\u00e1c gia \u0111\u00ecnh m\u00e0 trung t\u00e2m ph\u1ee5c v\u1ee5. <span class=\"footnote_referrer\"><a role=\"button\" tabindex=\"0\" onclick=\"footnote_moveToReference_1004_1('footnote_plugin_reference_1004_1_6');\" onkeypress=\"footnote_moveToReference_1004_1('footnote_plugin_reference_1004_1_6');\" ><sup id=\"footnote_plugin_tooltip_1004_1_6\" class=\"footnote_plugin_tooltip_text\">[6]<\/sup><\/a><span id=\"footnote_plugin_tooltip_text_1004_1_6\" class=\"footnote_tooltip\">M\u1ee5c 4685(b)(4).<\/span><\/span><script type=\"text\/javascript\"> jQuery('#footnote_plugin_tooltip_1004_1_6').tooltip({ tip: '#footnote_plugin_tooltip_text_1004_1_6', tipClass: 'footnote_tooltip', effect: 'fade', predelay: 0, fadeInSpeed: 200, delay: 400, fadeOutSpeed: 200, position: 'top center', relative: true, offset: [-7, 0], });<\/script><\/li><li>Trung t\u00e2m khu v\u1ef1c v\u00e0 DDS ph\u1ea3i gi\u00e1m s\u00e1t v\u00e0 th\u1ea9m \u0111\u1ecbnh c\u00e1c c\u01a1 quan v\u00e0 nh\u00e0 \u1edf d\u1ecbch v\u1ee5 n\u1ed9i tr\u00fa nh\u1eb1m \u0111\u1ea3m b\u1ea3o h\u1ecd \u0111\u00e1p \u1ee9ng v\u0103n h\u00f3a v\u00e0 gi\u00e1 tr\u1ecb c\u1ee7a ng\u01b0\u1eddi c\u01b0 tr\u00fa. <span class=\"footnote_referrer\"><a role=\"button\" tabindex=\"0\" onclick=\"footnote_moveToReference_1004_1('footnote_plugin_reference_1004_1_7');\" onkeypress=\"footnote_moveToReference_1004_1('footnote_plugin_reference_1004_1_7');\" ><sup id=\"footnote_plugin_tooltip_1004_1_7\" class=\"footnote_plugin_tooltip_text\">[7]<\/sup><\/a><span id=\"footnote_plugin_tooltip_text_1004_1_7\" class=\"footnote_tooltip\">M\u1ee5c 4689.1(e)(8)(E).<\/span><\/span><script type=\"text\/javascript\"> jQuery('#footnote_plugin_tooltip_1004_1_7').tooltip({ tip: '#footnote_plugin_tooltip_text_1004_1_7', tipClass: 'footnote_tooltip', effect: 'fade', predelay: 0, fadeInSpeed: 200, delay: 400, fadeOutSpeed: 200, position: 'top center', relative: true, offset: [-7, 0], });<\/script><\/li><li>DDS ph\u1ea3i trao \u0111\u1ed5i v\u1edbi nh\u1eefng ng\u01b0\u1eddi v\u00e0 gia \u0111\u00ecnh ph\u1ea3n \u00e1nh s\u1ef1 \u0111a d\u1ea1ng v\u1ec1 d\u00e2n t\u1ed9c v\u00e0 ng\u00f4n ng\u1eef trong khu v\u1ef1c c\u1ee7a trung t\u00e2m khu v\u1ef1c nh\u1eb1m gi\u00fap x\u00e2y d\u1ef1ng v\u00e0 ph\u00e1t tri\u1ec3n c\u00e1c d\u1ecbch v\u1ee5 ph\u00f9 h\u1ee3p v\u1ec1 v\u0103n h\u00f3a. \u0110i\u1ec1u n\u00e0y nh\u1eb1m gi\u00fap c\u00e1c trung t\u00e2m khu v\u1ef1c kh\u00f4ng chi ti\u1ec1n mua d\u1ecbch v\u1ee5 theo c\u00e1c c\u00e1ch ph\u00e2n bi\u1ec7t \u0111\u1ed1i x\u1eed v\u1edbi m\u1ed9t s\u1ed1 nh\u00f3m nh\u1ea5t \u0111\u1ecbnh. <span class=\"footnote_referrer\"><a role=\"button\" tabindex=\"0\" onclick=\"footnote_moveToReference_1004_1('footnote_plugin_reference_1004_1_8');\" onkeypress=\"footnote_moveToReference_1004_1('footnote_plugin_reference_1004_1_8');\" ><sup id=\"footnote_plugin_tooltip_1004_1_8\" class=\"footnote_plugin_tooltip_text\">[8]<\/sup><\/a><span id=\"footnote_plugin_tooltip_text_1004_1_8\" class=\"footnote_tooltip\">M\u1ee5c 4519.5(h)(1)(C).<\/span><\/span><script type=\"text\/javascript\"> jQuery('#footnote_plugin_tooltip_1004_1_8').tooltip({ tip: '#footnote_plugin_tooltip_text_1004_1_8', tipClass: 'footnote_tooltip', effect: 'fade', predelay: 0, fadeInSpeed: 200, delay: 400, fadeOutSpeed: 200, position: 'top center', relative: true, offset: [-7, 0], });<\/script><\/li><li>Th\u1ea9m \u0111\u1ecbnh c\u1ee7a DDS v\u1ec1 c\u00e1c trung t\u00e2m khu v\u1ef1c ph\u1ea3i bao g\u1ed3m vi\u1ec7c xem x\u00e9t c\u00e1c trung t\u00e2m \u0111\u00f3 c\u00f3 cung c\u1ea5p d\u1ecbch v\u1ee5 theo c\u00e1ch th\u1ecfa \u0111\u00e1ng v\u1ec1 v\u0103n h\u00f3a v\u00e0 ng\u00f4n ng\u1eef kh\u00f4ng. <span class=\"footnote_referrer\"><a role=\"button\" tabindex=\"0\" onclick=\"footnote_moveToReference_1004_1('footnote_plugin_reference_1004_1_9');\" onkeypress=\"footnote_moveToReference_1004_1('footnote_plugin_reference_1004_1_9');\" ><sup id=\"footnote_plugin_tooltip_1004_1_9\" class=\"footnote_plugin_tooltip_text\">[9]<\/sup><\/a><span id=\"footnote_plugin_tooltip_text_1004_1_9\" class=\"footnote_tooltip\">M\u1ee5c 4571(b).<\/span><\/span><script type=\"text\/javascript\"> jQuery('#footnote_plugin_tooltip_1004_1_9').tooltip({ tip: '#footnote_plugin_tooltip_text_1004_1_9', tipClass: 'footnote_tooltip', effect: 'fade', predelay: 0, fadeInSpeed: 200, delay: 400, fadeOutSpeed: 200, position: 'top center', relative: true, offset: [-7, 0], });<\/script><\/li><\/ul>\n\n\n\n<p>V\u00ec nh\u1eefng y\u00eau c\u1ea7u n\u00e0y, qu\u00fd v\u1ecb c\u00f9ng gia \u0111\u00ecnh n\u00ean trao \u0111\u1ed5i v\u1edbi \u0111i\u1ec1u ph\u1ed1i vi\u00ean d\u1ecbch v\u1ee5 v\u1ec1 ng\u00f4n ng\u1eef, v\u0103n h\u00f3a v\u00e0 gi\u00e1 tr\u1ecb c\u1ee7a qu\u00fd v\u1ecb. H\u00e3y l\u00e0m \u0111i\u1ec1u n\u00e0y khi \u0111i\u1ec1u ph\u1ed1i vi\u00ean d\u1ecbch v\u1ee5 c\u1ee7a qu\u00fd v\u1ecb thu th\u1eadp th\u00f4ng tin v\u1ec1 qu\u00fd v\u1ecb cho IPP. Trung t\u00e2m khu v\u1ef1c ph\u1ea3i l\u01b0u t\u00e2m \u0111\u1ebfn l\u1ed1i s\u1ed1ng v\u00e0 v\u0103n h\u00f3a c\u1ee7a qu\u00fd v\u1ecb c\u00f9ng gia \u0111\u00ecnh qu\u00fd v\u1ecb khi h\u1ecd g\u1eb7p qu\u00fd v\u1ecb \u0111\u1ec3 th\u1ea3o lu\u1eadn v\u1ec1 IPP. Trung t\u00e2m khu v\u1ef1c ph\u1ea3i s\u1eed d\u1ee5ng th\u00f4ng tin qu\u00fd v\u1ecb cung c\u1ea5p v\u1ec1 v\u0103n h\u00f3a \u0111\u1ec3 gi\u00fap nh\u00f3m c\u1ee7a qu\u00fd v\u1ecb t\u1ea1o ra IPP c\u00f3 c\u00e2n nh\u1eafc \u0111\u1ebfn v\u0103n h\u00f3a, ng\u00f4n ng\u1eef v\u00e0 c\u00e1c gi\u00e1 tr\u1ecb c\u1ee7a qu\u00fd v\u1ecb. Tr\u1ecdng t\u00e2m c\u1ee7a IPP ph\u1ea3i d\u1ef1a tr\u00ean nh\u1eefng mong mu\u1ed1n, nhu c\u1ea7u v\u00e0 \u01b0\u1edbc m\u01a1 c\u1ee7a qu\u00fd v\u1ecb thay v\u00ec m\u1ed9t danh s\u00e1ch c\u00e1c d\u1ecbch v\u1ee5 v\u00e0 s\u1ef1 h\u1ed7 tr\u1ee3 s\u1eb5n c\u00f3.<\/p>\n\n\n\n<p>Trung t\u00e2m khu v\u1ef1c c\u0169ng c\u00f3 th\u1ec3 thu\u00ea nh\u00e2n vi\u00ean n\u00f3i c\u00e1c ng\u00f4n ng\u1eef kh\u00e1c v\u00e0 l\u00e0 th\u00e0nh vi\u00ean c\u1ee7a nh\u1eefng n\u1ec1n v\u0103n h\u00f3a kh\u00e1c nhau. H\u1ecd c\u00f3 th\u1ec3 th\u00e0nh l\u1eadp c\u00e1c nh\u00f3m h\u1ed7 tr\u1ee3 n\u00f3i nh\u1eefng ng\u00f4n ng\u1eef kh\u00e1c ngo\u00e0i ti\u1ebfng Anh. H\u1ecd c\u0169ng c\u00f3 th\u1ec3 s\u1eed d\u1ee5ng c\u00e1c nh\u00e0 cung c\u1ea5p d\u1ecbch v\u1ee5 c\u00f3 nh\u00e2n vi\u00ean n\u00f3i nhi\u1ec1u ng\u00f4n ng\u1eef.<\/p>\n<div class=\"speaker-mute footnotes_reference_container\"> <div class=\"footnote_container_prepare\"><p><span role=\"button\" tabindex=\"0\" class=\"footnote_reference_container_label pointer\" onclick=\"footnote_expand_collapse_reference_container_1004_1();\">&#x202F;<\/span><span role=\"button\" tabindex=\"0\" class=\"footnote_reference_container_collapse_button\" style=\"display: none;\" onclick=\"footnote_expand_collapse_reference_container_1004_1();\">[<a id=\"footnote_reference_container_collapse_button_1004_1\">+<\/a>]<\/span><\/p><\/div> <div id=\"footnote_references_container_1004_1\" style=\"\"><table class=\"footnotes_table footnote-reference-container\"><caption class=\"accessibility\">References<\/caption> <tbody> \r\n\r\n<tr class=\"footnotes_plugin_reference_row\"> <th scope=\"row\" class=\"footnote_plugin_index_combi pointer\"  onclick=\"footnote_moveToAnchor_1004_1('footnote_plugin_tooltip_1004_1_1');\"><a id=\"footnote_plugin_reference_1004_1_1\" class=\"footnote_backlink\"><span class=\"footnote_index_arrow\">&#8593;<\/span>1<\/a><\/th> <td class=\"footnote_plugin_text\">M\u1ee5c 4502.1(b).<\/td><\/tr>\r\n\r\n<tr class=\"footnotes_plugin_reference_row\"> <th scope=\"row\" class=\"footnote_plugin_index_combi pointer\"  onclick=\"footnote_moveToAnchor_1004_1('footnote_plugin_tooltip_1004_1_2');\"><a id=\"footnote_plugin_reference_1004_1_2\" class=\"footnote_backlink\"><span class=\"footnote_index_arrow\">&#8593;<\/span>2<\/a><\/th> <td class=\"footnote_plugin_text\">M\u1ee5c 4622(j)(2).<\/td><\/tr>\r\n\r\n<tr class=\"footnotes_plugin_reference_row\"> <th scope=\"row\" class=\"footnote_plugin_index_combi pointer\"  onclick=\"footnote_moveToAnchor_1004_1('footnote_plugin_tooltip_1004_1_3');\"><a id=\"footnote_plugin_reference_1004_1_3\" class=\"footnote_backlink\"><span class=\"footnote_index_arrow\">&#8593;<\/span>3<\/a><\/th> <td class=\"footnote_plugin_text\">M\u1ee5c 4629(a)(1)(A)(iii).<\/td><\/tr>\r\n\r\n<tr class=\"footnotes_plugin_reference_row\"> <th scope=\"row\" class=\"footnote_plugin_index_combi pointer\"  onclick=\"footnote_moveToAnchor_1004_1('footnote_plugin_tooltip_1004_1_4');\"><a id=\"footnote_plugin_reference_1004_1_4\" class=\"footnote_backlink\"><span class=\"footnote_index_arrow\">&#8593;<\/span>4<\/a><\/th> <td class=\"footnote_plugin_text\">M\u1ee5c 4646.5(a)(1).<\/td><\/tr>\r\n\r\n<tr class=\"footnotes_plugin_reference_row\"> <th scope=\"row\" class=\"footnote_plugin_index_combi pointer\"  onclick=\"footnote_moveToAnchor_1004_1('footnote_plugin_tooltip_1004_1_5');\"><a id=\"footnote_plugin_reference_1004_1_5\" class=\"footnote_backlink\"><span class=\"footnote_index_arrow\">&#8593;<\/span>5<\/a><\/th> <td class=\"footnote_plugin_text\">M\u1ee5c 4679(a).<\/td><\/tr>\r\n\r\n<tr class=\"footnotes_plugin_reference_row\"> <th scope=\"row\" class=\"footnote_plugin_index_combi pointer\"  onclick=\"footnote_moveToAnchor_1004_1('footnote_plugin_tooltip_1004_1_6');\"><a id=\"footnote_plugin_reference_1004_1_6\" class=\"footnote_backlink\"><span class=\"footnote_index_arrow\">&#8593;<\/span>6<\/a><\/th> <td class=\"footnote_plugin_text\">M\u1ee5c 4685(b)(4).<\/td><\/tr>\r\n\r\n<tr class=\"footnotes_plugin_reference_row\"> <th scope=\"row\" class=\"footnote_plugin_index_combi pointer\"  onclick=\"footnote_moveToAnchor_1004_1('footnote_plugin_tooltip_1004_1_7');\"><a id=\"footnote_plugin_reference_1004_1_7\" class=\"footnote_backlink\"><span class=\"footnote_index_arrow\">&#8593;<\/span>7<\/a><\/th> <td class=\"footnote_plugin_text\">M\u1ee5c 4689.1(e)(8)(E).<\/td><\/tr>\r\n\r\n<tr class=\"footnotes_plugin_reference_row\"> <th scope=\"row\" class=\"footnote_plugin_index_combi pointer\"  onclick=\"footnote_moveToAnchor_1004_1('footnote_plugin_tooltip_1004_1_8');\"><a id=\"footnote_plugin_reference_1004_1_8\" class=\"footnote_backlink\"><span class=\"footnote_index_arrow\">&#8593;<\/span>8<\/a><\/th> <td class=\"footnote_plugin_text\">M\u1ee5c 4519.5(h)(1)(C).<\/td><\/tr>\r\n\r\n<tr class=\"footnotes_plugin_reference_row\"> <th scope=\"row\" class=\"footnote_plugin_index_combi pointer\"  onclick=\"footnote_moveToAnchor_1004_1('footnote_plugin_tooltip_1004_1_9');\"><a id=\"footnote_plugin_reference_1004_1_9\" class=\"footnote_backlink\"><span class=\"footnote_index_arrow\">&#8593;<\/span>9<\/a><\/th> <td class=\"footnote_plugin_text\">M\u1ee5c 4571(b).<\/td><\/tr>\r\n\r\n <\/tbody> <\/table> <\/div><\/div><script type=\"text\/javascript\"> function footnote_expand_reference_container_1004_1() { jQuery('#footnote_references_container_1004_1').show(); jQuery('#footnote_reference_container_collapse_button_1004_1').text('\u2212'); } function footnote_collapse_reference_container_1004_1() { jQuery('#footnote_references_container_1004_1').hide(); jQuery('#footnote_reference_container_collapse_button_1004_1').text('+'); } function footnote_expand_collapse_reference_container_1004_1() { if (jQuery('#footnote_references_container_1004_1').is(':hidden')) { footnote_expand_reference_container_1004_1(); } else { footnote_collapse_reference_container_1004_1(); } } function footnote_moveToReference_1004_1(p_str_TargetID) { footnote_expand_reference_container_1004_1(); var l_obj_Target = jQuery('#' + p_str_TargetID); if (l_obj_Target.length) { jQuery( 'html, body' ).delay( 0 ); jQuery('html, body').animate({ scrollTop: l_obj_Target.offset().top - window.innerHeight * 0.2 }, 380); } } function footnote_moveToAnchor_1004_1(p_str_TargetID) { footnote_expand_reference_container_1004_1(); var l_obj_Target = jQuery('#' + p_str_TargetID); if (l_obj_Target.length) { jQuery( 'html, body' ).delay( 0 ); jQuery('html, body').animate({ scrollTop: l_obj_Target.offset().top - window.innerHeight * 0.2 }, 380); } }<\/script>","protected":false},"excerpt":{"rendered":"<p>\u0110\u1ea1o Lu\u1eadt Lanterman c\u00f3 nhi\u1ec1u quy t\u1eafc \u0111\u1ec3 \u0111\u1ea3m b\u1ea3o c\u00e1c d\u1ecbch v\u1ee5 \u0111\u01b0\u1ee3c cung c\u1ea5p theo c\u00e1ch th\u1ecfa \u0111\u00e1ng v\u1ec1 v\u0103n h\u00f3a. C\u00e1c d\u1ecbch&hellip;<\/p>\n","protected":false},"author":1,"featured_media":0,"parent":312,"menu_order":4,"comment_status":"closed","ping_status":"closed","template":"","meta":{"footnotes":""},"class_list":["post-1004","page","type-page","status-publish","hentry"],"_links":{"self":[{"href":"https:\/\/rula.disabilityrightsca.org\/vi\/wp-json\/wp\/v2\/pages\/1004","targetHints":{"allow":["GET"]}}],"collection":[{"href":"https:\/\/rula.disabilityrightsca.org\/vi\/wp-json\/wp\/v2\/pages"}],"about":[{"href":"https:\/\/rula.disabilityrightsca.org\/vi\/wp-json\/wp\/v2\/types\/page"}],"author":[{"embeddable":true,"href":"https:\/\/rula.disabilityrightsca.org\/vi\/wp-json\/wp\/v2\/users\/1"}],"replies":[{"embeddable":true,"href":"https:\/\/rula.disabilityrightsca.org\/vi\/wp-json\/wp\/v2\/comments?post=1004"}],"version-history":[{"count":4,"href":"https:\/\/rula.disabilityrightsca.org\/vi\/wp-json\/wp\/v2\/pages\/1004\/revisions"}],"predecessor-version":[{"id":3475,"href":"https:\/\/rula.disabilityrightsca.org\/vi\/wp-json\/wp\/v2\/pages\/1004\/revisions\/3475"}],"up":[{"embeddable":true,"href":"https:\/\/rula.disabilityrightsca.org\/vi\/wp-json\/wp\/v2\/pages\/312"}],"wp:attachment":[{"href":"https:\/\/rula.disabilityrightsca.org\/vi\/wp-json\/wp\/v2\/media?parent=1004"}],"curies":[{"name":"wp","href":"https:\/\/api.w.org\/{rel}","templated":true}]}}