{"id":997,"date":"2021-05-05T22:35:29","date_gmt":"2021-05-05T22:35:29","guid":{"rendered":"http:\/\/www.rula.disabilityrightsca.org\/es\/?page_id=997"},"modified":"2022-04-22T20:17:58","modified_gmt":"2022-04-22T20:17:58","slug":"3-2-como-encuentra-un-centro-regional-a-las-personas-que-pueden-tener-discapacidades-del-desarrollo","status":"publish","type":"page","link":"https:\/\/rula.disabilityrightsca.org\/es\/rula-book\/capitulo-3-centros-regionales\/3-2-como-encuentra-un-centro-regional-a-las-personas-que-pueden-tener-discapacidades-del-desarrollo\/","title":{"rendered":"(3.2) \u00bfC\u00f3mo encuentra un centro regional a las personas que pueden tener discapacidades del desarrollo?"},"content":{"rendered":"\n<p>Los centros regionales deben realizar una &#8220;b\u00fasqueda de casos&#8221;. Esto significa que los centros regionales deben buscar <span class=\"footnote_referrer\"><a role=\"button\" tabindex=\"0\" onclick=\"footnote_moveToReference_997_1('footnote_plugin_reference_997_1_1');\" onkeypress=\"footnote_moveToReference_997_1('footnote_plugin_reference_997_1_1');\" ><sup id=\"footnote_plugin_tooltip_997_1_1\" class=\"footnote_plugin_tooltip_text\">[1]<\/sup><\/a><span id=\"footnote_plugin_tooltip_text_997_1_1\" class=\"footnote_tooltip\">Section 4641<\/span><\/span><script type=\"text\/javascript\"> jQuery('#footnote_plugin_tooltip_997_1_1').tooltip({ tip: '#footnote_plugin_tooltip_text_997_1_1', tipClass: 'footnote_tooltip', effect: 'fade', predelay: 0, fadeInSpeed: 200, delay: 400, fadeOutSpeed: 200, position: 'top center', relative: true, offset: [-7, 0], });<\/script>  activamente en la comunidad para encontrar personas elegibles para los servicios. Trabajan con agencias de salud p\u00fablica, el Departamento de Servicios Sociales, distritos escolares y otras agencias estatales, locales y privadas.<\/p>\n\n\n\n<p>Los m\u00e9dicos u otros profesionales m\u00e9dicos pueden derivar a una persona al centro regional. Pero usted no necesita la derivaci\u00f3n de un m\u00e9dico para ir al centro regional. Cualquiera que crea que puede tener una discapacidad del desarrollo tiene derecho a presentar una solicitud en el centro regional.<\/p>\n<div class=\"speaker-mute footnotes_reference_container\"> <div class=\"footnote_container_prepare\"><p><span role=\"button\" tabindex=\"0\" class=\"footnote_reference_container_label pointer\" onclick=\"footnote_expand_collapse_reference_container_997_1();\">&#x202F;<\/span><span role=\"button\" tabindex=\"0\" class=\"footnote_reference_container_collapse_button\" style=\"display: none;\" onclick=\"footnote_expand_collapse_reference_container_997_1();\">[<a id=\"footnote_reference_container_collapse_button_997_1\">+<\/a>]<\/span><\/p><\/div> <div id=\"footnote_references_container_997_1\" style=\"\"><table class=\"footnotes_table footnote-reference-container\"><caption class=\"accessibility\">References<\/caption> <tbody> \r\n\r\n<tr class=\"footnotes_plugin_reference_row\"> <th scope=\"row\" class=\"footnote_plugin_index_combi pointer\"  onclick=\"footnote_moveToAnchor_997_1('footnote_plugin_tooltip_997_1_1');\"><a id=\"footnote_plugin_reference_997_1_1\" class=\"footnote_backlink\"><span class=\"footnote_index_arrow\">&#8593;<\/span>1<\/a><\/th> <td class=\"footnote_plugin_text\">Section 4641<\/td><\/tr>\r\n\r\n <\/tbody> <\/table> <\/div><\/div><script type=\"text\/javascript\"> function footnote_expand_reference_container_997_1() { jQuery('#footnote_references_container_997_1').show(); jQuery('#footnote_reference_container_collapse_button_997_1').text('\u2212'); } function footnote_collapse_reference_container_997_1() { jQuery('#footnote_references_container_997_1').hide(); jQuery('#footnote_reference_container_collapse_button_997_1').text('+'); } function footnote_expand_collapse_reference_container_997_1() { if (jQuery('#footnote_references_container_997_1').is(':hidden')) { footnote_expand_reference_container_997_1(); } else { footnote_collapse_reference_container_997_1(); } } function footnote_moveToReference_997_1(p_str_TargetID) { footnote_expand_reference_container_997_1(); var l_obj_Target = jQuery('#' + p_str_TargetID); if (l_obj_Target.length) { jQuery( 'html, body' ).delay( 0 ); jQuery('html, body').animate({ scrollTop: l_obj_Target.offset().top - window.innerHeight * 0.2 }, 380); } } function footnote_moveToAnchor_997_1(p_str_TargetID) { footnote_expand_reference_container_997_1(); var l_obj_Target = jQuery('#' + p_str_TargetID); if (l_obj_Target.length) { jQuery( 'html, body' ).delay( 0 ); jQuery('html, body').animate({ scrollTop: l_obj_Target.offset().top - window.innerHeight * 0.2 }, 380); } }<\/script>","protected":false},"excerpt":{"rendered":"<p>Los centros regionales deben realizar una &#8220;b\u00fasqueda de casos&#8221;. Esto significa que los centros regionales deben buscar [1]Section 4641 activamente en la comunidad para encontrar&hellip;<\/p>\n","protected":false},"author":1,"featured_media":0,"parent":312,"menu_order":2,"comment_status":"closed","ping_status":"closed","template":"","meta":{"footnotes":""},"class_list":["post-997","page","type-page","status-publish","hentry"],"_links":{"self":[{"href":"https:\/\/rula.disabilityrightsca.org\/es\/wp-json\/wp\/v2\/pages\/997","targetHints":{"allow":["GET"]}}],"collection":[{"href":"https:\/\/rula.disabilityrightsca.org\/es\/wp-json\/wp\/v2\/pages"}],"about":[{"href":"https:\/\/rula.disabilityrightsca.org\/es\/wp-json\/wp\/v2\/types\/page"}],"author":[{"embeddable":true,"href":"https:\/\/rula.disabilityrightsca.org\/es\/wp-json\/wp\/v2\/users\/1"}],"replies":[{"embeddable":true,"href":"https:\/\/rula.disabilityrightsca.org\/es\/wp-json\/wp\/v2\/comments?post=997"}],"version-history":[{"count":3,"href":"https:\/\/rula.disabilityrightsca.org\/es\/wp-json\/wp\/v2\/pages\/997\/revisions"}],"predecessor-version":[{"id":3122,"href":"https:\/\/rula.disabilityrightsca.org\/es\/wp-json\/wp\/v2\/pages\/997\/revisions\/3122"}],"up":[{"embeddable":true,"href":"https:\/\/rula.disabilityrightsca.org\/es\/wp-json\/wp\/v2\/pages\/312"}],"wp:attachment":[{"href":"https:\/\/rula.disabilityrightsca.org\/es\/wp-json\/wp\/v2\/media?parent=997"}],"curies":[{"name":"wp","href":"https:\/\/api.w.org\/{rel}","templated":true}]}}