{"id":995,"date":"2021-05-05T21:57:23","date_gmt":"2021-05-05T21:57:23","guid":{"rendered":"http:\/\/www.rula.disabilityrightsca.org\/es\/?page_id=995"},"modified":"2023-12-04T20:50:04","modified_gmt":"2023-12-04T20:50:04","slug":"3-1-que-hacen-los-centros-regionales","status":"publish","type":"page","link":"https:\/\/rula.disabilityrightsca.org\/es\/rula-book\/capitulo-3-centros-regionales\/3-1-que-hacen-los-centros-regionales\/","title":{"rendered":"(3.1) \u00bfQu\u00e9 hacen los centros regionales?"},"content":{"rendered":"\n<p>Los centros regionales brindan servicios a personas con discapacidades del desarrollo. <span class=\"footnote_referrer\"><a role=\"button\" tabindex=\"0\" onclick=\"footnote_moveToReference_995_1('footnote_plugin_reference_995_1_1');\" onkeypress=\"footnote_moveToReference_995_1('footnote_plugin_reference_995_1_1');\" ><sup id=\"footnote_plugin_tooltip_995_1_1\" class=\"footnote_plugin_tooltip_text\">[1]<\/sup><\/a><span id=\"footnote_plugin_tooltip_text_995_1_1\" class=\"footnote_tooltip\">Los centros regionales brindan servicios de intervenci\u00f3n temprana a beb\u00e9s y ni\u00f1os peque\u00f1os con discapacidades (desde el nacimiento hasta el tercer cumplea\u00f1os), seg\u00fan la &#8220;Parte C&#8221; de&nbsp;&#x2026; <span class=\"footnote_tooltip_continue\"  onclick=\"footnote_moveToReference_995_1('footnote_plugin_reference_995_1_1');\">Continue reading<\/span><\/span><\/span><script type=\"text\/javascript\"> jQuery('#footnote_plugin_tooltip_995_1_1').tooltip({ tip: '#footnote_plugin_tooltip_text_995_1_1', tipClass: 'footnote_tooltip', effect: 'fade', predelay: 0, fadeInSpeed: 200, delay: 400, fadeOutSpeed: 200, position: 'top center', relative: true, offset: [-7, 0], });<\/script><\/p>\n\n\n\n<p>Los centros regionales deben:<\/p>\n\n\n\n<ul class=\"wp-block-list\">\n<li>Buscar personas que puedan necesitar los servicios del centro regional. <span class=\"footnote_referrer\"><a role=\"button\" tabindex=\"0\" onclick=\"footnote_moveToReference_995_1('footnote_plugin_reference_995_1_2');\" onkeypress=\"footnote_moveToReference_995_1('footnote_plugin_reference_995_1_2');\" ><sup id=\"footnote_plugin_tooltip_995_1_2\" class=\"footnote_plugin_tooltip_text\">[2]<\/sup><\/a><span id=\"footnote_plugin_tooltip_text_995_1_2\" class=\"footnote_tooltip\">Secci\u00f3n 4641<\/span><\/span><script type=\"text\/javascript\"> jQuery('#footnote_plugin_tooltip_995_1_2').tooltip({ tip: '#footnote_plugin_tooltip_text_995_1_2', tipClass: 'footnote_tooltip', effect: 'fade', predelay: 0, fadeInSpeed: 200, delay: 400, fadeOutSpeed: 200, position: 'top center', relative: true, offset: [-7, 0], });<\/script><\/li>\n\n\n\n<li>Evaluar a las personas que solicitan los servicios del centro regional para decidir si son elegibles. <span class=\"footnote_referrer\"><a role=\"button\" tabindex=\"0\" onclick=\"footnote_moveToReference_995_1('footnote_plugin_reference_995_1_3');\" onkeypress=\"footnote_moveToReference_995_1('footnote_plugin_reference_995_1_3');\" ><sup id=\"footnote_plugin_tooltip_995_1_3\" class=\"footnote_plugin_tooltip_text\">[3]<\/sup><\/a><span id=\"footnote_plugin_tooltip_text_995_1_3\" class=\"footnote_tooltip\">Secciones 4642 y 4643<\/span><\/span><script type=\"text\/javascript\"> jQuery('#footnote_plugin_tooltip_995_1_3').tooltip({ tip: '#footnote_plugin_tooltip_text_995_1_3', tipClass: 'footnote_tooltip', effect: 'fade', predelay: 0, fadeInSpeed: 200, delay: 400, fadeOutSpeed: 200, position: 'top center', relative: true, offset: [-7, 0], });<\/script><\/li>\n\n\n\n<li>Coordinar los servicios para todos los consumidores de los centros regionales. <span class=\"footnote_referrer\"><a role=\"button\" tabindex=\"0\" onclick=\"footnote_moveToReference_995_1('footnote_plugin_reference_995_1_4');\" onkeypress=\"footnote_moveToReference_995_1('footnote_plugin_reference_995_1_4');\" ><sup id=\"footnote_plugin_tooltip_995_1_4\" class=\"footnote_plugin_tooltip_text\">[4]<\/sup><\/a><span id=\"footnote_plugin_tooltip_text_995_1_4\" class=\"footnote_tooltip\">Secciones 4640.6 y 4647<\/span><\/span><script type=\"text\/javascript\"> jQuery('#footnote_plugin_tooltip_995_1_4').tooltip({ tip: '#footnote_plugin_tooltip_text_995_1_4', tipClass: 'footnote_tooltip', effect: 'fade', predelay: 0, fadeInSpeed: 200, delay: 400, fadeOutSpeed: 200, position: 'top center', relative: true, offset: [-7, 0], });<\/script><\/li>\n\n\n\n<li>Desarrollar un plan de programa individual (IPP) que considere sus necesidades y opciones. <span class=\"footnote_referrer\"><a role=\"button\" tabindex=\"0\" onclick=\"footnote_moveToReference_995_1('footnote_plugin_reference_995_1_5');\" onkeypress=\"footnote_moveToReference_995_1('footnote_plugin_reference_995_1_5');\" ><sup id=\"footnote_plugin_tooltip_995_1_5\" class=\"footnote_plugin_tooltip_text\">[5]<\/sup><\/a><span id=\"footnote_plugin_tooltip_text_995_1_5\" class=\"footnote_tooltip\">Secciones 4646 y 4646.5<\/span><\/span><script type=\"text\/javascript\"> jQuery('#footnote_plugin_tooltip_995_1_5').tooltip({ tip: '#footnote_plugin_tooltip_text_995_1_5', tipClass: 'footnote_tooltip', effect: 'fade', predelay: 0, fadeInSpeed: 200, delay: 400, fadeOutSpeed: 200, position: 'top center', relative: true, offset: [-7, 0], });<\/script><\/li>\n\n\n\n<li>Asegurar de recibir todos los servicios y apoyos enumerados en el IPP. <span class=\"footnote_referrer\"><a role=\"button\" tabindex=\"0\" onclick=\"footnote_moveToReference_995_1('footnote_plugin_reference_995_1_6');\" onkeypress=\"footnote_moveToReference_995_1('footnote_plugin_reference_995_1_6');\" ><sup id=\"footnote_plugin_tooltip_995_1_6\" class=\"footnote_plugin_tooltip_text\">[6]<\/sup><\/a><span id=\"footnote_plugin_tooltip_text_995_1_6\" class=\"footnote_tooltip\">Secciones 4648 y 4651 y otras secciones de la Ley Lanterman<\/span><\/span><script type=\"text\/javascript\"> jQuery('#footnote_plugin_tooltip_995_1_6').tooltip({ tip: '#footnote_plugin_tooltip_text_995_1_6', tipClass: 'footnote_tooltip', effect: 'fade', predelay: 0, fadeInSpeed: 200, delay: 400, fadeOutSpeed: 200, position: 'top center', relative: true, offset: [-7, 0], });<\/script><\/li>\n\n\n\n<li>Desarrollar nuevos servicios y apoyos<\/li>\n\n\n\n<li>Verificar la calidad de los servicios y apoyos provistos. <span class=\"footnote_referrer\"><a role=\"button\" tabindex=\"0\" onclick=\"footnote_moveToReference_995_1('footnote_plugin_reference_995_1_7');\" onkeypress=\"footnote_moveToReference_995_1('footnote_plugin_reference_995_1_7');\" ><sup id=\"footnote_plugin_tooltip_995_1_7\" class=\"footnote_plugin_tooltip_text\">[7]<\/sup><\/a><span id=\"footnote_plugin_tooltip_text_995_1_7\" class=\"footnote_tooltip\">*Secciones 4648 y 4651 y otras secciones de la Ley Lanterman<\/span><\/span><script type=\"text\/javascript\"> jQuery('#footnote_plugin_tooltip_995_1_7').tooltip({ tip: '#footnote_plugin_tooltip_text_995_1_7', tipClass: 'footnote_tooltip', effect: 'fade', predelay: 0, fadeInSpeed: 200, delay: 400, fadeOutSpeed: 200, position: 'top center', relative: true, offset: [-7, 0], });<\/script><\/li>\n\n\n\n<li>Ayudar a los consumidores que est\u00e1n en el Programa de Autodeterminaci\u00f3n. <span class=\"footnote_referrer\"><a role=\"button\" tabindex=\"0\" onclick=\"footnote_moveToReference_995_1('footnote_plugin_reference_995_1_8');\" onkeypress=\"footnote_moveToReference_995_1('footnote_plugin_reference_995_1_8');\" ><sup id=\"footnote_plugin_tooltip_995_1_8\" class=\"footnote_plugin_tooltip_text\">[8]<\/sup><\/a><span id=\"footnote_plugin_tooltip_text_995_1_8\" class=\"footnote_tooltip\">Sec. 4685.8<\/span><\/span><script type=\"text\/javascript\"> jQuery('#footnote_plugin_tooltip_995_1_8').tooltip({ tip: '#footnote_plugin_tooltip_text_995_1_8', tipClass: 'footnote_tooltip', effect: 'fade', predelay: 0, fadeInSpeed: 200, delay: 400, fadeOutSpeed: 200, position: 'top center', relative: true, offset: [-7, 0], });<\/script><\/li>\n<\/ul>\n<div class=\"speaker-mute footnotes_reference_container\"> <div class=\"footnote_container_prepare\"><p><span role=\"button\" tabindex=\"0\" class=\"footnote_reference_container_label pointer\" onclick=\"footnote_expand_collapse_reference_container_995_1();\">&#x202F;<\/span><span role=\"button\" tabindex=\"0\" class=\"footnote_reference_container_collapse_button\" style=\"display: none;\" onclick=\"footnote_expand_collapse_reference_container_995_1();\">[<a id=\"footnote_reference_container_collapse_button_995_1\">+<\/a>]<\/span><\/p><\/div> <div id=\"footnote_references_container_995_1\" style=\"\"><table class=\"footnotes_table footnote-reference-container\"><caption class=\"accessibility\">References<\/caption> <tbody> \r\n\r\n<tr class=\"footnotes_plugin_reference_row\"> <th scope=\"row\" class=\"footnote_plugin_index_combi pointer\"  onclick=\"footnote_moveToAnchor_995_1('footnote_plugin_tooltip_995_1_1');\"><a id=\"footnote_plugin_reference_995_1_1\" class=\"footnote_backlink\"><span class=\"footnote_index_arrow\">&#8593;<\/span>1<\/a><\/th> <td class=\"footnote_plugin_text\">Los centros regionales brindan servicios de intervenci\u00f3n temprana a beb\u00e9s y ni\u00f1os peque\u00f1os con discapacidades (desde el nacimiento hasta el tercer cumplea\u00f1os), seg\u00fan la &#8220;Parte C&#8221; de la Ley federal de educaci\u00f3n para personas con discapacidades (IDEA) y la Ley de servicios de intervenci\u00f3n temprana de California, a partir de la secci\u00f3n 95000 del C\u00f3digo de Gobierno de California. Este manual no cubre los servicios de intervenci\u00f3n temprana. Para obtener informaci\u00f3n sobre estos servicios, consulte el <a href=\"https:\/\/serr.disabilityrightsca.org\/sp\/\" data-type=\"URL\" data-id=\"https:\/\/serr.disabilityrightsca.org\/sp\/\">Cap\u00edtulo 12 de Derechos y responsabilidades de educaci\u00f3n especial<\/a>, que es otra publicaci\u00f3n de Disability Rights California<\/td><\/tr>\r\n\r\n<tr class=\"footnotes_plugin_reference_row\"> <th scope=\"row\" class=\"footnote_plugin_index_combi pointer\"  onclick=\"footnote_moveToAnchor_995_1('footnote_plugin_tooltip_995_1_2');\"><a id=\"footnote_plugin_reference_995_1_2\" class=\"footnote_backlink\"><span class=\"footnote_index_arrow\">&#8593;<\/span>2<\/a><\/th> <td class=\"footnote_plugin_text\">Secci\u00f3n 4641<\/td><\/tr>\r\n\r\n<tr class=\"footnotes_plugin_reference_row\"> <th scope=\"row\" class=\"footnote_plugin_index_combi pointer\"  onclick=\"footnote_moveToAnchor_995_1('footnote_plugin_tooltip_995_1_3');\"><a id=\"footnote_plugin_reference_995_1_3\" class=\"footnote_backlink\"><span class=\"footnote_index_arrow\">&#8593;<\/span>3<\/a><\/th> <td class=\"footnote_plugin_text\">Secciones 4642 y 4643<\/td><\/tr>\r\n\r\n<tr class=\"footnotes_plugin_reference_row\"> <th scope=\"row\" class=\"footnote_plugin_index_combi pointer\"  onclick=\"footnote_moveToAnchor_995_1('footnote_plugin_tooltip_995_1_4');\"><a id=\"footnote_plugin_reference_995_1_4\" class=\"footnote_backlink\"><span class=\"footnote_index_arrow\">&#8593;<\/span>4<\/a><\/th> <td class=\"footnote_plugin_text\">Secciones 4640.6 y 4647<\/td><\/tr>\r\n\r\n<tr class=\"footnotes_plugin_reference_row\"> <th scope=\"row\" class=\"footnote_plugin_index_combi pointer\"  onclick=\"footnote_moveToAnchor_995_1('footnote_plugin_tooltip_995_1_5');\"><a id=\"footnote_plugin_reference_995_1_5\" class=\"footnote_backlink\"><span class=\"footnote_index_arrow\">&#8593;<\/span>5<\/a><\/th> <td class=\"footnote_plugin_text\">Secciones 4646 y 4646.5<\/td><\/tr>\r\n\r\n<tr class=\"footnotes_plugin_reference_row\"> <th scope=\"row\" class=\"footnote_plugin_index_combi pointer\"  onclick=\"footnote_moveToAnchor_995_1('footnote_plugin_tooltip_995_1_6');\"><a id=\"footnote_plugin_reference_995_1_6\" class=\"footnote_backlink\"><span class=\"footnote_index_arrow\">&#8593;<\/span>6<\/a><\/th> <td class=\"footnote_plugin_text\">Secciones 4648 y 4651 y otras secciones de la Ley Lanterman<\/td><\/tr>\r\n\r\n<tr class=\"footnotes_plugin_reference_row\"> <th scope=\"row\" class=\"footnote_plugin_index_combi pointer\"  onclick=\"footnote_moveToAnchor_995_1('footnote_plugin_tooltip_995_1_7');\"><a id=\"footnote_plugin_reference_995_1_7\" class=\"footnote_backlink\"><span class=\"footnote_index_arrow\">&#8593;<\/span>7<\/a><\/th> <td class=\"footnote_plugin_text\">*Secciones 4648 y 4651 y otras secciones de la Ley Lanterman<\/td><\/tr>\r\n\r\n<tr class=\"footnotes_plugin_reference_row\"> <th scope=\"row\" class=\"footnote_plugin_index_combi pointer\"  onclick=\"footnote_moveToAnchor_995_1('footnote_plugin_tooltip_995_1_8');\"><a id=\"footnote_plugin_reference_995_1_8\" class=\"footnote_backlink\"><span class=\"footnote_index_arrow\">&#8593;<\/span>8<\/a><\/th> <td class=\"footnote_plugin_text\">Sec. 4685.8<\/td><\/tr>\r\n\r\n <\/tbody> <\/table> <\/div><\/div><script type=\"text\/javascript\"> function footnote_expand_reference_container_995_1() { jQuery('#footnote_references_container_995_1').show(); jQuery('#footnote_reference_container_collapse_button_995_1').text('\u2212'); } function footnote_collapse_reference_container_995_1() { jQuery('#footnote_references_container_995_1').hide(); jQuery('#footnote_reference_container_collapse_button_995_1').text('+'); } function footnote_expand_collapse_reference_container_995_1() { if (jQuery('#footnote_references_container_995_1').is(':hidden')) { footnote_expand_reference_container_995_1(); } else { footnote_collapse_reference_container_995_1(); } } function footnote_moveToReference_995_1(p_str_TargetID) { footnote_expand_reference_container_995_1(); var l_obj_Target = jQuery('#' + p_str_TargetID); if (l_obj_Target.length) { jQuery( 'html, body' ).delay( 0 ); jQuery('html, body').animate({ scrollTop: l_obj_Target.offset().top - window.innerHeight * 0.2 }, 380); } } function footnote_moveToAnchor_995_1(p_str_TargetID) { footnote_expand_reference_container_995_1(); var l_obj_Target = jQuery('#' + p_str_TargetID); if (l_obj_Target.length) { jQuery( 'html, body' ).delay( 0 ); jQuery('html, body').animate({ scrollTop: l_obj_Target.offset().top - window.innerHeight * 0.2 }, 380); } }<\/script>","protected":false},"excerpt":{"rendered":"<p>Los centros regionales brindan servicios a personas con discapacidades del desarrollo. [1]Los centros regionales brindan servicios de intervenci\u00f3n temprana a beb\u00e9s y ni\u00f1os peque\u00f1os con&hellip;<\/p>\n","protected":false},"author":1,"featured_media":0,"parent":312,"menu_order":1,"comment_status":"closed","ping_status":"closed","template":"","meta":{"footnotes":""},"class_list":["post-995","page","type-page","status-publish","hentry"],"_links":{"self":[{"href":"https:\/\/rula.disabilityrightsca.org\/es\/wp-json\/wp\/v2\/pages\/995","targetHints":{"allow":["GET"]}}],"collection":[{"href":"https:\/\/rula.disabilityrightsca.org\/es\/wp-json\/wp\/v2\/pages"}],"about":[{"href":"https:\/\/rula.disabilityrightsca.org\/es\/wp-json\/wp\/v2\/types\/page"}],"author":[{"embeddable":true,"href":"https:\/\/rula.disabilityrightsca.org\/es\/wp-json\/wp\/v2\/users\/1"}],"replies":[{"embeddable":true,"href":"https:\/\/rula.disabilityrightsca.org\/es\/wp-json\/wp\/v2\/comments?post=995"}],"version-history":[{"count":11,"href":"https:\/\/rula.disabilityrightsca.org\/es\/wp-json\/wp\/v2\/pages\/995\/revisions"}],"predecessor-version":[{"id":3657,"href":"https:\/\/rula.disabilityrightsca.org\/es\/wp-json\/wp\/v2\/pages\/995\/revisions\/3657"}],"up":[{"embeddable":true,"href":"https:\/\/rula.disabilityrightsca.org\/es\/wp-json\/wp\/v2\/pages\/312"}],"wp:attachment":[{"href":"https:\/\/rula.disabilityrightsca.org\/es\/wp-json\/wp\/v2\/media?parent=995"}],"curies":[{"name":"wp","href":"https:\/\/api.w.org\/{rel}","templated":true}]}}