{"id":968,"date":"2021-05-05T21:30:07","date_gmt":"2021-05-05T21:30:07","guid":{"rendered":"http:\/\/www.rula.disabilityrightsca.org\/es\/?page_id=968"},"modified":"2024-01-11T22:01:02","modified_gmt":"2024-01-11T22:01:02","slug":"2-28-existe-una-fecha-limite-para-apelar","status":"publish","type":"page","link":"https:\/\/rula.disabilityrightsca.org\/es\/rula-book\/capitulo-2-discapacidades-del-desarrollo\/2-28-existe-una-fecha-limite-para-apelar\/","title":{"rendered":"(2.28) \u00bfExiste una fecha l\u00edmite para apelar?"},"content":{"rendered":"\n<p>S\u00ed. Hay un plazo estricto para apelar la decisi\u00f3n. Si presenta la solicitud por primera vez, la fecha l\u00edmite es 60 d\u00edas despu\u00e9s de que el centro regional le indique por escrito que no es elegible. Si no cumple con la fecha l\u00edmite, puede perder la oportunidad de apelar.\u00a0(Consulte el\u00a0<a href=\"https:\/\/rula.disabilityrightsca.org\/es\/rula-book\/capitulo-10-apelaciones-y-reclamos-desacuerdos-con-centros-regionales-centros-de-desarrollo-o-proveedores-de-servicios\/\" data-type=\"page\" data-id=\"2072\">Cap\u00edtulo 10<\/a>)<em>.<\/em> Es mejor contar 60 d\u00edas despu\u00e9s de la fecha que aparece <strong>en <\/strong>la carta que dice que no es elegible, no la fecha en que realmente recibe la carta.<\/p>\n","protected":false},"excerpt":{"rendered":"<p>S\u00ed. Hay un plazo estricto para apelar la decisi\u00f3n. Si presenta la solicitud por primera vez, la fecha l\u00edmite es 60 d\u00edas despu\u00e9s de que&hellip;<\/p>\n","protected":false},"author":1,"featured_media":0,"parent":37,"menu_order":28,"comment_status":"closed","ping_status":"closed","template":"","meta":{"footnotes":""},"class_list":["post-968","page","type-page","status-publish","hentry"],"_links":{"self":[{"href":"https:\/\/rula.disabilityrightsca.org\/es\/wp-json\/wp\/v2\/pages\/968","targetHints":{"allow":["GET"]}}],"collection":[{"href":"https:\/\/rula.disabilityrightsca.org\/es\/wp-json\/wp\/v2\/pages"}],"about":[{"href":"https:\/\/rula.disabilityrightsca.org\/es\/wp-json\/wp\/v2\/types\/page"}],"author":[{"embeddable":true,"href":"https:\/\/rula.disabilityrightsca.org\/es\/wp-json\/wp\/v2\/users\/1"}],"replies":[{"embeddable":true,"href":"https:\/\/rula.disabilityrightsca.org\/es\/wp-json\/wp\/v2\/comments?post=968"}],"version-history":[{"count":9,"href":"https:\/\/rula.disabilityrightsca.org\/es\/wp-json\/wp\/v2\/pages\/968\/revisions"}],"predecessor-version":[{"id":3989,"href":"https:\/\/rula.disabilityrightsca.org\/es\/wp-json\/wp\/v2\/pages\/968\/revisions\/3989"}],"up":[{"embeddable":true,"href":"https:\/\/rula.disabilityrightsca.org\/es\/wp-json\/wp\/v2\/pages\/37"}],"wp:attachment":[{"href":"https:\/\/rula.disabilityrightsca.org\/es\/wp-json\/wp\/v2\/media?parent=968"}],"curies":[{"name":"wp","href":"https:\/\/api.w.org\/{rel}","templated":true}]}}