{"id":966,"date":"2021-05-05T21:28:45","date_gmt":"2021-05-05T21:28:45","guid":{"rendered":"http:\/\/www.rula.disabilityrightsca.org\/es\/?page_id=966"},"modified":"2022-02-11T01:17:56","modified_gmt":"2022-02-11T01:17:56","slug":"2-27-que-puedo-hacer-si-el-centro-regional-dice-que-no-soy-elegible","status":"publish","type":"page","link":"https:\/\/rula.disabilityrightsca.org\/es\/rula-book\/capitulo-2-discapacidades-del-desarrollo\/2-27-que-puedo-hacer-si-el-centro-regional-dice-que-no-soy-elegible\/","title":{"rendered":"(2.27) \u00bfQu\u00e9 puedo hacer si el centro regional dice que no soy elegible?"},"content":{"rendered":"\n<p>Usted puede &#8220;apelar&#8221; la decisi\u00f3n del centro regional. Una apelaci\u00f3n es cuando le pide a un juez de derecho administrativo que decida si es elegible.<\/p>\n\n\n\n<p>Las apelaciones son complicadas. Debe proveer informaci\u00f3n detallada sobre su discapacidad. Debe comprender las leyes de su caso y los plazos.<\/p>\n\n\n\n<p>Le recomendamos que:<\/p>\n\n\n\n<ul class=\"wp-block-list\"><li><strong>Se comunique con Disability Rights California.&nbsp;<\/strong>Es posible que no podamos ser su abogado, pero podemos ayudarlo con su apelaci\u00f3n. Podemos explicarle lo que debe hacer y sugerirle la mejor manera de presentar su caso.<\/li><li><strong>Obtenga una <em>evaluaci\u00f3n psicol\u00f3gica<\/em><\/strong> de un psic\u00f3logo o psiquiatra calificado.<\/li><li><strong>Obtenga una <em>evaluaci\u00f3n neuropsicol\u00f3gica<\/em><\/strong> si cree que tiene una discapacidad intelectual o una afecci\u00f3n estrechamente relacionada, o si necesita un tratamiento similar. Una evaluaci\u00f3n neuropsicol\u00f3gica es diferente de una evaluaci\u00f3n psicol\u00f3gica. Utiliza m\u00e1s pruebas. Estas pruebas brindan m\u00e1s informaci\u00f3n sobre c\u00f3mo funciona su cerebro y c\u00f3mo piensa y procesa la informaci\u00f3n.<\/li><li><strong>Haga copias<\/strong> de sus registros escolares, pruebas psicol\u00f3gicas y otros documentos que describan correctamente sus habilidades y discapacidades.<\/li><\/ul>\n\n\n\n<p>Incluso si ya le dio esta informaci\u00f3n al centro regional, debe hacer otro juego de copias para el juez de derecho administrativo.<\/p>\n","protected":false},"excerpt":{"rendered":"<p>Usted puede &#8220;apelar&#8221; la decisi\u00f3n del centro regional. Una apelaci\u00f3n es cuando le pide a un juez de derecho administrativo que decida si es elegible.&hellip;<\/p>\n","protected":false},"author":1,"featured_media":0,"parent":37,"menu_order":27,"comment_status":"closed","ping_status":"closed","template":"","meta":{"footnotes":""},"class_list":["post-966","page","type-page","status-publish","hentry"],"_links":{"self":[{"href":"https:\/\/rula.disabilityrightsca.org\/es\/wp-json\/wp\/v2\/pages\/966","targetHints":{"allow":["GET"]}}],"collection":[{"href":"https:\/\/rula.disabilityrightsca.org\/es\/wp-json\/wp\/v2\/pages"}],"about":[{"href":"https:\/\/rula.disabilityrightsca.org\/es\/wp-json\/wp\/v2\/types\/page"}],"author":[{"embeddable":true,"href":"https:\/\/rula.disabilityrightsca.org\/es\/wp-json\/wp\/v2\/users\/1"}],"replies":[{"embeddable":true,"href":"https:\/\/rula.disabilityrightsca.org\/es\/wp-json\/wp\/v2\/comments?post=966"}],"version-history":[{"count":3,"href":"https:\/\/rula.disabilityrightsca.org\/es\/wp-json\/wp\/v2\/pages\/966\/revisions"}],"predecessor-version":[{"id":2753,"href":"https:\/\/rula.disabilityrightsca.org\/es\/wp-json\/wp\/v2\/pages\/966\/revisions\/2753"}],"up":[{"embeddable":true,"href":"https:\/\/rula.disabilityrightsca.org\/es\/wp-json\/wp\/v2\/pages\/37"}],"wp:attachment":[{"href":"https:\/\/rula.disabilityrightsca.org\/es\/wp-json\/wp\/v2\/media?parent=966"}],"curies":[{"name":"wp","href":"https:\/\/api.w.org\/{rel}","templated":true}]}}