{"id":964,"date":"2021-05-05T21:26:58","date_gmt":"2021-05-05T21:26:58","guid":{"rendered":"http:\/\/www.rula.disabilityrightsca.org\/es\/?page_id=964"},"modified":"2023-12-04T20:33:13","modified_gmt":"2023-12-04T20:33:13","slug":"2-26-que-hace-el-centro-regional-durante-estos-60-120-dias","status":"publish","type":"page","link":"https:\/\/rula.disabilityrightsca.org\/es\/rula-book\/capitulo-2-discapacidades-del-desarrollo\/2-26-que-hace-el-centro-regional-durante-estos-60-120-dias\/","title":{"rendered":"(2.26) \u00bfQu\u00e9 hace el centro regional durante estos 60-120 d\u00edas?"},"content":{"rendered":"\n<p>El centro regional puede hacer sus propias evaluaciones, revisar evaluaciones de otros lugares y entrevistarlo a usted y a otras personas que lo conocen. Luego, el centro regional escribe un informe. Le dar\u00e1n una carta que dice si usted es elegible o no. Si es elegible, solicite al centro regional una fecha para su primera reuni\u00f3n del Plan de Programa Individual (IPP). Su primer IPP debe realizarse dentro de los 60 d\u00edas posteriores al final de la evaluaci\u00f3n. <span class=\"footnote_referrer\"><a role=\"button\" tabindex=\"0\" onclick=\"footnote_moveToReference_964_1('footnote_plugin_reference_964_1_1');\" onkeypress=\"footnote_moveToReference_964_1('footnote_plugin_reference_964_1_1');\" ><sup id=\"footnote_plugin_tooltip_964_1_1\" class=\"footnote_plugin_tooltip_text\">[1]<\/sup><\/a><span id=\"footnote_plugin_tooltip_text_964_1_1\" class=\"footnote_tooltip\">Secci\u00f3n 4646(c)<\/span><\/span><script type=\"text\/javascript\"> jQuery('#footnote_plugin_tooltip_964_1_1').tooltip({ tip: '#footnote_plugin_tooltip_text_964_1_1', tipClass: 'footnote_tooltip', effect: 'fade', predelay: 0, fadeInSpeed: 200, delay: 400, fadeOutSpeed: 200, position: 'top center', relative: true, offset: [-7, 0], });<\/script>. <em>(Consulte el <\/em><a href=\"https:\/\/rula.disabilityrightsca.org\/es\/rula-book\/capitulo-4-planes-de-programas-individuales\/\" data-type=\"page\" data-id=\"1193\"><em>Cap\u00edtulo 4<\/em><\/a><em>).<\/em><\/p>\n\n\n\n<p>Si <strong>no<\/strong> es elegible, usted puede apelar.\u00a0<em>(Consulte <\/em><a href=\"https:\/\/rula.disabilityrightsca.org\/rula-book\/chapter-2-eligibility-for-regional-center-services\/what-can-i-do-if-the-regional-center-says-i-am-not-eligible\/\"><em>2.27<\/em><\/a><em>\u00a0y el <a href=\"https:\/\/rula.disabilityrightsca.org\/es\/rula-book\/capitulo-10-apelaciones-y-reclamos-desacuerdos-con-centros-regionales-centros-de-desarrollo-o-proveedores-de-servicios\/\">Cap\u00edtulo 10<\/a>).<\/em><\/p>\n<div class=\"speaker-mute footnotes_reference_container\"> <div class=\"footnote_container_prepare\"><p><span role=\"button\" tabindex=\"0\" class=\"footnote_reference_container_label pointer\" onclick=\"footnote_expand_collapse_reference_container_964_1();\">&#x202F;<\/span><span role=\"button\" tabindex=\"0\" class=\"footnote_reference_container_collapse_button\" style=\"display: none;\" onclick=\"footnote_expand_collapse_reference_container_964_1();\">[<a id=\"footnote_reference_container_collapse_button_964_1\">+<\/a>]<\/span><\/p><\/div> <div id=\"footnote_references_container_964_1\" style=\"\"><table class=\"footnotes_table footnote-reference-container\"><caption class=\"accessibility\">References<\/caption> <tbody> \r\n\r\n<tr class=\"footnotes_plugin_reference_row\"> <th scope=\"row\" class=\"footnote_plugin_index_combi pointer\"  onclick=\"footnote_moveToAnchor_964_1('footnote_plugin_tooltip_964_1_1');\"><a id=\"footnote_plugin_reference_964_1_1\" class=\"footnote_backlink\"><span class=\"footnote_index_arrow\">&#8593;<\/span>1<\/a><\/th> <td class=\"footnote_plugin_text\">Secci\u00f3n 4646(c)<\/td><\/tr>\r\n\r\n <\/tbody> <\/table> <\/div><\/div><script type=\"text\/javascript\"> function footnote_expand_reference_container_964_1() { jQuery('#footnote_references_container_964_1').show(); jQuery('#footnote_reference_container_collapse_button_964_1').text('\u2212'); } function footnote_collapse_reference_container_964_1() { jQuery('#footnote_references_container_964_1').hide(); jQuery('#footnote_reference_container_collapse_button_964_1').text('+'); } function footnote_expand_collapse_reference_container_964_1() { if (jQuery('#footnote_references_container_964_1').is(':hidden')) { footnote_expand_reference_container_964_1(); } else { footnote_collapse_reference_container_964_1(); } } function footnote_moveToReference_964_1(p_str_TargetID) { footnote_expand_reference_container_964_1(); var l_obj_Target = jQuery('#' + p_str_TargetID); if (l_obj_Target.length) { jQuery( 'html, body' ).delay( 0 ); jQuery('html, body').animate({ scrollTop: l_obj_Target.offset().top - window.innerHeight * 0.2 }, 380); } } function footnote_moveToAnchor_964_1(p_str_TargetID) { footnote_expand_reference_container_964_1(); var l_obj_Target = jQuery('#' + p_str_TargetID); if (l_obj_Target.length) { jQuery( 'html, body' ).delay( 0 ); jQuery('html, body').animate({ scrollTop: l_obj_Target.offset().top - window.innerHeight * 0.2 }, 380); } }<\/script>","protected":false},"excerpt":{"rendered":"<p>El centro regional puede hacer sus propias evaluaciones, revisar evaluaciones de otros lugares y entrevistarlo a usted y a otras personas que lo conocen. Luego,&hellip;<\/p>\n","protected":false},"author":1,"featured_media":0,"parent":37,"menu_order":26,"comment_status":"closed","ping_status":"closed","template":"","meta":{"footnotes":""},"class_list":["post-964","page","type-page","status-publish","hentry"],"_links":{"self":[{"href":"https:\/\/rula.disabilityrightsca.org\/es\/wp-json\/wp\/v2\/pages\/964","targetHints":{"allow":["GET"]}}],"collection":[{"href":"https:\/\/rula.disabilityrightsca.org\/es\/wp-json\/wp\/v2\/pages"}],"about":[{"href":"https:\/\/rula.disabilityrightsca.org\/es\/wp-json\/wp\/v2\/types\/page"}],"author":[{"embeddable":true,"href":"https:\/\/rula.disabilityrightsca.org\/es\/wp-json\/wp\/v2\/users\/1"}],"replies":[{"embeddable":true,"href":"https:\/\/rula.disabilityrightsca.org\/es\/wp-json\/wp\/v2\/comments?post=964"}],"version-history":[{"count":7,"href":"https:\/\/rula.disabilityrightsca.org\/es\/wp-json\/wp\/v2\/pages\/964\/revisions"}],"predecessor-version":[{"id":3653,"href":"https:\/\/rula.disabilityrightsca.org\/es\/wp-json\/wp\/v2\/pages\/964\/revisions\/3653"}],"up":[{"embeddable":true,"href":"https:\/\/rula.disabilityrightsca.org\/es\/wp-json\/wp\/v2\/pages\/37"}],"wp:attachment":[{"href":"https:\/\/rula.disabilityrightsca.org\/es\/wp-json\/wp\/v2\/media?parent=964"}],"curies":[{"name":"wp","href":"https:\/\/api.w.org\/{rel}","templated":true}]}}