{"id":962,"date":"2021-05-05T21:25:19","date_gmt":"2021-05-05T21:25:19","guid":{"rendered":"http:\/\/www.rula.disabilityrightsca.org\/es\/?page_id=962"},"modified":"2022-02-11T01:15:23","modified_gmt":"2022-02-11T01:15:23","slug":"2-25-cuanto-tiempo-tarda-el-centro-regional-en-procesar-mi-solicitud","status":"publish","type":"page","link":"https:\/\/rula.disabilityrightsca.org\/es\/rula-book\/capitulo-2-discapacidades-del-desarrollo\/2-25-cuanto-tiempo-tarda-el-centro-regional-en-procesar-mi-solicitud\/","title":{"rendered":"(2.25) \u00bfCu\u00e1nto tiempo tarda el centro regional en procesar mi solicitud?"},"content":{"rendered":"\n<p>Por lo general, el centro regional tiene <strong>120<\/strong> d\u00edas despu\u00e9s de la <em>admisi\u00f3n inicial<\/em> para decidir si usted es elegible. <span class=\"footnote_referrer\"><a role=\"button\" tabindex=\"0\" onclick=\"footnote_moveToReference_962_1('footnote_plugin_reference_962_1_1');\" onkeypress=\"footnote_moveToReference_962_1('footnote_plugin_reference_962_1_1');\" ><sup id=\"footnote_plugin_tooltip_962_1_1\" class=\"footnote_plugin_tooltip_text\">[1]<\/sup><\/a><span id=\"footnote_plugin_tooltip_text_962_1_1\" class=\"footnote_tooltip\">Secci\u00f3n 4643(a)<\/span><\/span><script type=\"text\/javascript\"> jQuery('#footnote_plugin_tooltip_962_1_1').tooltip({ tip: '#footnote_plugin_tooltip_text_962_1_1', tipClass: 'footnote_tooltip', effect: 'fade', predelay: 0, fadeInSpeed: 200, delay: 400, fadeOutSpeed: 200, position: 'top center', relative: true, offset: [-7, 0], });<\/script>. La admisi\u00f3n inicial es cuando se re\u00fane por primera vez con alguien del centro regional, firma las autorizaciones para que recopilen sus registros de otros lugares y diga que est\u00e1 aplicando. Pregunte al personal del centro regional si est\u00e1n de acuerdo en que esta es su admisi\u00f3n inicial. A veces, el centro regional debe decidir dentro de los <strong>60 d\u00edas<\/strong> posteriores a la admisi\u00f3n inicial si califica. Esto es cuando:<\/p>\n\n\n\n<ul class=\"wp-block-list\"><li>Una demora pondr\u00eda en riesgo su salud y seguridad, o afectar\u00eda a\u00fan m\u00e1s su desarrollo mental o f\u00edsico, o<\/li><li>Existe un gran riesgo de que lo coloquen en un entorno m\u00e1s restrictivo. Por ejemplo, tener que mudarse de la casa de su familia a una instituci\u00f3n.<span class=\"footnote_referrer\"><a role=\"button\" tabindex=\"0\" onclick=\"footnote_moveToReference_962_1('footnote_plugin_reference_962_1_2');\" onkeypress=\"footnote_moveToReference_962_1('footnote_plugin_reference_962_1_2');\" ><sup id=\"footnote_plugin_tooltip_962_1_2\" class=\"footnote_plugin_tooltip_text\">[2]<\/sup><\/a><span id=\"footnote_plugin_tooltip_text_962_1_2\" class=\"footnote_tooltip\">*Secci\u00f3n 4643(a)<\/span><\/span><script type=\"text\/javascript\"> jQuery('#footnote_plugin_tooltip_962_1_2').tooltip({ tip: '#footnote_plugin_tooltip_text_962_1_2', tipClass: 'footnote_tooltip', effect: 'fade', predelay: 0, fadeInSpeed: 200, delay: 400, fadeOutSpeed: 200, position: 'top center', relative: true, offset: [-7, 0], });<\/script>.<\/li><\/ul>\n<div class=\"speaker-mute footnotes_reference_container\"> <div class=\"footnote_container_prepare\"><p><span role=\"button\" tabindex=\"0\" class=\"footnote_reference_container_label pointer\" onclick=\"footnote_expand_collapse_reference_container_962_1();\">&#x202F;<\/span><span role=\"button\" tabindex=\"0\" class=\"footnote_reference_container_collapse_button\" style=\"display: none;\" onclick=\"footnote_expand_collapse_reference_container_962_1();\">[<a id=\"footnote_reference_container_collapse_button_962_1\">+<\/a>]<\/span><\/p><\/div> <div id=\"footnote_references_container_962_1\" style=\"\"><table class=\"footnotes_table footnote-reference-container\"><caption class=\"accessibility\">References<\/caption> <tbody> \r\n\r\n<tr class=\"footnotes_plugin_reference_row\"> <th scope=\"row\" class=\"footnote_plugin_index_combi pointer\"  onclick=\"footnote_moveToAnchor_962_1('footnote_plugin_tooltip_962_1_1');\"><a id=\"footnote_plugin_reference_962_1_1\" class=\"footnote_backlink\"><span class=\"footnote_index_arrow\">&#8593;<\/span>1<\/a><\/th> <td class=\"footnote_plugin_text\">Secci\u00f3n 4643(a)<\/td><\/tr>\r\n\r\n<tr class=\"footnotes_plugin_reference_row\"> <th scope=\"row\" class=\"footnote_plugin_index_combi pointer\"  onclick=\"footnote_moveToAnchor_962_1('footnote_plugin_tooltip_962_1_2');\"><a id=\"footnote_plugin_reference_962_1_2\" class=\"footnote_backlink\"><span class=\"footnote_index_arrow\">&#8593;<\/span>2<\/a><\/th> <td class=\"footnote_plugin_text\">*Secci\u00f3n 4643(a)<\/td><\/tr>\r\n\r\n <\/tbody> <\/table> <\/div><\/div><script type=\"text\/javascript\"> function footnote_expand_reference_container_962_1() { jQuery('#footnote_references_container_962_1').show(); jQuery('#footnote_reference_container_collapse_button_962_1').text('\u2212'); } function footnote_collapse_reference_container_962_1() { jQuery('#footnote_references_container_962_1').hide(); jQuery('#footnote_reference_container_collapse_button_962_1').text('+'); } function footnote_expand_collapse_reference_container_962_1() { if (jQuery('#footnote_references_container_962_1').is(':hidden')) { footnote_expand_reference_container_962_1(); } else { footnote_collapse_reference_container_962_1(); } } function footnote_moveToReference_962_1(p_str_TargetID) { footnote_expand_reference_container_962_1(); var l_obj_Target = jQuery('#' + p_str_TargetID); if (l_obj_Target.length) { jQuery( 'html, body' ).delay( 0 ); jQuery('html, body').animate({ scrollTop: l_obj_Target.offset().top - window.innerHeight * 0.2 }, 380); } } function footnote_moveToAnchor_962_1(p_str_TargetID) { footnote_expand_reference_container_962_1(); var l_obj_Target = jQuery('#' + p_str_TargetID); if (l_obj_Target.length) { jQuery( 'html, body' ).delay( 0 ); jQuery('html, body').animate({ scrollTop: l_obj_Target.offset().top - window.innerHeight * 0.2 }, 380); } }<\/script>","protected":false},"excerpt":{"rendered":"<p>Por lo general, el centro regional tiene 120 d\u00edas despu\u00e9s de la admisi\u00f3n inicial para decidir si usted es elegible. [1]Secci\u00f3n 4643(a). La admisi\u00f3n inicial&hellip;<\/p>\n","protected":false},"author":1,"featured_media":0,"parent":37,"menu_order":25,"comment_status":"closed","ping_status":"closed","template":"","meta":{"footnotes":""},"class_list":["post-962","page","type-page","status-publish","hentry"],"_links":{"self":[{"href":"https:\/\/rula.disabilityrightsca.org\/es\/wp-json\/wp\/v2\/pages\/962","targetHints":{"allow":["GET"]}}],"collection":[{"href":"https:\/\/rula.disabilityrightsca.org\/es\/wp-json\/wp\/v2\/pages"}],"about":[{"href":"https:\/\/rula.disabilityrightsca.org\/es\/wp-json\/wp\/v2\/types\/page"}],"author":[{"embeddable":true,"href":"https:\/\/rula.disabilityrightsca.org\/es\/wp-json\/wp\/v2\/users\/1"}],"replies":[{"embeddable":true,"href":"https:\/\/rula.disabilityrightsca.org\/es\/wp-json\/wp\/v2\/comments?post=962"}],"version-history":[{"count":5,"href":"https:\/\/rula.disabilityrightsca.org\/es\/wp-json\/wp\/v2\/pages\/962\/revisions"}],"predecessor-version":[{"id":2751,"href":"https:\/\/rula.disabilityrightsca.org\/es\/wp-json\/wp\/v2\/pages\/962\/revisions\/2751"}],"up":[{"embeddable":true,"href":"https:\/\/rula.disabilityrightsca.org\/es\/wp-json\/wp\/v2\/pages\/37"}],"wp:attachment":[{"href":"https:\/\/rula.disabilityrightsca.org\/es\/wp-json\/wp\/v2\/media?parent=962"}],"curies":[{"name":"wp","href":"https:\/\/api.w.org\/{rel}","templated":true}]}}