{"id":960,"date":"2021-05-05T21:22:46","date_gmt":"2021-05-05T21:22:46","guid":{"rendered":"http:\/\/www.rula.disabilityrightsca.org\/es\/?page_id=960"},"modified":"2023-12-04T20:28:22","modified_gmt":"2023-12-04T20:28:22","slug":"2-24-puedo-perder-mi-elegibilidad-para-el-centro-regional","status":"publish","type":"page","link":"https:\/\/rula.disabilityrightsca.org\/es\/rula-book\/capitulo-2-discapacidades-del-desarrollo\/2-24-puedo-perder-mi-elegibilidad-para-el-centro-regional\/","title":{"rendered":"(2.24) \u00bfPuedo perder mi elegibilidad para el centro regional?"},"content":{"rendered":"\n<p>Se espera que las discapacidades del desarrollo contin\u00faen &#8220;indefinidamente&#8221;. <span class=\"footnote_referrer\"><a role=\"button\" tabindex=\"0\" onclick=\"footnote_moveToReference_960_1('footnote_plugin_reference_960_1_1');\" onkeypress=\"footnote_moveToReference_960_1('footnote_plugin_reference_960_1_1');\" ><sup id=\"footnote_plugin_tooltip_960_1_1\" class=\"footnote_plugin_tooltip_text\">[1]<\/sup><\/a><span id=\"footnote_plugin_tooltip_text_960_1_1\" class=\"footnote_tooltip\">Secci\u00f3n 4512(a)<\/span><\/span><script type=\"text\/javascript\"> jQuery('#footnote_plugin_tooltip_960_1_1').tooltip({ tip: '#footnote_plugin_tooltip_text_960_1_1', tipClass: 'footnote_tooltip', effect: 'fade', predelay: 0, fadeInSpeed: 200, delay: 400, fadeOutSpeed: 200, position: 'top center', relative: true, offset: [-7, 0], });<\/script> Por lo tanto, la elegibilidad para el centro regional deber\u00eda durar toda la vida. Incluso si se muda a otra parte de California y cambia de centro regional, usted sigue siendo elegible. <span class=\"footnote_referrer\"><a role=\"button\" tabindex=\"0\" onclick=\"footnote_moveToReference_960_1('footnote_plugin_reference_960_1_2');\" onkeypress=\"footnote_moveToReference_960_1('footnote_plugin_reference_960_1_2');\" ><sup id=\"footnote_plugin_tooltip_960_1_2\" class=\"footnote_plugin_tooltip_text\">[2]<\/sup><\/a><span id=\"footnote_plugin_tooltip_text_960_1_2\" class=\"footnote_tooltip\">Secci\u00f3n 4643.5(a) Consulte el Cap\u00edtulo 3 para obtener informaci\u00f3n sobre el traslado a un nuevo centro regional<\/span><\/span><script type=\"text\/javascript\"> jQuery('#footnote_plugin_tooltip_960_1_2').tooltip({ tip: '#footnote_plugin_tooltip_text_960_1_2', tipClass: 'footnote_tooltip', effect: 'fade', predelay: 0, fadeInSpeed: 200, delay: 400, fadeOutSpeed: 200, position: 'top center', relative: true, offset: [-7, 0], });<\/script> A veces, un centro regional le dir\u00e1 que ya no es elegible. Si su centro regional dice esto, usted debe apelar. La ley dice que la \u00fanica forma en que un centro regional puede quitarle su elegibilidad es realizar una &#8220;reevaluaci\u00f3n integral&#8221; y demostrar que su decisi\u00f3n original fue &#8220;claramente err\u00f3nea&#8221;. <span class=\"footnote_referrer\"><a role=\"button\" tabindex=\"0\" onclick=\"footnote_moveToReference_960_1('footnote_plugin_reference_960_1_3');\" onkeypress=\"footnote_moveToReference_960_1('footnote_plugin_reference_960_1_3');\" ><sup id=\"footnote_plugin_tooltip_960_1_3\" class=\"footnote_plugin_tooltip_text\">[3]<\/sup><\/a><span id=\"footnote_plugin_tooltip_text_960_1_3\" class=\"footnote_tooltip\">Secci\u00f3n 4643.5(b)<\/span><\/span><script type=\"text\/javascript\"> jQuery('#footnote_plugin_tooltip_960_1_3').tooltip({ tip: '#footnote_plugin_tooltip_text_960_1_3', tipClass: 'footnote_tooltip', effect: 'fade', predelay: 0, fadeInSpeed: 200, delay: 400, fadeOutSpeed: 200, position: 'top center', relative: true, offset: [-7, 0], });<\/script> Esto significa que el centro regional debe demostrar que estaba equivocado acerca de su elegibilidad, mediante la reevaluaci\u00f3n que debe hacer antes de que pueda interrumpir sus servicios. <span class=\"footnote_referrer\"><a role=\"button\" tabindex=\"0\" onclick=\"footnote_moveToReference_960_1('footnote_plugin_reference_960_1_4');\" onkeypress=\"footnote_moveToReference_960_1('footnote_plugin_reference_960_1_4');\" ><sup id=\"footnote_plugin_tooltip_960_1_4\" class=\"footnote_plugin_tooltip_text\">[4]<\/sup><\/a><span id=\"footnote_plugin_tooltip_text_960_1_4\" class=\"footnote_tooltip\">Demandante contra el Centro Regional Inland, Caso de OAH N.\u00ba 2018061194.1 (2021) p\u00e1gina 13<\/span><\/span><script type=\"text\/javascript\"> jQuery('#footnote_plugin_tooltip_960_1_4').tooltip({ tip: '#footnote_plugin_tooltip_text_960_1_4', tipClass: 'footnote_tooltip', effect: 'fade', predelay: 0, fadeInSpeed: 200, delay: 400, fadeOutSpeed: 200, position: 'top center', relative: true, offset: [-7, 0], });<\/script>\u00a0Si el centro regional dice que ya no es elegible, usted debe:<\/p>\n\n\n\n<ul class=\"wp-block-list\">\n<li><strong>Comun\u00edquese con Disability Rights California u OCRA.&nbsp;<\/strong>Es posible que no podamos ser su abogado, pero podemos ayudarlo con su apelaci\u00f3n. Podemos explicar qu\u00e9 significa &#8220;claramente err\u00f3neo&#8221;. Podemos ayudarlo a preparar su apelaci\u00f3n y explicarle c\u00f3mo presentar su caso en una audiencia.<\/li>\n\n\n\n<li><strong>Obtenga una evaluaci\u00f3n independiente<\/strong> de un psic\u00f3logo o psiquiatra calificado.<\/li>\n<\/ul>\n\n\n\n<p>Es posible que pierda la elegibilidad si su afecci\u00f3n mejora por s\u00ed sola o con medicamentos. Por ejemplo, si tiene epilepsia y sus convulsiones se controlan durante muchos a\u00f1os, el centro regional puede decir que ya no tiene una discapacidad del desarrollo, porque su epilepsia no es una discapacidad sustancial.<\/p>\n<div class=\"speaker-mute footnotes_reference_container\"> <div class=\"footnote_container_prepare\"><p><span role=\"button\" tabindex=\"0\" class=\"footnote_reference_container_label pointer\" onclick=\"footnote_expand_collapse_reference_container_960_1();\">&#x202F;<\/span><span role=\"button\" tabindex=\"0\" class=\"footnote_reference_container_collapse_button\" style=\"display: none;\" onclick=\"footnote_expand_collapse_reference_container_960_1();\">[<a id=\"footnote_reference_container_collapse_button_960_1\">+<\/a>]<\/span><\/p><\/div> <div id=\"footnote_references_container_960_1\" style=\"\"><table class=\"footnotes_table footnote-reference-container\"><caption class=\"accessibility\">References<\/caption> <tbody> \r\n\r\n<tr class=\"footnotes_plugin_reference_row\"> <th scope=\"row\" class=\"footnote_plugin_index_combi pointer\"  onclick=\"footnote_moveToAnchor_960_1('footnote_plugin_tooltip_960_1_1');\"><a id=\"footnote_plugin_reference_960_1_1\" class=\"footnote_backlink\"><span class=\"footnote_index_arrow\">&#8593;<\/span>1<\/a><\/th> <td class=\"footnote_plugin_text\">Secci\u00f3n 4512(a)<\/td><\/tr>\r\n\r\n<tr class=\"footnotes_plugin_reference_row\"> <th scope=\"row\" class=\"footnote_plugin_index_combi pointer\"  onclick=\"footnote_moveToAnchor_960_1('footnote_plugin_tooltip_960_1_2');\"><a id=\"footnote_plugin_reference_960_1_2\" class=\"footnote_backlink\"><span class=\"footnote_index_arrow\">&#8593;<\/span>2<\/a><\/th> <td class=\"footnote_plugin_text\">Secci\u00f3n 4643.5(a) Consulte el Cap\u00edtulo 3 para obtener informaci\u00f3n sobre el traslado a un nuevo centro regional<\/td><\/tr>\r\n\r\n<tr class=\"footnotes_plugin_reference_row\"> <th scope=\"row\" class=\"footnote_plugin_index_combi pointer\"  onclick=\"footnote_moveToAnchor_960_1('footnote_plugin_tooltip_960_1_3');\"><a id=\"footnote_plugin_reference_960_1_3\" class=\"footnote_backlink\"><span class=\"footnote_index_arrow\">&#8593;<\/span>3<\/a><\/th> <td class=\"footnote_plugin_text\">Secci\u00f3n 4643.5(b)<\/td><\/tr>\r\n\r\n<tr class=\"footnotes_plugin_reference_row\"> <th scope=\"row\" class=\"footnote_plugin_index_combi pointer\"  onclick=\"footnote_moveToAnchor_960_1('footnote_plugin_tooltip_960_1_4');\"><a id=\"footnote_plugin_reference_960_1_4\" class=\"footnote_backlink\"><span class=\"footnote_index_arrow\">&#8593;<\/span>4<\/a><\/th> <td class=\"footnote_plugin_text\">Demandante contra el Centro Regional Inland, Caso de OAH N.\u00ba 2018061194.1 (2021) p\u00e1gina 13<\/td><\/tr>\r\n\r\n <\/tbody> <\/table> <\/div><\/div><script type=\"text\/javascript\"> function footnote_expand_reference_container_960_1() { jQuery('#footnote_references_container_960_1').show(); jQuery('#footnote_reference_container_collapse_button_960_1').text('\u2212'); } function footnote_collapse_reference_container_960_1() { jQuery('#footnote_references_container_960_1').hide(); jQuery('#footnote_reference_container_collapse_button_960_1').text('+'); } function footnote_expand_collapse_reference_container_960_1() { if (jQuery('#footnote_references_container_960_1').is(':hidden')) { footnote_expand_reference_container_960_1(); } else { footnote_collapse_reference_container_960_1(); } } function footnote_moveToReference_960_1(p_str_TargetID) { footnote_expand_reference_container_960_1(); var l_obj_Target = jQuery('#' + p_str_TargetID); if (l_obj_Target.length) { jQuery( 'html, body' ).delay( 0 ); jQuery('html, body').animate({ scrollTop: l_obj_Target.offset().top - window.innerHeight * 0.2 }, 380); } } function footnote_moveToAnchor_960_1(p_str_TargetID) { footnote_expand_reference_container_960_1(); var l_obj_Target = jQuery('#' + p_str_TargetID); if (l_obj_Target.length) { jQuery( 'html, body' ).delay( 0 ); jQuery('html, body').animate({ scrollTop: l_obj_Target.offset().top - window.innerHeight * 0.2 }, 380); } }<\/script>","protected":false},"excerpt":{"rendered":"<p>Se espera que las discapacidades del desarrollo contin\u00faen &#8220;indefinidamente&#8221;. [1]Secci\u00f3n 4512(a) Por lo tanto, la elegibilidad para el centro regional deber\u00eda durar toda la vida.&hellip;<\/p>\n","protected":false},"author":1,"featured_media":0,"parent":37,"menu_order":24,"comment_status":"closed","ping_status":"closed","template":"","meta":{"footnotes":""},"class_list":["post-960","page","type-page","status-publish","hentry"],"_links":{"self":[{"href":"https:\/\/rula.disabilityrightsca.org\/es\/wp-json\/wp\/v2\/pages\/960","targetHints":{"allow":["GET"]}}],"collection":[{"href":"https:\/\/rula.disabilityrightsca.org\/es\/wp-json\/wp\/v2\/pages"}],"about":[{"href":"https:\/\/rula.disabilityrightsca.org\/es\/wp-json\/wp\/v2\/types\/page"}],"author":[{"embeddable":true,"href":"https:\/\/rula.disabilityrightsca.org\/es\/wp-json\/wp\/v2\/users\/1"}],"replies":[{"embeddable":true,"href":"https:\/\/rula.disabilityrightsca.org\/es\/wp-json\/wp\/v2\/comments?post=960"}],"version-history":[{"count":5,"href":"https:\/\/rula.disabilityrightsca.org\/es\/wp-json\/wp\/v2\/pages\/960\/revisions"}],"predecessor-version":[{"id":3651,"href":"https:\/\/rula.disabilityrightsca.org\/es\/wp-json\/wp\/v2\/pages\/960\/revisions\/3651"}],"up":[{"embeddable":true,"href":"https:\/\/rula.disabilityrightsca.org\/es\/wp-json\/wp\/v2\/pages\/37"}],"wp:attachment":[{"href":"https:\/\/rula.disabilityrightsca.org\/es\/wp-json\/wp\/v2\/media?parent=960"}],"curies":[{"name":"wp","href":"https:\/\/api.w.org\/{rel}","templated":true}]}}