{"id":958,"date":"2021-05-05T21:19:12","date_gmt":"2021-05-05T21:19:12","guid":{"rendered":"http:\/\/www.rula.disabilityrightsca.org\/es\/?page_id=958"},"modified":"2023-12-04T20:27:21","modified_gmt":"2023-12-04T20:27:21","slug":"2-23-soy-elegible-para-los-servicios-del-centro-regional-si-solo-tengo-una-discapacidad-del-aprendizaje-o-un-trastorno-psiquiatrico","status":"publish","type":"page","link":"https:\/\/rula.disabilityrightsca.org\/es\/rula-book\/capitulo-2-discapacidades-del-desarrollo\/2-23-soy-elegible-para-los-servicios-del-centro-regional-si-solo-tengo-una-discapacidad-del-aprendizaje-o-un-trastorno-psiquiatrico\/","title":{"rendered":"(2.23) \u00bfSoy elegible para los servicios del centro regional si solo tengo una discapacidad del aprendizaje o un trastorno psiqui\u00e1trico?"},"content":{"rendered":"\n<p>Si solo tiene una discapacidad de aprendizaje o un trastorno psiqui\u00e1trico, pero no tiene una de las cinco discapacidades del desarrollo descritas en este cap\u00edtulo, no calificar\u00e1 para el centro regional.<\/p>\n\n\n\n<p>Las regulaciones del DDS dicen:<\/p>\n\n\n\n<p>Una discapacidad del aprendizaje es una condici\u00f3n en la que existe una gran diferencia entre su potencial cognitivo estimado y su nivel real de desempe\u00f1o educativo. Adem\u00e1s, la afecci\u00f3n no est\u00e1 causada por discapacidad intelectual, falta de educaci\u00f3n, problemas psicosociales, trastornos psiqui\u00e1tricos o p\u00e9rdida sensorial. <span class=\"footnote_referrer\"><a role=\"button\" tabindex=\"0\" onclick=\"footnote_moveToReference_958_1('footnote_plugin_reference_958_1_1');\" onkeypress=\"footnote_moveToReference_958_1('footnote_plugin_reference_958_1_1');\" ><sup id=\"footnote_plugin_tooltip_958_1_1\" class=\"footnote_plugin_tooltip_text\">[1]<\/sup><\/a><span id=\"footnote_plugin_tooltip_text_958_1_1\" class=\"footnote_tooltip\">T\u00edtulo 17 del C\u00f3digo de Reglamentos de California, secci\u00f3n 54000(c)(2)<\/span><\/span><script type=\"text\/javascript\"> jQuery('#footnote_plugin_tooltip_958_1_1').tooltip({ tip: '#footnote_plugin_tooltip_text_958_1_1', tipClass: 'footnote_tooltip', effect: 'fade', predelay: 0, fadeInSpeed: 200, delay: 400, fadeOutSpeed: 200, position: 'top center', relative: true, offset: [-7, 0], });<\/script><\/p>\n\n\n\n<p>Primero, espere para saber si el psic\u00f3logo del centro regional dice si califica para los servicios del centro regional. Si dicen que no califica y no est\u00e1 de acuerdo, obtenga una evaluaci\u00f3n independiente. Las evaluaciones y los diagn\u00f3sticos psicol\u00f3gicos no son una ciencia exacta. Para diagnosticarlo, los psic\u00f3logos interpretan la informaci\u00f3n que obtienen de las pruebas y los registros. Diferentes psic\u00f3logos pueden interpretar la misma informaci\u00f3n de manera diferente. Obtenga otra evaluaci\u00f3n. Busque un psic\u00f3logo independiente que pueda evaluarlo y est\u00e9 familiarizado con las discapacidades del desarrollo. Los evaluadores independientes pueden ser m\u00e1s equilibrados en sus evaluaciones. Pueden tomarse m\u00e1s tiempo con usted. Si el centro regional dice que no es elegible y usted apela, recuerde que el centro regional consultar\u00e1 la evaluaci\u00f3n y las opiniones de su psic\u00f3logo en la audiencia de apelaci\u00f3n. El centro regional generalmente incluir\u00e1 al psic\u00f3logo en la audiencia para respaldar sus opiniones. Usted necesita que un experto independiente le d\u00e9 al juez una opini\u00f3n diferente sobre su condici\u00f3n.<\/p>\n\n\n\n<p>Un trastorno psiqui\u00e1trico es cuando tiene un funcionamiento intelectual o social deficiente, que comenz\u00f3 debido a un trastorno psiqui\u00e1trico o al tratamiento para dicho trastorno. Los trastornos psiqui\u00e1tricos incluyen problemas psicosociales y\/o psicosis, neurosis grave o trastornos de la personalidad, incluso si el trastorno psiqui\u00e1trico afecta gravemente el funcionamiento social e intelectual. <span class=\"footnote_referrer\"><a role=\"button\" tabindex=\"0\" onclick=\"footnote_moveToReference_958_1('footnote_plugin_reference_958_1_2');\" onkeypress=\"footnote_moveToReference_958_1('footnote_plugin_reference_958_1_2');\" ><sup id=\"footnote_plugin_tooltip_958_1_2\" class=\"footnote_plugin_tooltip_text\">[2]<\/sup><\/a><span id=\"footnote_plugin_tooltip_text_958_1_2\" class=\"footnote_tooltip\">T\u00edtulo 17 del C\u00f3digo de Reglamentos de California, secci\u00f3n 54000(c)(1)<\/span><\/span><script type=\"text\/javascript\"> jQuery('#footnote_plugin_tooltip_958_1_2').tooltip({ tip: '#footnote_plugin_tooltip_text_958_1_2', tipClass: 'footnote_tooltip', effect: 'fade', predelay: 0, fadeInSpeed: 200, delay: 400, fadeOutSpeed: 200, position: 'top center', relative: true, offset: [-7, 0], });<\/script><\/p>\n\n\n\n<p>Las normas del DDS no son consistentes con la Ley Lanterman, porque la Ley Lanterman no menciona estas dos exclusiones. Pero, el tribunal de <em>Samantha C<\/em>. concluy\u00f3 que estas exclusiones son legales. <span class=\"footnote_referrer\"><a role=\"button\" tabindex=\"0\" onclick=\"footnote_moveToReference_958_1('footnote_plugin_reference_958_1_3');\" onkeypress=\"footnote_moveToReference_958_1('footnote_plugin_reference_958_1_3');\" ><sup id=\"footnote_plugin_tooltip_958_1_3\" class=\"footnote_plugin_tooltip_text\">[3]<\/sup><\/a><span id=\"footnote_plugin_tooltip_text_958_1_3\" class=\"footnote_tooltip\"><em>Samantha C.<\/em>\u00a0p\u00e1gina 1491<\/span><\/span><script type=\"text\/javascript\"> jQuery('#footnote_plugin_tooltip_958_1_3').tooltip({ tip: '#footnote_plugin_tooltip_text_958_1_3', tipClass: 'footnote_tooltip', effect: 'fade', predelay: 0, fadeInSpeed: 200, delay: 400, fadeOutSpeed: 200, position: 'top center', relative: true, offset: [-7, 0], });<\/script> El centro regional puede decir que su condici\u00f3n es &#8220;principalmente&#8221; una de estas afecciones. Recuerde, las regulaciones del DDS solo excluyen a las personas cuyas discapacidades son &#8220;\u00fanicamente&#8221; discapacidades del aprendizaje o trastornos psiqui\u00e1tricos. \u00danicamente significa solo. Podr\u00eda tener una discapacidad del aprendizaje y\/o una discapacidad psiqui\u00e1trica, adem\u00e1s de una discapacidad del desarrollo. Necesitar\u00e1 una evaluaci\u00f3n independiente por parte de un psic\u00f3logo que pueda identificar y describir todas las condiciones que padece. Debe demostrarle al centro regional o al juez de derecho administrativo, que tiene una de las cinco discapacidades del desarrollo, adem\u00e1s de cualquier otra afecci\u00f3n que tenga.<\/p>\n<div class=\"speaker-mute footnotes_reference_container\"> <div class=\"footnote_container_prepare\"><p><span role=\"button\" tabindex=\"0\" class=\"footnote_reference_container_label pointer\" onclick=\"footnote_expand_collapse_reference_container_958_1();\">&#x202F;<\/span><span role=\"button\" tabindex=\"0\" class=\"footnote_reference_container_collapse_button\" style=\"display: none;\" onclick=\"footnote_expand_collapse_reference_container_958_1();\">[<a id=\"footnote_reference_container_collapse_button_958_1\">+<\/a>]<\/span><\/p><\/div> <div id=\"footnote_references_container_958_1\" style=\"\"><table class=\"footnotes_table footnote-reference-container\"><caption class=\"accessibility\">References<\/caption> <tbody> \r\n\r\n<tr class=\"footnotes_plugin_reference_row\"> <th scope=\"row\" class=\"footnote_plugin_index_combi pointer\"  onclick=\"footnote_moveToAnchor_958_1('footnote_plugin_tooltip_958_1_1');\"><a id=\"footnote_plugin_reference_958_1_1\" class=\"footnote_backlink\"><span class=\"footnote_index_arrow\">&#8593;<\/span>1<\/a><\/th> <td class=\"footnote_plugin_text\">T\u00edtulo 17 del C\u00f3digo de Reglamentos de California, secci\u00f3n 54000(c)(2)<\/td><\/tr>\r\n\r\n<tr class=\"footnotes_plugin_reference_row\"> <th scope=\"row\" class=\"footnote_plugin_index_combi pointer\"  onclick=\"footnote_moveToAnchor_958_1('footnote_plugin_tooltip_958_1_2');\"><a id=\"footnote_plugin_reference_958_1_2\" class=\"footnote_backlink\"><span class=\"footnote_index_arrow\">&#8593;<\/span>2<\/a><\/th> <td class=\"footnote_plugin_text\">T\u00edtulo 17 del C\u00f3digo de Reglamentos de California, secci\u00f3n 54000(c)(1)<\/td><\/tr>\r\n\r\n<tr class=\"footnotes_plugin_reference_row\"> <th scope=\"row\" class=\"footnote_plugin_index_combi pointer\"  onclick=\"footnote_moveToAnchor_958_1('footnote_plugin_tooltip_958_1_3');\"><a id=\"footnote_plugin_reference_958_1_3\" class=\"footnote_backlink\"><span class=\"footnote_index_arrow\">&#8593;<\/span>3<\/a><\/th> <td class=\"footnote_plugin_text\"><em>Samantha C.<\/em>\u00a0p\u00e1gina 1491<\/td><\/tr>\r\n\r\n <\/tbody> <\/table> <\/div><\/div><script type=\"text\/javascript\"> function footnote_expand_reference_container_958_1() { jQuery('#footnote_references_container_958_1').show(); jQuery('#footnote_reference_container_collapse_button_958_1').text('\u2212'); } function footnote_collapse_reference_container_958_1() { jQuery('#footnote_references_container_958_1').hide(); jQuery('#footnote_reference_container_collapse_button_958_1').text('+'); } function footnote_expand_collapse_reference_container_958_1() { if (jQuery('#footnote_references_container_958_1').is(':hidden')) { footnote_expand_reference_container_958_1(); } else { footnote_collapse_reference_container_958_1(); } } function footnote_moveToReference_958_1(p_str_TargetID) { footnote_expand_reference_container_958_1(); var l_obj_Target = jQuery('#' + p_str_TargetID); if (l_obj_Target.length) { jQuery( 'html, body' ).delay( 0 ); jQuery('html, body').animate({ scrollTop: l_obj_Target.offset().top - window.innerHeight * 0.2 }, 380); } } function footnote_moveToAnchor_958_1(p_str_TargetID) { footnote_expand_reference_container_958_1(); var l_obj_Target = jQuery('#' + p_str_TargetID); if (l_obj_Target.length) { jQuery( 'html, body' ).delay( 0 ); jQuery('html, body').animate({ scrollTop: l_obj_Target.offset().top - window.innerHeight * 0.2 }, 380); } }<\/script>","protected":false},"excerpt":{"rendered":"<p>Si solo tiene una discapacidad de aprendizaje o un trastorno psiqui\u00e1trico, pero no tiene una de las cinco discapacidades del desarrollo descritas en este cap\u00edtulo,&hellip;<\/p>\n","protected":false},"author":1,"featured_media":0,"parent":37,"menu_order":23,"comment_status":"closed","ping_status":"closed","template":"","meta":{"footnotes":""},"class_list":["post-958","page","type-page","status-publish","hentry"],"_links":{"self":[{"href":"https:\/\/rula.disabilityrightsca.org\/es\/wp-json\/wp\/v2\/pages\/958","targetHints":{"allow":["GET"]}}],"collection":[{"href":"https:\/\/rula.disabilityrightsca.org\/es\/wp-json\/wp\/v2\/pages"}],"about":[{"href":"https:\/\/rula.disabilityrightsca.org\/es\/wp-json\/wp\/v2\/types\/page"}],"author":[{"embeddable":true,"href":"https:\/\/rula.disabilityrightsca.org\/es\/wp-json\/wp\/v2\/users\/1"}],"replies":[{"embeddable":true,"href":"https:\/\/rula.disabilityrightsca.org\/es\/wp-json\/wp\/v2\/comments?post=958"}],"version-history":[{"count":4,"href":"https:\/\/rula.disabilityrightsca.org\/es\/wp-json\/wp\/v2\/pages\/958\/revisions"}],"predecessor-version":[{"id":3650,"href":"https:\/\/rula.disabilityrightsca.org\/es\/wp-json\/wp\/v2\/pages\/958\/revisions\/3650"}],"up":[{"embeddable":true,"href":"https:\/\/rula.disabilityrightsca.org\/es\/wp-json\/wp\/v2\/pages\/37"}],"wp:attachment":[{"href":"https:\/\/rula.disabilityrightsca.org\/es\/wp-json\/wp\/v2\/media?parent=958"}],"curies":[{"name":"wp","href":"https:\/\/api.w.org\/{rel}","templated":true}]}}